{"id":7293,"date":"2023-12-11T23:25:53","date_gmt":"2023-12-11T22:25:53","guid":{"rendered":"https:\/\/adc06f55e9.nxcli.io\/?post_type=product&#038;p=7293"},"modified":"2026-02-02T09:26:55","modified_gmt":"2026-02-02T08:26:55","slug":"pala-padel-adidas-adipower-multiweight-3-3-2024","status":"publish","type":"product","link":"https:\/\/padelzoco.es\/en\/product\/pala-padel-adidas-adipower-multiweight-3-3-2024\/","title":{"rendered":"Pala Padel Adidas Adipower Multiweight 3.3 2024"},"content":{"rendered":"<p>La innovaci\u00f3n sigue estando al servicio del talento en la segunda generaci\u00f3n de\u00a0<strong>Adipower Multiweight<\/strong>. Esta pala est\u00e1 fabricada pensando en las necesidades de los mejores jugadores de p\u00e1del. La tecnolog\u00eda\u00a0<strong>Weight &amp; Balance System<\/strong>\u00a0permite\u00a0<strong>adaptar la pala a unas condiciones m\u00e1s de control o de ataque mediante la modificaci\u00f3n de los pesos<\/strong>\u00a0y el balance. La\u00a0<strong>superficie de Carbono 18K<\/strong>\u00a0y el interior de\u00a0<strong>goma Eva High Memory<\/strong>\u00a0una combinaci\u00f3n ideal para encontrar el golpe m\u00e1s potente. El\u00a0<strong>Dual Exoskeleton<\/strong>\u00a0y el\u00a0<strong>Power Embossed Ridge<\/strong>\u00a0incorporan nervios de carbono en el coraz\u00f3n y el marco, respectivamente, para un alto nivel de rigidez.<\/p>\n<p><em><strong>Caracter\u00edsticas\u00a0T\u00e9cnicas:<\/strong><\/em><\/p>\n<p><strong>Dual\u00a0Exoskeleton<\/strong>:\u00a0Doble inserci\u00f3n de nervios de carbono 100% insertados en la estructura que refuerzan el coraz\u00f3n y marco de la pala.<\/p>\n<p><strong>Weigth\u00a0&amp;\u00a0Balance\u00a0System\u00a0Multiweight<\/strong>:\u00a0Sistema de pesos ubicado en el rail del canto y cabeza de la pala. Te permite modificar el peso y balance quitando o a\u00f1adiendo hasta 9 gramos repartidos entre 7 tornillos. Se pueden mover los tornillos entre los 13 agujeros, para adaptar el balance tus necesidades.<\/p>\n<p><strong>HIGH\u00a0MEMORY<\/strong>:\u00a0Goma EVA de alta densidad que incrementa la potencia en los golpes de alta velocidad. Indicada para jugadores de mayor nivel tecnico.<\/p>\n<p><strong>CARBON\u00a0FIBER\u00a018k<\/strong>:\u00a0Fibra de carbono 18k, con filamentos trenzados de fibra de carbono que permiten obtener una gran resistencia, durabilidad y rigidez.<\/p>\n<p><strong>Forma:<\/strong>\u00a0Diamante.<\/p>\n<p><strong>Smart\u00a0Holes\u00a0Curve<\/strong>:\u00a0Disposici\u00f3n de los agujeros en forma curva para favorecer la creaci\u00f3n de efectos.<\/p>\n<p><strong>Peso:<\/strong>\u00a0355-365\u00a0+\u00a0(0-9)gr<\/p>\n<p><strong>Power\u00a0Embossed\u00a0Ridge<\/strong>:\u00a0Nervio exterior en el marco compuesto de carbono que recorre el marco aportando mayor rigidez a la estructura.<\/p>\n<p>&nbsp;<\/p>\n<p>&nbsp;<\/p>\n<p>&nbsp;<\/p>","protected":false},"excerpt":{"rendered":"<div id=\"product-description-short-1722\" class=\"description-short\">\n<div id=\"product-description-short-1722\" class=\"description-short\">\n<div id=\"product-description-short-1722\" class=\"description-short\">\n<div id=\"product-description-short-1722\" class=\"description-short\">\n<div id=\"product-description-short-1722\" class=\"description-short\">\n<div id=\"product-description-short-1722\" class=\"description-short\">\n<div id=\"product-description-short-1722\" class=\"description-short\">\n<div class=\"group w-full text-token-text-primary border-b border-black\/10 dark:border-gray-900\/50 bg-gray-50 dark:bg-[#444654]\">\n<div class=\"flex p-4 gap-4 text-base md:gap-6 md:max-w-2xl lg:max-w-[38rem] xl:max-w-3xl md:py-6 lg:px-0 m-auto\">\n<div class=\"relative flex w-[calc(100%-50px)] flex-col gap-1 md:gap-3 lg:w-[calc(100%-115px)]\">\n<div class=\"flex flex-grow flex-col gap-3\">\n<div class=\"min-h-[20px] flex flex-col items-start gap-3 overflow-x-auto whitespace-pre-wrap break-words\">\n<div class=\"markdown prose w-full break-words dark:prose-invert light\">\n<div class=\"group w-full text-token-text-primary border-b border-black\/10 dark:border-gray-900\/50 bg-gray-50 dark:bg-[#444654]\">\n<div class=\"flex p-4 gap-4 text-base md:gap-6 md:max-w-2xl lg:max-w-[38rem] xl:max-w-3xl md:py-6 lg:px-0 m-auto\">\n<div class=\"relative flex w-[calc(100%-50px)] flex-col gap-1 md:gap-3 lg:w-[calc(100%-115px)]\">\n<div class=\"flex flex-grow flex-col gap-3\">\n<div class=\"min-h-[20px] flex flex-col items-start gap-3 overflow-x-auto whitespace-pre-wrap break-words\">\n<p>La innovaci\u00f3n sigue estando al servicio del talento en la segunda generaci\u00f3n de\u00a0<strong>Adipower Multiweight<\/strong>. Esta pala est\u00e1 fabricada pensando en las necesidades de los mejores jugadores de p\u00e1del. La tecnolog\u00eda\u00a0<strong>Weight &amp; Balance System<\/strong>\u00a0permite\u00a0<strong>adaptar la pala a unas condiciones m\u00e1s de control o de ataque mediante la modificaci\u00f3n de los pesos<\/strong>\u00a0y el balance. La\u00a0<strong>superficie de Carbono 18K<\/strong>\u00a0y el interior de\u00a0<strong>goma Eva High Memory<\/strong>\u00a0una combinaci\u00f3n ideal para encontrar el golpe m\u00e1s potente. El\u00a0<strong>Dual Exoskeleton<\/strong>\u00a0y el\u00a0<strong>Power Embossed Ridge<\/strong>\u00a0incorporan nervios de carbono en el coraz\u00f3n y el marco, respectivamente, para un alto nivel de rigidez.<\/p>\n<p><em><strong>Caracter\u00edsticas\u00a0T\u00e9cnicas:<\/strong><\/em><\/p>\n<p><strong>Dual\u00a0Exoskeleton<\/strong>:\u00a0Doble inserci\u00f3n de nervios de carbono 100% insertados en la estructura que refuerzan el coraz\u00f3n y marco de la pala.<\/p>\n<p><strong>Weigth\u00a0&amp;\u00a0Balance\u00a0System\u00a0Multiweight<\/strong>:\u00a0Sistema de pesos ubicado en el rail del canto y cabeza de la pala. Te permite modificar el peso y balance quitando o a\u00f1adiendo hasta 9 gramos repartidos entre 7 tornillos. Se pueden mover los tornillos entre los 13 agujeros, para adaptar el balance tus necesidades.<\/p>\n<p><strong>HIGH\u00a0MEMORY<\/strong>:\u00a0Goma EVA de alta densidad que incrementa la potencia en los golpes de alta velocidad. Indicada para jugadores de mayor nivel tecnico.<\/p>\n<p><strong>CARBON\u00a0FIBER\u00a018k<\/strong>:\u00a0Fibra de carbono 18k, con filamentos trenzados de fibra de carbono que permiten obtener una gran resistencia, durabilidad y rigidez.<\/p>\n<p><strong>Forma:<\/strong>\u00a0Diamante.<\/p>\n<p><strong>Smart\u00a0Holes\u00a0Curve<\/strong>:\u00a0Disposici\u00f3n de los agujeros en forma curva para favorecer la creaci\u00f3n de efectos.<\/p>\n<p><strong>Peso:<\/strong>\u00a0355-365\u00a0+\u00a0(0-9)gr<\/p>\n<p><strong>Power\u00a0Embossed\u00a0Ridge<\/strong>:\u00a0Nervio exterior en el marco compuesto de carbono que recorre el marco aportando mayor rigidez a la estructura.<\/p>\n<p>&nbsp;<\/p>\n<\/div>\n<\/div>\n<\/div>\n<\/div>\n<\/div>\n<\/div>\n<\/div>\n<\/div>\n<\/div>\n<\/div>\n<\/div>\n<\/div>\n<\/div>\n<\/div>\n<\/div>\n<\/div>\n<\/div>\n<\/div>\n","protected":false},"featured_media":7294,"template":"","meta":[],"product_brand":[],"product_cat":[700,711,582,584,589,572,757,754],"product_tag":[],"class_list":{"0":"post-7293","1":"product","2":"type-product","3":"status-publish","4":"has-post-thumbnail","6":"product_cat-adidas-padel","7":"product_cat-adidas-palas","8":"product_cat-avanzado-palas","9":"product_cat-diamante-palas","10":"product_cat-hombre-palas","11":"product_cat-palas","12":"product_cat-palas-ofertas","13":"product_cat-rebajas","14":"pa_brand-adidas","15":"pa_color-blanco","16":"pa_color-negro","17":"pa_color-rosa","18":"pa_gender-hombre","19":"pa_hs_code-134","21":"first","22":"outofstock","23":"sale","24":"taxable","25":"shipping-taxable","26":"purchasable","27":"product-type-simple"},"yoast_head":"<!-- This site is optimized with the Yoast SEO plugin v27.3 - https:\/\/yoast.com\/product\/yoast-seo-wordpress\/ -->\n<title>Pala Padel Adidas Adipower Multiweight 3.3 2024 - Padel Zoco<\/title>\n<meta name=\"description\" content=\"Dominate your game with a racket that can do everything and adapts to any situation on the padel court. Best Adidas Padel Racket 2024, Padel Madrid.\" \/>\n<meta name=\"robots\" content=\"index, follow, max-snippet:-1, max-image-preview:large, max-video-preview:-1\" \/>\n<link rel=\"canonical\" href=\"https:\/\/padelzoco.es\/en\/product\/pala-padel-adidas-adipower-multiweight-3-3-2024\/\" \/>\n<meta property=\"og:locale\" content=\"en_GB\" \/>\n<meta property=\"og:type\" content=\"article\" \/>\n<meta property=\"og:title\" content=\"Pala Padel Adidas Adipower Multiweight 3.3 2024 - Padel Zoco\" \/>\n<meta property=\"og:description\" content=\"Dominate your game with a racket that can do everything and adapts to any situation on the padel court. Best Adidas Padel Racket 2024, Padel Madrid.\" \/>\n<meta property=\"og:url\" content=\"https:\/\/padelzoco.es\/en\/product\/pala-padel-adidas-adipower-multiweight-3-3-2024\/\" \/>\n<meta property=\"og:site_name\" content=\"Padel Zoco\" \/>\n<meta property=\"article:modified_time\" content=\"2026-02-02T08:26:55+00:00\" \/>\n<meta property=\"og:image\" content=\"https:\/\/padelzoco.es\/wp-content\/uploads\/2023\/12\/Adidas-Adipower-Multiweight-3.3-Padel-Rackets-2024-Image-1.webp\" \/>\n\t<meta property=\"og:image:width\" content=\"1400\" \/>\n\t<meta property=\"og:image:height\" content=\"1400\" \/>\n\t<meta property=\"og:image:type\" content=\"image\/webp\" \/>\n<meta name=\"twitter:card\" content=\"summary_large_image\" \/>\n<meta name=\"twitter:label1\" content=\"Estimated reading time\" \/>\n\t<meta name=\"twitter:data1\" content=\"2 minutes\" \/>\n<script type=\"application\/ld+json\" class=\"yoast-schema-graph\">{\"@context\":\"https:\\\/\\\/schema.org\",\"@graph\":[{\"@type\":\"WebPage\",\"@id\":\"https:\\\/\\\/padelzoco.es\\\/product\\\/pala-padel-adidas-adipower-multiweight-3-3-2024\\\/\",\"url\":\"https:\\\/\\\/padelzoco.es\\\/product\\\/pala-padel-adidas-adipower-multiweight-3-3-2024\\\/\",\"name\":\"Pala Padel Adidas Adipower Multiweight 3.3 2024 - Padel Zoco\",\"isPartOf\":{\"@id\":\"https:\\\/\\\/padelzoco.es\\\/#website\"},\"primaryImageOfPage\":{\"@id\":\"https:\\\/\\\/padelzoco.es\\\/product\\\/pala-padel-adidas-adipower-multiweight-3-3-2024\\\/#primaryimage\"},\"image\":{\"@id\":\"https:\\\/\\\/padelzoco.es\\\/product\\\/pala-padel-adidas-adipower-multiweight-3-3-2024\\\/#primaryimage\"},\"thumbnailUrl\":\"https:\\\/\\\/padelzoco.es\\\/wp-content\\\/uploads\\\/2023\\\/12\\\/Adidas-Adipower-Multiweight-3.3-Padel-Rackets-2024-Image-1.webp\",\"datePublished\":\"2023-12-11T22:25:53+00:00\",\"dateModified\":\"2026-02-02T08:26:55+00:00\",\"description\":\"Dominate your game with a racket that can do everything and adapts to any situation on the padel court. Best Adidas Padel Racket 2024, Padel Madrid.\",\"breadcrumb\":{\"@id\":\"https:\\\/\\\/padelzoco.es\\\/product\\\/pala-padel-adidas-adipower-multiweight-3-3-2024\\\/#breadcrumb\"},\"inLanguage\":\"en-GB\",\"potentialAction\":[{\"@type\":\"ReadAction\",\"target\":[\"https:\\\/\\\/padelzoco.es\\\/product\\\/pala-padel-adidas-adipower-multiweight-3-3-2024\\\/\"]}]},{\"@type\":\"ImageObject\",\"inLanguage\":\"en-GB\",\"@id\":\"https:\\\/\\\/padelzoco.es\\\/product\\\/pala-padel-adidas-adipower-multiweight-3-3-2024\\\/#primaryimage\",\"url\":\"https:\\\/\\\/padelzoco.es\\\/wp-content\\\/uploads\\\/2023\\\/12\\\/Adidas-Adipower-Multiweight-3.3-Padel-Rackets-2024-Image-1.webp\",\"contentUrl\":\"https:\\\/\\\/padelzoco.es\\\/wp-content\\\/uploads\\\/2023\\\/12\\\/Adidas-Adipower-Multiweight-3.3-Padel-Rackets-2024-Image-1.webp\",\"width\":1400,\"height\":1400,\"caption\":\"Adidas Adipower Multiweight 3.3 Padel Rackets 2024 Image 1\"},{\"@type\":\"BreadcrumbList\",\"@id\":\"https:\\\/\\\/padelzoco.es\\\/product\\\/pala-padel-adidas-adipower-multiweight-3-3-2024\\\/#breadcrumb\",\"itemListElement\":[{\"@type\":\"ListItem\",\"position\":1,\"name\":\"Home\",\"item\":\"https:\\\/\\\/padelzoco.es\\\/\"},{\"@type\":\"ListItem\",\"position\":2,\"name\":\"Padel Zoco\",\"item\":\"https:\\\/\\\/padelzoco.es\\\/padel-zoco\\\/\"},{\"@type\":\"ListItem\",\"position\":3,\"name\":\"Pala Padel Adidas Adipower Multiweight 3.3 2024\"}]},{\"@type\":\"WebSite\",\"@id\":\"https:\\\/\\\/padelzoco.es\\\/#website\",\"url\":\"https:\\\/\\\/padelzoco.es\\\/\",\"name\":\"Padel Zoco\",\"description\":\"Padel Zoco | Spain\",\"publisher\":{\"@id\":\"https:\\\/\\\/padelzoco.es\\\/#organization\"},\"potentialAction\":[{\"@type\":\"SearchAction\",\"target\":{\"@type\":\"EntryPoint\",\"urlTemplate\":\"https:\\\/\\\/padelzoco.es\\\/?s={search_term_string}\"},\"query-input\":{\"@type\":\"PropertyValueSpecification\",\"valueRequired\":true,\"valueName\":\"search_term_string\"}}],\"inLanguage\":\"en-GB\"},{\"@type\":\"Organization\",\"@id\":\"https:\\\/\\\/padelzoco.es\\\/#organization\",\"name\":\"Padel Zoco\",\"url\":\"https:\\\/\\\/padelzoco.es\\\/\",\"logo\":{\"@type\":\"ImageObject\",\"inLanguage\":\"en-GB\",\"@id\":\"https:\\\/\\\/padelzoco.es\\\/#\\\/schema\\\/logo\\\/image\\\/\",\"url\":\"https:\\\/\\\/padelzoco.es\\\/wp-content\\\/uploads\\\/2023\\\/11\\\/PadelZoco_Logo_black_white.webp\",\"contentUrl\":\"https:\\\/\\\/padelzoco.es\\\/wp-content\\\/uploads\\\/2023\\\/11\\\/PadelZoco_Logo_black_white.webp\",\"width\":1500,\"height\":631,\"caption\":\"Padel Zoco\"},\"image\":{\"@id\":\"https:\\\/\\\/padelzoco.es\\\/#\\\/schema\\\/logo\\\/image\\\/\"}}]}<\/script>\n<!-- \/ Yoast SEO plugin. -->","yoast_head_json":{"title":"Pala Padel Adidas Adipower Multiweight 3.3 2024 - Padel Zoco","description":"Dominate your game with a racket that can do everything and adapts to any situation on the padel court. Best Adidas Padel Racket 2024, Padel Madrid.","robots":{"index":"index","follow":"follow","max-snippet":"max-snippet:-1","max-image-preview":"max-image-preview:large","max-video-preview":"max-video-preview:-1"},"canonical":"https:\/\/padelzoco.es\/en\/product\/pala-padel-adidas-adipower-multiweight-3-3-2024\/","og_locale":"en_GB","og_type":"article","og_title":"Pala Padel Adidas Adipower Multiweight 3.3 2024 - Padel Zoco","og_description":"Dominate your game with a racket that can do everything and adapts to any situation on the padel court. Best Adidas Padel Racket 2024, Padel Madrid.","og_url":"https:\/\/padelzoco.es\/en\/product\/pala-padel-adidas-adipower-multiweight-3-3-2024\/","og_site_name":"Padel Zoco","article_modified_time":"2026-02-02T08:26:55+00:00","og_image":[{"width":1400,"height":1400,"url":"https:\/\/padelzoco.es\/wp-content\/uploads\/2023\/12\/Adidas-Adipower-Multiweight-3.3-Padel-Rackets-2024-Image-1.webp","type":"image\/webp"}],"twitter_card":"summary_large_image","twitter_misc":{"Estimated reading time":"2 minutes"},"schema":{"@context":"https:\/\/schema.org","@graph":[{"@type":"WebPage","@id":"https:\/\/padelzoco.es\/product\/pala-padel-adidas-adipower-multiweight-3-3-2024\/","url":"https:\/\/padelzoco.es\/product\/pala-padel-adidas-adipower-multiweight-3-3-2024\/","name":"Pala Padel Adidas Adipower Multiweight 3.3 2024 - Padel Zoco","isPartOf":{"@id":"https:\/\/padelzoco.es\/#website"},"primaryImageOfPage":{"@id":"https:\/\/padelzoco.es\/product\/pala-padel-adidas-adipower-multiweight-3-3-2024\/#primaryimage"},"image":{"@id":"https:\/\/padelzoco.es\/product\/pala-padel-adidas-adipower-multiweight-3-3-2024\/#primaryimage"},"thumbnailUrl":"https:\/\/padelzoco.es\/wp-content\/uploads\/2023\/12\/Adidas-Adipower-Multiweight-3.3-Padel-Rackets-2024-Image-1.webp","datePublished":"2023-12-11T22:25:53+00:00","dateModified":"2026-02-02T08:26:55+00:00","description":"Dominate your game with a racket that can do everything and adapts to any situation on the padel court. Best Adidas Padel Racket 2024, Padel Madrid.","breadcrumb":{"@id":"https:\/\/padelzoco.es\/product\/pala-padel-adidas-adipower-multiweight-3-3-2024\/#breadcrumb"},"inLanguage":"en-GB","potentialAction":[{"@type":"ReadAction","target":["https:\/\/padelzoco.es\/product\/pala-padel-adidas-adipower-multiweight-3-3-2024\/"]}]},{"@type":"ImageObject","inLanguage":"en-GB","@id":"https:\/\/padelzoco.es\/product\/pala-padel-adidas-adipower-multiweight-3-3-2024\/#primaryimage","url":"https:\/\/padelzoco.es\/wp-content\/uploads\/2023\/12\/Adidas-Adipower-Multiweight-3.3-Padel-Rackets-2024-Image-1.webp","contentUrl":"https:\/\/padelzoco.es\/wp-content\/uploads\/2023\/12\/Adidas-Adipower-Multiweight-3.3-Padel-Rackets-2024-Image-1.webp","width":1400,"height":1400,"caption":"Adidas Adipower Multiweight 3.3 Padel Rackets 2024 Image 1"},{"@type":"BreadcrumbList","@id":"https:\/\/padelzoco.es\/product\/pala-padel-adidas-adipower-multiweight-3-3-2024\/#breadcrumb","itemListElement":[{"@type":"ListItem","position":1,"name":"Home","item":"https:\/\/padelzoco.es\/"},{"@type":"ListItem","position":2,"name":"Padel Zoco","item":"https:\/\/padelzoco.es\/padel-zoco\/"},{"@type":"ListItem","position":3,"name":"Pala Padel Adidas Adipower Multiweight 3.3 2024"}]},{"@type":"WebSite","@id":"https:\/\/padelzoco.es\/#website","url":"https:\/\/padelzoco.es\/","name":"Padel Zoco","description":"Padel Zoco | Spain","publisher":{"@id":"https:\/\/padelzoco.es\/#organization"},"potentialAction":[{"@type":"SearchAction","target":{"@type":"EntryPoint","urlTemplate":"https:\/\/padelzoco.es\/?s={search_term_string}"},"query-input":{"@type":"PropertyValueSpecification","valueRequired":true,"valueName":"search_term_string"}}],"inLanguage":"en-GB"},{"@type":"Organization","@id":"https:\/\/padelzoco.es\/#organization","name":"Padel Zoco","url":"https:\/\/padelzoco.es\/","logo":{"@type":"ImageObject","inLanguage":"en-GB","@id":"https:\/\/padelzoco.es\/#\/schema\/logo\/image\/","url":"https:\/\/padelzoco.es\/wp-content\/uploads\/2023\/11\/PadelZoco_Logo_black_white.webp","contentUrl":"https:\/\/padelzoco.es\/wp-content\/uploads\/2023\/11\/PadelZoco_Logo_black_white.webp","width":1500,"height":631,"caption":"Padel Zoco"},"image":{"@id":"https:\/\/padelzoco.es\/#\/schema\/logo\/image\/"}}]}},"_links":{"self":[{"href":"https:\/\/padelzoco.es\/en\/wp-json\/wp\/v2\/product\/7293","targetHints":{"allow":["GET"]}}],"collection":[{"href":"https:\/\/padelzoco.es\/en\/wp-json\/wp\/v2\/product"}],"about":[{"href":"https:\/\/padelzoco.es\/en\/wp-json\/wp\/v2\/types\/product"}],"version-history":[{"count":1,"href":"https:\/\/padelzoco.es\/en\/wp-json\/wp\/v2\/product\/7293\/revisions"}],"predecessor-version":[{"id":27920,"href":"https:\/\/padelzoco.es\/en\/wp-json\/wp\/v2\/product\/7293\/revisions\/27920"}],"wp:featuredmedia":[{"embeddable":true,"href":"https:\/\/padelzoco.es\/en\/wp-json\/wp\/v2\/media\/7294"}],"wp:attachment":[{"href":"https:\/\/padelzoco.es\/en\/wp-json\/wp\/v2\/media?parent=7293"}],"wp:term":[{"taxonomy":"product_brand","embeddable":true,"href":"https:\/\/padelzoco.es\/en\/wp-json\/wp\/v2\/product_brand?post=7293"},{"taxonomy":"product_cat","embeddable":true,"href":"https:\/\/padelzoco.es\/en\/wp-json\/wp\/v2\/product_cat?post=7293"},{"taxonomy":"product_tag","embeddable":true,"href":"https:\/\/padelzoco.es\/en\/wp-json\/wp\/v2\/product_tag?post=7293"}],"curies":[{"name":"wp","href":"https:\/\/api.w.org\/{rel}","templated":true}]}}