{"id":7382,"date":"2023-12-12T02:05:19","date_gmt":"2023-12-12T01:05:19","guid":{"rendered":"https:\/\/adc06f55e9.nxcli.io\/?post_type=product&#038;p=7382"},"modified":"2026-04-30T18:48:07","modified_gmt":"2026-04-30T17:48:07","slug":"pala-padel-adidas-metalbone-hrd-2024-ale-galan","status":"publish","type":"product","link":"https:\/\/padelzoco.es\/en\/product\/pala-padel-adidas-metalbone-hrd-2024-ale-galan\/","title":{"rendered":"Pala Padel Adidas Metalbone HRD + 2024 Ale Galan"},"content":{"rendered":"<p>Descubre una nueva era del p\u00e1del con\u00a0<strong>la nueva pala de Ale Gal\u00e1n<\/strong>. Destaca por su<strong>\u00a0potencia incomparable<\/strong>, gracias a la\u00a0<strong>superficie de Carbon Aluminized 2 T0 1 y la goma High Memory<\/strong>\u00a0asegurando una<strong>\u00a0potencia sin igual<\/strong>. La tecnolog\u00eda\u00a0<strong>Octogonal Structure<\/strong>\u00a0aporta un punto extra de rigidez en el coraz\u00f3n y marco de la pala. Antes de jugar<strong>\u00a0ajusta su peso y balance con el sistema Weight &amp; Balance System<\/strong>, permitiendo tomar decisiones estrat\u00e9gicas. El\u00a0<strong>Spin Blade<\/strong> es un sin\u00f3nimo de efectos sorprendentes gracias a su rugosidad en forma octogonal repartida por toda la superficie. \u00a1Potencia y precisi\u00f3n reunidas en una sola pala!<\/p>\n<p><em><strong>Caracter\u00edsticas\u00a0T\u00e9cnicas:<\/strong><\/em><\/p>\n<p><b>Weigth &amp; Balance System METALBONE:\u00a0<\/b>Sistema de pesos ubicado en el corazon de la pala, que te permite modificar el peso y balance mediante 6 tornillos de diferentes pesos. Se pueden quitar o poner hasta 12 gramos de peso.<\/p>\n<p><b>Octagonal Structure:<\/b>\u00a0Una estructura tubular en secci\u00f3n octogonal para ofrecer una rigidez superior.<\/p>\n<p><b>HIGH MEMORY:\u00a0<\/b>Goma EVA de alta densidad que incrementa la potencia en los golpes de alta velocidad. Indicada para jugadores de mayor nivel tecnico.<\/p>\n<p><b>CARBON ALUMINIZED 2 TO 1:\u00a0<\/b>Fibras de carbono aluminizado colocado de forma especial 2 to 1 que aporta una gran potencia y menor flexibilidad. Su tratamiento aluminizado optimiza su flexibilidad y resulta en una cara m\u00e1s rigida y resistente.<\/p>\n<p><strong>Shape<\/strong>:\u00a0Diamond Oversize<\/p>\n<p><b>Spin Blade:\u00a0<\/b>Ayuda a mejorar la sensaci\u00f3n de control y a amuentar la cantidad de efecto que podemos dar a la bola.<\/p>\n<p><strong>METALBONE PROTECTOR TAPE:<\/strong>\u00a0Protector 3M adhesivo, ligero y resistente que protege tu pala en cualquier situaci\u00f3n de juego. Fabricado a medida para encajarlo en los modelos de la familia Metalbone.<\/p>\n<p><strong>Weight<\/strong>:\u00a0345-360 +(0-12) gr<\/p>","protected":false},"excerpt":{"rendered":"<div id=\"product-description-short-1722\" class=\"description-short\">\n<div id=\"product-description-short-1722\" class=\"description-short\">\n<div id=\"product-description-short-1722\" class=\"description-short\">\n<div id=\"product-description-short-1722\" class=\"description-short\">\n<div id=\"product-description-short-1722\" class=\"description-short\">\n<div id=\"product-description-short-1722\" class=\"description-short\">\n<div id=\"product-description-short-1722\" class=\"description-short\">\n<div class=\"group w-full text-token-text-primary border-b border-black\/10 dark:border-gray-900\/50 bg-gray-50 dark:bg-[#444654]\">\n<div class=\"flex p-4 gap-4 text-base md:gap-6 md:max-w-2xl lg:max-w-[38rem] xl:max-w-3xl md:py-6 lg:px-0 m-auto\">\n<div class=\"relative flex w-[calc(100%-50px)] flex-col gap-1 md:gap-3 lg:w-[calc(100%-115px)]\">\n<div class=\"flex flex-grow flex-col gap-3\">\n<div class=\"min-h-[20px] flex flex-col items-start gap-3 overflow-x-auto whitespace-pre-wrap break-words\">\n<div class=\"markdown prose w-full break-words dark:prose-invert light\">\n<div class=\"group w-full text-token-text-primary border-b border-black\/10 dark:border-gray-900\/50 bg-gray-50 dark:bg-[#444654]\">\n<div class=\"flex p-4 gap-4 text-base md:gap-6 md:max-w-2xl lg:max-w-[38rem] xl:max-w-3xl md:py-6 lg:px-0 m-auto\">\n<div class=\"relative flex w-[calc(100%-50px)] flex-col gap-1 md:gap-3 lg:w-[calc(100%-115px)]\">\n<div class=\"flex flex-grow flex-col gap-3\">\n<div class=\"min-h-[20px] flex flex-col items-start gap-3 overflow-x-auto whitespace-pre-wrap break-words\">\n<p>Descubre una nueva era del p\u00e1del con\u00a0<strong>la nueva pala de Ale Gal\u00e1n<\/strong>. Destaca por su<strong>\u00a0potencia incomparable<\/strong>, gracias a la\u00a0<strong>superficie de Carbon Aluminized 2 T0 1 y la goma High Memory<\/strong>\u00a0asegurando una<strong>\u00a0potencia sin igual<\/strong>. La tecnolog\u00eda\u00a0<strong>Octogonal Structure<\/strong>\u00a0aporta un punto extra de rigidez en el coraz\u00f3n y marco de la pala. Antes de jugar<strong>\u00a0ajusta su peso y balance con el sistema Weight &amp; Balance System<\/strong>, permitiendo tomar decisiones estrat\u00e9gicas. El\u00a0<strong>Spin Blade<\/strong> es un sin\u00f3nimo de efectos sorprendentes gracias a su rugosidad en forma octogonal repartida por toda la superficie. \u00a1Potencia y precisi\u00f3n reunidas en una sola pala!<\/p>\n<p><em><strong>Caracter\u00edsticas\u00a0T\u00e9cnicas:<\/strong><\/em><\/p>\n<p><b>Weigth &amp; Balance System METALBONE:\u00a0<\/b>Sistema de pesos ubicado en el corazon de la pala, que te permite modificar el peso y balance mediante 6 tornillos de diferentes pesos. Se pueden quitar o poner hasta 12 gramos de peso.<\/p>\n<p><b>Octagonal Structure:<\/b>\u00a0Una estructura tubular en secci\u00f3n octogonal para ofrecer una rigidez superior.<\/p>\n<p><b>HIGH MEMORY:\u00a0<\/b>Goma EVA de alta densidad que incrementa la potencia en los golpes de alta velocidad. Indicada para jugadores de mayor nivel tecnico.<\/p>\n<p><b>CARBON ALUMINIZED 2 TO 1:\u00a0<\/b>Fibras de carbono aluminizado colocado de forma especial 2 to 1 que aporta una gran potencia y menor flexibilidad. Su tratamiento aluminizado optimiza su flexibilidad y resulta en una cara m\u00e1s rigida y resistente.<\/p>\n<p><strong>Forma<\/strong>:\u00a0Diamond Oversize<\/p>\n<p><b>Spin Blade:\u00a0<\/b>Ayuda a mejorar la sensaci\u00f3n de control y a amuentar la cantidad de efecto que podemos dar a la bola.<\/p>\n<p><strong>METALBONE PROTECTOR TAPE:<\/strong>\u00a0Protector 3M adhesivo, ligero y resistente que protege tu pala en cualquier situaci\u00f3n de juego. Fabricado a medida para encajarlo en los modelos de la familia Metalbone.<\/p>\n<p><strong>Peso<\/strong>:\u00a0345-360 +(0-12) gr<\/p>\n<\/div>\n<\/div>\n<\/div>\n<\/div>\n<\/div>\n<\/div>\n<\/div>\n<\/div>\n<\/div>\n<\/div>\n<\/div>\n<\/div>\n<\/div>\n<\/div>\n<\/div>\n<\/div>\n<\/div>\n<\/div>\n","protected":false},"featured_media":7390,"template":"","meta":[],"product_brand":[],"product_cat":[700,711,715,582,584,589,572,757,754],"product_tag":[],"class_list":{"0":"post-7382","1":"product","2":"type-product","3":"status-publish","4":"has-post-thumbnail","6":"product_cat-adidas-padel","7":"product_cat-adidas-palas","8":"product_cat-ale-galan","9":"product_cat-avanzado-palas","10":"product_cat-diamante-palas","11":"product_cat-hombre-palas","12":"product_cat-palas","13":"product_cat-palas-ofertas","14":"product_cat-rebajas","15":"pa_brand-adidas","16":"pa_color-blanco","17":"pa_color-negro","18":"pa_color-rosa","19":"pa_gender-hombre","20":"pa_hs_code-134","22":"first","23":"outofstock","24":"sale","25":"taxable","26":"shipping-taxable","27":"purchasable","28":"product-type-simple"},"yoast_head":"<!-- This site is optimized with the Yoast SEO plugin v27.6 - https:\/\/yoast.com\/product\/yoast-seo-wordpress\/ -->\n<title>Pala Padel Adidas Metalbone HRD + 2024 Ale Galan - Padel Zoco<\/title>\n<meta name=\"description\" content=\"La pala de Ale Gal\u00e1n excede todos los l\u00edmites de lo razonable. Potencia, control y tecnolog\u00eda adquieren niveles inimaginables.\" \/>\n<meta name=\"robots\" content=\"index, follow, max-snippet:-1, max-image-preview:large, max-video-preview:-1\" \/>\n<link rel=\"canonical\" href=\"https:\/\/padelzoco.es\/en\/product\/pala-padel-adidas-metalbone-hrd-2024-ale-galan\/\" \/>\n<meta property=\"og:locale\" content=\"en_GB\" \/>\n<meta property=\"og:type\" content=\"article\" \/>\n<meta property=\"og:title\" content=\"Pala Padel Adidas Metalbone HRD + 2024 Ale Galan - Padel Zoco\" \/>\n<meta property=\"og:description\" content=\"La pala de Ale Gal\u00e1n excede todos los l\u00edmites de lo razonable. Potencia, control y tecnolog\u00eda adquieren niveles inimaginables.\" \/>\n<meta property=\"og:url\" content=\"https:\/\/padelzoco.es\/en\/product\/pala-padel-adidas-metalbone-hrd-2024-ale-galan\/\" \/>\n<meta property=\"og:site_name\" content=\"Padel Zoco\" \/>\n<meta property=\"article:modified_time\" content=\"2026-04-30T17:48:07+00:00\" \/>\n<meta property=\"og:image\" content=\"https:\/\/padelzoco.es\/wp-content\/uploads\/2023\/12\/Adidas-METALBONE-HRD-2024-Padel-Racket-of-ALE-GALAN-Image-8.webp\" \/>\n\t<meta property=\"og:image:width\" content=\"1400\" \/>\n\t<meta property=\"og:image:height\" content=\"1400\" \/>\n\t<meta property=\"og:image:type\" content=\"image\/webp\" \/>\n<meta name=\"twitter:card\" content=\"summary_large_image\" \/>\n<meta name=\"twitter:label1\" content=\"Estimated reading time\" \/>\n\t<meta name=\"twitter:data1\" content=\"2 minutes\" \/>\n<script type=\"application\/ld+json\" class=\"yoast-schema-graph\">{\"@context\":\"https:\\\/\\\/schema.org\",\"@graph\":[{\"@type\":\"WebPage\",\"@id\":\"https:\\\/\\\/padelzoco.es\\\/product\\\/pala-padel-adidas-metalbone-hrd-2024-ale-galan\\\/\",\"url\":\"https:\\\/\\\/padelzoco.es\\\/product\\\/pala-padel-adidas-metalbone-hrd-2024-ale-galan\\\/\",\"name\":\"Pala Padel Adidas Metalbone HRD + 2024 Ale Galan - Padel Zoco\",\"isPartOf\":{\"@id\":\"https:\\\/\\\/padelzoco.es\\\/#website\"},\"primaryImageOfPage\":{\"@id\":\"https:\\\/\\\/padelzoco.es\\\/product\\\/pala-padel-adidas-metalbone-hrd-2024-ale-galan\\\/#primaryimage\"},\"image\":{\"@id\":\"https:\\\/\\\/padelzoco.es\\\/product\\\/pala-padel-adidas-metalbone-hrd-2024-ale-galan\\\/#primaryimage\"},\"thumbnailUrl\":\"https:\\\/\\\/padelzoco.es\\\/wp-content\\\/uploads\\\/2023\\\/12\\\/Adidas-METALBONE-HRD-2024-Padel-Racket-of-ALE-GALAN-Image-8.webp\",\"datePublished\":\"2023-12-12T01:05:19+00:00\",\"dateModified\":\"2026-04-30T17:48:07+00:00\",\"description\":\"La pala de Ale Gal\u00e1n excede todos los l\u00edmites de lo razonable. Potencia, control y tecnolog\u00eda adquieren niveles inimaginables.\",\"breadcrumb\":{\"@id\":\"https:\\\/\\\/padelzoco.es\\\/product\\\/pala-padel-adidas-metalbone-hrd-2024-ale-galan\\\/#breadcrumb\"},\"inLanguage\":\"en-GB\",\"potentialAction\":[{\"@type\":\"ReadAction\",\"target\":[\"https:\\\/\\\/padelzoco.es\\\/product\\\/pala-padel-adidas-metalbone-hrd-2024-ale-galan\\\/\"]}]},{\"@type\":\"ImageObject\",\"inLanguage\":\"en-GB\",\"@id\":\"https:\\\/\\\/padelzoco.es\\\/product\\\/pala-padel-adidas-metalbone-hrd-2024-ale-galan\\\/#primaryimage\",\"url\":\"https:\\\/\\\/padelzoco.es\\\/wp-content\\\/uploads\\\/2023\\\/12\\\/Adidas-METALBONE-HRD-2024-Padel-Racket-of-ALE-GALAN-Image-8.webp\",\"contentUrl\":\"https:\\\/\\\/padelzoco.es\\\/wp-content\\\/uploads\\\/2023\\\/12\\\/Adidas-METALBONE-HRD-2024-Padel-Racket-of-ALE-GALAN-Image-8.webp\",\"width\":1400,\"height\":1400},{\"@type\":\"BreadcrumbList\",\"@id\":\"https:\\\/\\\/padelzoco.es\\\/product\\\/pala-padel-adidas-metalbone-hrd-2024-ale-galan\\\/#breadcrumb\",\"itemListElement\":[{\"@type\":\"ListItem\",\"position\":1,\"name\":\"Home\",\"item\":\"https:\\\/\\\/padelzoco.es\\\/\"},{\"@type\":\"ListItem\",\"position\":2,\"name\":\"Padel Zoco\",\"item\":\"https:\\\/\\\/padelzoco.es\\\/padel-zoco\\\/\"},{\"@type\":\"ListItem\",\"position\":3,\"name\":\"Pala Padel Adidas Metalbone HRD + 2024 Ale Galan\"}]},{\"@type\":\"WebSite\",\"@id\":\"https:\\\/\\\/padelzoco.es\\\/#website\",\"url\":\"https:\\\/\\\/padelzoco.es\\\/\",\"name\":\"Padel Zoco\",\"description\":\"Padel Zoco | Spain\",\"publisher\":{\"@id\":\"https:\\\/\\\/padelzoco.es\\\/#organization\"},\"potentialAction\":[{\"@type\":\"SearchAction\",\"target\":{\"@type\":\"EntryPoint\",\"urlTemplate\":\"https:\\\/\\\/padelzoco.es\\\/?s={search_term_string}\"},\"query-input\":{\"@type\":\"PropertyValueSpecification\",\"valueRequired\":true,\"valueName\":\"search_term_string\"}}],\"inLanguage\":\"en-GB\"},{\"@type\":\"Organization\",\"@id\":\"https:\\\/\\\/padelzoco.es\\\/#organization\",\"name\":\"Padel Zoco\",\"url\":\"https:\\\/\\\/padelzoco.es\\\/\",\"logo\":{\"@type\":\"ImageObject\",\"inLanguage\":\"en-GB\",\"@id\":\"https:\\\/\\\/padelzoco.es\\\/#\\\/schema\\\/logo\\\/image\\\/\",\"url\":\"https:\\\/\\\/padelzoco.es\\\/wp-content\\\/uploads\\\/2023\\\/11\\\/PadelZoco_Logo_black_white.webp\",\"contentUrl\":\"https:\\\/\\\/padelzoco.es\\\/wp-content\\\/uploads\\\/2023\\\/11\\\/PadelZoco_Logo_black_white.webp\",\"width\":1500,\"height\":631,\"caption\":\"Padel Zoco\"},\"image\":{\"@id\":\"https:\\\/\\\/padelzoco.es\\\/#\\\/schema\\\/logo\\\/image\\\/\"}}]}<\/script>\n<!-- \/ Yoast SEO plugin. -->","yoast_head_json":{"title":"Pala Padel Adidas Metalbone HRD + 2024 Ale Galan - Padel Zoco","description":"La pala de Ale Gal\u00e1n excede todos los l\u00edmites de lo razonable. Potencia, control y tecnolog\u00eda adquieren niveles inimaginables.","robots":{"index":"index","follow":"follow","max-snippet":"max-snippet:-1","max-image-preview":"max-image-preview:large","max-video-preview":"max-video-preview:-1"},"canonical":"https:\/\/padelzoco.es\/en\/product\/pala-padel-adidas-metalbone-hrd-2024-ale-galan\/","og_locale":"en_GB","og_type":"article","og_title":"Pala Padel Adidas Metalbone HRD + 2024 Ale Galan - Padel Zoco","og_description":"La pala de Ale Gal\u00e1n excede todos los l\u00edmites de lo razonable. Potencia, control y tecnolog\u00eda adquieren niveles inimaginables.","og_url":"https:\/\/padelzoco.es\/en\/product\/pala-padel-adidas-metalbone-hrd-2024-ale-galan\/","og_site_name":"Padel Zoco","article_modified_time":"2026-04-30T17:48:07+00:00","og_image":[{"width":1400,"height":1400,"url":"https:\/\/padelzoco.es\/wp-content\/uploads\/2023\/12\/Adidas-METALBONE-HRD-2024-Padel-Racket-of-ALE-GALAN-Image-8.webp","type":"image\/webp"}],"twitter_card":"summary_large_image","twitter_misc":{"Estimated reading time":"2 minutes"},"schema":{"@context":"https:\/\/schema.org","@graph":[{"@type":"WebPage","@id":"https:\/\/padelzoco.es\/product\/pala-padel-adidas-metalbone-hrd-2024-ale-galan\/","url":"https:\/\/padelzoco.es\/product\/pala-padel-adidas-metalbone-hrd-2024-ale-galan\/","name":"Pala Padel Adidas Metalbone HRD + 2024 Ale Galan - Padel Zoco","isPartOf":{"@id":"https:\/\/padelzoco.es\/#website"},"primaryImageOfPage":{"@id":"https:\/\/padelzoco.es\/product\/pala-padel-adidas-metalbone-hrd-2024-ale-galan\/#primaryimage"},"image":{"@id":"https:\/\/padelzoco.es\/product\/pala-padel-adidas-metalbone-hrd-2024-ale-galan\/#primaryimage"},"thumbnailUrl":"https:\/\/padelzoco.es\/wp-content\/uploads\/2023\/12\/Adidas-METALBONE-HRD-2024-Padel-Racket-of-ALE-GALAN-Image-8.webp","datePublished":"2023-12-12T01:05:19+00:00","dateModified":"2026-04-30T17:48:07+00:00","description":"La pala de Ale Gal\u00e1n excede todos los l\u00edmites de lo razonable. Potencia, control y tecnolog\u00eda adquieren niveles inimaginables.","breadcrumb":{"@id":"https:\/\/padelzoco.es\/product\/pala-padel-adidas-metalbone-hrd-2024-ale-galan\/#breadcrumb"},"inLanguage":"en-GB","potentialAction":[{"@type":"ReadAction","target":["https:\/\/padelzoco.es\/product\/pala-padel-adidas-metalbone-hrd-2024-ale-galan\/"]}]},{"@type":"ImageObject","inLanguage":"en-GB","@id":"https:\/\/padelzoco.es\/product\/pala-padel-adidas-metalbone-hrd-2024-ale-galan\/#primaryimage","url":"https:\/\/padelzoco.es\/wp-content\/uploads\/2023\/12\/Adidas-METALBONE-HRD-2024-Padel-Racket-of-ALE-GALAN-Image-8.webp","contentUrl":"https:\/\/padelzoco.es\/wp-content\/uploads\/2023\/12\/Adidas-METALBONE-HRD-2024-Padel-Racket-of-ALE-GALAN-Image-8.webp","width":1400,"height":1400},{"@type":"BreadcrumbList","@id":"https:\/\/padelzoco.es\/product\/pala-padel-adidas-metalbone-hrd-2024-ale-galan\/#breadcrumb","itemListElement":[{"@type":"ListItem","position":1,"name":"Home","item":"https:\/\/padelzoco.es\/"},{"@type":"ListItem","position":2,"name":"Padel Zoco","item":"https:\/\/padelzoco.es\/padel-zoco\/"},{"@type":"ListItem","position":3,"name":"Pala Padel Adidas Metalbone HRD + 2024 Ale Galan"}]},{"@type":"WebSite","@id":"https:\/\/padelzoco.es\/#website","url":"https:\/\/padelzoco.es\/","name":"Padel Zoco","description":"Padel Zoco | Spain","publisher":{"@id":"https:\/\/padelzoco.es\/#organization"},"potentialAction":[{"@type":"SearchAction","target":{"@type":"EntryPoint","urlTemplate":"https:\/\/padelzoco.es\/?s={search_term_string}"},"query-input":{"@type":"PropertyValueSpecification","valueRequired":true,"valueName":"search_term_string"}}],"inLanguage":"en-GB"},{"@type":"Organization","@id":"https:\/\/padelzoco.es\/#organization","name":"Padel Zoco","url":"https:\/\/padelzoco.es\/","logo":{"@type":"ImageObject","inLanguage":"en-GB","@id":"https:\/\/padelzoco.es\/#\/schema\/logo\/image\/","url":"https:\/\/padelzoco.es\/wp-content\/uploads\/2023\/11\/PadelZoco_Logo_black_white.webp","contentUrl":"https:\/\/padelzoco.es\/wp-content\/uploads\/2023\/11\/PadelZoco_Logo_black_white.webp","width":1500,"height":631,"caption":"Padel Zoco"},"image":{"@id":"https:\/\/padelzoco.es\/#\/schema\/logo\/image\/"}}]}},"_links":{"self":[{"href":"https:\/\/padelzoco.es\/en\/wp-json\/wp\/v2\/product\/7382","targetHints":{"allow":["GET"]}}],"collection":[{"href":"https:\/\/padelzoco.es\/en\/wp-json\/wp\/v2\/product"}],"about":[{"href":"https:\/\/padelzoco.es\/en\/wp-json\/wp\/v2\/types\/product"}],"version-history":[{"count":1,"href":"https:\/\/padelzoco.es\/en\/wp-json\/wp\/v2\/product\/7382\/revisions"}],"predecessor-version":[{"id":27918,"href":"https:\/\/padelzoco.es\/en\/wp-json\/wp\/v2\/product\/7382\/revisions\/27918"}],"wp:featuredmedia":[{"embeddable":true,"href":"https:\/\/padelzoco.es\/en\/wp-json\/wp\/v2\/media\/7390"}],"wp:attachment":[{"href":"https:\/\/padelzoco.es\/en\/wp-json\/wp\/v2\/media?parent=7382"}],"wp:term":[{"taxonomy":"product_brand","embeddable":true,"href":"https:\/\/padelzoco.es\/en\/wp-json\/wp\/v2\/product_brand?post=7382"},{"taxonomy":"product_cat","embeddable":true,"href":"https:\/\/padelzoco.es\/en\/wp-json\/wp\/v2\/product_cat?post=7382"},{"taxonomy":"product_tag","embeddable":true,"href":"https:\/\/padelzoco.es\/en\/wp-json\/wp\/v2\/product_tag?post=7382"}],"curies":[{"name":"wp","href":"https:\/\/api.w.org\/{rel}","templated":true}]}}