{"id":7393,"date":"2023-12-12T02:30:31","date_gmt":"2023-12-12T01:30:31","guid":{"rendered":"https:\/\/adc06f55e9.nxcli.io\/?post_type=product&#038;p=7393"},"modified":"2026-04-30T18:48:07","modified_gmt":"2026-04-30T17:48:07","slug":"pala-padel-adidas-metalbone-3-3-2024-ale-galan","status":"publish","type":"product","link":"https:\/\/padelzoco.es\/en\/product\/pala-padel-adidas-metalbone-3-3-2024-ale-galan\/","title":{"rendered":"Pala Padel Adidas Metalbone 3.3 2024 Ale Gal\u00e1n"},"content":{"rendered":"<p>La Adidas <strong>METALBONE 3.3<\/strong> 2024 es una pala de potencia con todas las caracter\u00edsticas para satisfacer las necesidades de los jugadores de nivel PRO. Incluye el <strong>Weight &amp; Balance System<\/strong>, una tecnolog\u00eda que ofrece la posibilidad de modificar los pesos y balance de la pala para obtener una versi\u00f3n todav\u00eda m\u00e1s potente o potenciar el control. Los mejores golpes con efecto vienen garantizados por la rugosidad del\u00a0<strong>Spin Blade Decal<\/strong>\u00a0y la disposici\u00f3n \u00f3ptima de los agujeros del\u00a0<strong>Smart Holes Curve<\/strong>. La pala tiene una composici\u00f3n de una alta rigidez gracias al\u00a0<strong>Octagonal Structure<\/strong>\u00a0ubicado en el marco de la pala y a la fibra\u00a0<strong>Carbon Aluminized 2 to 1<\/strong>\u00a0en la superficie. La forma de la cabeza Diamond Oversize es id\u00f3nea para conseguir los golpes m\u00e1s potentes.<\/p>\n<p><em><strong>Caracter\u00edsticas\u00a0T\u00e9cnicas:<\/strong><\/em><\/p>\n<p><b>Octagonal Structure:<\/b>\u00a0Una estructura tubular en secci\u00f3n octogonal para ofrecer una rigidez superior.<\/p>\n<p><b>Structural Reinforcement:\u00a0<\/b>Refuerzos perimetrales en la pala que permiten generar mayor resistencia a altas torsiones que soporta durante el juego.<\/p>\n<p><b>SOFT PERFORMANCE:\u00a0<\/b>Goma EVA de baja densidad que aporta una gran salida de bola y comodidad en el juego.<\/p>\n<p><b>CARBON ALUMINIZED 2 TO 1:\u00a0<\/b>Fibras de carbono aluminizado colocado de forma especial 2 to 1 que aporta una gran potencia y menor flexibilidad. Su tratamiento aluminizado optimiza su flexibilidad y resulta en una cara m\u00e1s rigida y resistente.<\/p>\n<p><strong>Shape<\/strong>:\u00a0Diamond Oversize<\/p>\n<p><b>Spin Blade:\u00a0<\/b>ayuda a mejorar la sensaci\u00f3n de control y a amuentar la cantidad de efecto que podemos dar a la bola.<\/p>\n<p><strong>METALBONE PROTECTOR TAPE:<\/strong>\u00a0Protector 3M adhesivo, ligero y resistente que protege tu pala en cualquier situaci\u00f3n de juego. Fabricado a medida para encajarlo en los modelos de la familia Metalbone.<\/p>\n<p><strong>Weight<\/strong>:\u00a0345-360 +(0-12) gr<\/p>","protected":false},"excerpt":{"rendered":"<div id=\"product-description-short-1722\" class=\"description-short\">\n<div id=\"product-description-short-1722\" class=\"description-short\">\n<div id=\"product-description-short-1722\" class=\"description-short\">\n<div id=\"product-description-short-1722\" class=\"description-short\">\n<div id=\"product-description-short-1722\" class=\"description-short\">\n<div id=\"product-description-short-1722\" class=\"description-short\">\n<div id=\"product-description-short-1722\" class=\"description-short\">\n<div class=\"group w-full text-token-text-primary border-b border-black\/10 dark:border-gray-900\/50 bg-gray-50 dark:bg-[#444654]\">\n<div class=\"flex p-4 gap-4 text-base md:gap-6 md:max-w-2xl lg:max-w-[38rem] xl:max-w-3xl md:py-6 lg:px-0 m-auto\">\n<div class=\"relative flex w-[calc(100%-50px)] flex-col gap-1 md:gap-3 lg:w-[calc(100%-115px)]\">\n<div class=\"flex flex-grow flex-col gap-3\">\n<div class=\"min-h-[20px] flex flex-col items-start gap-3 overflow-x-auto whitespace-pre-wrap break-words\">\n<div class=\"markdown prose w-full break-words dark:prose-invert light\">\n<div class=\"group w-full text-token-text-primary border-b border-black\/10 dark:border-gray-900\/50 bg-gray-50 dark:bg-[#444654]\">\n<div class=\"flex p-4 gap-4 text-base md:gap-6 md:max-w-2xl lg:max-w-[38rem] xl:max-w-3xl md:py-6 lg:px-0 m-auto\">\n<div class=\"relative flex w-[calc(100%-50px)] flex-col gap-1 md:gap-3 lg:w-[calc(100%-115px)]\">\n<div class=\"flex flex-grow flex-col gap-3\">\n<div class=\"min-h-[20px] flex flex-col items-start gap-3 overflow-x-auto whitespace-pre-wrap break-words\">\n<p>La Adidas <strong>METALBONE 3.3<\/strong> 2024 es una pala de potencia con todas las caracter\u00edsticas para satisfacer las necesidades de los jugadores de nivel PRO. Incluye el <strong>Weight &amp; Balance System<\/strong>, una tecnolog\u00eda que ofrece la posibilidad de modificar los pesos y balance de la pala para obtener una versi\u00f3n todav\u00eda m\u00e1s potente o potenciar el control. Los mejores golpes con efecto vienen garantizados por la rugosidad del\u00a0<strong>Spin Blade Decal<\/strong>\u00a0y la disposici\u00f3n \u00f3ptima de los agujeros del\u00a0<strong>Smart Holes Curve<\/strong>. La pala tiene una composici\u00f3n de una alta rigidez gracias al\u00a0<strong>Octagonal Structure<\/strong>\u00a0ubicado en el marco de la pala y a la fibra\u00a0<strong>Carbon Aluminized 2 to 1<\/strong>\u00a0en la superficie. La forma de la cabeza Diamond Oversize es id\u00f3nea para conseguir los golpes m\u00e1s potentes.<\/p>\n<p><em><strong>Caracter\u00edsticas\u00a0T\u00e9cnicas:<\/strong><\/em><\/p>\n<p><b>Octagonal Structure:<\/b>\u00a0Una estructura tubular en secci\u00f3n octogonal para ofrecer una rigidez superior.<\/p>\n<p><b>Structural Reinforcement:\u00a0<\/b>Refuerzos perimetrales en la pala que permiten generar mayor resistencia a altas torsiones que soporta durante el juego.<\/p>\n<p><b>SOFT PERFORMANCE:\u00a0<\/b>Goma EVA de baja densidad que aporta una gran salida de bola y comodidad en el juego.<\/p>\n<p><b>CARBON ALUMINIZED 2 TO 1:\u00a0<\/b>Fibras de carbono aluminizado colocado de forma especial 2 to 1 que aporta una gran potencia y menor flexibilidad. Su tratamiento aluminizado optimiza su flexibilidad y resulta en una cara m\u00e1s rigida y resistente.<\/p>\n<p><strong>Forma<\/strong>:\u00a0Diamond Oversize<\/p>\n<p><b>Spin Blade:\u00a0<\/b>ayuda a mejorar la sensaci\u00f3n de control y a amuentar la cantidad de efecto que podemos dar a la bola.<\/p>\n<p><strong>METALBONE PROTECTOR TAPE:<\/strong>\u00a0Protector 3M adhesivo, ligero y resistente que protege tu pala en cualquier situaci\u00f3n de juego. Fabricado a medida para encajarlo en los modelos de la familia Metalbone.<\/p>\n<p><strong>Peso<\/strong>:\u00a0345-360 +(0-12) gr<\/p>\n<\/div>\n<\/div>\n<\/div>\n<\/div>\n<\/div>\n<\/div>\n<\/div>\n<\/div>\n<\/div>\n<\/div>\n<\/div>\n<\/div>\n<\/div>\n<\/div>\n<\/div>\n<\/div>\n<\/div>\n<\/div>\n","protected":false},"featured_media":7403,"template":"","meta":[],"product_brand":[],"product_cat":[700,711,715,582,584,589,572,757,754],"product_tag":[],"class_list":{"0":"post-7393","1":"product","2":"type-product","3":"status-publish","4":"has-post-thumbnail","6":"product_cat-adidas-padel","7":"product_cat-adidas-palas","8":"product_cat-ale-galan","9":"product_cat-avanzado-palas","10":"product_cat-diamante-palas","11":"product_cat-hombre-palas","12":"product_cat-palas","13":"product_cat-palas-ofertas","14":"product_cat-rebajas","15":"product_shipping_class-1kg","16":"pa_brand-adidas","17":"pa_color-blanco","18":"pa_color-negro","19":"pa_color-rosa","20":"pa_gender-hombre","21":"pa_hs_code-134","23":"first","24":"outofstock","25":"sale","26":"taxable","27":"shipping-taxable","28":"purchasable","29":"product-type-simple"},"yoast_head":"<!-- This site is optimized with the Yoast SEO plugin v27.6 - https:\/\/yoast.com\/product\/yoast-seo-wordpress\/ -->\n<title>Pala Padel Adidas Metalbone 3.3 2024 Ale Gal\u00e1n - Padel Zoco<\/title>\n<meta name=\"description\" content=\"Una pala en la que la potencia alcanza niveles desorbitados para jugadores del m\u00e1s alto nivel. Buy Padel Rackets at padel zoco madrid.\" \/>\n<meta name=\"robots\" content=\"index, follow, max-snippet:-1, max-image-preview:large, max-video-preview:-1\" \/>\n<link rel=\"canonical\" href=\"https:\/\/padelzoco.es\/en\/product\/pala-padel-adidas-metalbone-3-3-2024-ale-galan\/\" \/>\n<meta property=\"og:locale\" content=\"en_GB\" \/>\n<meta property=\"og:type\" content=\"article\" \/>\n<meta property=\"og:title\" content=\"Pala Padel Adidas Metalbone 3.3 2024 Ale Gal\u00e1n - Padel Zoco\" \/>\n<meta property=\"og:description\" content=\"Una pala en la que la potencia alcanza niveles desorbitados para jugadores del m\u00e1s alto nivel. Buy Padel Rackets at padel zoco madrid.\" \/>\n<meta property=\"og:url\" content=\"https:\/\/padelzoco.es\/en\/product\/pala-padel-adidas-metalbone-3-3-2024-ale-galan\/\" \/>\n<meta property=\"og:site_name\" content=\"Padel Zoco\" \/>\n<meta property=\"article:modified_time\" content=\"2026-04-30T17:48:07+00:00\" \/>\n<meta property=\"og:image\" content=\"https:\/\/padelzoco.es\/wp-content\/uploads\/2023\/12\/Adidas-Metalbone-3.3-2024-Racket-Of-Ale-Galan-Image-10.webp\" \/>\n\t<meta property=\"og:image:width\" content=\"1400\" \/>\n\t<meta property=\"og:image:height\" content=\"1400\" \/>\n\t<meta property=\"og:image:type\" content=\"image\/webp\" \/>\n<meta name=\"twitter:card\" content=\"summary_large_image\" \/>\n<meta name=\"twitter:label1\" content=\"Estimated reading time\" \/>\n\t<meta name=\"twitter:data1\" content=\"2 minutes\" \/>\n<script type=\"application\/ld+json\" class=\"yoast-schema-graph\">{\"@context\":\"https:\\\/\\\/schema.org\",\"@graph\":[{\"@type\":\"WebPage\",\"@id\":\"https:\\\/\\\/padelzoco.es\\\/product\\\/pala-padel-adidas-metalbone-3-3-2024-ale-galan\\\/\",\"url\":\"https:\\\/\\\/padelzoco.es\\\/product\\\/pala-padel-adidas-metalbone-3-3-2024-ale-galan\\\/\",\"name\":\"Pala Padel Adidas Metalbone 3.3 2024 Ale Gal\u00e1n - Padel Zoco\",\"isPartOf\":{\"@id\":\"https:\\\/\\\/padelzoco.es\\\/#website\"},\"primaryImageOfPage\":{\"@id\":\"https:\\\/\\\/padelzoco.es\\\/product\\\/pala-padel-adidas-metalbone-3-3-2024-ale-galan\\\/#primaryimage\"},\"image\":{\"@id\":\"https:\\\/\\\/padelzoco.es\\\/product\\\/pala-padel-adidas-metalbone-3-3-2024-ale-galan\\\/#primaryimage\"},\"thumbnailUrl\":\"https:\\\/\\\/padelzoco.es\\\/wp-content\\\/uploads\\\/2023\\\/12\\\/Adidas-Metalbone-3.3-2024-Racket-Of-Ale-Galan-Image-10.webp\",\"datePublished\":\"2023-12-12T01:30:31+00:00\",\"dateModified\":\"2026-04-30T17:48:07+00:00\",\"description\":\"Una pala en la que la potencia alcanza niveles desorbitados para jugadores del m\u00e1s alto nivel. Buy Padel Rackets at padel zoco madrid.\",\"breadcrumb\":{\"@id\":\"https:\\\/\\\/padelzoco.es\\\/product\\\/pala-padel-adidas-metalbone-3-3-2024-ale-galan\\\/#breadcrumb\"},\"inLanguage\":\"en-GB\",\"potentialAction\":[{\"@type\":\"ReadAction\",\"target\":[\"https:\\\/\\\/padelzoco.es\\\/product\\\/pala-padel-adidas-metalbone-3-3-2024-ale-galan\\\/\"]}]},{\"@type\":\"ImageObject\",\"inLanguage\":\"en-GB\",\"@id\":\"https:\\\/\\\/padelzoco.es\\\/product\\\/pala-padel-adidas-metalbone-3-3-2024-ale-galan\\\/#primaryimage\",\"url\":\"https:\\\/\\\/padelzoco.es\\\/wp-content\\\/uploads\\\/2023\\\/12\\\/Adidas-Metalbone-3.3-2024-Racket-Of-Ale-Galan-Image-10.webp\",\"contentUrl\":\"https:\\\/\\\/padelzoco.es\\\/wp-content\\\/uploads\\\/2023\\\/12\\\/Adidas-Metalbone-3.3-2024-Racket-Of-Ale-Galan-Image-10.webp\",\"width\":1400,\"height\":1400},{\"@type\":\"BreadcrumbList\",\"@id\":\"https:\\\/\\\/padelzoco.es\\\/product\\\/pala-padel-adidas-metalbone-3-3-2024-ale-galan\\\/#breadcrumb\",\"itemListElement\":[{\"@type\":\"ListItem\",\"position\":1,\"name\":\"Home\",\"item\":\"https:\\\/\\\/padelzoco.es\\\/\"},{\"@type\":\"ListItem\",\"position\":2,\"name\":\"Padel Zoco\",\"item\":\"https:\\\/\\\/padelzoco.es\\\/padel-zoco\\\/\"},{\"@type\":\"ListItem\",\"position\":3,\"name\":\"Pala Padel Adidas Metalbone 3.3 2024 Ale Gal\u00e1n\"}]},{\"@type\":\"WebSite\",\"@id\":\"https:\\\/\\\/padelzoco.es\\\/#website\",\"url\":\"https:\\\/\\\/padelzoco.es\\\/\",\"name\":\"Padel Zoco\",\"description\":\"Padel Zoco | Spain\",\"publisher\":{\"@id\":\"https:\\\/\\\/padelzoco.es\\\/#organization\"},\"potentialAction\":[{\"@type\":\"SearchAction\",\"target\":{\"@type\":\"EntryPoint\",\"urlTemplate\":\"https:\\\/\\\/padelzoco.es\\\/?s={search_term_string}\"},\"query-input\":{\"@type\":\"PropertyValueSpecification\",\"valueRequired\":true,\"valueName\":\"search_term_string\"}}],\"inLanguage\":\"en-GB\"},{\"@type\":\"Organization\",\"@id\":\"https:\\\/\\\/padelzoco.es\\\/#organization\",\"name\":\"Padel Zoco\",\"url\":\"https:\\\/\\\/padelzoco.es\\\/\",\"logo\":{\"@type\":\"ImageObject\",\"inLanguage\":\"en-GB\",\"@id\":\"https:\\\/\\\/padelzoco.es\\\/#\\\/schema\\\/logo\\\/image\\\/\",\"url\":\"https:\\\/\\\/padelzoco.es\\\/wp-content\\\/uploads\\\/2023\\\/11\\\/PadelZoco_Logo_black_white.webp\",\"contentUrl\":\"https:\\\/\\\/padelzoco.es\\\/wp-content\\\/uploads\\\/2023\\\/11\\\/PadelZoco_Logo_black_white.webp\",\"width\":1500,\"height\":631,\"caption\":\"Padel Zoco\"},\"image\":{\"@id\":\"https:\\\/\\\/padelzoco.es\\\/#\\\/schema\\\/logo\\\/image\\\/\"}}]}<\/script>\n<!-- \/ Yoast SEO plugin. -->","yoast_head_json":{"title":"Pala Padel Adidas Metalbone 3.3 2024 Ale Gal\u00e1n - Padel Zoco","description":"Una pala en la que la potencia alcanza niveles desorbitados para jugadores del m\u00e1s alto nivel. Buy Padel Rackets at padel zoco madrid.","robots":{"index":"index","follow":"follow","max-snippet":"max-snippet:-1","max-image-preview":"max-image-preview:large","max-video-preview":"max-video-preview:-1"},"canonical":"https:\/\/padelzoco.es\/en\/product\/pala-padel-adidas-metalbone-3-3-2024-ale-galan\/","og_locale":"en_GB","og_type":"article","og_title":"Pala Padel Adidas Metalbone 3.3 2024 Ale Gal\u00e1n - Padel Zoco","og_description":"Una pala en la que la potencia alcanza niveles desorbitados para jugadores del m\u00e1s alto nivel. Buy Padel Rackets at padel zoco madrid.","og_url":"https:\/\/padelzoco.es\/en\/product\/pala-padel-adidas-metalbone-3-3-2024-ale-galan\/","og_site_name":"Padel Zoco","article_modified_time":"2026-04-30T17:48:07+00:00","og_image":[{"width":1400,"height":1400,"url":"https:\/\/padelzoco.es\/wp-content\/uploads\/2023\/12\/Adidas-Metalbone-3.3-2024-Racket-Of-Ale-Galan-Image-10.webp","type":"image\/webp"}],"twitter_card":"summary_large_image","twitter_misc":{"Estimated reading time":"2 minutes"},"schema":{"@context":"https:\/\/schema.org","@graph":[{"@type":"WebPage","@id":"https:\/\/padelzoco.es\/product\/pala-padel-adidas-metalbone-3-3-2024-ale-galan\/","url":"https:\/\/padelzoco.es\/product\/pala-padel-adidas-metalbone-3-3-2024-ale-galan\/","name":"Pala Padel Adidas Metalbone 3.3 2024 Ale Gal\u00e1n - Padel Zoco","isPartOf":{"@id":"https:\/\/padelzoco.es\/#website"},"primaryImageOfPage":{"@id":"https:\/\/padelzoco.es\/product\/pala-padel-adidas-metalbone-3-3-2024-ale-galan\/#primaryimage"},"image":{"@id":"https:\/\/padelzoco.es\/product\/pala-padel-adidas-metalbone-3-3-2024-ale-galan\/#primaryimage"},"thumbnailUrl":"https:\/\/padelzoco.es\/wp-content\/uploads\/2023\/12\/Adidas-Metalbone-3.3-2024-Racket-Of-Ale-Galan-Image-10.webp","datePublished":"2023-12-12T01:30:31+00:00","dateModified":"2026-04-30T17:48:07+00:00","description":"Una pala en la que la potencia alcanza niveles desorbitados para jugadores del m\u00e1s alto nivel. Buy Padel Rackets at padel zoco madrid.","breadcrumb":{"@id":"https:\/\/padelzoco.es\/product\/pala-padel-adidas-metalbone-3-3-2024-ale-galan\/#breadcrumb"},"inLanguage":"en-GB","potentialAction":[{"@type":"ReadAction","target":["https:\/\/padelzoco.es\/product\/pala-padel-adidas-metalbone-3-3-2024-ale-galan\/"]}]},{"@type":"ImageObject","inLanguage":"en-GB","@id":"https:\/\/padelzoco.es\/product\/pala-padel-adidas-metalbone-3-3-2024-ale-galan\/#primaryimage","url":"https:\/\/padelzoco.es\/wp-content\/uploads\/2023\/12\/Adidas-Metalbone-3.3-2024-Racket-Of-Ale-Galan-Image-10.webp","contentUrl":"https:\/\/padelzoco.es\/wp-content\/uploads\/2023\/12\/Adidas-Metalbone-3.3-2024-Racket-Of-Ale-Galan-Image-10.webp","width":1400,"height":1400},{"@type":"BreadcrumbList","@id":"https:\/\/padelzoco.es\/product\/pala-padel-adidas-metalbone-3-3-2024-ale-galan\/#breadcrumb","itemListElement":[{"@type":"ListItem","position":1,"name":"Home","item":"https:\/\/padelzoco.es\/"},{"@type":"ListItem","position":2,"name":"Padel Zoco","item":"https:\/\/padelzoco.es\/padel-zoco\/"},{"@type":"ListItem","position":3,"name":"Pala Padel Adidas Metalbone 3.3 2024 Ale Gal\u00e1n"}]},{"@type":"WebSite","@id":"https:\/\/padelzoco.es\/#website","url":"https:\/\/padelzoco.es\/","name":"Padel Zoco","description":"Padel Zoco | Spain","publisher":{"@id":"https:\/\/padelzoco.es\/#organization"},"potentialAction":[{"@type":"SearchAction","target":{"@type":"EntryPoint","urlTemplate":"https:\/\/padelzoco.es\/?s={search_term_string}"},"query-input":{"@type":"PropertyValueSpecification","valueRequired":true,"valueName":"search_term_string"}}],"inLanguage":"en-GB"},{"@type":"Organization","@id":"https:\/\/padelzoco.es\/#organization","name":"Padel Zoco","url":"https:\/\/padelzoco.es\/","logo":{"@type":"ImageObject","inLanguage":"en-GB","@id":"https:\/\/padelzoco.es\/#\/schema\/logo\/image\/","url":"https:\/\/padelzoco.es\/wp-content\/uploads\/2023\/11\/PadelZoco_Logo_black_white.webp","contentUrl":"https:\/\/padelzoco.es\/wp-content\/uploads\/2023\/11\/PadelZoco_Logo_black_white.webp","width":1500,"height":631,"caption":"Padel Zoco"},"image":{"@id":"https:\/\/padelzoco.es\/#\/schema\/logo\/image\/"}}]}},"_links":{"self":[{"href":"https:\/\/padelzoco.es\/en\/wp-json\/wp\/v2\/product\/7393","targetHints":{"allow":["GET"]}}],"collection":[{"href":"https:\/\/padelzoco.es\/en\/wp-json\/wp\/v2\/product"}],"about":[{"href":"https:\/\/padelzoco.es\/en\/wp-json\/wp\/v2\/types\/product"}],"version-history":[{"count":1,"href":"https:\/\/padelzoco.es\/en\/wp-json\/wp\/v2\/product\/7393\/revisions"}],"predecessor-version":[{"id":27917,"href":"https:\/\/padelzoco.es\/en\/wp-json\/wp\/v2\/product\/7393\/revisions\/27917"}],"wp:featuredmedia":[{"embeddable":true,"href":"https:\/\/padelzoco.es\/en\/wp-json\/wp\/v2\/media\/7403"}],"wp:attachment":[{"href":"https:\/\/padelzoco.es\/en\/wp-json\/wp\/v2\/media?parent=7393"}],"wp:term":[{"taxonomy":"product_brand","embeddable":true,"href":"https:\/\/padelzoco.es\/en\/wp-json\/wp\/v2\/product_brand?post=7393"},{"taxonomy":"product_cat","embeddable":true,"href":"https:\/\/padelzoco.es\/en\/wp-json\/wp\/v2\/product_cat?post=7393"},{"taxonomy":"product_tag","embeddable":true,"href":"https:\/\/padelzoco.es\/en\/wp-json\/wp\/v2\/product_tag?post=7393"}],"curies":[{"name":"wp","href":"https:\/\/api.w.org\/{rel}","templated":true}]}}