{"id":7404,"date":"2023-12-12T09:33:57","date_gmt":"2023-12-12T08:33:57","guid":{"rendered":"https:\/\/adc06f55e9.nxcli.io\/?post_type=product&#038;p=7404"},"modified":"2026-04-30T18:48:07","modified_gmt":"2026-04-30T17:48:07","slug":"pala-padel-adidas-metalbone-crtl-3-3-2024-lorena-rufo","status":"publish","type":"product","link":"https:\/\/padelzoco.es\/en\/product\/pala-padel-adidas-metalbone-crtl-3-3-2024-lorena-rufo\/","title":{"rendered":"Pala Padel Adidas Metalbone CTRL 3.3 2024 Lorena Rufo"},"content":{"rendered":"<div class=\"elementor-column elementor-element elementor-element-nwiadh4 elementor-col-50 elementor-top-column\" data-element_type=\"column\">\n<div class=\"elementor-column-wrap elementor-element-populated\">\n<div class=\"elementor-widget-wrap\">\n<div class=\"elementor-widget elementor-element elementor-element-qlm8luh elementor-widget-text-editor\" data-element_type=\"text-editor\">\n<div class=\"elementor-widget-container\">\n<div class=\"elementor-text-editor rte-content\">\n<p>Experimenta un<strong>\u00a0control absoluto<\/strong>\u00a0para\u00a0<strong>jugadores del m\u00e1s alto nivel<\/strong>. Cuenta con la tecnolog\u00eda\u00a0<strong>Weight &amp; Balance System, un sistema de pesos extra\u00edbles que permiten personalizar en cualquier momento el peso y balance de la pala.<\/strong>\u00a0La combinaci\u00f3n de la\u00a0<strong>goma Eva Soft Performance y la superficie de Carbon Aluminized 2 T0 1<\/strong>\u00a0brindan una sensaci\u00f3n de<strong>\u00a0confort y potencia<\/strong>\u00a0en cada golpeo. La tecnolog\u00eda\u00a0<strong>Octogonal Structure<\/strong>\u00a0aporta un punto extra de rigidez en el coraz\u00f3n y marco de la pala. Una pala de control reforzada por la capacidad de generar efectos endiablados gracias al\u00a0<strong>Spin Blade<\/strong>, una rugosidad en forma octagonal repartida por toda la superficie.<\/p>\n<\/div>\n<\/div>\n<\/div>\n<\/div>\n<\/div>\n<\/div>\n<p><em><strong>Caracter\u00edsticas\u00a0T\u00e9cnicas:<\/strong><\/em><\/p>\n<p><b>Octagonal Structure:<\/b>\u00a0Una estructura tubular en secci\u00f3n octogonal para ofrecer una rigidez superior.<\/p>\n<p><b>Structural Reinforcement:\u00a0<\/b>Refuerzos perimetrales en la pala que permiten generar mayor resistencia a altas torsiones que soporta durante el juego.<\/p>\n<p><b>SOFT PERFORMANCE:\u00a0<\/b>Goma EVA de baja densidad que aporta una gran salida de bola y comodidad en el juego.<\/p>\n<p><b>CARBON ALUMINIZED 2 TO 1:\u00a0<\/b>Fibras de carbono aluminizado colocado de forma especial 2 to 1 que aporta una gran potencia y menor flexibilidad. Su tratamiento aluminizado optimiza su flexibilidad y resulta en una cara m\u00e1s rigida y resistente.<\/p>\n<p><strong>Shape<\/strong>:\u00a0Redonda<\/p>\n<p><b>Spin Blade:\u00a0<\/b>ayuda a mejorar la sensaci\u00f3n de control y a amuentar la cantidad de efecto que podemos dar a la bola.<\/p>\n<p><strong>METALBONE PROTECTOR TAPE:<\/strong> Protector 3M adhesivo, ligero y resistente que protege tu pala en cualquier situaci\u00f3n de juego. Fabricado a medida para encajarlo en los modelos de la familia Metalbone.<\/p>\n<p><strong>Weight<\/strong>:\u00a0345-360 +(0-12) gr<\/p>\n<p>&nbsp;<\/p>\n<p>&nbsp;<\/p>","protected":false},"excerpt":{"rendered":"<p>Experimenta un<strong>\u00a0control absoluto<\/strong>\u00a0para\u00a0<strong>jugadores del m\u00e1s alto nivel<\/strong>. Cuenta con la tecnolog\u00eda\u00a0<strong>Weight &amp; Balance System, un sistema de pesos extra\u00edbles que permiten personalizar en cualquier momento el peso y balance de la pala.<\/strong>\u00a0La combinaci\u00f3n de la\u00a0<strong>goma Eva Soft Performance y la superficie de Carbon Aluminized 2 T0 1<\/strong>\u00a0brindan una sensaci\u00f3n de<strong>\u00a0confort y potencia<\/strong>\u00a0en cada golpeo. La tecnolog\u00eda\u00a0<strong>Octogonal Structure<\/strong>\u00a0aporta un punto extra de rigidez en el coraz\u00f3n y marco de la pala. Una pala de control reforzada por la capacidad de generar efectos endiablados gracias al\u00a0<strong>Spin Blade<\/strong>, una rugosidad en forma octagonal repartida por toda la superficie.<\/p>\n<p><strong><em>Caracter\u00edsticas\u00a0T\u00e9cnicas:<\/em><\/strong><\/p>\n<p><strong>Octagonal Structure:<\/strong>\u00a0Una estructura tubular en secci\u00f3n octogonal para ofrecer una rigidez superior.<\/p>\n<p><strong>Structural Reinforcement:\u00a0<\/strong>Refuerzos perimetrales en la pala que permiten generar mayor resistencia a altas torsiones que soporta durante el juego.<\/p>\n<p><strong>SOFT PERFORMANCE:\u00a0<\/strong>Goma EVA de baja densidad que aporta una gran salida de bola y comodidad en el juego.<\/p>\n<p><strong>CARBON ALUMINIZED 2 TO 1:\u00a0<\/strong>Fibras de carbono aluminizado colocado de forma especial 2 to 1 que aporta una gran potencia y menor flexibilidad. Su tratamiento aluminizado optimiza su flexibilidad y resulta en una cara m\u00e1s rigida y resistente.<\/p>\n<p><strong>Shape<\/strong>:\u00a0Redonda<\/p>\n<p><strong>Spin Blade:\u00a0<\/strong>ayuda a mejorar la sensaci\u00f3n de control y a amuentar la cantidad de efecto que podemos dar a la bola.<\/p>\n<p><strong>METALBONE PROTECTOR TAPE:<\/strong> Protector 3M adhesivo, ligero y resistente que protege tu pala en cualquier situaci\u00f3n de juego. Fabricado a medida para encajarlo en los modelos de la familia Metalbone.<\/p>\n<p><strong>Weight<\/strong>:\u00a0345-360 +(0-12) gr<\/p>","protected":false},"featured_media":7405,"template":"","meta":[],"product_brand":[],"product_cat":[700,711,582,589,717,590,572,757,754,586],"product_tag":[],"class_list":{"0":"post-7404","1":"product","2":"type-product","3":"status-publish","4":"has-post-thumbnail","6":"product_cat-adidas-padel","7":"product_cat-adidas-palas","8":"product_cat-avanzado-palas","9":"product_cat-hombre-palas","10":"product_cat-lorena-rufo","11":"product_cat-mujer-palas","12":"product_cat-palas","13":"product_cat-palas-ofertas","14":"product_cat-rebajas","15":"product_cat-redonda-palas","16":"pa_brand-adidas","17":"pa_gender-mujer","18":"pa_hs_code-134","20":"first","21":"outofstock","22":"sale","23":"taxable","24":"shipping-taxable","25":"purchasable","26":"product-type-simple"},"yoast_head":"<!-- This site is optimized with the Yoast SEO plugin v27.6 - https:\/\/yoast.com\/product\/yoast-seo-wordpress\/ -->\n<title>Pala Padel Adidas Metalbone CTRL 3.3 2024 Lorena Rufo - Padel Zoco<\/title>\n<meta name=\"description\" content=\"Una pala concebida para alcanzar las cotas m\u00e1s altas gracias a la \u00faltima tecnolog\u00eda y a las mejores condiciones para el manejo y la potencia. Pala Tienda Madrid.\" \/>\n<meta name=\"robots\" content=\"index, follow, max-snippet:-1, max-image-preview:large, max-video-preview:-1\" \/>\n<link rel=\"canonical\" href=\"https:\/\/padelzoco.es\/en\/product\/pala-padel-adidas-metalbone-crtl-3-3-2024-lorena-rufo\/\" \/>\n<meta property=\"og:locale\" content=\"en_GB\" \/>\n<meta property=\"og:type\" content=\"article\" \/>\n<meta property=\"og:title\" content=\"Pala Padel Adidas Metalbone CTRL 3.3 2024 Lorena Rufo - Padel Zoco\" \/>\n<meta property=\"og:description\" content=\"Una pala concebida para alcanzar las cotas m\u00e1s altas gracias a la \u00faltima tecnolog\u00eda y a las mejores condiciones para el manejo y la potencia. Pala Tienda Madrid.\" \/>\n<meta property=\"og:url\" content=\"https:\/\/padelzoco.es\/en\/product\/pala-padel-adidas-metalbone-crtl-3-3-2024-lorena-rufo\/\" \/>\n<meta property=\"og:site_name\" content=\"Padel Zoco\" \/>\n<meta property=\"article:modified_time\" content=\"2026-04-30T17:48:07+00:00\" \/>\n<meta property=\"og:image\" content=\"https:\/\/padelzoco.es\/wp-content\/uploads\/2023\/12\/Adidas-Metalbone-Ctrl-3.3-2024-Racket-Of-Lorena-Rufo-Image-1.webp\" \/>\n\t<meta property=\"og:image:width\" content=\"1400\" \/>\n\t<meta property=\"og:image:height\" content=\"1400\" \/>\n\t<meta property=\"og:image:type\" content=\"image\/webp\" \/>\n<meta name=\"twitter:card\" content=\"summary_large_image\" \/>\n<meta name=\"twitter:label1\" content=\"Estimated reading time\" \/>\n\t<meta name=\"twitter:data1\" content=\"2 minutes\" \/>\n<script type=\"application\/ld+json\" class=\"yoast-schema-graph\">{\"@context\":\"https:\\\/\\\/schema.org\",\"@graph\":[{\"@type\":\"WebPage\",\"@id\":\"https:\\\/\\\/padelzoco.es\\\/product\\\/pala-padel-adidas-metalbone-crtl-3-3-2024-lorena-rufo\\\/\",\"url\":\"https:\\\/\\\/padelzoco.es\\\/product\\\/pala-padel-adidas-metalbone-crtl-3-3-2024-lorena-rufo\\\/\",\"name\":\"Pala Padel Adidas Metalbone CTRL 3.3 2024 Lorena Rufo - Padel Zoco\",\"isPartOf\":{\"@id\":\"https:\\\/\\\/padelzoco.es\\\/#website\"},\"primaryImageOfPage\":{\"@id\":\"https:\\\/\\\/padelzoco.es\\\/product\\\/pala-padel-adidas-metalbone-crtl-3-3-2024-lorena-rufo\\\/#primaryimage\"},\"image\":{\"@id\":\"https:\\\/\\\/padelzoco.es\\\/product\\\/pala-padel-adidas-metalbone-crtl-3-3-2024-lorena-rufo\\\/#primaryimage\"},\"thumbnailUrl\":\"https:\\\/\\\/padelzoco.es\\\/wp-content\\\/uploads\\\/2023\\\/12\\\/Adidas-Metalbone-Ctrl-3.3-2024-Racket-Of-Lorena-Rufo-Image-1.webp\",\"datePublished\":\"2023-12-12T08:33:57+00:00\",\"dateModified\":\"2026-04-30T17:48:07+00:00\",\"description\":\"Una pala concebida para alcanzar las cotas m\u00e1s altas gracias a la \u00faltima tecnolog\u00eda y a las mejores condiciones para el manejo y la potencia. Pala Tienda Madrid.\",\"breadcrumb\":{\"@id\":\"https:\\\/\\\/padelzoco.es\\\/product\\\/pala-padel-adidas-metalbone-crtl-3-3-2024-lorena-rufo\\\/#breadcrumb\"},\"inLanguage\":\"en-GB\",\"potentialAction\":[{\"@type\":\"ReadAction\",\"target\":[\"https:\\\/\\\/padelzoco.es\\\/product\\\/pala-padel-adidas-metalbone-crtl-3-3-2024-lorena-rufo\\\/\"]}]},{\"@type\":\"ImageObject\",\"inLanguage\":\"en-GB\",\"@id\":\"https:\\\/\\\/padelzoco.es\\\/product\\\/pala-padel-adidas-metalbone-crtl-3-3-2024-lorena-rufo\\\/#primaryimage\",\"url\":\"https:\\\/\\\/padelzoco.es\\\/wp-content\\\/uploads\\\/2023\\\/12\\\/Adidas-Metalbone-Ctrl-3.3-2024-Racket-Of-Lorena-Rufo-Image-1.webp\",\"contentUrl\":\"https:\\\/\\\/padelzoco.es\\\/wp-content\\\/uploads\\\/2023\\\/12\\\/Adidas-Metalbone-Ctrl-3.3-2024-Racket-Of-Lorena-Rufo-Image-1.webp\",\"width\":1400,\"height\":1400},{\"@type\":\"BreadcrumbList\",\"@id\":\"https:\\\/\\\/padelzoco.es\\\/product\\\/pala-padel-adidas-metalbone-crtl-3-3-2024-lorena-rufo\\\/#breadcrumb\",\"itemListElement\":[{\"@type\":\"ListItem\",\"position\":1,\"name\":\"Home\",\"item\":\"https:\\\/\\\/padelzoco.es\\\/\"},{\"@type\":\"ListItem\",\"position\":2,\"name\":\"Padel Zoco\",\"item\":\"https:\\\/\\\/padelzoco.es\\\/padel-zoco\\\/\"},{\"@type\":\"ListItem\",\"position\":3,\"name\":\"Pala Padel Adidas Metalbone CTRL 3.3 2024 Lorena Rufo\"}]},{\"@type\":\"WebSite\",\"@id\":\"https:\\\/\\\/padelzoco.es\\\/#website\",\"url\":\"https:\\\/\\\/padelzoco.es\\\/\",\"name\":\"Padel Zoco\",\"description\":\"Padel Zoco | Spain\",\"publisher\":{\"@id\":\"https:\\\/\\\/padelzoco.es\\\/#organization\"},\"potentialAction\":[{\"@type\":\"SearchAction\",\"target\":{\"@type\":\"EntryPoint\",\"urlTemplate\":\"https:\\\/\\\/padelzoco.es\\\/?s={search_term_string}\"},\"query-input\":{\"@type\":\"PropertyValueSpecification\",\"valueRequired\":true,\"valueName\":\"search_term_string\"}}],\"inLanguage\":\"en-GB\"},{\"@type\":\"Organization\",\"@id\":\"https:\\\/\\\/padelzoco.es\\\/#organization\",\"name\":\"Padel Zoco\",\"url\":\"https:\\\/\\\/padelzoco.es\\\/\",\"logo\":{\"@type\":\"ImageObject\",\"inLanguage\":\"en-GB\",\"@id\":\"https:\\\/\\\/padelzoco.es\\\/#\\\/schema\\\/logo\\\/image\\\/\",\"url\":\"https:\\\/\\\/padelzoco.es\\\/wp-content\\\/uploads\\\/2023\\\/11\\\/PadelZoco_Logo_black_white.webp\",\"contentUrl\":\"https:\\\/\\\/padelzoco.es\\\/wp-content\\\/uploads\\\/2023\\\/11\\\/PadelZoco_Logo_black_white.webp\",\"width\":1500,\"height\":631,\"caption\":\"Padel Zoco\"},\"image\":{\"@id\":\"https:\\\/\\\/padelzoco.es\\\/#\\\/schema\\\/logo\\\/image\\\/\"}}]}<\/script>\n<!-- \/ Yoast SEO plugin. -->","yoast_head_json":{"title":"Pala Padel Adidas Metalbone CTRL 3.3 2024 Lorena Rufo - Padel Zoco","description":"Una pala concebida para alcanzar las cotas m\u00e1s altas gracias a la \u00faltima tecnolog\u00eda y a las mejores condiciones para el manejo y la potencia. Pala Tienda Madrid.","robots":{"index":"index","follow":"follow","max-snippet":"max-snippet:-1","max-image-preview":"max-image-preview:large","max-video-preview":"max-video-preview:-1"},"canonical":"https:\/\/padelzoco.es\/en\/product\/pala-padel-adidas-metalbone-crtl-3-3-2024-lorena-rufo\/","og_locale":"en_GB","og_type":"article","og_title":"Pala Padel Adidas Metalbone CTRL 3.3 2024 Lorena Rufo - Padel Zoco","og_description":"Una pala concebida para alcanzar las cotas m\u00e1s altas gracias a la \u00faltima tecnolog\u00eda y a las mejores condiciones para el manejo y la potencia. Pala Tienda Madrid.","og_url":"https:\/\/padelzoco.es\/en\/product\/pala-padel-adidas-metalbone-crtl-3-3-2024-lorena-rufo\/","og_site_name":"Padel Zoco","article_modified_time":"2026-04-30T17:48:07+00:00","og_image":[{"width":1400,"height":1400,"url":"https:\/\/padelzoco.es\/wp-content\/uploads\/2023\/12\/Adidas-Metalbone-Ctrl-3.3-2024-Racket-Of-Lorena-Rufo-Image-1.webp","type":"image\/webp"}],"twitter_card":"summary_large_image","twitter_misc":{"Estimated reading time":"2 minutes"},"schema":{"@context":"https:\/\/schema.org","@graph":[{"@type":"WebPage","@id":"https:\/\/padelzoco.es\/product\/pala-padel-adidas-metalbone-crtl-3-3-2024-lorena-rufo\/","url":"https:\/\/padelzoco.es\/product\/pala-padel-adidas-metalbone-crtl-3-3-2024-lorena-rufo\/","name":"Pala Padel Adidas Metalbone CTRL 3.3 2024 Lorena Rufo - Padel Zoco","isPartOf":{"@id":"https:\/\/padelzoco.es\/#website"},"primaryImageOfPage":{"@id":"https:\/\/padelzoco.es\/product\/pala-padel-adidas-metalbone-crtl-3-3-2024-lorena-rufo\/#primaryimage"},"image":{"@id":"https:\/\/padelzoco.es\/product\/pala-padel-adidas-metalbone-crtl-3-3-2024-lorena-rufo\/#primaryimage"},"thumbnailUrl":"https:\/\/padelzoco.es\/wp-content\/uploads\/2023\/12\/Adidas-Metalbone-Ctrl-3.3-2024-Racket-Of-Lorena-Rufo-Image-1.webp","datePublished":"2023-12-12T08:33:57+00:00","dateModified":"2026-04-30T17:48:07+00:00","description":"Una pala concebida para alcanzar las cotas m\u00e1s altas gracias a la \u00faltima tecnolog\u00eda y a las mejores condiciones para el manejo y la potencia. Pala Tienda Madrid.","breadcrumb":{"@id":"https:\/\/padelzoco.es\/product\/pala-padel-adidas-metalbone-crtl-3-3-2024-lorena-rufo\/#breadcrumb"},"inLanguage":"en-GB","potentialAction":[{"@type":"ReadAction","target":["https:\/\/padelzoco.es\/product\/pala-padel-adidas-metalbone-crtl-3-3-2024-lorena-rufo\/"]}]},{"@type":"ImageObject","inLanguage":"en-GB","@id":"https:\/\/padelzoco.es\/product\/pala-padel-adidas-metalbone-crtl-3-3-2024-lorena-rufo\/#primaryimage","url":"https:\/\/padelzoco.es\/wp-content\/uploads\/2023\/12\/Adidas-Metalbone-Ctrl-3.3-2024-Racket-Of-Lorena-Rufo-Image-1.webp","contentUrl":"https:\/\/padelzoco.es\/wp-content\/uploads\/2023\/12\/Adidas-Metalbone-Ctrl-3.3-2024-Racket-Of-Lorena-Rufo-Image-1.webp","width":1400,"height":1400},{"@type":"BreadcrumbList","@id":"https:\/\/padelzoco.es\/product\/pala-padel-adidas-metalbone-crtl-3-3-2024-lorena-rufo\/#breadcrumb","itemListElement":[{"@type":"ListItem","position":1,"name":"Home","item":"https:\/\/padelzoco.es\/"},{"@type":"ListItem","position":2,"name":"Padel Zoco","item":"https:\/\/padelzoco.es\/padel-zoco\/"},{"@type":"ListItem","position":3,"name":"Pala Padel Adidas Metalbone CTRL 3.3 2024 Lorena Rufo"}]},{"@type":"WebSite","@id":"https:\/\/padelzoco.es\/#website","url":"https:\/\/padelzoco.es\/","name":"Padel Zoco","description":"Padel Zoco | Spain","publisher":{"@id":"https:\/\/padelzoco.es\/#organization"},"potentialAction":[{"@type":"SearchAction","target":{"@type":"EntryPoint","urlTemplate":"https:\/\/padelzoco.es\/?s={search_term_string}"},"query-input":{"@type":"PropertyValueSpecification","valueRequired":true,"valueName":"search_term_string"}}],"inLanguage":"en-GB"},{"@type":"Organization","@id":"https:\/\/padelzoco.es\/#organization","name":"Padel Zoco","url":"https:\/\/padelzoco.es\/","logo":{"@type":"ImageObject","inLanguage":"en-GB","@id":"https:\/\/padelzoco.es\/#\/schema\/logo\/image\/","url":"https:\/\/padelzoco.es\/wp-content\/uploads\/2023\/11\/PadelZoco_Logo_black_white.webp","contentUrl":"https:\/\/padelzoco.es\/wp-content\/uploads\/2023\/11\/PadelZoco_Logo_black_white.webp","width":1500,"height":631,"caption":"Padel Zoco"},"image":{"@id":"https:\/\/padelzoco.es\/#\/schema\/logo\/image\/"}}]}},"_links":{"self":[{"href":"https:\/\/padelzoco.es\/en\/wp-json\/wp\/v2\/product\/7404","targetHints":{"allow":["GET"]}}],"collection":[{"href":"https:\/\/padelzoco.es\/en\/wp-json\/wp\/v2\/product"}],"about":[{"href":"https:\/\/padelzoco.es\/en\/wp-json\/wp\/v2\/types\/product"}],"version-history":[{"count":1,"href":"https:\/\/padelzoco.es\/en\/wp-json\/wp\/v2\/product\/7404\/revisions"}],"predecessor-version":[{"id":27916,"href":"https:\/\/padelzoco.es\/en\/wp-json\/wp\/v2\/product\/7404\/revisions\/27916"}],"wp:featuredmedia":[{"embeddable":true,"href":"https:\/\/padelzoco.es\/en\/wp-json\/wp\/v2\/media\/7405"}],"wp:attachment":[{"href":"https:\/\/padelzoco.es\/en\/wp-json\/wp\/v2\/media?parent=7404"}],"wp:term":[{"taxonomy":"product_brand","embeddable":true,"href":"https:\/\/padelzoco.es\/en\/wp-json\/wp\/v2\/product_brand?post=7404"},{"taxonomy":"product_cat","embeddable":true,"href":"https:\/\/padelzoco.es\/en\/wp-json\/wp\/v2\/product_cat?post=7404"},{"taxonomy":"product_tag","embeddable":true,"href":"https:\/\/padelzoco.es\/en\/wp-json\/wp\/v2\/product_tag?post=7404"}],"curies":[{"name":"wp","href":"https:\/\/api.w.org\/{rel}","templated":true}]}}