{"id":7436,"date":"2023-12-12T10:58:58","date_gmt":"2023-12-12T09:58:58","guid":{"rendered":"https:\/\/adc06f55e9.nxcli.io\/?post_type=product&#038;p=7436"},"modified":"2026-04-30T18:48:07","modified_gmt":"2026-04-30T17:48:07","slug":"pala-padel-adidas-cross-it-light-marta-ortega","status":"publish","type":"product","link":"https:\/\/padelzoco.es\/en\/product\/pala-padel-adidas-cross-it-light-marta-ortega\/","title":{"rendered":"Pala Padel Adidas Cross It Light Marta Ortega"},"content":{"rendered":"<p>La 2024 Adidas Women Padel Racket <strong>CROSS IT LIGHT<\/strong>,\u00a0 es la pala de <strong>Marta Ortega<\/strong>. Es una pala fabricada para jugadores profesionales que incorpora la \u00faltima innovaci\u00f3n llevada a la pista de p\u00e1del. Adem\u00e1s, cuenta con la facilidad de manejo que ofrece la ligereza de las palas Light. Est\u00e1 formada por fibra <strong>Carbon Aluminized 24K<\/strong> en la superficie y la goma <strong>EVA Soft Energy<\/strong> en el interior. Esta combinaci\u00f3n de materiales garantiza altos niveles de potencia y el mejor control. La pala de Marta Ortega de la nueva gama Cross It re\u00fane la mejor innovaci\u00f3n, ligereza y prestaciones. El <strong>Extra Power Grip<\/strong>, un grip de mayor longitud, desplaza el balance a la parte superior de la cabeza para mejorar los golpes potentes. La aerodin\u00e1mica llega al p\u00e1del a trav\u00e9s de la tecnolog\u00eda <strong>Dynamic Air Flow<\/strong>. Con ella, la pala reduce su resistencia al aire y es m\u00e1s eficiente en los impactos. Por su parte, la <strong>ELEVEN 13<\/strong> mejora la durabilidad y la potencia gracias a una pionera disposici\u00f3n de los agujeros. La CROSS IT LIGHT marca la diferencia.<\/p>\n<table>\n<tbody>\n<tr>\n<td width=\"301\">\n<ul>\n<li><strong>Nivel:<\/strong> PRO<\/li>\n<li><strong>Tipo de juego:<\/strong> Attack<\/li>\n<li><strong>Forma:<\/strong> Diamante Oversize<\/li>\n<li><strong>Balance:<\/strong> Head Heavy (265 mm)<\/li>\n<li><strong>Peso:<\/strong> 345-365gr<\/li>\n<li><strong>Longitud:<\/strong> 455 mm<\/li>\n<li><strong>Grosor:<\/strong> 38 mm<\/li>\n<li><strong>Protector:<\/strong> 3M Protector Tape<\/li>\n<\/ul>\n<\/td>\n<td width=\"301\">\n<ul>\n<li><strong>Goma:<\/strong> Eva High Memory<\/li>\n<li><strong>Fibra:<\/strong> Carbon Aluminized 24k<\/li>\n<li><strong>Poder:<\/strong> Dynamic Air Flow<\/li>\n<li><strong>Refuerzo:<\/strong> Extra Power Grip<\/li>\n<li><strong>Durabilidad:<\/strong> Structural Reinforcement<\/li>\n<li><strong>Efectos:<\/strong> Spin Blade Mold<\/li>\n<li><strong>Efectos<\/strong> 2: Eleven 13<\/li>\n<li><strong>Punto dulce:<\/strong> Center<\/li>\n<\/ul>\n<\/td>\n<\/tr>\n<\/tbody>\n<\/table>\n<p>Technologies: DYNAMIC AIR FLOW &#8211; ELEVEN 13 &#8211; EXTRA POWER GRIP<\/p>","protected":false},"excerpt":{"rendered":"<p>La 2024 Adidas Women Padel Racket <strong>CROSS IT LIGHT<\/strong>,\u00a0 es la pala de <strong>Marta Ortega<\/strong>. Es una pala fabricada para jugadores profesionales que incorpora la \u00faltima innovaci\u00f3n llevada a la pista de p\u00e1del. Adem\u00e1s, cuenta con la facilidad de manejo que ofrece la ligereza de las palas Light. Est\u00e1 formada por fibra <strong>Carbon Aluminized 24K<\/strong> en la superficie y la goma <strong>EVA Soft Energy<\/strong> en el interior. Esta combinaci\u00f3n de materiales garantiza altos niveles de potencia y el mejor control. La pala de Marta Ortega de la nueva gama Cross It re\u00fane la mejor innovaci\u00f3n, ligereza y prestaciones. El <strong>Extra Power Grip<\/strong>, un grip de mayor longitud, desplaza el balance a la parte superior de la cabeza para mejorar los golpes potentes. La aerodin\u00e1mica llega al p\u00e1del a trav\u00e9s de la tecnolog\u00eda <strong>Dynamic Air Flow<\/strong>. Con ella, la pala reduce su resistencia al aire y es m\u00e1s eficiente en los impactos. Por su parte, la <strong>ELEVEN 13<\/strong> mejora la durabilidad y la potencia gracias a una pionera disposici\u00f3n de los agujeros. La CROSS IT LIGHT marca la diferencia.<\/p>\n<table>\n<tbody>\n<tr>\n<td width=\"301\">\n<ul>\n<li><strong>Nivel:<\/strong> PRO<\/li>\n<li><strong>Tipo de juego:<\/strong> Attack<\/li>\n<li><strong>Forma:<\/strong> Diamante Oversize<\/li>\n<li><strong>Balance:<\/strong> Head Heavy (265 mm)<\/li>\n<li><strong>Peso:<\/strong> 345-365gr<\/li>\n<li><strong>Longitud:<\/strong> 455 mm<\/li>\n<li><strong>Grosor:<\/strong> 38 mm<\/li>\n<li><strong>Protector:<\/strong> 3M Protector Tape<\/li>\n<\/ul>\n<\/td>\n<td width=\"301\">\n<ul>\n<li><strong>Goma:<\/strong> Eva High Memory<\/li>\n<li><strong>Fibra:<\/strong> Carbon Aluminized 24k<\/li>\n<li><strong>Poder:<\/strong> Dynamic Air Flow<\/li>\n<li><strong>Refuerzo:<\/strong> Extra Power Grip<\/li>\n<li><strong>Durabilidad:<\/strong> Structural Reinforcement<\/li>\n<li><strong>Efectos:<\/strong> Spin Blade Mold<\/li>\n<li><strong>Efectos<\/strong> 2: Eleven 13<\/li>\n<li><strong>Punto dulce:<\/strong> Center<\/li>\n<\/ul>\n<\/td>\n<\/tr>\n<\/tbody>\n<\/table>\n<p><strong>Techology:<\/strong> DYNAMIC AIR FLOW &#8211; ELEVEN 13 &#8211; EXTRA POWER GRIP<\/p>\n<p>&nbsp;<\/p>","protected":false},"featured_media":7442,"template":"","meta":[],"product_brand":[],"product_cat":[700,711,582,720,590,572,757,754,586],"product_tag":[],"class_list":{"0":"post-7436","1":"product","2":"type-product","3":"status-publish","4":"has-post-thumbnail","6":"product_cat-adidas-padel","7":"product_cat-adidas-palas","8":"product_cat-avanzado-palas","9":"product_cat-marta-ortega","10":"product_cat-mujer-palas","11":"product_cat-palas","12":"product_cat-palas-ofertas","13":"product_cat-rebajas","14":"product_cat-redonda-palas","15":"pa_brand-adidas","16":"pa_gender-mujer","17":"pa_hs_code-134","19":"first","20":"outofstock","21":"sale","22":"taxable","23":"shipping-taxable","24":"purchasable","25":"product-type-simple"},"yoast_head":"<!-- This site is optimized with the Yoast SEO plugin v27.5 - https:\/\/yoast.com\/product\/yoast-seo-wordpress\/ -->\n<title>Pala Padel Adidas Cross It Light Marta Ortega - Padel Zoco<\/title>\n<meta name=\"description\" content=\"La pala de Marta Ortega responde a las necesidades de una campeona: cuenta con toda la tecnolog\u00eda a su servicio para ofrecer unas prestaciones incomparables.\" \/>\n<meta name=\"robots\" content=\"index, follow, max-snippet:-1, max-image-preview:large, max-video-preview:-1\" \/>\n<link rel=\"canonical\" href=\"https:\/\/padelzoco.es\/en\/product\/pala-padel-adidas-cross-it-light-marta-ortega\/\" \/>\n<meta property=\"og:locale\" content=\"en_GB\" \/>\n<meta property=\"og:type\" content=\"article\" \/>\n<meta property=\"og:title\" content=\"Pala Padel Adidas Cross It Light Marta Ortega - Padel Zoco\" \/>\n<meta property=\"og:description\" content=\"La pala de Marta Ortega responde a las necesidades de una campeona: cuenta con toda la tecnolog\u00eda a su servicio para ofrecer unas prestaciones incomparables.\" \/>\n<meta property=\"og:url\" content=\"https:\/\/padelzoco.es\/en\/product\/pala-padel-adidas-cross-it-light-marta-ortega\/\" \/>\n<meta property=\"og:site_name\" content=\"Padel Zoco\" \/>\n<meta property=\"article:modified_time\" content=\"2026-04-30T17:48:07+00:00\" \/>\n<meta property=\"og:image\" content=\"https:\/\/padelzoco.es\/wp-content\/uploads\/2023\/12\/Adidas-CROSS-IT-LIGHT-2024-Racket-of-MARTA-ORTEGA-Image-5.webp\" \/>\n\t<meta property=\"og:image:width\" content=\"1400\" \/>\n\t<meta property=\"og:image:height\" content=\"1400\" \/>\n\t<meta property=\"og:image:type\" content=\"image\/webp\" \/>\n<meta name=\"twitter:card\" content=\"summary_large_image\" \/>\n<meta name=\"twitter:label1\" content=\"Estimated reading time\" \/>\n\t<meta name=\"twitter:data1\" content=\"2 minutes\" \/>\n<script type=\"application\/ld+json\" class=\"yoast-schema-graph\">{\"@context\":\"https:\\\/\\\/schema.org\",\"@graph\":[{\"@type\":\"WebPage\",\"@id\":\"https:\\\/\\\/padelzoco.es\\\/product\\\/pala-padel-adidas-cross-it-light-marta-ortega\\\/\",\"url\":\"https:\\\/\\\/padelzoco.es\\\/product\\\/pala-padel-adidas-cross-it-light-marta-ortega\\\/\",\"name\":\"Pala Padel Adidas Cross It Light Marta Ortega - Padel Zoco\",\"isPartOf\":{\"@id\":\"https:\\\/\\\/padelzoco.es\\\/#website\"},\"primaryImageOfPage\":{\"@id\":\"https:\\\/\\\/padelzoco.es\\\/product\\\/pala-padel-adidas-cross-it-light-marta-ortega\\\/#primaryimage\"},\"image\":{\"@id\":\"https:\\\/\\\/padelzoco.es\\\/product\\\/pala-padel-adidas-cross-it-light-marta-ortega\\\/#primaryimage\"},\"thumbnailUrl\":\"https:\\\/\\\/padelzoco.es\\\/wp-content\\\/uploads\\\/2023\\\/12\\\/Adidas-CROSS-IT-LIGHT-2024-Racket-of-MARTA-ORTEGA-Image-5.webp\",\"datePublished\":\"2023-12-12T09:58:58+00:00\",\"dateModified\":\"2026-04-30T17:48:07+00:00\",\"description\":\"La pala de Marta Ortega responde a las necesidades de una campeona: cuenta con toda la tecnolog\u00eda a su servicio para ofrecer unas prestaciones incomparables.\",\"breadcrumb\":{\"@id\":\"https:\\\/\\\/padelzoco.es\\\/product\\\/pala-padel-adidas-cross-it-light-marta-ortega\\\/#breadcrumb\"},\"inLanguage\":\"en-GB\",\"potentialAction\":[{\"@type\":\"ReadAction\",\"target\":[\"https:\\\/\\\/padelzoco.es\\\/product\\\/pala-padel-adidas-cross-it-light-marta-ortega\\\/\"]}]},{\"@type\":\"ImageObject\",\"inLanguage\":\"en-GB\",\"@id\":\"https:\\\/\\\/padelzoco.es\\\/product\\\/pala-padel-adidas-cross-it-light-marta-ortega\\\/#primaryimage\",\"url\":\"https:\\\/\\\/padelzoco.es\\\/wp-content\\\/uploads\\\/2023\\\/12\\\/Adidas-CROSS-IT-LIGHT-2024-Racket-of-MARTA-ORTEGA-Image-5.webp\",\"contentUrl\":\"https:\\\/\\\/padelzoco.es\\\/wp-content\\\/uploads\\\/2023\\\/12\\\/Adidas-CROSS-IT-LIGHT-2024-Racket-of-MARTA-ORTEGA-Image-5.webp\",\"width\":1400,\"height\":1400},{\"@type\":\"BreadcrumbList\",\"@id\":\"https:\\\/\\\/padelzoco.es\\\/product\\\/pala-padel-adidas-cross-it-light-marta-ortega\\\/#breadcrumb\",\"itemListElement\":[{\"@type\":\"ListItem\",\"position\":1,\"name\":\"Home\",\"item\":\"https:\\\/\\\/padelzoco.es\\\/\"},{\"@type\":\"ListItem\",\"position\":2,\"name\":\"Padel Zoco\",\"item\":\"https:\\\/\\\/padelzoco.es\\\/padel-zoco\\\/\"},{\"@type\":\"ListItem\",\"position\":3,\"name\":\"Pala Padel Adidas Cross It Light Marta Ortega\"}]},{\"@type\":\"WebSite\",\"@id\":\"https:\\\/\\\/padelzoco.es\\\/#website\",\"url\":\"https:\\\/\\\/padelzoco.es\\\/\",\"name\":\"Padel Zoco\",\"description\":\"Padel Zoco | Spain\",\"publisher\":{\"@id\":\"https:\\\/\\\/padelzoco.es\\\/#organization\"},\"potentialAction\":[{\"@type\":\"SearchAction\",\"target\":{\"@type\":\"EntryPoint\",\"urlTemplate\":\"https:\\\/\\\/padelzoco.es\\\/?s={search_term_string}\"},\"query-input\":{\"@type\":\"PropertyValueSpecification\",\"valueRequired\":true,\"valueName\":\"search_term_string\"}}],\"inLanguage\":\"en-GB\"},{\"@type\":\"Organization\",\"@id\":\"https:\\\/\\\/padelzoco.es\\\/#organization\",\"name\":\"Padel Zoco\",\"url\":\"https:\\\/\\\/padelzoco.es\\\/\",\"logo\":{\"@type\":\"ImageObject\",\"inLanguage\":\"en-GB\",\"@id\":\"https:\\\/\\\/padelzoco.es\\\/#\\\/schema\\\/logo\\\/image\\\/\",\"url\":\"https:\\\/\\\/padelzoco.es\\\/wp-content\\\/uploads\\\/2023\\\/11\\\/PadelZoco_Logo_black_white.webp\",\"contentUrl\":\"https:\\\/\\\/padelzoco.es\\\/wp-content\\\/uploads\\\/2023\\\/11\\\/PadelZoco_Logo_black_white.webp\",\"width\":1500,\"height\":631,\"caption\":\"Padel Zoco\"},\"image\":{\"@id\":\"https:\\\/\\\/padelzoco.es\\\/#\\\/schema\\\/logo\\\/image\\\/\"}}]}<\/script>\n<!-- \/ Yoast SEO plugin. -->","yoast_head_json":{"title":"Pala Padel Adidas Cross It Light Marta Ortega - Padel Zoco","description":"La pala de Marta Ortega responde a las necesidades de una campeona: cuenta con toda la tecnolog\u00eda a su servicio para ofrecer unas prestaciones incomparables.","robots":{"index":"index","follow":"follow","max-snippet":"max-snippet:-1","max-image-preview":"max-image-preview:large","max-video-preview":"max-video-preview:-1"},"canonical":"https:\/\/padelzoco.es\/en\/product\/pala-padel-adidas-cross-it-light-marta-ortega\/","og_locale":"en_GB","og_type":"article","og_title":"Pala Padel Adidas Cross It Light Marta Ortega - Padel Zoco","og_description":"La pala de Marta Ortega responde a las necesidades de una campeona: cuenta con toda la tecnolog\u00eda a su servicio para ofrecer unas prestaciones incomparables.","og_url":"https:\/\/padelzoco.es\/en\/product\/pala-padel-adidas-cross-it-light-marta-ortega\/","og_site_name":"Padel Zoco","article_modified_time":"2026-04-30T17:48:07+00:00","og_image":[{"width":1400,"height":1400,"url":"https:\/\/padelzoco.es\/wp-content\/uploads\/2023\/12\/Adidas-CROSS-IT-LIGHT-2024-Racket-of-MARTA-ORTEGA-Image-5.webp","type":"image\/webp"}],"twitter_card":"summary_large_image","twitter_misc":{"Estimated reading time":"2 minutes"},"schema":{"@context":"https:\/\/schema.org","@graph":[{"@type":"WebPage","@id":"https:\/\/padelzoco.es\/product\/pala-padel-adidas-cross-it-light-marta-ortega\/","url":"https:\/\/padelzoco.es\/product\/pala-padel-adidas-cross-it-light-marta-ortega\/","name":"Pala Padel Adidas Cross It Light Marta Ortega - Padel Zoco","isPartOf":{"@id":"https:\/\/padelzoco.es\/#website"},"primaryImageOfPage":{"@id":"https:\/\/padelzoco.es\/product\/pala-padel-adidas-cross-it-light-marta-ortega\/#primaryimage"},"image":{"@id":"https:\/\/padelzoco.es\/product\/pala-padel-adidas-cross-it-light-marta-ortega\/#primaryimage"},"thumbnailUrl":"https:\/\/padelzoco.es\/wp-content\/uploads\/2023\/12\/Adidas-CROSS-IT-LIGHT-2024-Racket-of-MARTA-ORTEGA-Image-5.webp","datePublished":"2023-12-12T09:58:58+00:00","dateModified":"2026-04-30T17:48:07+00:00","description":"La pala de Marta Ortega responde a las necesidades de una campeona: cuenta con toda la tecnolog\u00eda a su servicio para ofrecer unas prestaciones incomparables.","breadcrumb":{"@id":"https:\/\/padelzoco.es\/product\/pala-padel-adidas-cross-it-light-marta-ortega\/#breadcrumb"},"inLanguage":"en-GB","potentialAction":[{"@type":"ReadAction","target":["https:\/\/padelzoco.es\/product\/pala-padel-adidas-cross-it-light-marta-ortega\/"]}]},{"@type":"ImageObject","inLanguage":"en-GB","@id":"https:\/\/padelzoco.es\/product\/pala-padel-adidas-cross-it-light-marta-ortega\/#primaryimage","url":"https:\/\/padelzoco.es\/wp-content\/uploads\/2023\/12\/Adidas-CROSS-IT-LIGHT-2024-Racket-of-MARTA-ORTEGA-Image-5.webp","contentUrl":"https:\/\/padelzoco.es\/wp-content\/uploads\/2023\/12\/Adidas-CROSS-IT-LIGHT-2024-Racket-of-MARTA-ORTEGA-Image-5.webp","width":1400,"height":1400},{"@type":"BreadcrumbList","@id":"https:\/\/padelzoco.es\/product\/pala-padel-adidas-cross-it-light-marta-ortega\/#breadcrumb","itemListElement":[{"@type":"ListItem","position":1,"name":"Home","item":"https:\/\/padelzoco.es\/"},{"@type":"ListItem","position":2,"name":"Padel Zoco","item":"https:\/\/padelzoco.es\/padel-zoco\/"},{"@type":"ListItem","position":3,"name":"Pala Padel Adidas Cross It Light Marta Ortega"}]},{"@type":"WebSite","@id":"https:\/\/padelzoco.es\/#website","url":"https:\/\/padelzoco.es\/","name":"Padel Zoco","description":"Padel Zoco | Spain","publisher":{"@id":"https:\/\/padelzoco.es\/#organization"},"potentialAction":[{"@type":"SearchAction","target":{"@type":"EntryPoint","urlTemplate":"https:\/\/padelzoco.es\/?s={search_term_string}"},"query-input":{"@type":"PropertyValueSpecification","valueRequired":true,"valueName":"search_term_string"}}],"inLanguage":"en-GB"},{"@type":"Organization","@id":"https:\/\/padelzoco.es\/#organization","name":"Padel Zoco","url":"https:\/\/padelzoco.es\/","logo":{"@type":"ImageObject","inLanguage":"en-GB","@id":"https:\/\/padelzoco.es\/#\/schema\/logo\/image\/","url":"https:\/\/padelzoco.es\/wp-content\/uploads\/2023\/11\/PadelZoco_Logo_black_white.webp","contentUrl":"https:\/\/padelzoco.es\/wp-content\/uploads\/2023\/11\/PadelZoco_Logo_black_white.webp","width":1500,"height":631,"caption":"Padel Zoco"},"image":{"@id":"https:\/\/padelzoco.es\/#\/schema\/logo\/image\/"}}]}},"_links":{"self":[{"href":"https:\/\/padelzoco.es\/en\/wp-json\/wp\/v2\/product\/7436","targetHints":{"allow":["GET"]}}],"collection":[{"href":"https:\/\/padelzoco.es\/en\/wp-json\/wp\/v2\/product"}],"about":[{"href":"https:\/\/padelzoco.es\/en\/wp-json\/wp\/v2\/types\/product"}],"version-history":[{"count":1,"href":"https:\/\/padelzoco.es\/en\/wp-json\/wp\/v2\/product\/7436\/revisions"}],"predecessor-version":[{"id":27913,"href":"https:\/\/padelzoco.es\/en\/wp-json\/wp\/v2\/product\/7436\/revisions\/27913"}],"wp:featuredmedia":[{"embeddable":true,"href":"https:\/\/padelzoco.es\/en\/wp-json\/wp\/v2\/media\/7442"}],"wp:attachment":[{"href":"https:\/\/padelzoco.es\/en\/wp-json\/wp\/v2\/media?parent=7436"}],"wp:term":[{"taxonomy":"product_brand","embeddable":true,"href":"https:\/\/padelzoco.es\/en\/wp-json\/wp\/v2\/product_brand?post=7436"},{"taxonomy":"product_cat","embeddable":true,"href":"https:\/\/padelzoco.es\/en\/wp-json\/wp\/v2\/product_cat?post=7436"},{"taxonomy":"product_tag","embeddable":true,"href":"https:\/\/padelzoco.es\/en\/wp-json\/wp\/v2\/product_tag?post=7436"}],"curies":[{"name":"wp","href":"https:\/\/api.w.org\/{rel}","templated":true}]}}