{"id":7460,"date":"2023-12-12T12:14:49","date_gmt":"2023-12-12T11:14:49","guid":{"rendered":"https:\/\/adc06f55e9.nxcli.io\/?post_type=product&#038;p=7460"},"modified":"2026-02-02T09:26:52","modified_gmt":"2026-02-02T08:26:52","slug":"pala-padel-adidas-adipower-light-3-3-2024","status":"publish","type":"product","link":"https:\/\/padelzoco.es\/en\/product\/pala-padel-adidas-adipower-light-3-3-2024\/","title":{"rendered":"Pala Padel Adidas Adipower Light 3.3 2024"},"content":{"rendered":"<p>La Adidas <strong>ADIPOWER LIGHT 3.3<\/strong> 2024 Padel Rackets es una pala de altos vuelos con el factor diferencial de su ligereza. La pala que empu\u00f1a la jugadora adidas Mafalda Fernandes es la mejor aliada para alcanzar el mejor manejo. Cuenta con tecnolog\u00edas espec\u00edficas que incrementan la rigidez de la pala y la dotan de una capacidad de potencia en el golpeo sorprendente. Son el <strong>Dual Exoskeleton<\/strong> y el <strong>Power Embossed Ridge<\/strong>, que refuerzan la estructura. La rugosidad <strong>Spin Blade Mold<\/strong> en la superficie a\u00f1ade una capacidad de generar efectos incomparable. En cuanto a materiales, la pala destaca por la eficiente combinaci\u00f3n de goma <strong>EVA Soft Performance<\/strong> y la fibra <strong>Alutex<\/strong>, un compuesto a base de vidrio que cuenta con un tratamiento aluminizado para mejorar potencia, confort y durabilidad.<\/p>\n<table>\n<tbody>\n<tr>\n<td width=\"301\">\n<ul>\n<li><strong>Nivel:<\/strong> Advance<\/li>\n<li><strong>Tipo de juego:<\/strong> Control<\/li>\n<li><strong>Forma:<\/strong> Round<\/li>\n<li><strong>Balance:<\/strong> Even (265 mm)<\/li>\n<li><strong>Peso:<\/strong> 345-360gr (Light Weight)<\/li>\n<li><strong>Superficie:<\/strong> 460 cm2<\/li>\n<li><strong>Longitud:<\/strong> 455 mm<\/li>\n<li><strong>Grosor:<\/strong> 38 mm<\/li>\n<li><strong>Protector:<\/strong> 3M Protector Tape<\/li>\n<\/ul>\n<\/td>\n<td width=\"301\">\n<ul>\n<li><strong>Goma:<\/strong> Eva Soft Performance<\/li>\n<li><strong>Fibra:<\/strong> Alutex<\/li>\n<li><strong>Poder:<\/strong> Dual Exoeskeleton<\/li>\n<li><strong>Refuerzo:<\/strong> Power Embossed Ridge<\/li>\n<li><strong>Durabilidad:<\/strong> Structural Reinforcement<\/li>\n<li><strong>Efectos:<\/strong> Spin Blade Mold<\/li>\n<li><strong>Efectos<\/strong> 2: Eleven 13<\/li>\n<li><strong>Punto dulce:<\/strong> Centro<\/li>\n<\/ul>\n<\/td>\n<\/tr>\n<\/tbody>\n<\/table>\n<p>Technologies: DUAL EXOSKELETON &#8211; SPIN BLADE MOLD &#8211; POWER EMBOSSED RIDGE<\/p>","protected":false},"excerpt":{"rendered":"<p>La Adidas <strong>ADIPOWER LIGHT 3.3<\/strong> 2024\u00a0 es una pala de altos vuelos con el factor diferencial de su ligereza. La pala que empu\u00f1a la jugadora adidas Mafalda Fernandes es la mejor aliada para alcanzar el mejor manejo. Cuenta con tecnolog\u00edas espec\u00edficas que incrementan la rigidez de la pala y la dotan de una capacidad de potencia en el golpeo sorprendente. Son el <strong>Dual Exoskeleton<\/strong> y el <strong>Power Embossed Ridge<\/strong>, que refuerzan la estructura. La rugosidad <strong>Spin Blade Mold<\/strong> en la superficie a\u00f1ade una capacidad de generar efectos incomparable. En cuanto a materiales, la pala destaca por la eficiente combinaci\u00f3n de goma <strong>EVA Soft Performance<\/strong> y la fibra <strong>Alutex<\/strong>, un compuesto a base de vidrio que cuenta con un tratamiento aluminizado para mejorar potencia, confort y durabilidad.<\/p>\n<table>\n<tbody>\n<tr>\n<td width=\"301\">\n<ul>\n<li><strong>Nivel:<\/strong> Advance<\/li>\n<li><strong>Tipo de juego:<\/strong> Control<\/li>\n<li><strong>Forma:<\/strong> Round<\/li>\n<li><strong>Balance:<\/strong> Even (265 mm)<\/li>\n<li><strong>Peso:<\/strong> 345-360gr (Light Weight)<\/li>\n<li><strong>Superficie:<\/strong> 460 cm2<\/li>\n<li><strong>Longitud:<\/strong> 455 mm<\/li>\n<li><strong>Grosor:<\/strong> 38 mm<\/li>\n<li><strong>Protector:<\/strong> 3M Protector Tape<\/li>\n<\/ul>\n<\/td>\n<td width=\"301\">\n<ul>\n<li><strong>Goma:<\/strong> Eva Soft Performance<\/li>\n<li><strong>Fibra:<\/strong> Alutex<\/li>\n<li><strong>Poder:<\/strong> Dual Exoeskeleton<\/li>\n<li><strong>Refuerzo:<\/strong> Power Embossed Ridge<\/li>\n<li><strong>Durabilidad:<\/strong> Structural Reinforcement<\/li>\n<li><strong>Efectos:<\/strong> Spin Blade Mold<\/li>\n<li><strong>Efectos<\/strong> 2: Eleven 13<\/li>\n<li><strong>Punto dulce:<\/strong> Centro<\/li>\n<\/ul>\n<\/td>\n<\/tr>\n<\/tbody>\n<\/table>\n<p><strong>Techology:<\/strong> DUAL EXOSKELETON &#8211; SPIN BLADE MOLD &#8211; POWER EMBOSSED RIDGE<\/p>","protected":false},"featured_media":7465,"template":"","meta":[],"product_brand":[],"product_cat":[700,711,582,581,590,572,757,754,586],"product_tag":[],"class_list":{"0":"post-7460","1":"product","2":"type-product","3":"status-publish","4":"has-post-thumbnail","6":"product_cat-adidas-padel","7":"product_cat-adidas-palas","8":"product_cat-avanzado-palas","9":"product_cat-intermedio-palas","10":"product_cat-mujer-palas","11":"product_cat-palas","12":"product_cat-palas-ofertas","13":"product_cat-rebajas","14":"product_cat-redonda-palas","15":"pa_brand-adidas","16":"pa_gender-hombre","17":"pa_hs_code-134","19":"first","20":"outofstock","21":"sale","22":"taxable","23":"shipping-taxable","24":"purchasable","25":"product-type-simple"},"yoast_head":"<!-- This site is optimized with the Yoast SEO plugin v27.3 - https:\/\/yoast.com\/product\/yoast-seo-wordpress\/ -->\n<title>Pala Padel Adidas Adipower Light 3.3 2024 - Padel Zoco<\/title>\n<meta name=\"description\" content=\"Una pala ligera de otro nivel. Libera tu brazo y alcanza la perfecci\u00f3n.\" \/>\n<meta name=\"robots\" content=\"index, follow, max-snippet:-1, max-image-preview:large, max-video-preview:-1\" \/>\n<link rel=\"canonical\" href=\"https:\/\/padelzoco.es\/en\/product\/pala-padel-adidas-adipower-light-3-3-2024\/\" \/>\n<meta property=\"og:locale\" content=\"en_GB\" \/>\n<meta property=\"og:type\" content=\"article\" \/>\n<meta property=\"og:title\" content=\"Pala Padel Adidas Adipower Light 3.3 2024 - Padel Zoco\" \/>\n<meta property=\"og:description\" content=\"Una pala ligera de otro nivel. Libera tu brazo y alcanza la perfecci\u00f3n.\" \/>\n<meta property=\"og:url\" content=\"https:\/\/padelzoco.es\/en\/product\/pala-padel-adidas-adipower-light-3-3-2024\/\" \/>\n<meta property=\"og:site_name\" content=\"Padel Zoco\" \/>\n<meta property=\"article:modified_time\" content=\"2026-02-02T08:26:52+00:00\" \/>\n<meta property=\"og:image\" content=\"https:\/\/padelzoco.es\/wp-content\/uploads\/2023\/12\/Adidas-ADIPOWER-LIGHT-3.3-2024-Padel-Racket-Image-5.webp\" \/>\n\t<meta property=\"og:image:width\" content=\"1400\" \/>\n\t<meta property=\"og:image:height\" content=\"1400\" \/>\n\t<meta property=\"og:image:type\" content=\"image\/webp\" \/>\n<meta name=\"twitter:card\" content=\"summary_large_image\" \/>\n<meta name=\"twitter:label1\" content=\"Estimated reading time\" \/>\n\t<meta name=\"twitter:data1\" content=\"2 minutes\" \/>\n<script type=\"application\/ld+json\" class=\"yoast-schema-graph\">{\"@context\":\"https:\\\/\\\/schema.org\",\"@graph\":[{\"@type\":\"WebPage\",\"@id\":\"https:\\\/\\\/padelzoco.es\\\/product\\\/pala-padel-adidas-adipower-light-3-3-2024\\\/\",\"url\":\"https:\\\/\\\/padelzoco.es\\\/product\\\/pala-padel-adidas-adipower-light-3-3-2024\\\/\",\"name\":\"Pala Padel Adidas Adipower Light 3.3 2024 - Padel Zoco\",\"isPartOf\":{\"@id\":\"https:\\\/\\\/padelzoco.es\\\/#website\"},\"primaryImageOfPage\":{\"@id\":\"https:\\\/\\\/padelzoco.es\\\/product\\\/pala-padel-adidas-adipower-light-3-3-2024\\\/#primaryimage\"},\"image\":{\"@id\":\"https:\\\/\\\/padelzoco.es\\\/product\\\/pala-padel-adidas-adipower-light-3-3-2024\\\/#primaryimage\"},\"thumbnailUrl\":\"https:\\\/\\\/padelzoco.es\\\/wp-content\\\/uploads\\\/2023\\\/12\\\/Adidas-ADIPOWER-LIGHT-3.3-2024-Padel-Racket-Image-5.webp\",\"datePublished\":\"2023-12-12T11:14:49+00:00\",\"dateModified\":\"2026-02-02T08:26:52+00:00\",\"description\":\"Una pala ligera de otro nivel. Libera tu brazo y alcanza la perfecci\u00f3n.\",\"breadcrumb\":{\"@id\":\"https:\\\/\\\/padelzoco.es\\\/product\\\/pala-padel-adidas-adipower-light-3-3-2024\\\/#breadcrumb\"},\"inLanguage\":\"en-GB\",\"potentialAction\":[{\"@type\":\"ReadAction\",\"target\":[\"https:\\\/\\\/padelzoco.es\\\/product\\\/pala-padel-adidas-adipower-light-3-3-2024\\\/\"]}]},{\"@type\":\"ImageObject\",\"inLanguage\":\"en-GB\",\"@id\":\"https:\\\/\\\/padelzoco.es\\\/product\\\/pala-padel-adidas-adipower-light-3-3-2024\\\/#primaryimage\",\"url\":\"https:\\\/\\\/padelzoco.es\\\/wp-content\\\/uploads\\\/2023\\\/12\\\/Adidas-ADIPOWER-LIGHT-3.3-2024-Padel-Racket-Image-5.webp\",\"contentUrl\":\"https:\\\/\\\/padelzoco.es\\\/wp-content\\\/uploads\\\/2023\\\/12\\\/Adidas-ADIPOWER-LIGHT-3.3-2024-Padel-Racket-Image-5.webp\",\"width\":1400,\"height\":1400},{\"@type\":\"BreadcrumbList\",\"@id\":\"https:\\\/\\\/padelzoco.es\\\/product\\\/pala-padel-adidas-adipower-light-3-3-2024\\\/#breadcrumb\",\"itemListElement\":[{\"@type\":\"ListItem\",\"position\":1,\"name\":\"Home\",\"item\":\"https:\\\/\\\/padelzoco.es\\\/\"},{\"@type\":\"ListItem\",\"position\":2,\"name\":\"Padel Zoco\",\"item\":\"https:\\\/\\\/padelzoco.es\\\/padel-zoco\\\/\"},{\"@type\":\"ListItem\",\"position\":3,\"name\":\"Pala Padel Adidas Adipower Light 3.3 2024\"}]},{\"@type\":\"WebSite\",\"@id\":\"https:\\\/\\\/padelzoco.es\\\/#website\",\"url\":\"https:\\\/\\\/padelzoco.es\\\/\",\"name\":\"Padel Zoco\",\"description\":\"Padel Zoco | Spain\",\"publisher\":{\"@id\":\"https:\\\/\\\/padelzoco.es\\\/#organization\"},\"potentialAction\":[{\"@type\":\"SearchAction\",\"target\":{\"@type\":\"EntryPoint\",\"urlTemplate\":\"https:\\\/\\\/padelzoco.es\\\/?s={search_term_string}\"},\"query-input\":{\"@type\":\"PropertyValueSpecification\",\"valueRequired\":true,\"valueName\":\"search_term_string\"}}],\"inLanguage\":\"en-GB\"},{\"@type\":\"Organization\",\"@id\":\"https:\\\/\\\/padelzoco.es\\\/#organization\",\"name\":\"Padel Zoco\",\"url\":\"https:\\\/\\\/padelzoco.es\\\/\",\"logo\":{\"@type\":\"ImageObject\",\"inLanguage\":\"en-GB\",\"@id\":\"https:\\\/\\\/padelzoco.es\\\/#\\\/schema\\\/logo\\\/image\\\/\",\"url\":\"https:\\\/\\\/padelzoco.es\\\/wp-content\\\/uploads\\\/2023\\\/11\\\/PadelZoco_Logo_black_white.webp\",\"contentUrl\":\"https:\\\/\\\/padelzoco.es\\\/wp-content\\\/uploads\\\/2023\\\/11\\\/PadelZoco_Logo_black_white.webp\",\"width\":1500,\"height\":631,\"caption\":\"Padel Zoco\"},\"image\":{\"@id\":\"https:\\\/\\\/padelzoco.es\\\/#\\\/schema\\\/logo\\\/image\\\/\"}}]}<\/script>\n<!-- \/ Yoast SEO plugin. -->","yoast_head_json":{"title":"Pala Padel Adidas Adipower Light 3.3 2024 - Padel Zoco","description":"Una pala ligera de otro nivel. Libera tu brazo y alcanza la perfecci\u00f3n.","robots":{"index":"index","follow":"follow","max-snippet":"max-snippet:-1","max-image-preview":"max-image-preview:large","max-video-preview":"max-video-preview:-1"},"canonical":"https:\/\/padelzoco.es\/en\/product\/pala-padel-adidas-adipower-light-3-3-2024\/","og_locale":"en_GB","og_type":"article","og_title":"Pala Padel Adidas Adipower Light 3.3 2024 - Padel Zoco","og_description":"Una pala ligera de otro nivel. Libera tu brazo y alcanza la perfecci\u00f3n.","og_url":"https:\/\/padelzoco.es\/en\/product\/pala-padel-adidas-adipower-light-3-3-2024\/","og_site_name":"Padel Zoco","article_modified_time":"2026-02-02T08:26:52+00:00","og_image":[{"width":1400,"height":1400,"url":"https:\/\/padelzoco.es\/wp-content\/uploads\/2023\/12\/Adidas-ADIPOWER-LIGHT-3.3-2024-Padel-Racket-Image-5.webp","type":"image\/webp"}],"twitter_card":"summary_large_image","twitter_misc":{"Estimated reading time":"2 minutes"},"schema":{"@context":"https:\/\/schema.org","@graph":[{"@type":"WebPage","@id":"https:\/\/padelzoco.es\/product\/pala-padel-adidas-adipower-light-3-3-2024\/","url":"https:\/\/padelzoco.es\/product\/pala-padel-adidas-adipower-light-3-3-2024\/","name":"Pala Padel Adidas Adipower Light 3.3 2024 - Padel Zoco","isPartOf":{"@id":"https:\/\/padelzoco.es\/#website"},"primaryImageOfPage":{"@id":"https:\/\/padelzoco.es\/product\/pala-padel-adidas-adipower-light-3-3-2024\/#primaryimage"},"image":{"@id":"https:\/\/padelzoco.es\/product\/pala-padel-adidas-adipower-light-3-3-2024\/#primaryimage"},"thumbnailUrl":"https:\/\/padelzoco.es\/wp-content\/uploads\/2023\/12\/Adidas-ADIPOWER-LIGHT-3.3-2024-Padel-Racket-Image-5.webp","datePublished":"2023-12-12T11:14:49+00:00","dateModified":"2026-02-02T08:26:52+00:00","description":"Una pala ligera de otro nivel. Libera tu brazo y alcanza la perfecci\u00f3n.","breadcrumb":{"@id":"https:\/\/padelzoco.es\/product\/pala-padel-adidas-adipower-light-3-3-2024\/#breadcrumb"},"inLanguage":"en-GB","potentialAction":[{"@type":"ReadAction","target":["https:\/\/padelzoco.es\/product\/pala-padel-adidas-adipower-light-3-3-2024\/"]}]},{"@type":"ImageObject","inLanguage":"en-GB","@id":"https:\/\/padelzoco.es\/product\/pala-padel-adidas-adipower-light-3-3-2024\/#primaryimage","url":"https:\/\/padelzoco.es\/wp-content\/uploads\/2023\/12\/Adidas-ADIPOWER-LIGHT-3.3-2024-Padel-Racket-Image-5.webp","contentUrl":"https:\/\/padelzoco.es\/wp-content\/uploads\/2023\/12\/Adidas-ADIPOWER-LIGHT-3.3-2024-Padel-Racket-Image-5.webp","width":1400,"height":1400},{"@type":"BreadcrumbList","@id":"https:\/\/padelzoco.es\/product\/pala-padel-adidas-adipower-light-3-3-2024\/#breadcrumb","itemListElement":[{"@type":"ListItem","position":1,"name":"Home","item":"https:\/\/padelzoco.es\/"},{"@type":"ListItem","position":2,"name":"Padel Zoco","item":"https:\/\/padelzoco.es\/padel-zoco\/"},{"@type":"ListItem","position":3,"name":"Pala Padel Adidas Adipower Light 3.3 2024"}]},{"@type":"WebSite","@id":"https:\/\/padelzoco.es\/#website","url":"https:\/\/padelzoco.es\/","name":"Padel Zoco","description":"Padel Zoco | Spain","publisher":{"@id":"https:\/\/padelzoco.es\/#organization"},"potentialAction":[{"@type":"SearchAction","target":{"@type":"EntryPoint","urlTemplate":"https:\/\/padelzoco.es\/?s={search_term_string}"},"query-input":{"@type":"PropertyValueSpecification","valueRequired":true,"valueName":"search_term_string"}}],"inLanguage":"en-GB"},{"@type":"Organization","@id":"https:\/\/padelzoco.es\/#organization","name":"Padel Zoco","url":"https:\/\/padelzoco.es\/","logo":{"@type":"ImageObject","inLanguage":"en-GB","@id":"https:\/\/padelzoco.es\/#\/schema\/logo\/image\/","url":"https:\/\/padelzoco.es\/wp-content\/uploads\/2023\/11\/PadelZoco_Logo_black_white.webp","contentUrl":"https:\/\/padelzoco.es\/wp-content\/uploads\/2023\/11\/PadelZoco_Logo_black_white.webp","width":1500,"height":631,"caption":"Padel Zoco"},"image":{"@id":"https:\/\/padelzoco.es\/#\/schema\/logo\/image\/"}}]}},"_links":{"self":[{"href":"https:\/\/padelzoco.es\/en\/wp-json\/wp\/v2\/product\/7460","targetHints":{"allow":["GET"]}}],"collection":[{"href":"https:\/\/padelzoco.es\/en\/wp-json\/wp\/v2\/product"}],"about":[{"href":"https:\/\/padelzoco.es\/en\/wp-json\/wp\/v2\/types\/product"}],"version-history":[{"count":1,"href":"https:\/\/padelzoco.es\/en\/wp-json\/wp\/v2\/product\/7460\/revisions"}],"predecessor-version":[{"id":27910,"href":"https:\/\/padelzoco.es\/en\/wp-json\/wp\/v2\/product\/7460\/revisions\/27910"}],"wp:featuredmedia":[{"embeddable":true,"href":"https:\/\/padelzoco.es\/en\/wp-json\/wp\/v2\/media\/7465"}],"wp:attachment":[{"href":"https:\/\/padelzoco.es\/en\/wp-json\/wp\/v2\/media?parent=7460"}],"wp:term":[{"taxonomy":"product_brand","embeddable":true,"href":"https:\/\/padelzoco.es\/en\/wp-json\/wp\/v2\/product_brand?post=7460"},{"taxonomy":"product_cat","embeddable":true,"href":"https:\/\/padelzoco.es\/en\/wp-json\/wp\/v2\/product_cat?post=7460"},{"taxonomy":"product_tag","embeddable":true,"href":"https:\/\/padelzoco.es\/en\/wp-json\/wp\/v2\/product_tag?post=7460"}],"curies":[{"name":"wp","href":"https:\/\/api.w.org\/{rel}","templated":true}]}}