{"id":7468,"date":"2023-12-12T12:26:26","date_gmt":"2023-12-12T11:26:26","guid":{"rendered":"https:\/\/adc06f55e9.nxcli.io\/?post_type=product&#038;p=7468"},"modified":"2026-04-30T18:48:07","modified_gmt":"2026-04-30T17:48:07","slug":"pala-padel-adidas-adipower-crtl-team-3-3-2024","status":"publish","type":"product","link":"https:\/\/padelzoco.es\/en\/product\/pala-padel-adidas-adipower-crtl-team-3-3-2024\/","title":{"rendered":"Pala Padel Adidas Adipower Crtl Team 3.3 2024"},"content":{"rendered":"<p>La 2024 Adidas ADIPOWER CTRL TEAM 3.3 es una pala para jugadores de nivel alto que marcan la diferencia a trav\u00e9s del dominio. Ofrece el mejor manejo posible gracias a la \u00f3ptima combinaci\u00f3n de materiales que forman la Fiber Glass y la goma EVA Soft Performance. Tacto y salida de bola a partes iguales. Adem\u00e1s, cuenta con tecnolog\u00edas para desplegar un poderoso juego de ataque. El Dual Exoskeleton y el Power Embossed Ridge refuerzan la estructura. La forma redonda permite un m\u00e1ximo control, un factor clave para todo tipo de golpe, sobre todo los que requieren de mayor tacto como son los efectos. Para ello, la rugosidad Spin Blade Decal y la repartici\u00f3n de los agujeros de la pala del Smart Holes Curve son las mejores aliadas.<\/p>\n<table>\n<tbody>\n<tr>\n<td width=\"301\">\n<ul>\n<li><strong>Nivel:<\/strong> Advance<\/li>\n<li><strong>Tipo de juego:<\/strong> Control<\/li>\n<li><strong>Forma:<\/strong> Round<\/li>\n<li><strong>Balance:<\/strong> Even (265 mm)<\/li>\n<li><strong>Peso:<\/strong> 360-375gr<\/li>\n<li><strong>Superficie:<\/strong> 460 cm2<\/li>\n<li><strong>Longitud:<\/strong> 455 mm<\/li>\n<li><strong>Grosor:<\/strong> 38 mm<\/li>\n<li><strong>Protector:<\/strong> 3M Protector Tape<\/li>\n<li><strong>Goma:<\/strong> Eva Soft Performance<\/li>\n<\/ul>\n<\/td>\n<td width=\"301\">\n<ul>\n<li><strong>Fibra:<\/strong> Fiber Glass<\/li>\n<li><strong>Poder:<\/strong> Dual Exoeskeleton<\/li>\n<li><strong>Refuerzo:<\/strong> Power Embossed Ridge<\/li>\n<li><strong>Durabilidad:<\/strong> Structural Reinforcement<\/li>\n<li><strong>Efectos:<\/strong> Spin Blade Mold<\/li>\n<li><strong>Efectos<\/strong> 2: Eleven 13<\/li>\n<li><strong>Punto dulce:<\/strong> Centro<\/li>\n<\/ul>\n<\/td>\n<\/tr>\n<\/tbody>\n<\/table>\n<p>Technologies: OCTAGONAL STRUCTURE &#8211; SPIN BLADE DECAL &#8211; POWER EMBOSSED RIDGE<\/p>","protected":false},"excerpt":{"rendered":"<p>La 2024 Adidas ADIPOWER CTRL TEAM 3.3 es una pala para jugadores de nivel alto que marcan la diferencia a trav\u00e9s del dominio. Ofrece el mejor manejo posible gracias a la \u00f3ptima combinaci\u00f3n de materiales que forman la Fiber Glass y la goma EVA Soft Performance. Tacto y salida de bola a partes iguales. Adem\u00e1s, cuenta con tecnolog\u00edas para desplegar un poderoso juego de ataque. El Dual Exoskeleton y el Power Embossed Ridge refuerzan la estructura. La forma redonda permite un m\u00e1ximo control, un factor clave para todo tipo de golpe, sobre todo los que requieren de mayor tacto como son los efectos. Para ello, la rugosidad Spin Blade Decal y la repartici\u00f3n de los agujeros de la pala del Smart Holes Curve son las mejores aliadas.<\/p>\n<table>\n<tbody>\n<tr>\n<td width=\"301\">\n<ul>\n<li><strong>Nivel:<\/strong> Advance<\/li>\n<li><strong>Tipo de juego:<\/strong> Control<\/li>\n<li><strong>Forma:<\/strong> Round<\/li>\n<li><strong>Balance:<\/strong> Even (265 mm)<\/li>\n<li><strong>Peso:<\/strong> 360-375gr<\/li>\n<li><strong>Superficie:<\/strong> 460 cm2<\/li>\n<li><strong>Longitud:<\/strong> 455 mm<\/li>\n<li><strong>Grosor:<\/strong> 38 mm<\/li>\n<li><strong>Protector:<\/strong> 3M Protector Tape<\/li>\n<li><strong>Goma:<\/strong> Eva Soft Performance<\/li>\n<\/ul>\n<\/td>\n<td width=\"301\">\n<ul>\n<li><strong>Fibra:<\/strong> Fiber Glass<\/li>\n<li><strong>Poder:<\/strong> Dual Exoeskeleton<\/li>\n<li><strong>Refuerzo:<\/strong> Power Embossed Ridge<\/li>\n<li><strong>Durabilidad:<\/strong> Structural Reinforcement<\/li>\n<li><strong>Efectos:<\/strong> Spin Blade Mold<\/li>\n<li><strong>Efectos<\/strong> 2: Eleven 13<\/li>\n<li><strong>Punto dulce:<\/strong> Centro<\/li>\n<\/ul>\n<\/td>\n<\/tr>\n<\/tbody>\n<\/table>\n<p><strong>Techology:<\/strong> OCTAGONAL STRUCTURE &#8211; SPIN BLADE DECAL &#8211; POWER EMBOSSED RIDGE<\/p>","protected":false},"featured_media":7470,"template":"","meta":[],"product_brand":[],"product_cat":[700,711,582,589,581,572,757,754,586],"product_tag":[],"class_list":{"0":"post-7468","1":"product","2":"type-product","3":"status-publish","4":"has-post-thumbnail","6":"product_cat-adidas-padel","7":"product_cat-adidas-palas","8":"product_cat-avanzado-palas","9":"product_cat-hombre-palas","10":"product_cat-intermedio-palas","11":"product_cat-palas","12":"product_cat-palas-ofertas","13":"product_cat-rebajas","14":"product_cat-redonda-palas","15":"pa_brand-adidas","16":"pa_gender-hombre","17":"pa_hs_code-134","19":"first","20":"outofstock","21":"sale","22":"taxable","23":"shipping-taxable","24":"purchasable","25":"product-type-simple"},"yoast_head":"<!-- This site is optimized with the Yoast SEO plugin v27.6 - https:\/\/yoast.com\/product\/yoast-seo-wordpress\/ -->\n<title>Pala Padel Adidas Adipower Crtl Team 3.3 2024 - Padel Zoco<\/title>\n<meta name=\"description\" content=\"Una pala para el manejo, para sentir la bola en cada golpe. Cuenta con las prestaciones para brillar en todas las situaciones.\" \/>\n<meta name=\"robots\" content=\"index, follow, max-snippet:-1, max-image-preview:large, max-video-preview:-1\" \/>\n<link rel=\"canonical\" href=\"https:\/\/padelzoco.es\/en\/product\/pala-padel-adidas-adipower-crtl-team-3-3-2024\/\" \/>\n<meta property=\"og:locale\" content=\"en_GB\" \/>\n<meta property=\"og:type\" content=\"article\" \/>\n<meta property=\"og:title\" content=\"Pala Padel Adidas Adipower Crtl Team 3.3 2024 - Padel Zoco\" \/>\n<meta property=\"og:description\" content=\"Una pala para el manejo, para sentir la bola en cada golpe. Cuenta con las prestaciones para brillar en todas las situaciones.\" \/>\n<meta property=\"og:url\" content=\"https:\/\/padelzoco.es\/en\/product\/pala-padel-adidas-adipower-crtl-team-3-3-2024\/\" \/>\n<meta property=\"og:site_name\" content=\"Padel Zoco\" \/>\n<meta property=\"article:modified_time\" content=\"2026-04-30T17:48:07+00:00\" \/>\n<meta property=\"og:image\" content=\"https:\/\/padelzoco.es\/wp-content\/uploads\/2023\/12\/2024-Adidas-ADIPOWER-CTRL-TEAM-3.3-Padel-Racket-Image-2.webp\" \/>\n\t<meta property=\"og:image:width\" content=\"1400\" \/>\n\t<meta property=\"og:image:height\" content=\"1400\" \/>\n\t<meta property=\"og:image:type\" content=\"image\/webp\" \/>\n<meta name=\"twitter:card\" content=\"summary_large_image\" \/>\n<meta name=\"twitter:label1\" content=\"Estimated reading time\" \/>\n\t<meta name=\"twitter:data1\" content=\"2 minutes\" \/>\n<script type=\"application\/ld+json\" class=\"yoast-schema-graph\">{\"@context\":\"https:\\\/\\\/schema.org\",\"@graph\":[{\"@type\":\"WebPage\",\"@id\":\"https:\\\/\\\/padelzoco.es\\\/product\\\/pala-padel-adidas-adipower-crtl-team-3-3-2024\\\/\",\"url\":\"https:\\\/\\\/padelzoco.es\\\/product\\\/pala-padel-adidas-adipower-crtl-team-3-3-2024\\\/\",\"name\":\"Pala Padel Adidas Adipower Crtl Team 3.3 2024 - Padel Zoco\",\"isPartOf\":{\"@id\":\"https:\\\/\\\/padelzoco.es\\\/#website\"},\"primaryImageOfPage\":{\"@id\":\"https:\\\/\\\/padelzoco.es\\\/product\\\/pala-padel-adidas-adipower-crtl-team-3-3-2024\\\/#primaryimage\"},\"image\":{\"@id\":\"https:\\\/\\\/padelzoco.es\\\/product\\\/pala-padel-adidas-adipower-crtl-team-3-3-2024\\\/#primaryimage\"},\"thumbnailUrl\":\"https:\\\/\\\/padelzoco.es\\\/wp-content\\\/uploads\\\/2023\\\/12\\\/2024-Adidas-ADIPOWER-CTRL-TEAM-3.3-Padel-Racket-Image-2.webp\",\"datePublished\":\"2023-12-12T11:26:26+00:00\",\"dateModified\":\"2026-04-30T17:48:07+00:00\",\"description\":\"Una pala para el manejo, para sentir la bola en cada golpe. Cuenta con las prestaciones para brillar en todas las situaciones.\",\"breadcrumb\":{\"@id\":\"https:\\\/\\\/padelzoco.es\\\/product\\\/pala-padel-adidas-adipower-crtl-team-3-3-2024\\\/#breadcrumb\"},\"inLanguage\":\"en-GB\",\"potentialAction\":[{\"@type\":\"ReadAction\",\"target\":[\"https:\\\/\\\/padelzoco.es\\\/product\\\/pala-padel-adidas-adipower-crtl-team-3-3-2024\\\/\"]}]},{\"@type\":\"ImageObject\",\"inLanguage\":\"en-GB\",\"@id\":\"https:\\\/\\\/padelzoco.es\\\/product\\\/pala-padel-adidas-adipower-crtl-team-3-3-2024\\\/#primaryimage\",\"url\":\"https:\\\/\\\/padelzoco.es\\\/wp-content\\\/uploads\\\/2023\\\/12\\\/2024-Adidas-ADIPOWER-CTRL-TEAM-3.3-Padel-Racket-Image-2.webp\",\"contentUrl\":\"https:\\\/\\\/padelzoco.es\\\/wp-content\\\/uploads\\\/2023\\\/12\\\/2024-Adidas-ADIPOWER-CTRL-TEAM-3.3-Padel-Racket-Image-2.webp\",\"width\":1400,\"height\":1400},{\"@type\":\"BreadcrumbList\",\"@id\":\"https:\\\/\\\/padelzoco.es\\\/product\\\/pala-padel-adidas-adipower-crtl-team-3-3-2024\\\/#breadcrumb\",\"itemListElement\":[{\"@type\":\"ListItem\",\"position\":1,\"name\":\"Home\",\"item\":\"https:\\\/\\\/padelzoco.es\\\/\"},{\"@type\":\"ListItem\",\"position\":2,\"name\":\"Padel Zoco\",\"item\":\"https:\\\/\\\/padelzoco.es\\\/padel-zoco\\\/\"},{\"@type\":\"ListItem\",\"position\":3,\"name\":\"Pala Padel Adidas Adipower Crtl Team 3.3 2024\"}]},{\"@type\":\"WebSite\",\"@id\":\"https:\\\/\\\/padelzoco.es\\\/#website\",\"url\":\"https:\\\/\\\/padelzoco.es\\\/\",\"name\":\"Padel Zoco\",\"description\":\"Padel Zoco | Spain\",\"publisher\":{\"@id\":\"https:\\\/\\\/padelzoco.es\\\/#organization\"},\"potentialAction\":[{\"@type\":\"SearchAction\",\"target\":{\"@type\":\"EntryPoint\",\"urlTemplate\":\"https:\\\/\\\/padelzoco.es\\\/?s={search_term_string}\"},\"query-input\":{\"@type\":\"PropertyValueSpecification\",\"valueRequired\":true,\"valueName\":\"search_term_string\"}}],\"inLanguage\":\"en-GB\"},{\"@type\":\"Organization\",\"@id\":\"https:\\\/\\\/padelzoco.es\\\/#organization\",\"name\":\"Padel Zoco\",\"url\":\"https:\\\/\\\/padelzoco.es\\\/\",\"logo\":{\"@type\":\"ImageObject\",\"inLanguage\":\"en-GB\",\"@id\":\"https:\\\/\\\/padelzoco.es\\\/#\\\/schema\\\/logo\\\/image\\\/\",\"url\":\"https:\\\/\\\/padelzoco.es\\\/wp-content\\\/uploads\\\/2023\\\/11\\\/PadelZoco_Logo_black_white.webp\",\"contentUrl\":\"https:\\\/\\\/padelzoco.es\\\/wp-content\\\/uploads\\\/2023\\\/11\\\/PadelZoco_Logo_black_white.webp\",\"width\":1500,\"height\":631,\"caption\":\"Padel Zoco\"},\"image\":{\"@id\":\"https:\\\/\\\/padelzoco.es\\\/#\\\/schema\\\/logo\\\/image\\\/\"}}]}<\/script>\n<!-- \/ Yoast SEO plugin. -->","yoast_head_json":{"title":"Pala Padel Adidas Adipower Crtl Team 3.3 2024 - Padel Zoco","description":"Una pala para el manejo, para sentir la bola en cada golpe. Cuenta con las prestaciones para brillar en todas las situaciones.","robots":{"index":"index","follow":"follow","max-snippet":"max-snippet:-1","max-image-preview":"max-image-preview:large","max-video-preview":"max-video-preview:-1"},"canonical":"https:\/\/padelzoco.es\/en\/product\/pala-padel-adidas-adipower-crtl-team-3-3-2024\/","og_locale":"en_GB","og_type":"article","og_title":"Pala Padel Adidas Adipower Crtl Team 3.3 2024 - Padel Zoco","og_description":"Una pala para el manejo, para sentir la bola en cada golpe. Cuenta con las prestaciones para brillar en todas las situaciones.","og_url":"https:\/\/padelzoco.es\/en\/product\/pala-padel-adidas-adipower-crtl-team-3-3-2024\/","og_site_name":"Padel Zoco","article_modified_time":"2026-04-30T17:48:07+00:00","og_image":[{"width":1400,"height":1400,"url":"https:\/\/padelzoco.es\/wp-content\/uploads\/2023\/12\/2024-Adidas-ADIPOWER-CTRL-TEAM-3.3-Padel-Racket-Image-2.webp","type":"image\/webp"}],"twitter_card":"summary_large_image","twitter_misc":{"Estimated reading time":"2 minutes"},"schema":{"@context":"https:\/\/schema.org","@graph":[{"@type":"WebPage","@id":"https:\/\/padelzoco.es\/product\/pala-padel-adidas-adipower-crtl-team-3-3-2024\/","url":"https:\/\/padelzoco.es\/product\/pala-padel-adidas-adipower-crtl-team-3-3-2024\/","name":"Pala Padel Adidas Adipower Crtl Team 3.3 2024 - Padel Zoco","isPartOf":{"@id":"https:\/\/padelzoco.es\/#website"},"primaryImageOfPage":{"@id":"https:\/\/padelzoco.es\/product\/pala-padel-adidas-adipower-crtl-team-3-3-2024\/#primaryimage"},"image":{"@id":"https:\/\/padelzoco.es\/product\/pala-padel-adidas-adipower-crtl-team-3-3-2024\/#primaryimage"},"thumbnailUrl":"https:\/\/padelzoco.es\/wp-content\/uploads\/2023\/12\/2024-Adidas-ADIPOWER-CTRL-TEAM-3.3-Padel-Racket-Image-2.webp","datePublished":"2023-12-12T11:26:26+00:00","dateModified":"2026-04-30T17:48:07+00:00","description":"Una pala para el manejo, para sentir la bola en cada golpe. Cuenta con las prestaciones para brillar en todas las situaciones.","breadcrumb":{"@id":"https:\/\/padelzoco.es\/product\/pala-padel-adidas-adipower-crtl-team-3-3-2024\/#breadcrumb"},"inLanguage":"en-GB","potentialAction":[{"@type":"ReadAction","target":["https:\/\/padelzoco.es\/product\/pala-padel-adidas-adipower-crtl-team-3-3-2024\/"]}]},{"@type":"ImageObject","inLanguage":"en-GB","@id":"https:\/\/padelzoco.es\/product\/pala-padel-adidas-adipower-crtl-team-3-3-2024\/#primaryimage","url":"https:\/\/padelzoco.es\/wp-content\/uploads\/2023\/12\/2024-Adidas-ADIPOWER-CTRL-TEAM-3.3-Padel-Racket-Image-2.webp","contentUrl":"https:\/\/padelzoco.es\/wp-content\/uploads\/2023\/12\/2024-Adidas-ADIPOWER-CTRL-TEAM-3.3-Padel-Racket-Image-2.webp","width":1400,"height":1400},{"@type":"BreadcrumbList","@id":"https:\/\/padelzoco.es\/product\/pala-padel-adidas-adipower-crtl-team-3-3-2024\/#breadcrumb","itemListElement":[{"@type":"ListItem","position":1,"name":"Home","item":"https:\/\/padelzoco.es\/"},{"@type":"ListItem","position":2,"name":"Padel Zoco","item":"https:\/\/padelzoco.es\/padel-zoco\/"},{"@type":"ListItem","position":3,"name":"Pala Padel Adidas Adipower Crtl Team 3.3 2024"}]},{"@type":"WebSite","@id":"https:\/\/padelzoco.es\/#website","url":"https:\/\/padelzoco.es\/","name":"Padel Zoco","description":"Padel Zoco | Spain","publisher":{"@id":"https:\/\/padelzoco.es\/#organization"},"potentialAction":[{"@type":"SearchAction","target":{"@type":"EntryPoint","urlTemplate":"https:\/\/padelzoco.es\/?s={search_term_string}"},"query-input":{"@type":"PropertyValueSpecification","valueRequired":true,"valueName":"search_term_string"}}],"inLanguage":"en-GB"},{"@type":"Organization","@id":"https:\/\/padelzoco.es\/#organization","name":"Padel Zoco","url":"https:\/\/padelzoco.es\/","logo":{"@type":"ImageObject","inLanguage":"en-GB","@id":"https:\/\/padelzoco.es\/#\/schema\/logo\/image\/","url":"https:\/\/padelzoco.es\/wp-content\/uploads\/2023\/11\/PadelZoco_Logo_black_white.webp","contentUrl":"https:\/\/padelzoco.es\/wp-content\/uploads\/2023\/11\/PadelZoco_Logo_black_white.webp","width":1500,"height":631,"caption":"Padel Zoco"},"image":{"@id":"https:\/\/padelzoco.es\/#\/schema\/logo\/image\/"}}]}},"_links":{"self":[{"href":"https:\/\/padelzoco.es\/en\/wp-json\/wp\/v2\/product\/7468","targetHints":{"allow":["GET"]}}],"collection":[{"href":"https:\/\/padelzoco.es\/en\/wp-json\/wp\/v2\/product"}],"about":[{"href":"https:\/\/padelzoco.es\/en\/wp-json\/wp\/v2\/types\/product"}],"version-history":[{"count":1,"href":"https:\/\/padelzoco.es\/en\/wp-json\/wp\/v2\/product\/7468\/revisions"}],"predecessor-version":[{"id":27909,"href":"https:\/\/padelzoco.es\/en\/wp-json\/wp\/v2\/product\/7468\/revisions\/27909"}],"wp:featuredmedia":[{"embeddable":true,"href":"https:\/\/padelzoco.es\/en\/wp-json\/wp\/v2\/media\/7470"}],"wp:attachment":[{"href":"https:\/\/padelzoco.es\/en\/wp-json\/wp\/v2\/media?parent=7468"}],"wp:term":[{"taxonomy":"product_brand","embeddable":true,"href":"https:\/\/padelzoco.es\/en\/wp-json\/wp\/v2\/product_brand?post=7468"},{"taxonomy":"product_cat","embeddable":true,"href":"https:\/\/padelzoco.es\/en\/wp-json\/wp\/v2\/product_cat?post=7468"},{"taxonomy":"product_tag","embeddable":true,"href":"https:\/\/padelzoco.es\/en\/wp-json\/wp\/v2\/product_tag?post=7468"}],"curies":[{"name":"wp","href":"https:\/\/api.w.org\/{rel}","templated":true}]}}