{"id":7540,"date":"2023-12-12T14:36:41","date_gmt":"2023-12-12T13:36:41","guid":{"rendered":"https:\/\/adc06f55e9.nxcli.io\/?post_type=product&#038;p=7540"},"modified":"2026-04-30T18:48:06","modified_gmt":"2026-04-30T17:48:06","slug":"2024-adidas-match-3-3-black-lime-padel-racket","status":"publish","type":"product","link":"https:\/\/padelzoco.es\/en\/product\/2024-adidas-match-3-3-black-lime-padel-racket\/","title":{"rendered":"Pala Padel Adidas Match 3.3 Black\/lime 2024"},"content":{"rendered":"<p>La 2024 ADIDAS MATCH Padel Racket 3.3 BLACK\/LIME es una pala que est\u00e1 fabricada para ofrecer el mejor manejo y unas grandes capacidades en cuanto a potencia se refiere. Va dirigida a jugadores que quieren mejorar en todos los aspectos del juego, principalmente el juego de ataque. Su forma All Round hace que el peso se desplace a la parte superior de la pala, con lo que es m\u00e1s f\u00e1cil imprimir potencia a los golpes. La tecnolog\u00eda Structural Reinforcement incrementa la rigidez, tambi\u00e9n clave en la fase ofensiva. Los materiales de la pala son la goma EVA Soft Performance y la Fiber Glass, dos componentes que garantizan manejo y comodidad. Adem\u00e1s, el Smart Holes Lineal organiza los agujeros para una mayor durabilidad de la pala.<\/p>\n<table>\n<tbody>\n<tr>\n<td width=\"301\">\n<ul>\n<li><strong>Nivel:<\/strong> Discovery<\/li>\n<li><strong>Tipo de juego:<\/strong> Control<\/li>\n<li><strong>Forma:<\/strong> All Round<\/li>\n<li><strong>Balance:<\/strong> Slightly Head Heavy (275 mm)<\/li>\n<li><strong>Peso:<\/strong> 360-375gr<\/li>\n<li><strong>Superficie:<\/strong> 520 cm2<\/li>\n<li><strong>Longitud:<\/strong> 455 mm<\/li>\n<\/ul>\n<\/td>\n<td width=\"301\">\n<ul>\n<li><strong>Grosor:<\/strong> 38 mm<\/li>\n<li><strong>Goma:<\/strong> Eva Soft Performance<\/li>\n<li><strong>Fibra:<\/strong> Fiber Glass<\/li>\n<li><strong>Durabilidad:<\/strong> Structural Reinforcement<\/li>\n<li><strong>Efectos<\/strong> 2: Smart Holes Lineal<strong> Punto dulce:<\/strong> Middle<\/li>\n<\/ul>\n<\/td>\n<\/tr>\n<\/tbody>\n<\/table>\n<p>Technologies: STRUCTURAL REINFORCEMENT &#8211; SMART HOLES LINEAL<\/p>","protected":false},"excerpt":{"rendered":"<p>La ADIDAS MATCH 3.3 BLACK LIME est\u00e1 dise\u00f1ada para ofrecer todo lo necesario para mejorar todos tus golpes, sobre todo los m\u00e1s potentes. Esta pala est\u00e1 hecha para que el jugador mejore en todos los aspectos del juego. La forma All Round de la cabeza desplaza el peso a la parte superior, con lo que los golpes potentes fluyen mucho mejor. Por si fuera poco, la tecnolog\u00eda Structural Reinforcement incrementa la rigidez, tambi\u00e9n clave en el juego de ataque. Los materiales de la pala, la goma EVA Soft Performance y la Fiber Glass, son dos componentes que, combinados, ofrecen manejo y comodidad a partes iguales. El Smart Holes Lineal distribuye los orificios para una mayor durabilidad de la pala.<\/p>\n<table>\n<tbody>\n<tr>\n<td width=\"301\">\n<ul>\n<li><strong>Nivel:<\/strong> Discovery<\/li>\n<li><strong>Tipo de juego:<\/strong> Control<\/li>\n<li><strong>Forma:<\/strong> All Round<\/li>\n<li><strong>Balance:<\/strong> Slightly Head Heavy (275 mm)<\/li>\n<li><strong>Peso:<\/strong> 360-375gr<\/li>\n<li><strong>Superficie:<\/strong> 520 cm2<\/li>\n<li><strong>Longitud:<\/strong> 455 mm<\/li>\n<\/ul>\n<\/td>\n<td width=\"301\">\n<ul>\n<li><strong>Grosor:<\/strong> 38 mm<\/li>\n<li><strong>Goma:<\/strong> Eva Soft Performance<\/li>\n<li><strong>Fibra:<\/strong> Fiber Glass<\/li>\n<li><strong>Durabilidad:<\/strong> Structural Reinforcement<\/li>\n<li><strong>Efectos<\/strong> 2: Smart Holes Lineal<strong> Punto dulce:<\/strong> Middle<\/li>\n<\/ul>\n<\/td>\n<\/tr>\n<\/tbody>\n<\/table>\n<p><strong>Techology:<\/strong> STRUCTURAL REINFORCEMENT &#8211; SMART HOLES LINEAL<\/p>","protected":false},"featured_media":7541,"template":"","meta":[],"product_brand":[],"product_cat":[700,711,584,587,589,581,572,757,580,754],"product_tag":[],"class_list":{"0":"post-7540","1":"product","2":"type-product","3":"status-publish","4":"has-post-thumbnail","6":"product_cat-adidas-padel","7":"product_cat-adidas-palas","8":"product_cat-diamante-palas","9":"product_cat-hibrida-palas","10":"product_cat-hombre-palas","11":"product_cat-intermedio-palas","12":"product_cat-palas","13":"product_cat-palas-ofertas","14":"product_cat-principiante-palas","15":"product_cat-rebajas","16":"pa_brand-adidas","17":"pa_gender-hombre","18":"pa_hs_code-134","20":"first","21":"outofstock","22":"taxable","23":"shipping-taxable","24":"purchasable","25":"product-type-simple"},"yoast_head":"<!-- This site is optimized with the Yoast SEO plugin v27.6 - https:\/\/yoast.com\/product\/yoast-seo-wordpress\/ -->\n<title>Pala Padel Adidas Match 3.3 Black\/lime 2024 - Padel Zoco<\/title>\n<meta name=\"description\" content=\"Domina el control y la potencia desde el comienzo con esta pala hecha para el equilibrio entre ambos estilos.\" \/>\n<meta name=\"robots\" content=\"index, follow, max-snippet:-1, max-image-preview:large, max-video-preview:-1\" \/>\n<link rel=\"canonical\" href=\"https:\/\/padelzoco.es\/en\/product\/2024-adidas-match-3-3-black-lime-padel-racket\/\" \/>\n<meta property=\"og:locale\" content=\"en_GB\" \/>\n<meta property=\"og:type\" content=\"article\" \/>\n<meta property=\"og:title\" content=\"Pala Padel Adidas Match 3.3 Black\/lime 2024 - Padel Zoco\" \/>\n<meta property=\"og:description\" content=\"Domina el control y la potencia desde el comienzo con esta pala hecha para el equilibrio entre ambos estilos.\" \/>\n<meta property=\"og:url\" content=\"https:\/\/padelzoco.es\/en\/product\/2024-adidas-match-3-3-black-lime-padel-racket\/\" \/>\n<meta property=\"og:site_name\" content=\"Padel Zoco\" \/>\n<meta property=\"article:modified_time\" content=\"2026-04-30T17:48:06+00:00\" \/>\n<meta property=\"og:image\" content=\"https:\/\/padelzoco.es\/wp-content\/uploads\/2023\/12\/2024-ADIDAS-MATCH-3.3-BLACKLIME-Padel-Racket-Image-1.webp\" \/>\n\t<meta property=\"og:image:width\" content=\"1400\" \/>\n\t<meta property=\"og:image:height\" content=\"1400\" \/>\n\t<meta property=\"og:image:type\" content=\"image\/webp\" \/>\n<meta name=\"twitter:card\" content=\"summary_large_image\" \/>\n<meta name=\"twitter:label1\" content=\"Estimated reading time\" \/>\n\t<meta name=\"twitter:data1\" content=\"1 minute\" \/>\n<script type=\"application\/ld+json\" class=\"yoast-schema-graph\">{\"@context\":\"https:\\\/\\\/schema.org\",\"@graph\":[{\"@type\":\"WebPage\",\"@id\":\"https:\\\/\\\/padelzoco.es\\\/product\\\/2024-adidas-match-3-3-black-lime-padel-racket\\\/\",\"url\":\"https:\\\/\\\/padelzoco.es\\\/product\\\/2024-adidas-match-3-3-black-lime-padel-racket\\\/\",\"name\":\"Pala Padel Adidas Match 3.3 Black\\\/lime 2024 - Padel Zoco\",\"isPartOf\":{\"@id\":\"https:\\\/\\\/padelzoco.es\\\/#website\"},\"primaryImageOfPage\":{\"@id\":\"https:\\\/\\\/padelzoco.es\\\/product\\\/2024-adidas-match-3-3-black-lime-padel-racket\\\/#primaryimage\"},\"image\":{\"@id\":\"https:\\\/\\\/padelzoco.es\\\/product\\\/2024-adidas-match-3-3-black-lime-padel-racket\\\/#primaryimage\"},\"thumbnailUrl\":\"https:\\\/\\\/padelzoco.es\\\/wp-content\\\/uploads\\\/2023\\\/12\\\/2024-ADIDAS-MATCH-3.3-BLACKLIME-Padel-Racket-Image-1.webp\",\"datePublished\":\"2023-12-12T13:36:41+00:00\",\"dateModified\":\"2026-04-30T17:48:06+00:00\",\"description\":\"Domina el control y la potencia desde el comienzo con esta pala hecha para el equilibrio entre ambos estilos.\",\"breadcrumb\":{\"@id\":\"https:\\\/\\\/padelzoco.es\\\/product\\\/2024-adidas-match-3-3-black-lime-padel-racket\\\/#breadcrumb\"},\"inLanguage\":\"en-GB\",\"potentialAction\":[{\"@type\":\"ReadAction\",\"target\":[\"https:\\\/\\\/padelzoco.es\\\/product\\\/2024-adidas-match-3-3-black-lime-padel-racket\\\/\"]}]},{\"@type\":\"ImageObject\",\"inLanguage\":\"en-GB\",\"@id\":\"https:\\\/\\\/padelzoco.es\\\/product\\\/2024-adidas-match-3-3-black-lime-padel-racket\\\/#primaryimage\",\"url\":\"https:\\\/\\\/padelzoco.es\\\/wp-content\\\/uploads\\\/2023\\\/12\\\/2024-ADIDAS-MATCH-3.3-BLACKLIME-Padel-Racket-Image-1.webp\",\"contentUrl\":\"https:\\\/\\\/padelzoco.es\\\/wp-content\\\/uploads\\\/2023\\\/12\\\/2024-ADIDAS-MATCH-3.3-BLACKLIME-Padel-Racket-Image-1.webp\",\"width\":1400,\"height\":1400},{\"@type\":\"BreadcrumbList\",\"@id\":\"https:\\\/\\\/padelzoco.es\\\/product\\\/2024-adidas-match-3-3-black-lime-padel-racket\\\/#breadcrumb\",\"itemListElement\":[{\"@type\":\"ListItem\",\"position\":1,\"name\":\"Home\",\"item\":\"https:\\\/\\\/padelzoco.es\\\/\"},{\"@type\":\"ListItem\",\"position\":2,\"name\":\"Padel Zoco\",\"item\":\"https:\\\/\\\/padelzoco.es\\\/padel-zoco\\\/\"},{\"@type\":\"ListItem\",\"position\":3,\"name\":\"Pala Padel Adidas Match 3.3 Black\\\/lime 2024\"}]},{\"@type\":\"WebSite\",\"@id\":\"https:\\\/\\\/padelzoco.es\\\/#website\",\"url\":\"https:\\\/\\\/padelzoco.es\\\/\",\"name\":\"Padel Zoco\",\"description\":\"Padel Zoco | Spain\",\"publisher\":{\"@id\":\"https:\\\/\\\/padelzoco.es\\\/#organization\"},\"potentialAction\":[{\"@type\":\"SearchAction\",\"target\":{\"@type\":\"EntryPoint\",\"urlTemplate\":\"https:\\\/\\\/padelzoco.es\\\/?s={search_term_string}\"},\"query-input\":{\"@type\":\"PropertyValueSpecification\",\"valueRequired\":true,\"valueName\":\"search_term_string\"}}],\"inLanguage\":\"en-GB\"},{\"@type\":\"Organization\",\"@id\":\"https:\\\/\\\/padelzoco.es\\\/#organization\",\"name\":\"Padel Zoco\",\"url\":\"https:\\\/\\\/padelzoco.es\\\/\",\"logo\":{\"@type\":\"ImageObject\",\"inLanguage\":\"en-GB\",\"@id\":\"https:\\\/\\\/padelzoco.es\\\/#\\\/schema\\\/logo\\\/image\\\/\",\"url\":\"https:\\\/\\\/padelzoco.es\\\/wp-content\\\/uploads\\\/2023\\\/11\\\/PadelZoco_Logo_black_white.webp\",\"contentUrl\":\"https:\\\/\\\/padelzoco.es\\\/wp-content\\\/uploads\\\/2023\\\/11\\\/PadelZoco_Logo_black_white.webp\",\"width\":1500,\"height\":631,\"caption\":\"Padel Zoco\"},\"image\":{\"@id\":\"https:\\\/\\\/padelzoco.es\\\/#\\\/schema\\\/logo\\\/image\\\/\"}}]}<\/script>\n<!-- \/ Yoast SEO plugin. -->","yoast_head_json":{"title":"Pala Padel Adidas Match 3.3 Black\/lime 2024 - Padel Zoco","description":"Domina el control y la potencia desde el comienzo con esta pala hecha para el equilibrio entre ambos estilos.","robots":{"index":"index","follow":"follow","max-snippet":"max-snippet:-1","max-image-preview":"max-image-preview:large","max-video-preview":"max-video-preview:-1"},"canonical":"https:\/\/padelzoco.es\/en\/product\/2024-adidas-match-3-3-black-lime-padel-racket\/","og_locale":"en_GB","og_type":"article","og_title":"Pala Padel Adidas Match 3.3 Black\/lime 2024 - Padel Zoco","og_description":"Domina el control y la potencia desde el comienzo con esta pala hecha para el equilibrio entre ambos estilos.","og_url":"https:\/\/padelzoco.es\/en\/product\/2024-adidas-match-3-3-black-lime-padel-racket\/","og_site_name":"Padel Zoco","article_modified_time":"2026-04-30T17:48:06+00:00","og_image":[{"width":1400,"height":1400,"url":"https:\/\/padelzoco.es\/wp-content\/uploads\/2023\/12\/2024-ADIDAS-MATCH-3.3-BLACKLIME-Padel-Racket-Image-1.webp","type":"image\/webp"}],"twitter_card":"summary_large_image","twitter_misc":{"Estimated reading time":"1 minute"},"schema":{"@context":"https:\/\/schema.org","@graph":[{"@type":"WebPage","@id":"https:\/\/padelzoco.es\/product\/2024-adidas-match-3-3-black-lime-padel-racket\/","url":"https:\/\/padelzoco.es\/product\/2024-adidas-match-3-3-black-lime-padel-racket\/","name":"Pala Padel Adidas Match 3.3 Black\/lime 2024 - Padel Zoco","isPartOf":{"@id":"https:\/\/padelzoco.es\/#website"},"primaryImageOfPage":{"@id":"https:\/\/padelzoco.es\/product\/2024-adidas-match-3-3-black-lime-padel-racket\/#primaryimage"},"image":{"@id":"https:\/\/padelzoco.es\/product\/2024-adidas-match-3-3-black-lime-padel-racket\/#primaryimage"},"thumbnailUrl":"https:\/\/padelzoco.es\/wp-content\/uploads\/2023\/12\/2024-ADIDAS-MATCH-3.3-BLACKLIME-Padel-Racket-Image-1.webp","datePublished":"2023-12-12T13:36:41+00:00","dateModified":"2026-04-30T17:48:06+00:00","description":"Domina el control y la potencia desde el comienzo con esta pala hecha para el equilibrio entre ambos estilos.","breadcrumb":{"@id":"https:\/\/padelzoco.es\/product\/2024-adidas-match-3-3-black-lime-padel-racket\/#breadcrumb"},"inLanguage":"en-GB","potentialAction":[{"@type":"ReadAction","target":["https:\/\/padelzoco.es\/product\/2024-adidas-match-3-3-black-lime-padel-racket\/"]}]},{"@type":"ImageObject","inLanguage":"en-GB","@id":"https:\/\/padelzoco.es\/product\/2024-adidas-match-3-3-black-lime-padel-racket\/#primaryimage","url":"https:\/\/padelzoco.es\/wp-content\/uploads\/2023\/12\/2024-ADIDAS-MATCH-3.3-BLACKLIME-Padel-Racket-Image-1.webp","contentUrl":"https:\/\/padelzoco.es\/wp-content\/uploads\/2023\/12\/2024-ADIDAS-MATCH-3.3-BLACKLIME-Padel-Racket-Image-1.webp","width":1400,"height":1400},{"@type":"BreadcrumbList","@id":"https:\/\/padelzoco.es\/product\/2024-adidas-match-3-3-black-lime-padel-racket\/#breadcrumb","itemListElement":[{"@type":"ListItem","position":1,"name":"Home","item":"https:\/\/padelzoco.es\/"},{"@type":"ListItem","position":2,"name":"Padel Zoco","item":"https:\/\/padelzoco.es\/padel-zoco\/"},{"@type":"ListItem","position":3,"name":"Pala Padel Adidas Match 3.3 Black\/lime 2024"}]},{"@type":"WebSite","@id":"https:\/\/padelzoco.es\/#website","url":"https:\/\/padelzoco.es\/","name":"Padel Zoco","description":"Padel Zoco | Spain","publisher":{"@id":"https:\/\/padelzoco.es\/#organization"},"potentialAction":[{"@type":"SearchAction","target":{"@type":"EntryPoint","urlTemplate":"https:\/\/padelzoco.es\/?s={search_term_string}"},"query-input":{"@type":"PropertyValueSpecification","valueRequired":true,"valueName":"search_term_string"}}],"inLanguage":"en-GB"},{"@type":"Organization","@id":"https:\/\/padelzoco.es\/#organization","name":"Padel Zoco","url":"https:\/\/padelzoco.es\/","logo":{"@type":"ImageObject","inLanguage":"en-GB","@id":"https:\/\/padelzoco.es\/#\/schema\/logo\/image\/","url":"https:\/\/padelzoco.es\/wp-content\/uploads\/2023\/11\/PadelZoco_Logo_black_white.webp","contentUrl":"https:\/\/padelzoco.es\/wp-content\/uploads\/2023\/11\/PadelZoco_Logo_black_white.webp","width":1500,"height":631,"caption":"Padel Zoco"},"image":{"@id":"https:\/\/padelzoco.es\/#\/schema\/logo\/image\/"}}]}},"_links":{"self":[{"href":"https:\/\/padelzoco.es\/en\/wp-json\/wp\/v2\/product\/7540","targetHints":{"allow":["GET"]}}],"collection":[{"href":"https:\/\/padelzoco.es\/en\/wp-json\/wp\/v2\/product"}],"about":[{"href":"https:\/\/padelzoco.es\/en\/wp-json\/wp\/v2\/types\/product"}],"version-history":[{"count":1,"href":"https:\/\/padelzoco.es\/en\/wp-json\/wp\/v2\/product\/7540\/revisions"}],"predecessor-version":[{"id":27901,"href":"https:\/\/padelzoco.es\/en\/wp-json\/wp\/v2\/product\/7540\/revisions\/27901"}],"wp:featuredmedia":[{"embeddable":true,"href":"https:\/\/padelzoco.es\/en\/wp-json\/wp\/v2\/media\/7541"}],"wp:attachment":[{"href":"https:\/\/padelzoco.es\/en\/wp-json\/wp\/v2\/media?parent=7540"}],"wp:term":[{"taxonomy":"product_brand","embeddable":true,"href":"https:\/\/padelzoco.es\/en\/wp-json\/wp\/v2\/product_brand?post=7540"},{"taxonomy":"product_cat","embeddable":true,"href":"https:\/\/padelzoco.es\/en\/wp-json\/wp\/v2\/product_cat?post=7540"},{"taxonomy":"product_tag","embeddable":true,"href":"https:\/\/padelzoco.es\/en\/wp-json\/wp\/v2\/product_tag?post=7540"}],"curies":[{"name":"wp","href":"https:\/\/api.w.org\/{rel}","templated":true}]}}