{"id":7548,"date":"2023-12-12T14:42:30","date_gmt":"2023-12-12T13:42:30","guid":{"rendered":"https:\/\/adc06f55e9.nxcli.io\/?post_type=product&#038;p=7548"},"modified":"2026-04-30T18:48:06","modified_gmt":"2026-04-30T17:48:06","slug":"pala-padel-adidas-match-light-3-3-2024","status":"publish","type":"product","link":"https:\/\/padelzoco.es\/en\/product\/pala-padel-adidas-match-light-3-3-2024\/","title":{"rendered":"Pala Padel Adidas Match Light 3.3 2024"},"content":{"rendered":"<p>La 2024 ADIDAS MATCH LIGHT 3.3 Padel Racket aglutina muchas caracter\u00edsticas interesantes para brillar entre las cuatro paredes. Su condici\u00f3n ligera agiliza los movimientos y permite un manejo fluido. Es una pala dirigida a jugadores que quieren progresar y por ello cuenta con todas las facilidades y el confort necesarios. Su forma All Round le aporta, adem\u00e1s, un equilibrio interesante entre control y potencia. Los golpes m\u00e1s potentes relucen gracias al factor r\u00edgido que suma la tecnolog\u00eda Structural Reinforcement. Y el t\u00e1ndem que forman la Fiber Glass y la goma EVA Soft Performance proporciona comodidad, salida de bola y un gran tacto.<\/p>\n<table>\n<tbody>\n<tr>\n<td width=\"301\">\n<ul>\n<li><strong>Nivel:<\/strong> Discovery<\/li>\n<li><strong>Tipo de juego:<\/strong> Control<\/li>\n<li><strong>Forma:<\/strong> All Round<\/li>\n<li><strong>Balance:<\/strong> Slightly Head Heavy (275 mm)<\/li>\n<li><strong>Peso:<\/strong> 360-375gr<\/li>\n<li><strong>Superficie:<\/strong> 520 cm2<\/li>\n<li><strong>Longitud:<\/strong> 455 mm<\/li>\n<\/ul>\n<\/td>\n<td width=\"301\">\n<ul>\n<li><strong>Grosor:<\/strong> 38 mm<\/li>\n<li><strong>Goma:<\/strong> Eva Soft Performance<\/li>\n<li><strong>Fibra:<\/strong> Fiber Glass<\/li>\n<li><strong>Durabilidad:<\/strong> Structural Reinforcement<\/li>\n<li><strong>Efectos<\/strong> 2: Smart Holes Lineal<strong> Punto dulce:<\/strong> Middle<\/li>\n<\/ul>\n<\/td>\n<\/tr>\n<\/tbody>\n<\/table>\n<p>Technologies: STRUCTURAL REINFORCEMENT &#8211; SMART HOLES LINEAL<\/p>","protected":false},"excerpt":{"rendered":"<p>La ADIDAS MATCH LIGHT 3.3 aglutina muchas caracter\u00edsticas interesantes para brillar entre las cuatro paredes. Su condici\u00f3n ligera agiliza los movimientos y permite un manejo fluido. Es una pala dirigida a jugadores que quieren progresar y por ello cuenta con todas las facilidades y el confort necesarios. Su forma All Round le aporta, adem\u00e1s, un equilibrio interesante entre control y potencia. Los golpes m\u00e1s potentes relucen gracias al factor r\u00edgido que suma la tecnolog\u00eda Structural Reinforcement. Y el t\u00e1ndem que forman la Fiber Glass y la goma EVA Soft Performance proporciona comodidad, salida de bola y un gran tacto.<\/p>\n<table>\n<tbody>\n<tr>\n<td width=\"301\">\n<ul>\n<li><strong>Nivel:<\/strong> Discovery<\/li>\n<li><strong>Tipo de juego:<\/strong> Control<\/li>\n<li><strong>Forma:<\/strong> All Round<\/li>\n<li><strong>Balance:<\/strong> Slightly Head Heavy (275 mm)<\/li>\n<li><strong>Peso:<\/strong> 360-375gr<\/li>\n<li><strong>Superficie:<\/strong> 520 cm2<\/li>\n<li><strong>Longitud:<\/strong> 455 mm<\/li>\n<\/ul>\n<\/td>\n<td width=\"301\">\n<ul>\n<li><strong>Grosor:<\/strong> 38 mm<\/li>\n<li><strong>Goma:<\/strong> Eva Soft Performance<\/li>\n<li><strong>Fibra:<\/strong> Fiber Glass<\/li>\n<li><strong>Durabilidad:<\/strong> Structural Reinforcement<\/li>\n<li><strong>Efectos<\/strong> 2: Smart Holes Lineal<strong> Punto dulce:<\/strong> Middle<\/li>\n<\/ul>\n<\/td>\n<\/tr>\n<\/tbody>\n<\/table>\n<p>Technologies: STRUCTURAL REINFORCEMENT &#8211; SMART HOLES LINEAL<\/p>\n<p>&nbsp;<\/p>","protected":false},"featured_media":7554,"template":"","meta":[],"product_brand":[],"product_cat":[700,711,584,587,581,590,572,757,580,754],"product_tag":[],"class_list":{"0":"post-7548","1":"product","2":"type-product","3":"status-publish","4":"has-post-thumbnail","6":"product_cat-adidas-padel","7":"product_cat-adidas-palas","8":"product_cat-diamante-palas","9":"product_cat-hibrida-palas","10":"product_cat-intermedio-palas","11":"product_cat-mujer-palas","12":"product_cat-palas","13":"product_cat-palas-ofertas","14":"product_cat-principiante-palas","15":"product_cat-rebajas","16":"pa_brand-adidas","17":"pa_gender-hombre","18":"pa_hs_code-134","20":"first","21":"outofstock","22":"taxable","23":"shipping-taxable","24":"purchasable","25":"product-type-simple"},"yoast_head":"<!-- This site is optimized with the Yoast SEO plugin v27.5 - https:\/\/yoast.com\/product\/yoast-seo-wordpress\/ -->\n<title>Pala Padel Adidas Match Light 3.3 2024 - Padel Zoco<\/title>\n<meta name=\"description\" content=\"Domina el control y la potencia desde el comienzo con esta pala hecha para el equilibrio entre ambos estilos.\" \/>\n<meta name=\"robots\" content=\"index, follow, max-snippet:-1, max-image-preview:large, max-video-preview:-1\" \/>\n<link rel=\"canonical\" href=\"https:\/\/padelzoco.es\/en\/product\/pala-padel-adidas-match-light-3-3-2024\/\" \/>\n<meta property=\"og:locale\" content=\"en_GB\" \/>\n<meta property=\"og:type\" content=\"article\" \/>\n<meta property=\"og:title\" content=\"Pala Padel Adidas Match Light 3.3 2024 - Padel Zoco\" \/>\n<meta property=\"og:description\" content=\"Domina el control y la potencia desde el comienzo con esta pala hecha para el equilibrio entre ambos estilos.\" \/>\n<meta property=\"og:url\" content=\"https:\/\/padelzoco.es\/en\/product\/pala-padel-adidas-match-light-3-3-2024\/\" \/>\n<meta property=\"og:site_name\" content=\"Padel Zoco\" \/>\n<meta property=\"article:modified_time\" content=\"2026-04-30T17:48:06+00:00\" \/>\n<meta property=\"og:image\" content=\"https:\/\/padelzoco.es\/wp-content\/uploads\/2023\/12\/2024-ADIDAS-MATCH-LIGHT-3.3-Padel-Racket-Image-6.webp\" \/>\n\t<meta property=\"og:image:width\" content=\"1400\" \/>\n\t<meta property=\"og:image:height\" content=\"1400\" \/>\n\t<meta property=\"og:image:type\" content=\"image\/webp\" \/>\n<meta name=\"twitter:card\" content=\"summary_large_image\" \/>\n<meta name=\"twitter:label1\" content=\"Estimated reading time\" \/>\n\t<meta name=\"twitter:data1\" content=\"1 minute\" \/>\n<script type=\"application\/ld+json\" class=\"yoast-schema-graph\">{\"@context\":\"https:\\\/\\\/schema.org\",\"@graph\":[{\"@type\":\"WebPage\",\"@id\":\"https:\\\/\\\/padelzoco.es\\\/product\\\/pala-padel-adidas-match-light-3-3-2024\\\/\",\"url\":\"https:\\\/\\\/padelzoco.es\\\/product\\\/pala-padel-adidas-match-light-3-3-2024\\\/\",\"name\":\"Pala Padel Adidas Match Light 3.3 2024 - Padel Zoco\",\"isPartOf\":{\"@id\":\"https:\\\/\\\/padelzoco.es\\\/#website\"},\"primaryImageOfPage\":{\"@id\":\"https:\\\/\\\/padelzoco.es\\\/product\\\/pala-padel-adidas-match-light-3-3-2024\\\/#primaryimage\"},\"image\":{\"@id\":\"https:\\\/\\\/padelzoco.es\\\/product\\\/pala-padel-adidas-match-light-3-3-2024\\\/#primaryimage\"},\"thumbnailUrl\":\"https:\\\/\\\/padelzoco.es\\\/wp-content\\\/uploads\\\/2023\\\/12\\\/2024-ADIDAS-MATCH-LIGHT-3.3-Padel-Racket-Image-6.webp\",\"datePublished\":\"2023-12-12T13:42:30+00:00\",\"dateModified\":\"2026-04-30T17:48:06+00:00\",\"description\":\"Domina el control y la potencia desde el comienzo con esta pala hecha para el equilibrio entre ambos estilos.\",\"breadcrumb\":{\"@id\":\"https:\\\/\\\/padelzoco.es\\\/product\\\/pala-padel-adidas-match-light-3-3-2024\\\/#breadcrumb\"},\"inLanguage\":\"en-GB\",\"potentialAction\":[{\"@type\":\"ReadAction\",\"target\":[\"https:\\\/\\\/padelzoco.es\\\/product\\\/pala-padel-adidas-match-light-3-3-2024\\\/\"]}]},{\"@type\":\"ImageObject\",\"inLanguage\":\"en-GB\",\"@id\":\"https:\\\/\\\/padelzoco.es\\\/product\\\/pala-padel-adidas-match-light-3-3-2024\\\/#primaryimage\",\"url\":\"https:\\\/\\\/padelzoco.es\\\/wp-content\\\/uploads\\\/2023\\\/12\\\/2024-ADIDAS-MATCH-LIGHT-3.3-Padel-Racket-Image-6.webp\",\"contentUrl\":\"https:\\\/\\\/padelzoco.es\\\/wp-content\\\/uploads\\\/2023\\\/12\\\/2024-ADIDAS-MATCH-LIGHT-3.3-Padel-Racket-Image-6.webp\",\"width\":1400,\"height\":1400},{\"@type\":\"BreadcrumbList\",\"@id\":\"https:\\\/\\\/padelzoco.es\\\/product\\\/pala-padel-adidas-match-light-3-3-2024\\\/#breadcrumb\",\"itemListElement\":[{\"@type\":\"ListItem\",\"position\":1,\"name\":\"Home\",\"item\":\"https:\\\/\\\/padelzoco.es\\\/\"},{\"@type\":\"ListItem\",\"position\":2,\"name\":\"Padel Zoco\",\"item\":\"https:\\\/\\\/padelzoco.es\\\/padel-zoco\\\/\"},{\"@type\":\"ListItem\",\"position\":3,\"name\":\"Pala Padel Adidas Match Light 3.3 2024\"}]},{\"@type\":\"WebSite\",\"@id\":\"https:\\\/\\\/padelzoco.es\\\/#website\",\"url\":\"https:\\\/\\\/padelzoco.es\\\/\",\"name\":\"Padel Zoco\",\"description\":\"Padel Zoco | Spain\",\"publisher\":{\"@id\":\"https:\\\/\\\/padelzoco.es\\\/#organization\"},\"potentialAction\":[{\"@type\":\"SearchAction\",\"target\":{\"@type\":\"EntryPoint\",\"urlTemplate\":\"https:\\\/\\\/padelzoco.es\\\/?s={search_term_string}\"},\"query-input\":{\"@type\":\"PropertyValueSpecification\",\"valueRequired\":true,\"valueName\":\"search_term_string\"}}],\"inLanguage\":\"en-GB\"},{\"@type\":\"Organization\",\"@id\":\"https:\\\/\\\/padelzoco.es\\\/#organization\",\"name\":\"Padel Zoco\",\"url\":\"https:\\\/\\\/padelzoco.es\\\/\",\"logo\":{\"@type\":\"ImageObject\",\"inLanguage\":\"en-GB\",\"@id\":\"https:\\\/\\\/padelzoco.es\\\/#\\\/schema\\\/logo\\\/image\\\/\",\"url\":\"https:\\\/\\\/padelzoco.es\\\/wp-content\\\/uploads\\\/2023\\\/11\\\/PadelZoco_Logo_black_white.webp\",\"contentUrl\":\"https:\\\/\\\/padelzoco.es\\\/wp-content\\\/uploads\\\/2023\\\/11\\\/PadelZoco_Logo_black_white.webp\",\"width\":1500,\"height\":631,\"caption\":\"Padel Zoco\"},\"image\":{\"@id\":\"https:\\\/\\\/padelzoco.es\\\/#\\\/schema\\\/logo\\\/image\\\/\"}}]}<\/script>\n<!-- \/ Yoast SEO plugin. -->","yoast_head_json":{"title":"Pala Padel Adidas Match Light 3.3 2024 - Padel Zoco","description":"Domina el control y la potencia desde el comienzo con esta pala hecha para el equilibrio entre ambos estilos.","robots":{"index":"index","follow":"follow","max-snippet":"max-snippet:-1","max-image-preview":"max-image-preview:large","max-video-preview":"max-video-preview:-1"},"canonical":"https:\/\/padelzoco.es\/en\/product\/pala-padel-adidas-match-light-3-3-2024\/","og_locale":"en_GB","og_type":"article","og_title":"Pala Padel Adidas Match Light 3.3 2024 - Padel Zoco","og_description":"Domina el control y la potencia desde el comienzo con esta pala hecha para el equilibrio entre ambos estilos.","og_url":"https:\/\/padelzoco.es\/en\/product\/pala-padel-adidas-match-light-3-3-2024\/","og_site_name":"Padel Zoco","article_modified_time":"2026-04-30T17:48:06+00:00","og_image":[{"width":1400,"height":1400,"url":"https:\/\/padelzoco.es\/wp-content\/uploads\/2023\/12\/2024-ADIDAS-MATCH-LIGHT-3.3-Padel-Racket-Image-6.webp","type":"image\/webp"}],"twitter_card":"summary_large_image","twitter_misc":{"Estimated reading time":"1 minute"},"schema":{"@context":"https:\/\/schema.org","@graph":[{"@type":"WebPage","@id":"https:\/\/padelzoco.es\/product\/pala-padel-adidas-match-light-3-3-2024\/","url":"https:\/\/padelzoco.es\/product\/pala-padel-adidas-match-light-3-3-2024\/","name":"Pala Padel Adidas Match Light 3.3 2024 - Padel Zoco","isPartOf":{"@id":"https:\/\/padelzoco.es\/#website"},"primaryImageOfPage":{"@id":"https:\/\/padelzoco.es\/product\/pala-padel-adidas-match-light-3-3-2024\/#primaryimage"},"image":{"@id":"https:\/\/padelzoco.es\/product\/pala-padel-adidas-match-light-3-3-2024\/#primaryimage"},"thumbnailUrl":"https:\/\/padelzoco.es\/wp-content\/uploads\/2023\/12\/2024-ADIDAS-MATCH-LIGHT-3.3-Padel-Racket-Image-6.webp","datePublished":"2023-12-12T13:42:30+00:00","dateModified":"2026-04-30T17:48:06+00:00","description":"Domina el control y la potencia desde el comienzo con esta pala hecha para el equilibrio entre ambos estilos.","breadcrumb":{"@id":"https:\/\/padelzoco.es\/product\/pala-padel-adidas-match-light-3-3-2024\/#breadcrumb"},"inLanguage":"en-GB","potentialAction":[{"@type":"ReadAction","target":["https:\/\/padelzoco.es\/product\/pala-padel-adidas-match-light-3-3-2024\/"]}]},{"@type":"ImageObject","inLanguage":"en-GB","@id":"https:\/\/padelzoco.es\/product\/pala-padel-adidas-match-light-3-3-2024\/#primaryimage","url":"https:\/\/padelzoco.es\/wp-content\/uploads\/2023\/12\/2024-ADIDAS-MATCH-LIGHT-3.3-Padel-Racket-Image-6.webp","contentUrl":"https:\/\/padelzoco.es\/wp-content\/uploads\/2023\/12\/2024-ADIDAS-MATCH-LIGHT-3.3-Padel-Racket-Image-6.webp","width":1400,"height":1400},{"@type":"BreadcrumbList","@id":"https:\/\/padelzoco.es\/product\/pala-padel-adidas-match-light-3-3-2024\/#breadcrumb","itemListElement":[{"@type":"ListItem","position":1,"name":"Home","item":"https:\/\/padelzoco.es\/"},{"@type":"ListItem","position":2,"name":"Padel Zoco","item":"https:\/\/padelzoco.es\/padel-zoco\/"},{"@type":"ListItem","position":3,"name":"Pala Padel Adidas Match Light 3.3 2024"}]},{"@type":"WebSite","@id":"https:\/\/padelzoco.es\/#website","url":"https:\/\/padelzoco.es\/","name":"Padel Zoco","description":"Padel Zoco | Spain","publisher":{"@id":"https:\/\/padelzoco.es\/#organization"},"potentialAction":[{"@type":"SearchAction","target":{"@type":"EntryPoint","urlTemplate":"https:\/\/padelzoco.es\/?s={search_term_string}"},"query-input":{"@type":"PropertyValueSpecification","valueRequired":true,"valueName":"search_term_string"}}],"inLanguage":"en-GB"},{"@type":"Organization","@id":"https:\/\/padelzoco.es\/#organization","name":"Padel Zoco","url":"https:\/\/padelzoco.es\/","logo":{"@type":"ImageObject","inLanguage":"en-GB","@id":"https:\/\/padelzoco.es\/#\/schema\/logo\/image\/","url":"https:\/\/padelzoco.es\/wp-content\/uploads\/2023\/11\/PadelZoco_Logo_black_white.webp","contentUrl":"https:\/\/padelzoco.es\/wp-content\/uploads\/2023\/11\/PadelZoco_Logo_black_white.webp","width":1500,"height":631,"caption":"Padel Zoco"},"image":{"@id":"https:\/\/padelzoco.es\/#\/schema\/logo\/image\/"}}]}},"_links":{"self":[{"href":"https:\/\/padelzoco.es\/en\/wp-json\/wp\/v2\/product\/7548","targetHints":{"allow":["GET"]}}],"collection":[{"href":"https:\/\/padelzoco.es\/en\/wp-json\/wp\/v2\/product"}],"about":[{"href":"https:\/\/padelzoco.es\/en\/wp-json\/wp\/v2\/types\/product"}],"version-history":[{"count":1,"href":"https:\/\/padelzoco.es\/en\/wp-json\/wp\/v2\/product\/7548\/revisions"}],"predecessor-version":[{"id":27900,"href":"https:\/\/padelzoco.es\/en\/wp-json\/wp\/v2\/product\/7548\/revisions\/27900"}],"wp:featuredmedia":[{"embeddable":true,"href":"https:\/\/padelzoco.es\/en\/wp-json\/wp\/v2\/media\/7554"}],"wp:attachment":[{"href":"https:\/\/padelzoco.es\/en\/wp-json\/wp\/v2\/media?parent=7548"}],"wp:term":[{"taxonomy":"product_brand","embeddable":true,"href":"https:\/\/padelzoco.es\/en\/wp-json\/wp\/v2\/product_brand?post=7548"},{"taxonomy":"product_cat","embeddable":true,"href":"https:\/\/padelzoco.es\/en\/wp-json\/wp\/v2\/product_cat?post=7548"},{"taxonomy":"product_tag","embeddable":true,"href":"https:\/\/padelzoco.es\/en\/wp-json\/wp\/v2\/product_tag?post=7548"}],"curies":[{"name":"wp","href":"https:\/\/api.w.org\/{rel}","templated":true}]}}