{"id":7858,"date":"2023-12-16T12:35:30","date_gmt":"2023-12-16T11:35:30","guid":{"rendered":"https:\/\/adc06f55e9.nxcli.io\/?post_type=product&#038;p=7858"},"modified":"2026-03-19T13:09:29","modified_gmt":"2026-03-19T12:09:29","slug":"falda-bullpadel-oilas-negro","status":"publish","type":"product","link":"https:\/\/padelzoco.es\/en\/product\/falda-bullpadel-oilas-negro\/","title":{"rendered":"Falda Bullpadel OILAS Negro"},"content":{"rendered":"<p data-start=\"0\" data-end=\"411\">La falda <span class=\"hover:entity-accent entity-underline inline cursor-pointer align-baseline\"><span class=\"whitespace-normal\">Bullpadel<\/span><\/span> OILAS en color negro pertenece a la exclusiva l\u00ednea Pro-line 413, dise\u00f1ada para jugadoras que buscan m\u00e1ximo rendimiento con un toque premium en la pista. Incorpora una cinturilla Body-sculp que proporciona mayor sujeci\u00f3n y una malla interior integrada, ofreciendo comodidad, estabilidad y seguridad en cada movimiento durante el juego.<\/p>\n<p data-start=\"413\" data-end=\"799\">Est\u00e1 confeccionada con tejidos premium que garantizan ligereza, elasticidad y durabilidad. Su dise\u00f1o incluye un atractivo perforado l\u00e1ser en una de las zonas de la falda, que mejora la flexibilidad, se adapta a las necesidades ergon\u00f3micas del juego y favorece la transpirabilidad. Adem\u00e1s, cuenta con costuras termoselladas que aportan un acabado innovador, elegante y de alta calidad.<\/p>\n<p data-start=\"801\" data-end=\"1020\">Gracias a la tecnolog\u00eda Drynamic, desarrollada con microfilamentos, esta falda ayuda a reducir la humedad y mejora la evacuaci\u00f3n del sudor, manteni\u00e9ndote seca y c\u00f3moda incluso en los momentos m\u00e1s intensos del partido.<\/p>\n<p data-start=\"1022\" data-end=\"1045\"><strong data-start=\"1022\" data-end=\"1043\">Specifications:<\/strong><\/p>\n<ul data-start=\"1046\" data-end=\"1281\">\n<li data-section-id=\"1em6quy\" data-start=\"1046\" data-end=\"1104\">\n<p data-start=\"1048\" data-end=\"1104\">Composici\u00f3n: 87% poli\u00e9ster, 13% spandex (Double pique)<\/p>\n<\/li>\n<li data-section-id=\"1cwrkem\" data-start=\"1105\" data-end=\"1129\">\n<p data-start=\"1107\" data-end=\"1129\">Tecnolog\u00eda: Drynamic<\/p>\n<\/li>\n<li data-section-id=\"1j5qwwk\" data-start=\"1130\" data-end=\"1172\">\n<p data-start=\"1132\" data-end=\"1172\">Cintura: Body-sculp con mayor sujeci\u00f3n<\/p>\n<\/li>\n<li data-section-id=\"gcduo1\" data-start=\"1173\" data-end=\"1209\">\n<p data-start=\"1175\" data-end=\"1209\">Extras: Malla interior integrada<\/p>\n<\/li>\n<li data-section-id=\"1u6e79k\" data-start=\"1210\" data-end=\"1264\">\n<p data-start=\"1212\" data-end=\"1264\">Detalles: Perforado l\u00e1ser y costuras termoselladas<\/p>\n<\/li>\n<li data-section-id=\"deq6gu\" data-start=\"1265\" data-end=\"1281\">\n<p data-start=\"1267\" data-end=\"1281\">Color: Negro<\/p>\n<\/li>\n<\/ul>","protected":false},"excerpt":{"rendered":"<p data-start=\"1288\" data-end=\"1566\">Falda Bullpadel OILAS negra de la l\u00ednea Pro-line, dise\u00f1ada con tejidos premium, cinturilla Body-sculp y malla interior para m\u00e1xima sujeci\u00f3n y comodidad en la pista. Su dise\u00f1o ergon\u00f3mico con perforado l\u00e1ser mejora la flexibilidad y la transpirabilidad.<\/p>\n<p data-start=\"1568\" data-end=\"1733\">Incorpora tecnolog\u00eda Drynamic, costuras termoselladas y materiales el\u00e1sticos que garantizan frescura, libertad de movimiento y un acabado elegante en cada partido.<\/p>","protected":false},"featured_media":7873,"template":"","meta":[],"product_brand":[],"product_cat":[698,604,617,609,601],"product_tag":[],"class_list":{"0":"post-7858","1":"product","2":"type-product","3":"status-publish","4":"has-post-thumbnail","6":"product_cat-bullpadel-padel","7":"product_cat-bullpadel-ropa","8":"product_cat-faldas-ropa","9":"product_cat-mujer-ropa","10":"product_cat-ropa","11":"pa_brand-bullpadel","12":"pa_color-negro","13":"pa_gender-mujer","14":"pa_hs_code-724","15":"pa_size-l","16":"pa_size-m","17":"pa_size-s","18":"pa_size-xs","20":"first","21":"instock","22":"sale","23":"taxable","24":"shipping-taxable","25":"purchasable","26":"product-type-variable"},"yoast_head":"<!-- This site is optimized with the Yoast SEO plugin v27.4 - https:\/\/yoast.com\/product\/yoast-seo-wordpress\/ -->\n<title>Falda Bullpadel OILAS Negro - Padel Zoco<\/title>\n<meta name=\"description\" content=\"Falda Bullpadel OILAS negra con tecnolog\u00eda Drynamic, cintura Body-sculp y tejidos premium, ideal para m\u00e1xima comodidad, transpirabilidad y rendimiento en p\u00e1del.\" \/>\n<meta name=\"robots\" content=\"index, follow, max-snippet:-1, max-image-preview:large, max-video-preview:-1\" \/>\n<link rel=\"canonical\" href=\"https:\/\/padelzoco.es\/en\/product\/falda-bullpadel-oilas-negro\/\" \/>\n<meta property=\"og:locale\" content=\"en_GB\" \/>\n<meta property=\"og:type\" content=\"article\" \/>\n<meta property=\"og:title\" content=\"Falda Bullpadel OILAS Negro - Padel Zoco\" \/>\n<meta property=\"og:description\" content=\"Falda Bullpadel OILAS negra con tecnolog\u00eda Drynamic, cintura Body-sculp y tejidos premium, ideal para m\u00e1xima comodidad, transpirabilidad y rendimiento en p\u00e1del.\" \/>\n<meta property=\"og:url\" content=\"https:\/\/padelzoco.es\/en\/product\/falda-bullpadel-oilas-negro\/\" \/>\n<meta property=\"og:site_name\" content=\"Padel Zoco\" \/>\n<meta property=\"article:modified_time\" content=\"2026-03-19T12:09:29+00:00\" \/>\n<meta property=\"og:image\" content=\"https:\/\/padelzoco.es\/wp-content\/uploads\/2023\/12\/FALDA-BULLPADEL-OILAS-NEGRO-Image-14.webp\" \/>\n\t<meta property=\"og:image:width\" content=\"1400\" \/>\n\t<meta property=\"og:image:height\" content=\"1400\" \/>\n\t<meta property=\"og:image:type\" content=\"image\/webp\" \/>\n<meta name=\"twitter:card\" content=\"summary_large_image\" \/>\n<meta name=\"twitter:label1\" content=\"Estimated reading time\" \/>\n\t<meta name=\"twitter:data1\" content=\"1 minute\" \/>\n<script type=\"application\/ld+json\" class=\"yoast-schema-graph\">{\"@context\":\"https:\\\/\\\/schema.org\",\"@graph\":[{\"@type\":\"WebPage\",\"@id\":\"https:\\\/\\\/padelzoco.es\\\/product\\\/falda-bullpadel-oilas-negro\\\/\",\"url\":\"https:\\\/\\\/padelzoco.es\\\/product\\\/falda-bullpadel-oilas-negro\\\/\",\"name\":\"Falda Bullpadel OILAS Negro - Padel Zoco\",\"isPartOf\":{\"@id\":\"https:\\\/\\\/padelzoco.es\\\/#website\"},\"primaryImageOfPage\":{\"@id\":\"https:\\\/\\\/padelzoco.es\\\/product\\\/falda-bullpadel-oilas-negro\\\/#primaryimage\"},\"image\":{\"@id\":\"https:\\\/\\\/padelzoco.es\\\/product\\\/falda-bullpadel-oilas-negro\\\/#primaryimage\"},\"thumbnailUrl\":\"https:\\\/\\\/padelzoco.es\\\/wp-content\\\/uploads\\\/2023\\\/12\\\/FALDA-BULLPADEL-OILAS-NEGRO-Image-14.webp\",\"datePublished\":\"2023-12-16T11:35:30+00:00\",\"dateModified\":\"2026-03-19T12:09:29+00:00\",\"description\":\"Falda Bullpadel OILAS negra con tecnolog\u00eda Drynamic, cintura Body-sculp y tejidos premium, ideal para m\u00e1xima comodidad, transpirabilidad y rendimiento en p\u00e1del.\",\"breadcrumb\":{\"@id\":\"https:\\\/\\\/padelzoco.es\\\/product\\\/falda-bullpadel-oilas-negro\\\/#breadcrumb\"},\"inLanguage\":\"en-GB\",\"potentialAction\":[{\"@type\":\"ReadAction\",\"target\":[\"https:\\\/\\\/padelzoco.es\\\/product\\\/falda-bullpadel-oilas-negro\\\/\"]}]},{\"@type\":\"ImageObject\",\"inLanguage\":\"en-GB\",\"@id\":\"https:\\\/\\\/padelzoco.es\\\/product\\\/falda-bullpadel-oilas-negro\\\/#primaryimage\",\"url\":\"https:\\\/\\\/padelzoco.es\\\/wp-content\\\/uploads\\\/2023\\\/12\\\/FALDA-BULLPADEL-OILAS-NEGRO-Image-14.webp\",\"contentUrl\":\"https:\\\/\\\/padelzoco.es\\\/wp-content\\\/uploads\\\/2023\\\/12\\\/FALDA-BULLPADEL-OILAS-NEGRO-Image-14.webp\",\"width\":1400,\"height\":1400,\"caption\":\"FALDA BULLPADEL OILAS NEGRO Image 14\"},{\"@type\":\"BreadcrumbList\",\"@id\":\"https:\\\/\\\/padelzoco.es\\\/product\\\/falda-bullpadel-oilas-negro\\\/#breadcrumb\",\"itemListElement\":[{\"@type\":\"ListItem\",\"position\":1,\"name\":\"Home\",\"item\":\"https:\\\/\\\/padelzoco.es\\\/\"},{\"@type\":\"ListItem\",\"position\":2,\"name\":\"Padel Zoco\",\"item\":\"https:\\\/\\\/padelzoco.es\\\/padel-zoco\\\/\"},{\"@type\":\"ListItem\",\"position\":3,\"name\":\"Falda Bullpadel OILAS Negro\"}]},{\"@type\":\"WebSite\",\"@id\":\"https:\\\/\\\/padelzoco.es\\\/#website\",\"url\":\"https:\\\/\\\/padelzoco.es\\\/\",\"name\":\"Padel Zoco\",\"description\":\"Padel Zoco | Spain\",\"publisher\":{\"@id\":\"https:\\\/\\\/padelzoco.es\\\/#organization\"},\"potentialAction\":[{\"@type\":\"SearchAction\",\"target\":{\"@type\":\"EntryPoint\",\"urlTemplate\":\"https:\\\/\\\/padelzoco.es\\\/?s={search_term_string}\"},\"query-input\":{\"@type\":\"PropertyValueSpecification\",\"valueRequired\":true,\"valueName\":\"search_term_string\"}}],\"inLanguage\":\"en-GB\"},{\"@type\":\"Organization\",\"@id\":\"https:\\\/\\\/padelzoco.es\\\/#organization\",\"name\":\"Padel Zoco\",\"url\":\"https:\\\/\\\/padelzoco.es\\\/\",\"logo\":{\"@type\":\"ImageObject\",\"inLanguage\":\"en-GB\",\"@id\":\"https:\\\/\\\/padelzoco.es\\\/#\\\/schema\\\/logo\\\/image\\\/\",\"url\":\"https:\\\/\\\/padelzoco.es\\\/wp-content\\\/uploads\\\/2023\\\/11\\\/PadelZoco_Logo_black_white.webp\",\"contentUrl\":\"https:\\\/\\\/padelzoco.es\\\/wp-content\\\/uploads\\\/2023\\\/11\\\/PadelZoco_Logo_black_white.webp\",\"width\":1500,\"height\":631,\"caption\":\"Padel Zoco\"},\"image\":{\"@id\":\"https:\\\/\\\/padelzoco.es\\\/#\\\/schema\\\/logo\\\/image\\\/\"}}]}<\/script>\n<!-- \/ Yoast SEO plugin. -->","yoast_head_json":{"title":"Falda Bullpadel OILAS Negro - Padel Zoco","description":"Falda Bullpadel OILAS negra con tecnolog\u00eda Drynamic, cintura Body-sculp y tejidos premium, ideal para m\u00e1xima comodidad, transpirabilidad y rendimiento en p\u00e1del.","robots":{"index":"index","follow":"follow","max-snippet":"max-snippet:-1","max-image-preview":"max-image-preview:large","max-video-preview":"max-video-preview:-1"},"canonical":"https:\/\/padelzoco.es\/en\/product\/falda-bullpadel-oilas-negro\/","og_locale":"en_GB","og_type":"article","og_title":"Falda Bullpadel OILAS Negro - Padel Zoco","og_description":"Falda Bullpadel OILAS negra con tecnolog\u00eda Drynamic, cintura Body-sculp y tejidos premium, ideal para m\u00e1xima comodidad, transpirabilidad y rendimiento en p\u00e1del.","og_url":"https:\/\/padelzoco.es\/en\/product\/falda-bullpadel-oilas-negro\/","og_site_name":"Padel Zoco","article_modified_time":"2026-03-19T12:09:29+00:00","og_image":[{"width":1400,"height":1400,"url":"https:\/\/padelzoco.es\/wp-content\/uploads\/2023\/12\/FALDA-BULLPADEL-OILAS-NEGRO-Image-14.webp","type":"image\/webp"}],"twitter_card":"summary_large_image","twitter_misc":{"Estimated reading time":"1 minute"},"schema":{"@context":"https:\/\/schema.org","@graph":[{"@type":"WebPage","@id":"https:\/\/padelzoco.es\/product\/falda-bullpadel-oilas-negro\/","url":"https:\/\/padelzoco.es\/product\/falda-bullpadel-oilas-negro\/","name":"Falda Bullpadel OILAS Negro - Padel Zoco","isPartOf":{"@id":"https:\/\/padelzoco.es\/#website"},"primaryImageOfPage":{"@id":"https:\/\/padelzoco.es\/product\/falda-bullpadel-oilas-negro\/#primaryimage"},"image":{"@id":"https:\/\/padelzoco.es\/product\/falda-bullpadel-oilas-negro\/#primaryimage"},"thumbnailUrl":"https:\/\/padelzoco.es\/wp-content\/uploads\/2023\/12\/FALDA-BULLPADEL-OILAS-NEGRO-Image-14.webp","datePublished":"2023-12-16T11:35:30+00:00","dateModified":"2026-03-19T12:09:29+00:00","description":"Falda Bullpadel OILAS negra con tecnolog\u00eda Drynamic, cintura Body-sculp y tejidos premium, ideal para m\u00e1xima comodidad, transpirabilidad y rendimiento en p\u00e1del.","breadcrumb":{"@id":"https:\/\/padelzoco.es\/product\/falda-bullpadel-oilas-negro\/#breadcrumb"},"inLanguage":"en-GB","potentialAction":[{"@type":"ReadAction","target":["https:\/\/padelzoco.es\/product\/falda-bullpadel-oilas-negro\/"]}]},{"@type":"ImageObject","inLanguage":"en-GB","@id":"https:\/\/padelzoco.es\/product\/falda-bullpadel-oilas-negro\/#primaryimage","url":"https:\/\/padelzoco.es\/wp-content\/uploads\/2023\/12\/FALDA-BULLPADEL-OILAS-NEGRO-Image-14.webp","contentUrl":"https:\/\/padelzoco.es\/wp-content\/uploads\/2023\/12\/FALDA-BULLPADEL-OILAS-NEGRO-Image-14.webp","width":1400,"height":1400,"caption":"FALDA BULLPADEL OILAS NEGRO Image 14"},{"@type":"BreadcrumbList","@id":"https:\/\/padelzoco.es\/product\/falda-bullpadel-oilas-negro\/#breadcrumb","itemListElement":[{"@type":"ListItem","position":1,"name":"Home","item":"https:\/\/padelzoco.es\/"},{"@type":"ListItem","position":2,"name":"Padel Zoco","item":"https:\/\/padelzoco.es\/padel-zoco\/"},{"@type":"ListItem","position":3,"name":"Falda Bullpadel OILAS Negro"}]},{"@type":"WebSite","@id":"https:\/\/padelzoco.es\/#website","url":"https:\/\/padelzoco.es\/","name":"Padel Zoco","description":"Padel Zoco | Spain","publisher":{"@id":"https:\/\/padelzoco.es\/#organization"},"potentialAction":[{"@type":"SearchAction","target":{"@type":"EntryPoint","urlTemplate":"https:\/\/padelzoco.es\/?s={search_term_string}"},"query-input":{"@type":"PropertyValueSpecification","valueRequired":true,"valueName":"search_term_string"}}],"inLanguage":"en-GB"},{"@type":"Organization","@id":"https:\/\/padelzoco.es\/#organization","name":"Padel Zoco","url":"https:\/\/padelzoco.es\/","logo":{"@type":"ImageObject","inLanguage":"en-GB","@id":"https:\/\/padelzoco.es\/#\/schema\/logo\/image\/","url":"https:\/\/padelzoco.es\/wp-content\/uploads\/2023\/11\/PadelZoco_Logo_black_white.webp","contentUrl":"https:\/\/padelzoco.es\/wp-content\/uploads\/2023\/11\/PadelZoco_Logo_black_white.webp","width":1500,"height":631,"caption":"Padel Zoco"},"image":{"@id":"https:\/\/padelzoco.es\/#\/schema\/logo\/image\/"}}]}},"_links":{"self":[{"href":"https:\/\/padelzoco.es\/en\/wp-json\/wp\/v2\/product\/7858","targetHints":{"allow":["GET"]}}],"collection":[{"href":"https:\/\/padelzoco.es\/en\/wp-json\/wp\/v2\/product"}],"about":[{"href":"https:\/\/padelzoco.es\/en\/wp-json\/wp\/v2\/types\/product"}],"version-history":[{"count":5,"href":"https:\/\/padelzoco.es\/en\/wp-json\/wp\/v2\/product\/7858\/revisions"}],"predecessor-version":[{"id":37802,"href":"https:\/\/padelzoco.es\/en\/wp-json\/wp\/v2\/product\/7858\/revisions\/37802"}],"wp:featuredmedia":[{"embeddable":true,"href":"https:\/\/padelzoco.es\/en\/wp-json\/wp\/v2\/media\/7873"}],"wp:attachment":[{"href":"https:\/\/padelzoco.es\/en\/wp-json\/wp\/v2\/media?parent=7858"}],"wp:term":[{"taxonomy":"product_brand","embeddable":true,"href":"https:\/\/padelzoco.es\/en\/wp-json\/wp\/v2\/product_brand?post=7858"},{"taxonomy":"product_cat","embeddable":true,"href":"https:\/\/padelzoco.es\/en\/wp-json\/wp\/v2\/product_cat?post=7858"},{"taxonomy":"product_tag","embeddable":true,"href":"https:\/\/padelzoco.es\/en\/wp-json\/wp\/v2\/product_tag?post=7858"}],"curies":[{"name":"wp","href":"https:\/\/api.w.org\/{rel}","templated":true}]}}