{"id":8088,"date":"2023-12-17T20:45:57","date_gmt":"2023-12-17T19:45:57","guid":{"rendered":"https:\/\/adc06f55e9.nxcli.io\/?post_type=product&#038;p=8088"},"modified":"2026-02-02T09:26:40","modified_gmt":"2026-02-02T08:26:40","slug":"mochila-nox-pro-series-negro","status":"publish","type":"product","link":"https:\/\/padelzoco.es\/en\/product\/mochila-nox-pro-series-negro\/","title":{"rendered":"Mochila Nox Pro Series Negro"},"content":{"rendered":"<div class=\"product-description product-description__container rte container cf padded-row not-in-quickbuy\">\n<div class=\"product_content_left\">\n<p>Presentamos\u00a0la \u00faltima versi\u00f3n de la\u00a0<strong>mochila Nox Pro Series 2023<\/strong>, dise\u00f1ada pensando en tus necesidades y estilo de vida activo.<\/p>\n<p>Elaborada meticulosamente con materiales de primera calidad, nuestra mochila fusiona a la perfecci\u00f3n funcionalidad y estilo en un \u00fanico producto. Su dise\u00f1o amplio y bien organizado te brinda la capacidad de transportar todo lo que necesitas, desde tu port\u00e1til y libros hasta tu completo equipamiento de p\u00e1del, incluyendo pala, zapatillas, equipaci\u00f3n y accesorios.<\/p>\n<p><strong>Features:<\/strong><\/p>\n<ul>\n<li>Compartimento principal #1: Dise\u00f1ado para tu pala u ordenador, cuenta con un revestimiento acolchado que garantiza la m\u00e1xima protecci\u00f3n.<\/li>\n<li>Compartimento principal #2: Espacio dedicado para tu pala, equipaci\u00f3n y accesorios.<\/li>\n<li>Compartimento lateral independiente para zapatillas: Incorpora un sistema de aeraci\u00f3n que mantiene tus zapatillas frescas y ventiladas.<\/li>\n<li>Bolsillo frontal: Ideal para tus accesorios como llaves, cartera, tarjeta del club, etc.<\/li>\n<li>Bolsillo lateral con malla: Perfecto para llevar un bote de bolas o una botella de agua.<\/li>\n<li>Correas y respaldo acolchados: Brindan un mayor confort durante su uso.<\/li>\n<li>Textiles ergon\u00f3micos: Optimizados para proporcionar un agarre \u00f3ptimo y una circulaci\u00f3n de aire adecuada.<\/li>\n<\/ul>\n<p>Con esta mochila, tendr\u00e1s todo lo que necesitas al alcance de tu mano, permiti\u00e9ndote disfrutar de una experiencia integral. No dejes pasar esta oportunidad de obtener la tuya y llevar tu juego al siguiente nivel.<\/p>\n<\/div>\n<\/div>","protected":false},"excerpt":{"rendered":"<div class=\"product_content_left\">\n<div class=\"product-description product-description__container rte container cf padded-row not-in-quickbuy\">\n<div class=\"product_content_left\">\n<div class=\"product_content_left\">\n<p>Presentamos\u00a0la \u00faltima versi\u00f3n de la\u00a0<strong>mochila Nox Pro Series 2023<\/strong>, dise\u00f1ada pensando en tus necesidades y estilo de vida activo.<\/p>\n<p>Elaborada meticulosamente con materiales de primera calidad, nuestra mochila fusiona a la perfecci\u00f3n funcionalidad y estilo en un \u00fanico producto. Su dise\u00f1o amplio y bien organizado te brinda la capacidad de transportar todo lo que necesitas, desde tu port\u00e1til y libros hasta tu completo equipamiento de p\u00e1del, incluyendo pala, zapatillas, equipaci\u00f3n y accesorios.<\/p>\n<p><strong>Features:<\/strong><\/p>\n<ul>\n<li>Compartimento principal #1: Dise\u00f1ado para tu pala u ordenador, cuenta con un revestimiento acolchado que garantiza la m\u00e1xima protecci\u00f3n.<\/li>\n<li>Compartimento principal #2: Espacio dedicado para tu pala, equipaci\u00f3n y accesorios.<\/li>\n<li>Compartimento lateral independiente para zapatillas: Incorpora un sistema de aeraci\u00f3n que mantiene tus zapatillas frescas y ventiladas.<\/li>\n<li>Bolsillo frontal: Ideal para tus accesorios como llaves, cartera, tarjeta del club, etc.<\/li>\n<li>Bolsillo lateral con malla: Perfecto para llevar un bote de bolas o una botella de agua.<\/li>\n<li>Correas y respaldo acolchados: Brindan un mayor confort durante su uso.<\/li>\n<li>Textiles ergon\u00f3micos: Optimizados para proporcionar un agarre \u00f3ptimo y una circulaci\u00f3n de aire adecuada.<\/li>\n<\/ul>\n<p>Con esta mochila, tendr\u00e1s todo lo que necesitas al alcance de tu mano, permiti\u00e9ndote disfrutar de una experiencia integral. No dejes pasar esta oportunidad de obtener la tuya y llevar tu juego al siguiente nivel.<\/p>\n<\/div>\n<\/div>\n<\/div>\n<\/div>","protected":false},"featured_media":8095,"template":"","meta":[],"product_brand":[],"product_cat":[626,761,634,697,628],"product_tag":[],"class_list":{"0":"post-8088","1":"product","2":"type-product","3":"status-publish","4":"has-post-thumbnail","6":"product_cat-bolsas","7":"product_cat-bolsas-ofertas","8":"product_cat-mochila","9":"product_cat-nox-padel","10":"product_cat-nox-bolsas","11":"pa_brand-nox","12":"pa_hs_code-673","14":"first","15":"outofstock","16":"sale","17":"taxable","18":"shipping-taxable","19":"purchasable","20":"product-type-simple"},"yoast_head":"<!-- This site is optimized with the Yoast SEO plugin v27.3 - https:\/\/yoast.com\/product\/yoast-seo-wordpress\/ -->\n<title>Mochila Nox Pro Series Negro - Padel Zoco<\/title>\n<meta name=\"description\" content=\"Mochila Bullpadel Vertex en color rojo perfecta para transportar todo el material de p\u00e1del necesario para un partido o entrenamiento.\" \/>\n<meta name=\"robots\" content=\"index, follow, max-snippet:-1, max-image-preview:large, max-video-preview:-1\" \/>\n<link rel=\"canonical\" href=\"https:\/\/padelzoco.es\/en\/product\/mochila-nox-pro-series-negro\/\" \/>\n<meta property=\"og:locale\" content=\"en_GB\" \/>\n<meta property=\"og:type\" content=\"article\" \/>\n<meta property=\"og:title\" content=\"Mochila Nox Pro Series Negro - Padel Zoco\" \/>\n<meta property=\"og:description\" content=\"Mochila Bullpadel Vertex en color rojo perfecta para transportar todo el material de p\u00e1del necesario para un partido o entrenamiento.\" \/>\n<meta property=\"og:url\" content=\"https:\/\/padelzoco.es\/en\/product\/mochila-nox-pro-series-negro\/\" \/>\n<meta property=\"og:site_name\" content=\"Padel Zoco\" \/>\n<meta property=\"article:modified_time\" content=\"2026-02-02T08:26:40+00:00\" \/>\n<meta property=\"og:image\" content=\"https:\/\/padelzoco.es\/wp-content\/uploads\/2023\/12\/NOX-PRO-SERIES-PADEL-BACKPACK-Black-Image-7.webp\" \/>\n\t<meta property=\"og:image:width\" content=\"1400\" \/>\n\t<meta property=\"og:image:height\" content=\"1400\" \/>\n\t<meta property=\"og:image:type\" content=\"image\/webp\" \/>\n<meta name=\"twitter:card\" content=\"summary_large_image\" \/>\n<meta name=\"twitter:label1\" content=\"Estimated reading time\" \/>\n\t<meta name=\"twitter:data1\" content=\"2 minutes\" \/>\n<script type=\"application\/ld+json\" class=\"yoast-schema-graph\">{\"@context\":\"https:\\\/\\\/schema.org\",\"@graph\":[{\"@type\":\"WebPage\",\"@id\":\"https:\\\/\\\/padelzoco.es\\\/product\\\/mochila-nox-pro-series-negro\\\/\",\"url\":\"https:\\\/\\\/padelzoco.es\\\/product\\\/mochila-nox-pro-series-negro\\\/\",\"name\":\"Mochila Nox Pro Series Negro - Padel Zoco\",\"isPartOf\":{\"@id\":\"https:\\\/\\\/padelzoco.es\\\/#website\"},\"primaryImageOfPage\":{\"@id\":\"https:\\\/\\\/padelzoco.es\\\/product\\\/mochila-nox-pro-series-negro\\\/#primaryimage\"},\"image\":{\"@id\":\"https:\\\/\\\/padelzoco.es\\\/product\\\/mochila-nox-pro-series-negro\\\/#primaryimage\"},\"thumbnailUrl\":\"https:\\\/\\\/padelzoco.es\\\/wp-content\\\/uploads\\\/2023\\\/12\\\/NOX-PRO-SERIES-PADEL-BACKPACK-Black-Image-7.webp\",\"datePublished\":\"2023-12-17T19:45:57+00:00\",\"dateModified\":\"2026-02-02T08:26:40+00:00\",\"description\":\"Mochila Bullpadel Vertex en color rojo perfecta para transportar todo el material de p\u00e1del necesario para un partido o entrenamiento.\",\"breadcrumb\":{\"@id\":\"https:\\\/\\\/padelzoco.es\\\/product\\\/mochila-nox-pro-series-negro\\\/#breadcrumb\"},\"inLanguage\":\"en-GB\",\"potentialAction\":[{\"@type\":\"ReadAction\",\"target\":[\"https:\\\/\\\/padelzoco.es\\\/product\\\/mochila-nox-pro-series-negro\\\/\"]}]},{\"@type\":\"ImageObject\",\"inLanguage\":\"en-GB\",\"@id\":\"https:\\\/\\\/padelzoco.es\\\/product\\\/mochila-nox-pro-series-negro\\\/#primaryimage\",\"url\":\"https:\\\/\\\/padelzoco.es\\\/wp-content\\\/uploads\\\/2023\\\/12\\\/NOX-PRO-SERIES-PADEL-BACKPACK-Black-Image-7.webp\",\"contentUrl\":\"https:\\\/\\\/padelzoco.es\\\/wp-content\\\/uploads\\\/2023\\\/12\\\/NOX-PRO-SERIES-PADEL-BACKPACK-Black-Image-7.webp\",\"width\":1400,\"height\":1400,\"caption\":\"NOX PRO SERIES PADEL BACKPACK Black Image 7\"},{\"@type\":\"BreadcrumbList\",\"@id\":\"https:\\\/\\\/padelzoco.es\\\/product\\\/mochila-nox-pro-series-negro\\\/#breadcrumb\",\"itemListElement\":[{\"@type\":\"ListItem\",\"position\":1,\"name\":\"Home\",\"item\":\"https:\\\/\\\/padelzoco.es\\\/\"},{\"@type\":\"ListItem\",\"position\":2,\"name\":\"Padel Zoco\",\"item\":\"https:\\\/\\\/padelzoco.es\\\/padel-zoco\\\/\"},{\"@type\":\"ListItem\",\"position\":3,\"name\":\"Mochila Nox Pro Series Negro\"}]},{\"@type\":\"WebSite\",\"@id\":\"https:\\\/\\\/padelzoco.es\\\/#website\",\"url\":\"https:\\\/\\\/padelzoco.es\\\/\",\"name\":\"Padel Zoco\",\"description\":\"Padel Zoco | Spain\",\"publisher\":{\"@id\":\"https:\\\/\\\/padelzoco.es\\\/#organization\"},\"potentialAction\":[{\"@type\":\"SearchAction\",\"target\":{\"@type\":\"EntryPoint\",\"urlTemplate\":\"https:\\\/\\\/padelzoco.es\\\/?s={search_term_string}\"},\"query-input\":{\"@type\":\"PropertyValueSpecification\",\"valueRequired\":true,\"valueName\":\"search_term_string\"}}],\"inLanguage\":\"en-GB\"},{\"@type\":\"Organization\",\"@id\":\"https:\\\/\\\/padelzoco.es\\\/#organization\",\"name\":\"Padel Zoco\",\"url\":\"https:\\\/\\\/padelzoco.es\\\/\",\"logo\":{\"@type\":\"ImageObject\",\"inLanguage\":\"en-GB\",\"@id\":\"https:\\\/\\\/padelzoco.es\\\/#\\\/schema\\\/logo\\\/image\\\/\",\"url\":\"https:\\\/\\\/padelzoco.es\\\/wp-content\\\/uploads\\\/2023\\\/11\\\/PadelZoco_Logo_black_white.webp\",\"contentUrl\":\"https:\\\/\\\/padelzoco.es\\\/wp-content\\\/uploads\\\/2023\\\/11\\\/PadelZoco_Logo_black_white.webp\",\"width\":1500,\"height\":631,\"caption\":\"Padel Zoco\"},\"image\":{\"@id\":\"https:\\\/\\\/padelzoco.es\\\/#\\\/schema\\\/logo\\\/image\\\/\"}}]}<\/script>\n<!-- \/ Yoast SEO plugin. -->","yoast_head_json":{"title":"Mochila Nox Pro Series Negro - Padel Zoco","description":"Mochila Bullpadel Vertex en color rojo perfecta para transportar todo el material de p\u00e1del necesario para un partido o entrenamiento.","robots":{"index":"index","follow":"follow","max-snippet":"max-snippet:-1","max-image-preview":"max-image-preview:large","max-video-preview":"max-video-preview:-1"},"canonical":"https:\/\/padelzoco.es\/en\/product\/mochila-nox-pro-series-negro\/","og_locale":"en_GB","og_type":"article","og_title":"Mochila Nox Pro Series Negro - Padel Zoco","og_description":"Mochila Bullpadel Vertex en color rojo perfecta para transportar todo el material de p\u00e1del necesario para un partido o entrenamiento.","og_url":"https:\/\/padelzoco.es\/en\/product\/mochila-nox-pro-series-negro\/","og_site_name":"Padel Zoco","article_modified_time":"2026-02-02T08:26:40+00:00","og_image":[{"width":1400,"height":1400,"url":"https:\/\/padelzoco.es\/wp-content\/uploads\/2023\/12\/NOX-PRO-SERIES-PADEL-BACKPACK-Black-Image-7.webp","type":"image\/webp"}],"twitter_card":"summary_large_image","twitter_misc":{"Estimated reading time":"2 minutes"},"schema":{"@context":"https:\/\/schema.org","@graph":[{"@type":"WebPage","@id":"https:\/\/padelzoco.es\/product\/mochila-nox-pro-series-negro\/","url":"https:\/\/padelzoco.es\/product\/mochila-nox-pro-series-negro\/","name":"Mochila Nox Pro Series Negro - Padel Zoco","isPartOf":{"@id":"https:\/\/padelzoco.es\/#website"},"primaryImageOfPage":{"@id":"https:\/\/padelzoco.es\/product\/mochila-nox-pro-series-negro\/#primaryimage"},"image":{"@id":"https:\/\/padelzoco.es\/product\/mochila-nox-pro-series-negro\/#primaryimage"},"thumbnailUrl":"https:\/\/padelzoco.es\/wp-content\/uploads\/2023\/12\/NOX-PRO-SERIES-PADEL-BACKPACK-Black-Image-7.webp","datePublished":"2023-12-17T19:45:57+00:00","dateModified":"2026-02-02T08:26:40+00:00","description":"Mochila Bullpadel Vertex en color rojo perfecta para transportar todo el material de p\u00e1del necesario para un partido o entrenamiento.","breadcrumb":{"@id":"https:\/\/padelzoco.es\/product\/mochila-nox-pro-series-negro\/#breadcrumb"},"inLanguage":"en-GB","potentialAction":[{"@type":"ReadAction","target":["https:\/\/padelzoco.es\/product\/mochila-nox-pro-series-negro\/"]}]},{"@type":"ImageObject","inLanguage":"en-GB","@id":"https:\/\/padelzoco.es\/product\/mochila-nox-pro-series-negro\/#primaryimage","url":"https:\/\/padelzoco.es\/wp-content\/uploads\/2023\/12\/NOX-PRO-SERIES-PADEL-BACKPACK-Black-Image-7.webp","contentUrl":"https:\/\/padelzoco.es\/wp-content\/uploads\/2023\/12\/NOX-PRO-SERIES-PADEL-BACKPACK-Black-Image-7.webp","width":1400,"height":1400,"caption":"NOX PRO SERIES PADEL BACKPACK Black Image 7"},{"@type":"BreadcrumbList","@id":"https:\/\/padelzoco.es\/product\/mochila-nox-pro-series-negro\/#breadcrumb","itemListElement":[{"@type":"ListItem","position":1,"name":"Home","item":"https:\/\/padelzoco.es\/"},{"@type":"ListItem","position":2,"name":"Padel Zoco","item":"https:\/\/padelzoco.es\/padel-zoco\/"},{"@type":"ListItem","position":3,"name":"Mochila Nox Pro Series Negro"}]},{"@type":"WebSite","@id":"https:\/\/padelzoco.es\/#website","url":"https:\/\/padelzoco.es\/","name":"Padel Zoco","description":"Padel Zoco | Spain","publisher":{"@id":"https:\/\/padelzoco.es\/#organization"},"potentialAction":[{"@type":"SearchAction","target":{"@type":"EntryPoint","urlTemplate":"https:\/\/padelzoco.es\/?s={search_term_string}"},"query-input":{"@type":"PropertyValueSpecification","valueRequired":true,"valueName":"search_term_string"}}],"inLanguage":"en-GB"},{"@type":"Organization","@id":"https:\/\/padelzoco.es\/#organization","name":"Padel Zoco","url":"https:\/\/padelzoco.es\/","logo":{"@type":"ImageObject","inLanguage":"en-GB","@id":"https:\/\/padelzoco.es\/#\/schema\/logo\/image\/","url":"https:\/\/padelzoco.es\/wp-content\/uploads\/2023\/11\/PadelZoco_Logo_black_white.webp","contentUrl":"https:\/\/padelzoco.es\/wp-content\/uploads\/2023\/11\/PadelZoco_Logo_black_white.webp","width":1500,"height":631,"caption":"Padel Zoco"},"image":{"@id":"https:\/\/padelzoco.es\/#\/schema\/logo\/image\/"}}]}},"_links":{"self":[{"href":"https:\/\/padelzoco.es\/en\/wp-json\/wp\/v2\/product\/8088","targetHints":{"allow":["GET"]}}],"collection":[{"href":"https:\/\/padelzoco.es\/en\/wp-json\/wp\/v2\/product"}],"about":[{"href":"https:\/\/padelzoco.es\/en\/wp-json\/wp\/v2\/types\/product"}],"version-history":[{"count":1,"href":"https:\/\/padelzoco.es\/en\/wp-json\/wp\/v2\/product\/8088\/revisions"}],"predecessor-version":[{"id":23591,"href":"https:\/\/padelzoco.es\/en\/wp-json\/wp\/v2\/product\/8088\/revisions\/23591"}],"wp:featuredmedia":[{"embeddable":true,"href":"https:\/\/padelzoco.es\/en\/wp-json\/wp\/v2\/media\/8095"}],"wp:attachment":[{"href":"https:\/\/padelzoco.es\/en\/wp-json\/wp\/v2\/media?parent=8088"}],"wp:term":[{"taxonomy":"product_brand","embeddable":true,"href":"https:\/\/padelzoco.es\/en\/wp-json\/wp\/v2\/product_brand?post=8088"},{"taxonomy":"product_cat","embeddable":true,"href":"https:\/\/padelzoco.es\/en\/wp-json\/wp\/v2\/product_cat?post=8088"},{"taxonomy":"product_tag","embeddable":true,"href":"https:\/\/padelzoco.es\/en\/wp-json\/wp\/v2\/product_tag?post=8088"}],"curies":[{"name":"wp","href":"https:\/\/api.w.org\/{rel}","templated":true}]}}