{"id":8104,"date":"2023-12-17T21:02:08","date_gmt":"2023-12-17T20:02:08","guid":{"rendered":"https:\/\/adc06f55e9.nxcli.io\/?post_type=product&#038;p=8104"},"modified":"2026-02-02T09:47:41","modified_gmt":"2026-02-02T08:47:41","slug":"toalla-agarre-nox-grip-gorilla","status":"publish","type":"product","link":"https:\/\/padelzoco.es\/en\/product\/toalla-agarre-nox-grip-gorilla\/","title":{"rendered":"Toalla Agarre Nox Grip Gorilla"},"content":{"rendered":"<p>Descubre uno de los secretos mejor guardados de Miguel Lamperti: la toallita de agarre Gorilla Gold\u00ae<strong>, ahora\u00a0con formulaci\u00f3n espec\u00edfica para padel en exclusiva para Nox.<\/strong>Con la toallita potenciadora de agarre Nox conseguir\u00e1s:<\/p>\n<ul>\n<li><strong>Reducir el n\u00famero de errores<\/strong>\u00a0en juego debidos a un mal agarre o deslizamientos de la pala en tu mano.<\/li>\n<li><strong>Reducir el riesgo de lesiones<\/strong>\u00a0<strong>musculares y articulares<\/strong>\u00a0en el brazo al requerir un menor esfuerzo para agarrar la pala.<\/li>\n<li><strong>Controlar el nivel de agarre deseado<\/strong>\u00a0simplemente apretando m\u00e1s o\u00a0menos la toallita contra la empu\u00f1adura.<\/li>\n<\/ul>","protected":false},"excerpt":{"rendered":"<p>Descubre uno de los secretos mejor guardados de Miguel Lamperti: la toallita de agarre Gorilla Gold\u00ae<strong>, ahora\u00a0con formulaci\u00f3n espec\u00edfica para padel en exclusiva para Nox.<\/strong>Con la toallita potenciadora de agarre Nox conseguir\u00e1s:<\/p>\n<ul>\n<li><strong>Reducir el n\u00famero de errores<\/strong>\u00a0en juego debidos a un mal agarre o deslizamientos de la pala en tu mano.<\/li>\n<li><strong>Reducir el riesgo de lesiones<\/strong>\u00a0<strong>musculares y articulares<\/strong>\u00a0en el brazo al requerir un menor esfuerzo para agarrar la pala.<\/li>\n<li><strong>Controlar el nivel de agarre deseado<\/strong>\u00a0simplemente apretando m\u00e1s o\u00a0menos la toallita contra la empu\u00f1adura.<\/li>\n<\/ul>","protected":false},"featured_media":8105,"template":"","meta":[],"product_brand":[],"product_cat":[637,803,638,697],"product_tag":[],"class_list":{"0":"post-8104","1":"product","2":"type-product","3":"status-publish","4":"has-post-thumbnail","6":"product_cat-accesorios","7":"product_cat-grip-sprays","8":"product_cat-grips-and-overgrips","9":"product_cat-nox-padel","10":"pa_brand-nox","11":"pa_hs_code-87","13":"first","14":"instock","15":"taxable","16":"shipping-taxable","17":"purchasable","18":"product-type-simple"},"yoast_head":"<!-- This site is optimized with the Yoast SEO plugin v27.3 - https:\/\/yoast.com\/product\/yoast-seo-wordpress\/ -->\n<title>Toalla Agarre Nox Grip Gorilla - Padel Zoco<\/title>\n<meta name=\"description\" content=\"Gran adherencia con una alta absorci\u00f3n de sudor y agua en los overgrips micro perforados. M\u00e1ximo confort y tacto suave que generan una excelente sensaci\u00f3n de agarre.\" \/>\n<meta name=\"robots\" content=\"index, follow, max-snippet:-1, max-image-preview:large, max-video-preview:-1\" \/>\n<link rel=\"canonical\" href=\"https:\/\/padelzoco.es\/en\/product\/toalla-agarre-nox-grip-gorilla\/\" \/>\n<meta property=\"og:locale\" content=\"en_GB\" \/>\n<meta property=\"og:type\" content=\"article\" \/>\n<meta property=\"og:title\" content=\"Toalla Agarre Nox Grip Gorilla - Padel Zoco\" \/>\n<meta property=\"og:description\" content=\"Gran adherencia con una alta absorci\u00f3n de sudor y agua en los overgrips micro perforados. M\u00e1ximo confort y tacto suave que generan una excelente sensaci\u00f3n de agarre.\" \/>\n<meta property=\"og:url\" content=\"https:\/\/padelzoco.es\/en\/product\/toalla-agarre-nox-grip-gorilla\/\" \/>\n<meta property=\"og:site_name\" content=\"Padel Zoco\" \/>\n<meta property=\"article:modified_time\" content=\"2026-02-02T08:47:41+00:00\" \/>\n<meta property=\"og:image\" content=\"https:\/\/padelzoco.es\/wp-content\/uploads\/2023\/12\/NOX-Padel-Grip-Enhance-Towel-Image-1.webp\" \/>\n\t<meta property=\"og:image:width\" content=\"1400\" \/>\n\t<meta property=\"og:image:height\" content=\"1400\" \/>\n\t<meta property=\"og:image:type\" content=\"image\/webp\" \/>\n<meta name=\"twitter:card\" content=\"summary_large_image\" \/>\n<meta name=\"twitter:label1\" content=\"Estimated reading time\" \/>\n\t<meta name=\"twitter:data1\" content=\"1 minute\" \/>\n<script type=\"application\/ld+json\" class=\"yoast-schema-graph\">{\"@context\":\"https:\\\/\\\/schema.org\",\"@graph\":[{\"@type\":\"WebPage\",\"@id\":\"https:\\\/\\\/padelzoco.es\\\/product\\\/toalla-agarre-nox-grip-gorilla\\\/\",\"url\":\"https:\\\/\\\/padelzoco.es\\\/product\\\/toalla-agarre-nox-grip-gorilla\\\/\",\"name\":\"Toalla Agarre Nox Grip Gorilla - Padel Zoco\",\"isPartOf\":{\"@id\":\"https:\\\/\\\/padelzoco.es\\\/#website\"},\"primaryImageOfPage\":{\"@id\":\"https:\\\/\\\/padelzoco.es\\\/product\\\/toalla-agarre-nox-grip-gorilla\\\/#primaryimage\"},\"image\":{\"@id\":\"https:\\\/\\\/padelzoco.es\\\/product\\\/toalla-agarre-nox-grip-gorilla\\\/#primaryimage\"},\"thumbnailUrl\":\"https:\\\/\\\/padelzoco.es\\\/wp-content\\\/uploads\\\/2023\\\/12\\\/NOX-Padel-Grip-Enhance-Towel-Image-1.webp\",\"datePublished\":\"2023-12-17T20:02:08+00:00\",\"dateModified\":\"2026-02-02T08:47:41+00:00\",\"description\":\"Gran adherencia con una alta absorci\u00f3n de sudor y agua en los overgrips micro perforados. M\u00e1ximo confort y tacto suave que generan una excelente sensaci\u00f3n de agarre.\",\"breadcrumb\":{\"@id\":\"https:\\\/\\\/padelzoco.es\\\/product\\\/toalla-agarre-nox-grip-gorilla\\\/#breadcrumb\"},\"inLanguage\":\"en-GB\",\"potentialAction\":[{\"@type\":\"ReadAction\",\"target\":[\"https:\\\/\\\/padelzoco.es\\\/product\\\/toalla-agarre-nox-grip-gorilla\\\/\"]}]},{\"@type\":\"ImageObject\",\"inLanguage\":\"en-GB\",\"@id\":\"https:\\\/\\\/padelzoco.es\\\/product\\\/toalla-agarre-nox-grip-gorilla\\\/#primaryimage\",\"url\":\"https:\\\/\\\/padelzoco.es\\\/wp-content\\\/uploads\\\/2023\\\/12\\\/NOX-Padel-Grip-Enhance-Towel-Image-1.webp\",\"contentUrl\":\"https:\\\/\\\/padelzoco.es\\\/wp-content\\\/uploads\\\/2023\\\/12\\\/NOX-Padel-Grip-Enhance-Towel-Image-1.webp\",\"width\":1400,\"height\":1400,\"caption\":\"NOX Padel Grip Enhance Towel Image 1\"},{\"@type\":\"BreadcrumbList\",\"@id\":\"https:\\\/\\\/padelzoco.es\\\/product\\\/toalla-agarre-nox-grip-gorilla\\\/#breadcrumb\",\"itemListElement\":[{\"@type\":\"ListItem\",\"position\":1,\"name\":\"Home\",\"item\":\"https:\\\/\\\/padelzoco.es\\\/\"},{\"@type\":\"ListItem\",\"position\":2,\"name\":\"Padel Zoco\",\"item\":\"https:\\\/\\\/padelzoco.es\\\/padel-zoco\\\/\"},{\"@type\":\"ListItem\",\"position\":3,\"name\":\"Toalla Agarre Nox Grip Gorilla\"}]},{\"@type\":\"WebSite\",\"@id\":\"https:\\\/\\\/padelzoco.es\\\/#website\",\"url\":\"https:\\\/\\\/padelzoco.es\\\/\",\"name\":\"Padel Zoco\",\"description\":\"Padel Zoco | Spain\",\"publisher\":{\"@id\":\"https:\\\/\\\/padelzoco.es\\\/#organization\"},\"potentialAction\":[{\"@type\":\"SearchAction\",\"target\":{\"@type\":\"EntryPoint\",\"urlTemplate\":\"https:\\\/\\\/padelzoco.es\\\/?s={search_term_string}\"},\"query-input\":{\"@type\":\"PropertyValueSpecification\",\"valueRequired\":true,\"valueName\":\"search_term_string\"}}],\"inLanguage\":\"en-GB\"},{\"@type\":\"Organization\",\"@id\":\"https:\\\/\\\/padelzoco.es\\\/#organization\",\"name\":\"Padel Zoco\",\"url\":\"https:\\\/\\\/padelzoco.es\\\/\",\"logo\":{\"@type\":\"ImageObject\",\"inLanguage\":\"en-GB\",\"@id\":\"https:\\\/\\\/padelzoco.es\\\/#\\\/schema\\\/logo\\\/image\\\/\",\"url\":\"https:\\\/\\\/padelzoco.es\\\/wp-content\\\/uploads\\\/2023\\\/11\\\/PadelZoco_Logo_black_white.webp\",\"contentUrl\":\"https:\\\/\\\/padelzoco.es\\\/wp-content\\\/uploads\\\/2023\\\/11\\\/PadelZoco_Logo_black_white.webp\",\"width\":1500,\"height\":631,\"caption\":\"Padel Zoco\"},\"image\":{\"@id\":\"https:\\\/\\\/padelzoco.es\\\/#\\\/schema\\\/logo\\\/image\\\/\"}}]}<\/script>\n<!-- \/ Yoast SEO plugin. -->","yoast_head_json":{"title":"Toalla Agarre Nox Grip Gorilla - Padel Zoco","description":"Gran adherencia con una alta absorci\u00f3n de sudor y agua en los overgrips micro perforados. M\u00e1ximo confort y tacto suave que generan una excelente sensaci\u00f3n de agarre.","robots":{"index":"index","follow":"follow","max-snippet":"max-snippet:-1","max-image-preview":"max-image-preview:large","max-video-preview":"max-video-preview:-1"},"canonical":"https:\/\/padelzoco.es\/en\/product\/toalla-agarre-nox-grip-gorilla\/","og_locale":"en_GB","og_type":"article","og_title":"Toalla Agarre Nox Grip Gorilla - Padel Zoco","og_description":"Gran adherencia con una alta absorci\u00f3n de sudor y agua en los overgrips micro perforados. M\u00e1ximo confort y tacto suave que generan una excelente sensaci\u00f3n de agarre.","og_url":"https:\/\/padelzoco.es\/en\/product\/toalla-agarre-nox-grip-gorilla\/","og_site_name":"Padel Zoco","article_modified_time":"2026-02-02T08:47:41+00:00","og_image":[{"width":1400,"height":1400,"url":"https:\/\/padelzoco.es\/wp-content\/uploads\/2023\/12\/NOX-Padel-Grip-Enhance-Towel-Image-1.webp","type":"image\/webp"}],"twitter_card":"summary_large_image","twitter_misc":{"Estimated reading time":"1 minute"},"schema":{"@context":"https:\/\/schema.org","@graph":[{"@type":"WebPage","@id":"https:\/\/padelzoco.es\/product\/toalla-agarre-nox-grip-gorilla\/","url":"https:\/\/padelzoco.es\/product\/toalla-agarre-nox-grip-gorilla\/","name":"Toalla Agarre Nox Grip Gorilla - Padel Zoco","isPartOf":{"@id":"https:\/\/padelzoco.es\/#website"},"primaryImageOfPage":{"@id":"https:\/\/padelzoco.es\/product\/toalla-agarre-nox-grip-gorilla\/#primaryimage"},"image":{"@id":"https:\/\/padelzoco.es\/product\/toalla-agarre-nox-grip-gorilla\/#primaryimage"},"thumbnailUrl":"https:\/\/padelzoco.es\/wp-content\/uploads\/2023\/12\/NOX-Padel-Grip-Enhance-Towel-Image-1.webp","datePublished":"2023-12-17T20:02:08+00:00","dateModified":"2026-02-02T08:47:41+00:00","description":"Gran adherencia con una alta absorci\u00f3n de sudor y agua en los overgrips micro perforados. M\u00e1ximo confort y tacto suave que generan una excelente sensaci\u00f3n de agarre.","breadcrumb":{"@id":"https:\/\/padelzoco.es\/product\/toalla-agarre-nox-grip-gorilla\/#breadcrumb"},"inLanguage":"en-GB","potentialAction":[{"@type":"ReadAction","target":["https:\/\/padelzoco.es\/product\/toalla-agarre-nox-grip-gorilla\/"]}]},{"@type":"ImageObject","inLanguage":"en-GB","@id":"https:\/\/padelzoco.es\/product\/toalla-agarre-nox-grip-gorilla\/#primaryimage","url":"https:\/\/padelzoco.es\/wp-content\/uploads\/2023\/12\/NOX-Padel-Grip-Enhance-Towel-Image-1.webp","contentUrl":"https:\/\/padelzoco.es\/wp-content\/uploads\/2023\/12\/NOX-Padel-Grip-Enhance-Towel-Image-1.webp","width":1400,"height":1400,"caption":"NOX Padel Grip Enhance Towel Image 1"},{"@type":"BreadcrumbList","@id":"https:\/\/padelzoco.es\/product\/toalla-agarre-nox-grip-gorilla\/#breadcrumb","itemListElement":[{"@type":"ListItem","position":1,"name":"Home","item":"https:\/\/padelzoco.es\/"},{"@type":"ListItem","position":2,"name":"Padel Zoco","item":"https:\/\/padelzoco.es\/padel-zoco\/"},{"@type":"ListItem","position":3,"name":"Toalla Agarre Nox Grip Gorilla"}]},{"@type":"WebSite","@id":"https:\/\/padelzoco.es\/#website","url":"https:\/\/padelzoco.es\/","name":"Padel Zoco","description":"Padel Zoco | Spain","publisher":{"@id":"https:\/\/padelzoco.es\/#organization"},"potentialAction":[{"@type":"SearchAction","target":{"@type":"EntryPoint","urlTemplate":"https:\/\/padelzoco.es\/?s={search_term_string}"},"query-input":{"@type":"PropertyValueSpecification","valueRequired":true,"valueName":"search_term_string"}}],"inLanguage":"en-GB"},{"@type":"Organization","@id":"https:\/\/padelzoco.es\/#organization","name":"Padel Zoco","url":"https:\/\/padelzoco.es\/","logo":{"@type":"ImageObject","inLanguage":"en-GB","@id":"https:\/\/padelzoco.es\/#\/schema\/logo\/image\/","url":"https:\/\/padelzoco.es\/wp-content\/uploads\/2023\/11\/PadelZoco_Logo_black_white.webp","contentUrl":"https:\/\/padelzoco.es\/wp-content\/uploads\/2023\/11\/PadelZoco_Logo_black_white.webp","width":1500,"height":631,"caption":"Padel Zoco"},"image":{"@id":"https:\/\/padelzoco.es\/#\/schema\/logo\/image\/"}}]}},"_links":{"self":[{"href":"https:\/\/padelzoco.es\/en\/wp-json\/wp\/v2\/product\/8104","targetHints":{"allow":["GET"]}}],"collection":[{"href":"https:\/\/padelzoco.es\/en\/wp-json\/wp\/v2\/product"}],"about":[{"href":"https:\/\/padelzoco.es\/en\/wp-json\/wp\/v2\/types\/product"}],"version-history":[{"count":1,"href":"https:\/\/padelzoco.es\/en\/wp-json\/wp\/v2\/product\/8104\/revisions"}],"predecessor-version":[{"id":19111,"href":"https:\/\/padelzoco.es\/en\/wp-json\/wp\/v2\/product\/8104\/revisions\/19111"}],"wp:featuredmedia":[{"embeddable":true,"href":"https:\/\/padelzoco.es\/en\/wp-json\/wp\/v2\/media\/8105"}],"wp:attachment":[{"href":"https:\/\/padelzoco.es\/en\/wp-json\/wp\/v2\/media?parent=8104"}],"wp:term":[{"taxonomy":"product_brand","embeddable":true,"href":"https:\/\/padelzoco.es\/en\/wp-json\/wp\/v2\/product_brand?post=8104"},{"taxonomy":"product_cat","embeddable":true,"href":"https:\/\/padelzoco.es\/en\/wp-json\/wp\/v2\/product_cat?post=8104"},{"taxonomy":"product_tag","embeddable":true,"href":"https:\/\/padelzoco.es\/en\/wp-json\/wp\/v2\/product_tag?post=8104"}],"curies":[{"name":"wp","href":"https:\/\/api.w.org\/{rel}","templated":true}]}}