{"id":8290,"date":"2023-12-26T12:51:04","date_gmt":"2023-12-26T11:51:04","guid":{"rendered":"https:\/\/adc06f55e9.nxcli.io\/?post_type=product&#038;p=8290"},"modified":"2026-04-30T18:48:00","modified_gmt":"2026-04-30T17:48:00","slug":"overgrips-pack-3-bullpadel-gb-1705-verde","status":"publish","type":"product","link":"https:\/\/padelzoco.es\/en\/product\/overgrips-pack-3-bullpadel-gb-1705-verde\/","title":{"rendered":"Overgrips Pack 3 Bullpadel GB-1705 Verde"},"content":{"rendered":"<p><span style=\"vertical-align: inherit;\"><span style=\"vertical-align: inherit;\">Los overgrips cuentan con el sistema SensoGrip Pro que es un 25% m\u00e1s fino que otros overgrips.<\/span><\/span><\/p>\n<p><span style=\"vertical-align: inherit;\"><span style=\"vertical-align: inherit;\">Proporciona una sujeci\u00f3n m\u00e1s firme y segura gracias a su capacidad de absorci\u00f3n de humedad y un tacto y comodidad \u00f3ptimos, en todos los aspectos del juego.<\/span><\/span><\/p>\n<p><span style=\"vertical-align: inherit;\"><span style=\"vertical-align: inherit;\">Proporcionan protecci\u00f3n a la hoja contra el desgaste del mango.<\/span><\/span><\/p>\n<p><span style=\"vertical-align: inherit;\"><span style=\"vertical-align: inherit;\">Tiene un peso y espesor reducidos. <\/span><span style=\"vertical-align: inherit;\">Espesor reducido de 0,5 mm.<\/span><\/span><\/p>","protected":false},"excerpt":{"rendered":"<p><span style=\"vertical-align: inherit;\"><span style=\"vertical-align: inherit;\">Los overgrips GB-1603 cuentan con el sistema SensoGrip Pro que es un 25% m\u00e1s delgado que otros overgrips.<\/span><\/span><\/p>\n<p><span style=\"vertical-align: inherit;\"><span style=\"vertical-align: inherit;\">Proporciona una sujeci\u00f3n m\u00e1s firme y segura gracias a su capacidad de absorci\u00f3n de humedad y un tacto y comodidad \u00f3ptimos, en todos los aspectos del juego.<\/span><\/span><\/p>\n<p><span style=\"vertical-align: inherit;\"><span style=\"vertical-align: inherit;\">Proporcionan protecci\u00f3n a la hoja contra el desgaste del mango.<\/span><\/span><\/p>\n<p><span style=\"vertical-align: inherit;\"><span style=\"vertical-align: inherit;\">Tiene un peso y espesor reducidos. <\/span><span style=\"vertical-align: inherit;\">Espesor reducido de 0,5 mm.<\/span><\/span><\/p>","protected":false},"featured_media":8291,"template":"","meta":[],"product_brand":[],"product_cat":[637,698,638],"product_tag":[],"class_list":{"0":"post-8290","1":"product","2":"type-product","3":"status-publish","4":"has-post-thumbnail","6":"product_cat-accesorios","7":"product_cat-bullpadel-padel","8":"product_cat-grips-and-overgrips","9":"pa_brand-bullpadel","10":"pa_color-green","11":"pa_hs_code-87","13":"first","14":"outofstock","15":"taxable","16":"shipping-taxable","17":"purchasable","18":"product-type-simple"},"yoast_head":"<!-- This site is optimized with the Yoast SEO plugin v27.6 - https:\/\/yoast.com\/product\/yoast-seo-wordpress\/ -->\n<title>Overgrips Pack 3 Bullpadel GB-1705 Verde - Padel Zoco<\/title>\n<meta name=\"robots\" content=\"index, follow, max-snippet:-1, max-image-preview:large, max-video-preview:-1\" \/>\n<link rel=\"canonical\" href=\"https:\/\/padelzoco.es\/en\/product\/overgrips-pack-3-bullpadel-gb-1705-verde\/\" \/>\n<meta property=\"og:locale\" content=\"en_GB\" \/>\n<meta property=\"og:type\" content=\"article\" \/>\n<meta property=\"og:title\" content=\"Overgrips Pack 3 Bullpadel GB-1705 Verde - Padel Zoco\" \/>\n<meta property=\"og:description\" content=\"Los overgrips GB-1603 cuentan con el sistema SensoGrip Pro que es un 25% m\u00e1s delgado que otros overgrips.  Proporciona una sujeci\u00f3n m\u00e1s firme y segura gracias a su capacidad de absorci\u00f3n de humedad y un tacto y comodidad \u00f3ptimos, en todos los aspectos del juego.  Proporcionan protecci\u00f3n a la hoja contra el desgaste del mango.  Tiene un peso y espesor reducidos. Espesor reducido de 0,5 mm.\" \/>\n<meta property=\"og:url\" content=\"https:\/\/padelzoco.es\/en\/product\/overgrips-pack-3-bullpadel-gb-1705-verde\/\" \/>\n<meta property=\"og:site_name\" content=\"Padel Zoco\" \/>\n<meta property=\"article:modified_time\" content=\"2026-04-30T17:48:00+00:00\" \/>\n<meta property=\"og:image\" content=\"https:\/\/padelzoco.es\/wp-content\/uploads\/2023\/12\/BULLPADEL-OVERGRIPS-Green.webp\" \/>\n\t<meta property=\"og:image:width\" content=\"1400\" \/>\n\t<meta property=\"og:image:height\" content=\"1400\" \/>\n\t<meta property=\"og:image:type\" content=\"image\/webp\" \/>\n<meta name=\"twitter:card\" content=\"summary_large_image\" \/>\n<meta name=\"twitter:label1\" content=\"Estimated reading time\" \/>\n\t<meta name=\"twitter:data1\" content=\"1 minute\" \/>\n<script type=\"application\/ld+json\" class=\"yoast-schema-graph\">{\"@context\":\"https:\\\/\\\/schema.org\",\"@graph\":[{\"@type\":\"WebPage\",\"@id\":\"https:\\\/\\\/padelzoco.es\\\/product\\\/overgrips-pack-3-bullpadel-gb-1705-verde\\\/\",\"url\":\"https:\\\/\\\/padelzoco.es\\\/product\\\/overgrips-pack-3-bullpadel-gb-1705-verde\\\/\",\"name\":\"Overgrips Pack 3 Bullpadel GB-1705 Verde - Padel Zoco\",\"isPartOf\":{\"@id\":\"https:\\\/\\\/padelzoco.es\\\/#website\"},\"primaryImageOfPage\":{\"@id\":\"https:\\\/\\\/padelzoco.es\\\/product\\\/overgrips-pack-3-bullpadel-gb-1705-verde\\\/#primaryimage\"},\"image\":{\"@id\":\"https:\\\/\\\/padelzoco.es\\\/product\\\/overgrips-pack-3-bullpadel-gb-1705-verde\\\/#primaryimage\"},\"thumbnailUrl\":\"https:\\\/\\\/padelzoco.es\\\/wp-content\\\/uploads\\\/2023\\\/12\\\/BULLPADEL-OVERGRIPS-Green.webp\",\"datePublished\":\"2023-12-26T11:51:04+00:00\",\"dateModified\":\"2026-04-30T17:48:00+00:00\",\"breadcrumb\":{\"@id\":\"https:\\\/\\\/padelzoco.es\\\/product\\\/overgrips-pack-3-bullpadel-gb-1705-verde\\\/#breadcrumb\"},\"inLanguage\":\"en-GB\",\"potentialAction\":[{\"@type\":\"ReadAction\",\"target\":[\"https:\\\/\\\/padelzoco.es\\\/product\\\/overgrips-pack-3-bullpadel-gb-1705-verde\\\/\"]}]},{\"@type\":\"ImageObject\",\"inLanguage\":\"en-GB\",\"@id\":\"https:\\\/\\\/padelzoco.es\\\/product\\\/overgrips-pack-3-bullpadel-gb-1705-verde\\\/#primaryimage\",\"url\":\"https:\\\/\\\/padelzoco.es\\\/wp-content\\\/uploads\\\/2023\\\/12\\\/BULLPADEL-OVERGRIPS-Green.webp\",\"contentUrl\":\"https:\\\/\\\/padelzoco.es\\\/wp-content\\\/uploads\\\/2023\\\/12\\\/BULLPADEL-OVERGRIPS-Green.webp\",\"width\":1400,\"height\":1400},{\"@type\":\"BreadcrumbList\",\"@id\":\"https:\\\/\\\/padelzoco.es\\\/product\\\/overgrips-pack-3-bullpadel-gb-1705-verde\\\/#breadcrumb\",\"itemListElement\":[{\"@type\":\"ListItem\",\"position\":1,\"name\":\"Home\",\"item\":\"https:\\\/\\\/padelzoco.es\\\/\"},{\"@type\":\"ListItem\",\"position\":2,\"name\":\"Padel Zoco\",\"item\":\"https:\\\/\\\/padelzoco.es\\\/padel-zoco\\\/\"},{\"@type\":\"ListItem\",\"position\":3,\"name\":\"Overgrips Pack 3 Bullpadel GB-1705 Verde\"}]},{\"@type\":\"WebSite\",\"@id\":\"https:\\\/\\\/padelzoco.es\\\/#website\",\"url\":\"https:\\\/\\\/padelzoco.es\\\/\",\"name\":\"Padel Zoco\",\"description\":\"Padel Zoco | Spain\",\"publisher\":{\"@id\":\"https:\\\/\\\/padelzoco.es\\\/#organization\"},\"potentialAction\":[{\"@type\":\"SearchAction\",\"target\":{\"@type\":\"EntryPoint\",\"urlTemplate\":\"https:\\\/\\\/padelzoco.es\\\/?s={search_term_string}\"},\"query-input\":{\"@type\":\"PropertyValueSpecification\",\"valueRequired\":true,\"valueName\":\"search_term_string\"}}],\"inLanguage\":\"en-GB\"},{\"@type\":\"Organization\",\"@id\":\"https:\\\/\\\/padelzoco.es\\\/#organization\",\"name\":\"Padel Zoco\",\"url\":\"https:\\\/\\\/padelzoco.es\\\/\",\"logo\":{\"@type\":\"ImageObject\",\"inLanguage\":\"en-GB\",\"@id\":\"https:\\\/\\\/padelzoco.es\\\/#\\\/schema\\\/logo\\\/image\\\/\",\"url\":\"https:\\\/\\\/padelzoco.es\\\/wp-content\\\/uploads\\\/2023\\\/11\\\/PadelZoco_Logo_black_white.webp\",\"contentUrl\":\"https:\\\/\\\/padelzoco.es\\\/wp-content\\\/uploads\\\/2023\\\/11\\\/PadelZoco_Logo_black_white.webp\",\"width\":1500,\"height\":631,\"caption\":\"Padel Zoco\"},\"image\":{\"@id\":\"https:\\\/\\\/padelzoco.es\\\/#\\\/schema\\\/logo\\\/image\\\/\"}}]}<\/script>\n<!-- \/ Yoast SEO plugin. -->","yoast_head_json":{"title":"Overgrips Pack 3 Bullpadel GB-1705 Verde - Padel Zoco","robots":{"index":"index","follow":"follow","max-snippet":"max-snippet:-1","max-image-preview":"max-image-preview:large","max-video-preview":"max-video-preview:-1"},"canonical":"https:\/\/padelzoco.es\/en\/product\/overgrips-pack-3-bullpadel-gb-1705-verde\/","og_locale":"en_GB","og_type":"article","og_title":"Overgrips Pack 3 Bullpadel GB-1705 Verde - Padel Zoco","og_description":"Los overgrips GB-1603 cuentan con el sistema SensoGrip Pro que es un 25% m\u00e1s delgado que otros overgrips.  Proporciona una sujeci\u00f3n m\u00e1s firme y segura gracias a su capacidad de absorci\u00f3n de humedad y un tacto y comodidad \u00f3ptimos, en todos los aspectos del juego.  Proporcionan protecci\u00f3n a la hoja contra el desgaste del mango.  Tiene un peso y espesor reducidos. Espesor reducido de 0,5 mm.","og_url":"https:\/\/padelzoco.es\/en\/product\/overgrips-pack-3-bullpadel-gb-1705-verde\/","og_site_name":"Padel Zoco","article_modified_time":"2026-04-30T17:48:00+00:00","og_image":[{"width":1400,"height":1400,"url":"https:\/\/padelzoco.es\/wp-content\/uploads\/2023\/12\/BULLPADEL-OVERGRIPS-Green.webp","type":"image\/webp"}],"twitter_card":"summary_large_image","twitter_misc":{"Estimated reading time":"1 minute"},"schema":{"@context":"https:\/\/schema.org","@graph":[{"@type":"WebPage","@id":"https:\/\/padelzoco.es\/product\/overgrips-pack-3-bullpadel-gb-1705-verde\/","url":"https:\/\/padelzoco.es\/product\/overgrips-pack-3-bullpadel-gb-1705-verde\/","name":"Overgrips Pack 3 Bullpadel GB-1705 Verde - Padel Zoco","isPartOf":{"@id":"https:\/\/padelzoco.es\/#website"},"primaryImageOfPage":{"@id":"https:\/\/padelzoco.es\/product\/overgrips-pack-3-bullpadel-gb-1705-verde\/#primaryimage"},"image":{"@id":"https:\/\/padelzoco.es\/product\/overgrips-pack-3-bullpadel-gb-1705-verde\/#primaryimage"},"thumbnailUrl":"https:\/\/padelzoco.es\/wp-content\/uploads\/2023\/12\/BULLPADEL-OVERGRIPS-Green.webp","datePublished":"2023-12-26T11:51:04+00:00","dateModified":"2026-04-30T17:48:00+00:00","breadcrumb":{"@id":"https:\/\/padelzoco.es\/product\/overgrips-pack-3-bullpadel-gb-1705-verde\/#breadcrumb"},"inLanguage":"en-GB","potentialAction":[{"@type":"ReadAction","target":["https:\/\/padelzoco.es\/product\/overgrips-pack-3-bullpadel-gb-1705-verde\/"]}]},{"@type":"ImageObject","inLanguage":"en-GB","@id":"https:\/\/padelzoco.es\/product\/overgrips-pack-3-bullpadel-gb-1705-verde\/#primaryimage","url":"https:\/\/padelzoco.es\/wp-content\/uploads\/2023\/12\/BULLPADEL-OVERGRIPS-Green.webp","contentUrl":"https:\/\/padelzoco.es\/wp-content\/uploads\/2023\/12\/BULLPADEL-OVERGRIPS-Green.webp","width":1400,"height":1400},{"@type":"BreadcrumbList","@id":"https:\/\/padelzoco.es\/product\/overgrips-pack-3-bullpadel-gb-1705-verde\/#breadcrumb","itemListElement":[{"@type":"ListItem","position":1,"name":"Home","item":"https:\/\/padelzoco.es\/"},{"@type":"ListItem","position":2,"name":"Padel Zoco","item":"https:\/\/padelzoco.es\/padel-zoco\/"},{"@type":"ListItem","position":3,"name":"Overgrips Pack 3 Bullpadel GB-1705 Verde"}]},{"@type":"WebSite","@id":"https:\/\/padelzoco.es\/#website","url":"https:\/\/padelzoco.es\/","name":"Padel Zoco","description":"Padel Zoco | Spain","publisher":{"@id":"https:\/\/padelzoco.es\/#organization"},"potentialAction":[{"@type":"SearchAction","target":{"@type":"EntryPoint","urlTemplate":"https:\/\/padelzoco.es\/?s={search_term_string}"},"query-input":{"@type":"PropertyValueSpecification","valueRequired":true,"valueName":"search_term_string"}}],"inLanguage":"en-GB"},{"@type":"Organization","@id":"https:\/\/padelzoco.es\/#organization","name":"Padel Zoco","url":"https:\/\/padelzoco.es\/","logo":{"@type":"ImageObject","inLanguage":"en-GB","@id":"https:\/\/padelzoco.es\/#\/schema\/logo\/image\/","url":"https:\/\/padelzoco.es\/wp-content\/uploads\/2023\/11\/PadelZoco_Logo_black_white.webp","contentUrl":"https:\/\/padelzoco.es\/wp-content\/uploads\/2023\/11\/PadelZoco_Logo_black_white.webp","width":1500,"height":631,"caption":"Padel Zoco"},"image":{"@id":"https:\/\/padelzoco.es\/#\/schema\/logo\/image\/"}}]}},"_links":{"self":[{"href":"https:\/\/padelzoco.es\/en\/wp-json\/wp\/v2\/product\/8290","targetHints":{"allow":["GET"]}}],"collection":[{"href":"https:\/\/padelzoco.es\/en\/wp-json\/wp\/v2\/product"}],"about":[{"href":"https:\/\/padelzoco.es\/en\/wp-json\/wp\/v2\/types\/product"}],"version-history":[{"count":1,"href":"https:\/\/padelzoco.es\/en\/wp-json\/wp\/v2\/product\/8290\/revisions"}],"predecessor-version":[{"id":27864,"href":"https:\/\/padelzoco.es\/en\/wp-json\/wp\/v2\/product\/8290\/revisions\/27864"}],"wp:featuredmedia":[{"embeddable":true,"href":"https:\/\/padelzoco.es\/en\/wp-json\/wp\/v2\/media\/8291"}],"wp:attachment":[{"href":"https:\/\/padelzoco.es\/en\/wp-json\/wp\/v2\/media?parent=8290"}],"wp:term":[{"taxonomy":"product_brand","embeddable":true,"href":"https:\/\/padelzoco.es\/en\/wp-json\/wp\/v2\/product_brand?post=8290"},{"taxonomy":"product_cat","embeddable":true,"href":"https:\/\/padelzoco.es\/en\/wp-json\/wp\/v2\/product_cat?post=8290"},{"taxonomy":"product_tag","embeddable":true,"href":"https:\/\/padelzoco.es\/en\/wp-json\/wp\/v2\/product_tag?post=8290"}],"curies":[{"name":"wp","href":"https:\/\/api.w.org\/{rel}","templated":true}]}}