{"id":8385,"date":"2024-01-03T14:37:51","date_gmt":"2024-01-03T13:37:51","guid":{"rendered":"https:\/\/adc06f55e9.nxcli.io\/?post_type=product&#038;p=8385"},"modified":"2026-04-30T19:33:02","modified_gmt":"2026-04-30T18:33:02","slug":"camiseta-nox-team-mujer-blanco-rojo","status":"publish","type":"product","link":"https:\/\/padelzoco.es\/en\/product\/camiseta-nox-team-mujer-blanco-rojo\/","title":{"rendered":"Camiseta Nox Team Mujer Blanco Rojo"},"content":{"rendered":"<p data-start=\"0\" data-end=\"368\"><br data-start=\"24\" data-end=\"27\" \/>La camiseta <span class=\"hover:entity-accent entity-underline inline cursor-pointer align-baseline\"><span class=\"whitespace-normal\">NOX<\/span><\/span> Team Padel T-shirt para mujer en color blanco con detalles en rojo est\u00e1 dise\u00f1ada para ofrecer comodidad, estilo y rendimiento en la pista. Su corte entallado y manga corta se adaptan al cuerpo, proporcionando una silueta favorecedora sin limitar la libertad de movimiento durante el juego.<\/p>\n<p data-start=\"370\" data-end=\"764\">Fabricada en 100% poli\u00e9ster, incorpora un tejido ligero y el\u00e1stico que mejora la movilidad en cada golpe. Gracias a la tecnolog\u00eda \u201cBalance Fresh\u201d de NOX, garantiza una excelente transpirabilidad y gesti\u00f3n de la humedad, manteni\u00e9ndote fresca y seca incluso en los partidos m\u00e1s exigentes. Es una prenda ideal para jugadoras que buscan rendimiento y comodidad con un dise\u00f1o deportivo y elegante.<\/p>\n<p data-start=\"766\" data-end=\"789\"><strong data-start=\"766\" data-end=\"787\">Specifications:<\/strong><\/p>\n<ul data-start=\"790\" data-end=\"949\">\n<li data-section-id=\"t4otiu\" data-start=\"790\" data-end=\"821\">\n<p data-start=\"792\" data-end=\"821\">Composici\u00f3n: 100% Poli\u00e9ster<\/p>\n<\/li>\n<li data-section-id=\"agg5h\" data-start=\"822\" data-end=\"851\">\n<p data-start=\"824\" data-end=\"851\">Tecnolog\u00eda: Balance Fresh<\/p>\n<\/li>\n<li data-section-id=\"1ctk5ru\" data-start=\"852\" data-end=\"873\">\n<p data-start=\"854\" data-end=\"873\">Ajuste: Entallado<\/p>\n<\/li>\n<li data-section-id=\"egumkf\" data-start=\"874\" data-end=\"910\">\n<p data-start=\"876\" data-end=\"910\">Tipo: Camiseta manga corta mujer<\/p>\n<\/li>\n<li data-section-id=\"162c7zl\" data-start=\"911\" data-end=\"949\">\n<p data-start=\"913\" data-end=\"949\">Color: Blanco con detalles en rojo<\/p>\n<\/li>\n<\/ul>\n<p data-start=\"956\" data-end=\"1235\">\n<p data-start=\"1413\" data-end=\"1583\" data-is-last-node=\"\" data-is-only-node=\"\"><br data-start=\"1434\" data-end=\"1437\" \/><\/p>","protected":false},"excerpt":{"rendered":"<div id=\"product-description-short-2160\" class=\"rte-content product-description\">\n<div id=\"product-description-short-2160\" class=\"rte-content product-description\">\n<div class=\"product attribute overview\">\n<div class=\"value\">\n<div class=\"product_content_left\">\n<div id=\"product-description-short-2160\" class=\"rte-content product-description\">\n<div class=\"product attribute overview\">\n<div class=\"value\">\n<div class=\"product_content_left\">\n<p data-start=\"956\" data-end=\"1235\">Camiseta NOX Team para mujer en blanco con detalles en rojo, dise\u00f1ada con corte entallado para ofrecer comodidad y libertad de movimiento en la pista. Su tejido ligero y el\u00e1stico se adapta a cada movimiento, proporcionando un ajuste c\u00f3modo y deportivo.<\/p>\n<p data-start=\"1237\" data-end=\"1406\">Incorpora tecnolog\u00eda Balance Fresh para una excelente transpirabilidad y control de la humedad, manteni\u00e9ndote fresca y seca durante entrenamientos y partidos intensos.<\/p>\n<\/div>\n<\/div>\n<\/div>\n<\/div>\n<\/div>\n<\/div>\n<\/div>\n<\/div>\n<\/div>","protected":false},"featured_media":8394,"template":"","meta":[],"product_brand":[],"product_cat":[611,609,697,603,601],"product_tag":[],"class_list":{"0":"post-8385","1":"product","2":"type-product","3":"status-publish","4":"has-post-thumbnail","6":"product_cat-camisetas-ropa","7":"product_cat-mujer-ropa","8":"product_cat-nox-padel","9":"product_cat-nox-ropa","10":"product_cat-ropa","11":"pa_brand-nox","12":"pa_color-blanco","13":"pa_gender-mujer","14":"pa_hs_code-87","15":"pa_size-s","16":"pa_size-xs","18":"first","19":"instock","20":"sale","21":"taxable","22":"shipping-taxable","23":"purchasable","24":"product-type-variable"},"yoast_head":"<!-- This site is optimized with the Yoast SEO plugin v27.5 - https:\/\/yoast.com\/product\/yoast-seo-wordpress\/ -->\n<title>Camiseta Nox Team Mujer Blanco Rojo - Padel Zoco<\/title>\n<meta name=\"description\" content=\"Camiseta NOX Team mujer blanca con detalles rojos, ligera y transpirable, con tecnolog\u00eda Balance Fresh para m\u00e1ximo confort y rendimiento en p\u00e1del.\" \/>\n<meta name=\"robots\" content=\"index, follow, max-snippet:-1, max-image-preview:large, max-video-preview:-1\" \/>\n<link rel=\"canonical\" href=\"https:\/\/padelzoco.es\/en\/product\/camiseta-nox-team-mujer-blanco-rojo\/\" \/>\n<meta property=\"og:locale\" content=\"en_GB\" \/>\n<meta property=\"og:type\" content=\"article\" \/>\n<meta property=\"og:title\" content=\"Camiseta Nox Team Mujer Blanco Rojo - Padel Zoco\" \/>\n<meta property=\"og:description\" content=\"Camiseta NOX Team mujer blanca con detalles rojos, ligera y transpirable, con tecnolog\u00eda Balance Fresh para m\u00e1ximo confort y rendimiento en p\u00e1del.\" \/>\n<meta property=\"og:url\" content=\"https:\/\/padelzoco.es\/en\/product\/camiseta-nox-team-mujer-blanco-rojo\/\" \/>\n<meta property=\"og:site_name\" content=\"Padel Zoco\" \/>\n<meta property=\"article:modified_time\" content=\"2026-04-30T18:33:02+00:00\" \/>\n<meta property=\"og:image\" content=\"https:\/\/padelzoco.es\/wp-content\/uploads\/2024\/01\/Nox-Team-Padel-T-shirt-White-Image-3.webp\" \/>\n\t<meta property=\"og:image:width\" content=\"1400\" \/>\n\t<meta property=\"og:image:height\" content=\"1400\" \/>\n\t<meta property=\"og:image:type\" content=\"image\/webp\" \/>\n<meta name=\"twitter:card\" content=\"summary_large_image\" \/>\n<meta name=\"twitter:label1\" content=\"Estimated reading time\" \/>\n\t<meta name=\"twitter:data1\" content=\"1 minute\" \/>\n<script type=\"application\/ld+json\" class=\"yoast-schema-graph\">{\"@context\":\"https:\\\/\\\/schema.org\",\"@graph\":[{\"@type\":\"WebPage\",\"@id\":\"https:\\\/\\\/padelzoco.es\\\/product\\\/camiseta-nox-team-mujer-blanco-rojo\\\/\",\"url\":\"https:\\\/\\\/padelzoco.es\\\/product\\\/camiseta-nox-team-mujer-blanco-rojo\\\/\",\"name\":\"Camiseta Nox Team Mujer Blanco Rojo - Padel Zoco\",\"isPartOf\":{\"@id\":\"https:\\\/\\\/padelzoco.es\\\/#website\"},\"primaryImageOfPage\":{\"@id\":\"https:\\\/\\\/padelzoco.es\\\/product\\\/camiseta-nox-team-mujer-blanco-rojo\\\/#primaryimage\"},\"image\":{\"@id\":\"https:\\\/\\\/padelzoco.es\\\/product\\\/camiseta-nox-team-mujer-blanco-rojo\\\/#primaryimage\"},\"thumbnailUrl\":\"https:\\\/\\\/padelzoco.es\\\/wp-content\\\/uploads\\\/2024\\\/01\\\/Nox-Team-Padel-T-shirt-White-Image-3.webp\",\"datePublished\":\"2024-01-03T13:37:51+00:00\",\"dateModified\":\"2026-04-30T18:33:02+00:00\",\"description\":\"Camiseta NOX Team mujer blanca con detalles rojos, ligera y transpirable, con tecnolog\u00eda Balance Fresh para m\u00e1ximo confort y rendimiento en p\u00e1del.\",\"breadcrumb\":{\"@id\":\"https:\\\/\\\/padelzoco.es\\\/product\\\/camiseta-nox-team-mujer-blanco-rojo\\\/#breadcrumb\"},\"inLanguage\":\"en-GB\",\"potentialAction\":[{\"@type\":\"ReadAction\",\"target\":[\"https:\\\/\\\/padelzoco.es\\\/product\\\/camiseta-nox-team-mujer-blanco-rojo\\\/\"]}]},{\"@type\":\"ImageObject\",\"inLanguage\":\"en-GB\",\"@id\":\"https:\\\/\\\/padelzoco.es\\\/product\\\/camiseta-nox-team-mujer-blanco-rojo\\\/#primaryimage\",\"url\":\"https:\\\/\\\/padelzoco.es\\\/wp-content\\\/uploads\\\/2024\\\/01\\\/Nox-Team-Padel-T-shirt-White-Image-3.webp\",\"contentUrl\":\"https:\\\/\\\/padelzoco.es\\\/wp-content\\\/uploads\\\/2024\\\/01\\\/Nox-Team-Padel-T-shirt-White-Image-3.webp\",\"width\":1400,\"height\":1400,\"caption\":\"Nox Team Padel T-shirt White Image 3\"},{\"@type\":\"BreadcrumbList\",\"@id\":\"https:\\\/\\\/padelzoco.es\\\/product\\\/camiseta-nox-team-mujer-blanco-rojo\\\/#breadcrumb\",\"itemListElement\":[{\"@type\":\"ListItem\",\"position\":1,\"name\":\"Home\",\"item\":\"https:\\\/\\\/padelzoco.es\\\/\"},{\"@type\":\"ListItem\",\"position\":2,\"name\":\"Padel Zoco\",\"item\":\"https:\\\/\\\/padelzoco.es\\\/padel-zoco\\\/\"},{\"@type\":\"ListItem\",\"position\":3,\"name\":\"Camiseta Nox Team Mujer Blanco Rojo\"}]},{\"@type\":\"WebSite\",\"@id\":\"https:\\\/\\\/padelzoco.es\\\/#website\",\"url\":\"https:\\\/\\\/padelzoco.es\\\/\",\"name\":\"Padel Zoco\",\"description\":\"Padel Zoco | Spain\",\"publisher\":{\"@id\":\"https:\\\/\\\/padelzoco.es\\\/#organization\"},\"potentialAction\":[{\"@type\":\"SearchAction\",\"target\":{\"@type\":\"EntryPoint\",\"urlTemplate\":\"https:\\\/\\\/padelzoco.es\\\/?s={search_term_string}\"},\"query-input\":{\"@type\":\"PropertyValueSpecification\",\"valueRequired\":true,\"valueName\":\"search_term_string\"}}],\"inLanguage\":\"en-GB\"},{\"@type\":\"Organization\",\"@id\":\"https:\\\/\\\/padelzoco.es\\\/#organization\",\"name\":\"Padel Zoco\",\"url\":\"https:\\\/\\\/padelzoco.es\\\/\",\"logo\":{\"@type\":\"ImageObject\",\"inLanguage\":\"en-GB\",\"@id\":\"https:\\\/\\\/padelzoco.es\\\/#\\\/schema\\\/logo\\\/image\\\/\",\"url\":\"https:\\\/\\\/padelzoco.es\\\/wp-content\\\/uploads\\\/2023\\\/11\\\/PadelZoco_Logo_black_white.webp\",\"contentUrl\":\"https:\\\/\\\/padelzoco.es\\\/wp-content\\\/uploads\\\/2023\\\/11\\\/PadelZoco_Logo_black_white.webp\",\"width\":1500,\"height\":631,\"caption\":\"Padel Zoco\"},\"image\":{\"@id\":\"https:\\\/\\\/padelzoco.es\\\/#\\\/schema\\\/logo\\\/image\\\/\"}}]}<\/script>\n<!-- \/ Yoast SEO plugin. -->","yoast_head_json":{"title":"Camiseta Nox Team Mujer Blanco Rojo - Padel Zoco","description":"Camiseta NOX Team mujer blanca con detalles rojos, ligera y transpirable, con tecnolog\u00eda Balance Fresh para m\u00e1ximo confort y rendimiento en p\u00e1del.","robots":{"index":"index","follow":"follow","max-snippet":"max-snippet:-1","max-image-preview":"max-image-preview:large","max-video-preview":"max-video-preview:-1"},"canonical":"https:\/\/padelzoco.es\/en\/product\/camiseta-nox-team-mujer-blanco-rojo\/","og_locale":"en_GB","og_type":"article","og_title":"Camiseta Nox Team Mujer Blanco Rojo - Padel Zoco","og_description":"Camiseta NOX Team mujer blanca con detalles rojos, ligera y transpirable, con tecnolog\u00eda Balance Fresh para m\u00e1ximo confort y rendimiento en p\u00e1del.","og_url":"https:\/\/padelzoco.es\/en\/product\/camiseta-nox-team-mujer-blanco-rojo\/","og_site_name":"Padel Zoco","article_modified_time":"2026-04-30T18:33:02+00:00","og_image":[{"width":1400,"height":1400,"url":"https:\/\/padelzoco.es\/wp-content\/uploads\/2024\/01\/Nox-Team-Padel-T-shirt-White-Image-3.webp","type":"image\/webp"}],"twitter_card":"summary_large_image","twitter_misc":{"Estimated reading time":"1 minute"},"schema":{"@context":"https:\/\/schema.org","@graph":[{"@type":"WebPage","@id":"https:\/\/padelzoco.es\/product\/camiseta-nox-team-mujer-blanco-rojo\/","url":"https:\/\/padelzoco.es\/product\/camiseta-nox-team-mujer-blanco-rojo\/","name":"Camiseta Nox Team Mujer Blanco Rojo - Padel Zoco","isPartOf":{"@id":"https:\/\/padelzoco.es\/#website"},"primaryImageOfPage":{"@id":"https:\/\/padelzoco.es\/product\/camiseta-nox-team-mujer-blanco-rojo\/#primaryimage"},"image":{"@id":"https:\/\/padelzoco.es\/product\/camiseta-nox-team-mujer-blanco-rojo\/#primaryimage"},"thumbnailUrl":"https:\/\/padelzoco.es\/wp-content\/uploads\/2024\/01\/Nox-Team-Padel-T-shirt-White-Image-3.webp","datePublished":"2024-01-03T13:37:51+00:00","dateModified":"2026-04-30T18:33:02+00:00","description":"Camiseta NOX Team mujer blanca con detalles rojos, ligera y transpirable, con tecnolog\u00eda Balance Fresh para m\u00e1ximo confort y rendimiento en p\u00e1del.","breadcrumb":{"@id":"https:\/\/padelzoco.es\/product\/camiseta-nox-team-mujer-blanco-rojo\/#breadcrumb"},"inLanguage":"en-GB","potentialAction":[{"@type":"ReadAction","target":["https:\/\/padelzoco.es\/product\/camiseta-nox-team-mujer-blanco-rojo\/"]}]},{"@type":"ImageObject","inLanguage":"en-GB","@id":"https:\/\/padelzoco.es\/product\/camiseta-nox-team-mujer-blanco-rojo\/#primaryimage","url":"https:\/\/padelzoco.es\/wp-content\/uploads\/2024\/01\/Nox-Team-Padel-T-shirt-White-Image-3.webp","contentUrl":"https:\/\/padelzoco.es\/wp-content\/uploads\/2024\/01\/Nox-Team-Padel-T-shirt-White-Image-3.webp","width":1400,"height":1400,"caption":"Nox Team Padel T-shirt White Image 3"},{"@type":"BreadcrumbList","@id":"https:\/\/padelzoco.es\/product\/camiseta-nox-team-mujer-blanco-rojo\/#breadcrumb","itemListElement":[{"@type":"ListItem","position":1,"name":"Home","item":"https:\/\/padelzoco.es\/"},{"@type":"ListItem","position":2,"name":"Padel Zoco","item":"https:\/\/padelzoco.es\/padel-zoco\/"},{"@type":"ListItem","position":3,"name":"Camiseta Nox Team Mujer Blanco Rojo"}]},{"@type":"WebSite","@id":"https:\/\/padelzoco.es\/#website","url":"https:\/\/padelzoco.es\/","name":"Padel Zoco","description":"Padel Zoco | Spain","publisher":{"@id":"https:\/\/padelzoco.es\/#organization"},"potentialAction":[{"@type":"SearchAction","target":{"@type":"EntryPoint","urlTemplate":"https:\/\/padelzoco.es\/?s={search_term_string}"},"query-input":{"@type":"PropertyValueSpecification","valueRequired":true,"valueName":"search_term_string"}}],"inLanguage":"en-GB"},{"@type":"Organization","@id":"https:\/\/padelzoco.es\/#organization","name":"Padel Zoco","url":"https:\/\/padelzoco.es\/","logo":{"@type":"ImageObject","inLanguage":"en-GB","@id":"https:\/\/padelzoco.es\/#\/schema\/logo\/image\/","url":"https:\/\/padelzoco.es\/wp-content\/uploads\/2023\/11\/PadelZoco_Logo_black_white.webp","contentUrl":"https:\/\/padelzoco.es\/wp-content\/uploads\/2023\/11\/PadelZoco_Logo_black_white.webp","width":1500,"height":631,"caption":"Padel Zoco"},"image":{"@id":"https:\/\/padelzoco.es\/#\/schema\/logo\/image\/"}}]}},"_links":{"self":[{"href":"https:\/\/padelzoco.es\/en\/wp-json\/wp\/v2\/product\/8385","targetHints":{"allow":["GET"]}}],"collection":[{"href":"https:\/\/padelzoco.es\/en\/wp-json\/wp\/v2\/product"}],"about":[{"href":"https:\/\/padelzoco.es\/en\/wp-json\/wp\/v2\/types\/product"}],"version-history":[{"count":4,"href":"https:\/\/padelzoco.es\/en\/wp-json\/wp\/v2\/product\/8385\/revisions"}],"predecessor-version":[{"id":37792,"href":"https:\/\/padelzoco.es\/en\/wp-json\/wp\/v2\/product\/8385\/revisions\/37792"}],"wp:featuredmedia":[{"embeddable":true,"href":"https:\/\/padelzoco.es\/en\/wp-json\/wp\/v2\/media\/8394"}],"wp:attachment":[{"href":"https:\/\/padelzoco.es\/en\/wp-json\/wp\/v2\/media?parent=8385"}],"wp:term":[{"taxonomy":"product_brand","embeddable":true,"href":"https:\/\/padelzoco.es\/en\/wp-json\/wp\/v2\/product_brand?post=8385"},{"taxonomy":"product_cat","embeddable":true,"href":"https:\/\/padelzoco.es\/en\/wp-json\/wp\/v2\/product_cat?post=8385"},{"taxonomy":"product_tag","embeddable":true,"href":"https:\/\/padelzoco.es\/en\/wp-json\/wp\/v2\/product_tag?post=8385"}],"curies":[{"name":"wp","href":"https:\/\/api.w.org\/{rel}","templated":true}]}}