{"id":8402,"date":"2024-01-04T15:54:59","date_gmt":"2024-01-04T14:54:59","guid":{"rendered":"https:\/\/adc06f55e9.nxcli.io\/?post_type=product&#038;p=8402"},"modified":"2026-04-30T18:47:59","modified_gmt":"2026-04-30T17:47:59","slug":"pala-padel-wilson-blade-pro-v2","status":"publish","type":"product","link":"https:\/\/padelzoco.es\/en\/product\/pala-padel-wilson-blade-pro-v2\/","title":{"rendered":"Pala Padel Wilson Blade Pro v2"},"content":{"rendered":"<p>Un tacto inigualable y un dise\u00f1o elegante se unen en la nueva Blade Pro v2. Equipada con una pieza de garganta que ayuda a bajar el punto de equilibrio para una mayor maniobrabilidad perfecta para el juego r\u00e1pido, esta pala ofrece un doble golpe de potencia ligera y efecto gracias a su fuerte composici\u00f3n de cara de fibra de carbono y superficie texturizada. Los jugadores avanzados que busquen una pala de l\u00e1grima con una construcci\u00f3n de primera calidad, un dise\u00f1o impresionante y un tacto superior para la pelota deber\u00edan echar un vistazo a la Blade Pro v2.<\/p>\n<p><strong>Brand:<\/strong> Wilson<\/p>\n<p><strong>Shape: <\/strong>Teardrop<\/p>\n<p><strong>Balance:<\/strong> 265 mm<\/p>\n<p><strong>Core:<\/strong> Soft EVA<\/p>\n<p><strong>Beam:<\/strong> 38 mm<\/p>\n<p><strong>Weight:<\/strong> 365 gr<\/p>\n<p><strong>Techology: <\/strong>Carbon Fiber Face \u2013 Soft EVA Foam \u2013 Spin Effect Texture \u2013 Sharp Holes \u2013 Wrist Strap \u2013 Pro Performance Grip.<\/p>\n<p>&nbsp;<\/p>","protected":false},"excerpt":{"rendered":"<p>Un tacto inigualable y un dise\u00f1o elegante se unen en la nueva Blade Pro v2. Equipada con una pieza de garganta que ayuda a bajar el punto de equilibrio para una mayor maniobrabilidad perfecta para el juego r\u00e1pido, esta pala ofrece un doble golpe de potencia ligera y efecto gracias a su fuerte composici\u00f3n de cara de fibra de carbono y superficie texturizada. Los jugadores avanzados que busquen una pala de l\u00e1grima con una construcci\u00f3n de primera calidad, un dise\u00f1o impresionante y un tacto superior para la pelota deber\u00edan echar un vistazo a la Blade Pro v2.<\/p>\n<p><strong>Brand:<\/strong> Wilson<\/p>\n<p><strong>Shape: <\/strong>Teardrop<\/p>\n<p><strong>Balance:<\/strong> 265 mm<\/p>\n<p><strong>Core:<\/strong> Soft EVA<\/p>\n<p><strong>Beam:<\/strong> 38 mm<\/p>\n<p><strong>Weight:<\/strong> 365 gr<\/p>\n<p><strong>Techology: <\/strong>Carbon Fiber Face \u2013 Soft EVA Foam \u2013 Spin Effect Texture \u2013 Sharp Holes \u2013 Wrist Strap \u2013 Pro Performance Grip.<\/p>\n<p>&nbsp;<\/p>","protected":false},"featured_media":8409,"template":"","meta":[],"product_brand":[],"product_cat":[582,589,581,585,590,572,757,754,699,576],"product_tag":[],"class_list":{"0":"post-8402","1":"product","2":"type-product","3":"status-publish","4":"has-post-thumbnail","6":"product_cat-avanzado-palas","7":"product_cat-hombre-palas","8":"product_cat-intermedio-palas","9":"product_cat-lagrima-palas","10":"product_cat-mujer-palas","11":"product_cat-palas","12":"product_cat-palas-ofertas","13":"product_cat-rebajas","14":"product_cat-wilson-padel","15":"product_cat-wilson-palas","16":"pa_brand-wilson","17":"pa_gender-hombre","18":"pa_hs_code-134","20":"first","21":"outofstock","22":"sale","23":"taxable","24":"shipping-taxable","25":"purchasable","26":"product-type-simple"},"yoast_head":"<!-- This site is optimized with the Yoast SEO plugin v27.6 - https:\/\/yoast.com\/product\/yoast-seo-wordpress\/ -->\n<title>Pala Padel Wilson Blade Pro v2 - Padel Zoco<\/title>\n<meta name=\"robots\" content=\"index, follow, max-snippet:-1, max-image-preview:large, max-video-preview:-1\" \/>\n<link rel=\"canonical\" href=\"https:\/\/padelzoco.es\/en\/product\/pala-padel-wilson-blade-pro-v2\/\" \/>\n<meta property=\"og:locale\" content=\"en_GB\" \/>\n<meta property=\"og:type\" content=\"article\" \/>\n<meta property=\"og:title\" content=\"Pala Padel Wilson Blade Pro v2 - Padel Zoco\" \/>\n<meta property=\"og:description\" content=\"Un tacto inigualable y un dise\u00f1o elegante se unen en la nueva Blade Pro v2. Equipada con una pieza de garganta que ayuda a bajar el punto de equilibrio para una mayor maniobrabilidad perfecta para el juego r\u00e1pido, esta pala ofrece un doble golpe de potencia ligera y efecto gracias a su fuerte composici\u00f3n de cara de fibra de carbono y superficie texturizada. Los jugadores avanzados que busquen una pala de l\u00e1grima con una construcci\u00f3n de primera calidad, un dise\u00f1o impresionante y un tacto superior para la pelota deber\u00edan echar un vistazo a la Blade Pro v2.  Brand: Wilson  Shape: L\u00e1grima  Balance: 265 mm  Core: Soft EVA  Beam: 38 mm  Weight: 365 gr  Technologies: Carbon Fiber Face \u2013 Soft EVA Foam \u2013 Spin Effect Texture \u2013 Sharp Holes \u2013 Wrist Strap \u2013 Pro Performance Grip.  &nbsp;\" \/>\n<meta property=\"og:url\" content=\"https:\/\/padelzoco.es\/en\/product\/pala-padel-wilson-blade-pro-v2\/\" \/>\n<meta property=\"og:site_name\" content=\"Padel Zoco\" \/>\n<meta property=\"article:modified_time\" content=\"2026-04-30T17:47:59+00:00\" \/>\n<meta property=\"og:image\" content=\"https:\/\/padelzoco.es\/wp-content\/uploads\/2024\/01\/Wilson-Blade-Pro-V2-Padel-Racket-Image-7.webp\" \/>\n\t<meta property=\"og:image:width\" content=\"1400\" \/>\n\t<meta property=\"og:image:height\" content=\"1400\" \/>\n\t<meta property=\"og:image:type\" content=\"image\/webp\" \/>\n<meta name=\"twitter:card\" content=\"summary_large_image\" \/>\n<meta name=\"twitter:label1\" content=\"Estimated reading time\" \/>\n\t<meta name=\"twitter:data1\" content=\"1 minute\" \/>\n<script type=\"application\/ld+json\" class=\"yoast-schema-graph\">{\"@context\":\"https:\\\/\\\/schema.org\",\"@graph\":[{\"@type\":\"WebPage\",\"@id\":\"https:\\\/\\\/padelzoco.es\\\/product\\\/pala-padel-wilson-blade-pro-v2\\\/\",\"url\":\"https:\\\/\\\/padelzoco.es\\\/product\\\/pala-padel-wilson-blade-pro-v2\\\/\",\"name\":\"Pala Padel Wilson Blade Pro v2 - Padel Zoco\",\"isPartOf\":{\"@id\":\"https:\\\/\\\/padelzoco.es\\\/#website\"},\"primaryImageOfPage\":{\"@id\":\"https:\\\/\\\/padelzoco.es\\\/product\\\/pala-padel-wilson-blade-pro-v2\\\/#primaryimage\"},\"image\":{\"@id\":\"https:\\\/\\\/padelzoco.es\\\/product\\\/pala-padel-wilson-blade-pro-v2\\\/#primaryimage\"},\"thumbnailUrl\":\"https:\\\/\\\/padelzoco.es\\\/wp-content\\\/uploads\\\/2024\\\/01\\\/Wilson-Blade-Pro-V2-Padel-Racket-Image-7.webp\",\"datePublished\":\"2024-01-04T14:54:59+00:00\",\"dateModified\":\"2026-04-30T17:47:59+00:00\",\"breadcrumb\":{\"@id\":\"https:\\\/\\\/padelzoco.es\\\/product\\\/pala-padel-wilson-blade-pro-v2\\\/#breadcrumb\"},\"inLanguage\":\"en-GB\",\"potentialAction\":[{\"@type\":\"ReadAction\",\"target\":[\"https:\\\/\\\/padelzoco.es\\\/product\\\/pala-padel-wilson-blade-pro-v2\\\/\"]}]},{\"@type\":\"ImageObject\",\"inLanguage\":\"en-GB\",\"@id\":\"https:\\\/\\\/padelzoco.es\\\/product\\\/pala-padel-wilson-blade-pro-v2\\\/#primaryimage\",\"url\":\"https:\\\/\\\/padelzoco.es\\\/wp-content\\\/uploads\\\/2024\\\/01\\\/Wilson-Blade-Pro-V2-Padel-Racket-Image-7.webp\",\"contentUrl\":\"https:\\\/\\\/padelzoco.es\\\/wp-content\\\/uploads\\\/2024\\\/01\\\/Wilson-Blade-Pro-V2-Padel-Racket-Image-7.webp\",\"width\":1400,\"height\":1400,\"caption\":\"Wilson Blade Pro V2 Padel Racket Image 7\"},{\"@type\":\"BreadcrumbList\",\"@id\":\"https:\\\/\\\/padelzoco.es\\\/product\\\/pala-padel-wilson-blade-pro-v2\\\/#breadcrumb\",\"itemListElement\":[{\"@type\":\"ListItem\",\"position\":1,\"name\":\"Home\",\"item\":\"https:\\\/\\\/padelzoco.es\\\/\"},{\"@type\":\"ListItem\",\"position\":2,\"name\":\"Padel Zoco\",\"item\":\"https:\\\/\\\/padelzoco.es\\\/padel-zoco\\\/\"},{\"@type\":\"ListItem\",\"position\":3,\"name\":\"Pala Padel Wilson Blade Pro v2\"}]},{\"@type\":\"WebSite\",\"@id\":\"https:\\\/\\\/padelzoco.es\\\/#website\",\"url\":\"https:\\\/\\\/padelzoco.es\\\/\",\"name\":\"Padel Zoco\",\"description\":\"Padel Zoco | Spain\",\"publisher\":{\"@id\":\"https:\\\/\\\/padelzoco.es\\\/#organization\"},\"potentialAction\":[{\"@type\":\"SearchAction\",\"target\":{\"@type\":\"EntryPoint\",\"urlTemplate\":\"https:\\\/\\\/padelzoco.es\\\/?s={search_term_string}\"},\"query-input\":{\"@type\":\"PropertyValueSpecification\",\"valueRequired\":true,\"valueName\":\"search_term_string\"}}],\"inLanguage\":\"en-GB\"},{\"@type\":\"Organization\",\"@id\":\"https:\\\/\\\/padelzoco.es\\\/#organization\",\"name\":\"Padel Zoco\",\"url\":\"https:\\\/\\\/padelzoco.es\\\/\",\"logo\":{\"@type\":\"ImageObject\",\"inLanguage\":\"en-GB\",\"@id\":\"https:\\\/\\\/padelzoco.es\\\/#\\\/schema\\\/logo\\\/image\\\/\",\"url\":\"https:\\\/\\\/padelzoco.es\\\/wp-content\\\/uploads\\\/2023\\\/11\\\/PadelZoco_Logo_black_white.webp\",\"contentUrl\":\"https:\\\/\\\/padelzoco.es\\\/wp-content\\\/uploads\\\/2023\\\/11\\\/PadelZoco_Logo_black_white.webp\",\"width\":1500,\"height\":631,\"caption\":\"Padel Zoco\"},\"image\":{\"@id\":\"https:\\\/\\\/padelzoco.es\\\/#\\\/schema\\\/logo\\\/image\\\/\"}}]}<\/script>\n<!-- \/ Yoast SEO plugin. -->","yoast_head_json":{"title":"Pala Padel Wilson Blade Pro v2 - Padel Zoco","robots":{"index":"index","follow":"follow","max-snippet":"max-snippet:-1","max-image-preview":"max-image-preview:large","max-video-preview":"max-video-preview:-1"},"canonical":"https:\/\/padelzoco.es\/en\/product\/pala-padel-wilson-blade-pro-v2\/","og_locale":"en_GB","og_type":"article","og_title":"Pala Padel Wilson Blade Pro v2 - Padel Zoco","og_description":"Un tacto inigualable y un dise\u00f1o elegante se unen en la nueva Blade Pro v2. Equipada con una pieza de garganta que ayuda a bajar el punto de equilibrio para una mayor maniobrabilidad perfecta para el juego r\u00e1pido, esta pala ofrece un doble golpe de potencia ligera y efecto gracias a su fuerte composici\u00f3n de cara de fibra de carbono y superficie texturizada. Los jugadores avanzados que busquen una pala de l\u00e1grima con una construcci\u00f3n de primera calidad, un dise\u00f1o impresionante y un tacto superior para la pelota deber\u00edan echar un vistazo a la Blade Pro v2.  Brand: Wilson  Shape: L\u00e1grima  Balance: 265 mm  Core: Soft EVA  Beam: 38 mm  Weight: 365 gr  Technologies: Carbon Fiber Face \u2013 Soft EVA Foam \u2013 Spin Effect Texture \u2013 Sharp Holes \u2013 Wrist Strap \u2013 Pro Performance Grip.  &nbsp;","og_url":"https:\/\/padelzoco.es\/en\/product\/pala-padel-wilson-blade-pro-v2\/","og_site_name":"Padel Zoco","article_modified_time":"2026-04-30T17:47:59+00:00","og_image":[{"width":1400,"height":1400,"url":"https:\/\/padelzoco.es\/wp-content\/uploads\/2024\/01\/Wilson-Blade-Pro-V2-Padel-Racket-Image-7.webp","type":"image\/webp"}],"twitter_card":"summary_large_image","twitter_misc":{"Estimated reading time":"1 minute"},"schema":{"@context":"https:\/\/schema.org","@graph":[{"@type":"WebPage","@id":"https:\/\/padelzoco.es\/product\/pala-padel-wilson-blade-pro-v2\/","url":"https:\/\/padelzoco.es\/product\/pala-padel-wilson-blade-pro-v2\/","name":"Pala Padel Wilson Blade Pro v2 - Padel Zoco","isPartOf":{"@id":"https:\/\/padelzoco.es\/#website"},"primaryImageOfPage":{"@id":"https:\/\/padelzoco.es\/product\/pala-padel-wilson-blade-pro-v2\/#primaryimage"},"image":{"@id":"https:\/\/padelzoco.es\/product\/pala-padel-wilson-blade-pro-v2\/#primaryimage"},"thumbnailUrl":"https:\/\/padelzoco.es\/wp-content\/uploads\/2024\/01\/Wilson-Blade-Pro-V2-Padel-Racket-Image-7.webp","datePublished":"2024-01-04T14:54:59+00:00","dateModified":"2026-04-30T17:47:59+00:00","breadcrumb":{"@id":"https:\/\/padelzoco.es\/product\/pala-padel-wilson-blade-pro-v2\/#breadcrumb"},"inLanguage":"en-GB","potentialAction":[{"@type":"ReadAction","target":["https:\/\/padelzoco.es\/product\/pala-padel-wilson-blade-pro-v2\/"]}]},{"@type":"ImageObject","inLanguage":"en-GB","@id":"https:\/\/padelzoco.es\/product\/pala-padel-wilson-blade-pro-v2\/#primaryimage","url":"https:\/\/padelzoco.es\/wp-content\/uploads\/2024\/01\/Wilson-Blade-Pro-V2-Padel-Racket-Image-7.webp","contentUrl":"https:\/\/padelzoco.es\/wp-content\/uploads\/2024\/01\/Wilson-Blade-Pro-V2-Padel-Racket-Image-7.webp","width":1400,"height":1400,"caption":"Wilson Blade Pro V2 Padel Racket Image 7"},{"@type":"BreadcrumbList","@id":"https:\/\/padelzoco.es\/product\/pala-padel-wilson-blade-pro-v2\/#breadcrumb","itemListElement":[{"@type":"ListItem","position":1,"name":"Home","item":"https:\/\/padelzoco.es\/"},{"@type":"ListItem","position":2,"name":"Padel Zoco","item":"https:\/\/padelzoco.es\/padel-zoco\/"},{"@type":"ListItem","position":3,"name":"Pala Padel Wilson Blade Pro v2"}]},{"@type":"WebSite","@id":"https:\/\/padelzoco.es\/#website","url":"https:\/\/padelzoco.es\/","name":"Padel Zoco","description":"Padel Zoco | Spain","publisher":{"@id":"https:\/\/padelzoco.es\/#organization"},"potentialAction":[{"@type":"SearchAction","target":{"@type":"EntryPoint","urlTemplate":"https:\/\/padelzoco.es\/?s={search_term_string}"},"query-input":{"@type":"PropertyValueSpecification","valueRequired":true,"valueName":"search_term_string"}}],"inLanguage":"en-GB"},{"@type":"Organization","@id":"https:\/\/padelzoco.es\/#organization","name":"Padel Zoco","url":"https:\/\/padelzoco.es\/","logo":{"@type":"ImageObject","inLanguage":"en-GB","@id":"https:\/\/padelzoco.es\/#\/schema\/logo\/image\/","url":"https:\/\/padelzoco.es\/wp-content\/uploads\/2023\/11\/PadelZoco_Logo_black_white.webp","contentUrl":"https:\/\/padelzoco.es\/wp-content\/uploads\/2023\/11\/PadelZoco_Logo_black_white.webp","width":1500,"height":631,"caption":"Padel Zoco"},"image":{"@id":"https:\/\/padelzoco.es\/#\/schema\/logo\/image\/"}}]}},"_links":{"self":[{"href":"https:\/\/padelzoco.es\/en\/wp-json\/wp\/v2\/product\/8402","targetHints":{"allow":["GET"]}}],"collection":[{"href":"https:\/\/padelzoco.es\/en\/wp-json\/wp\/v2\/product"}],"about":[{"href":"https:\/\/padelzoco.es\/en\/wp-json\/wp\/v2\/types\/product"}],"version-history":[{"count":1,"href":"https:\/\/padelzoco.es\/en\/wp-json\/wp\/v2\/product\/8402\/revisions"}],"predecessor-version":[{"id":27860,"href":"https:\/\/padelzoco.es\/en\/wp-json\/wp\/v2\/product\/8402\/revisions\/27860"}],"wp:featuredmedia":[{"embeddable":true,"href":"https:\/\/padelzoco.es\/en\/wp-json\/wp\/v2\/media\/8409"}],"wp:attachment":[{"href":"https:\/\/padelzoco.es\/en\/wp-json\/wp\/v2\/media?parent=8402"}],"wp:term":[{"taxonomy":"product_brand","embeddable":true,"href":"https:\/\/padelzoco.es\/en\/wp-json\/wp\/v2\/product_brand?post=8402"},{"taxonomy":"product_cat","embeddable":true,"href":"https:\/\/padelzoco.es\/en\/wp-json\/wp\/v2\/product_cat?post=8402"},{"taxonomy":"product_tag","embeddable":true,"href":"https:\/\/padelzoco.es\/en\/wp-json\/wp\/v2\/product_tag?post=8402"}],"curies":[{"name":"wp","href":"https:\/\/api.w.org\/{rel}","templated":true}]}}