{"id":8410,"date":"2024-01-04T16:05:19","date_gmt":"2024-01-04T15:05:19","guid":{"rendered":"https:\/\/adc06f55e9.nxcli.io\/?post_type=product&#038;p=8410"},"modified":"2026-04-30T18:47:59","modified_gmt":"2026-04-30T17:47:59","slug":"pala-padel-wilson-blade-elite-v2","status":"publish","type":"product","link":"https:\/\/padelzoco.es\/en\/product\/pala-padel-wilson-blade-elite-v2\/","title":{"rendered":"Pala Padel Wilson Blade Elite v2"},"content":{"rendered":"<p>Mueve con autoridad la pala Blade Elite v2, una pala que aporta el fuerza en una construcci\u00f3n ligera y sensible. Compuesto por goma EVA soft para una agradable sensaci\u00f3n de amortiguaci\u00f3n al contacto, este remo de l\u00e1grima ofrece una excelente mezcla de comodidad, ritmo y vivacidad en cada golpe. Otras caracter\u00edsticas destacables son el Spin Effect Grip en la superficie de la pala para mejorar el efecto y una nueva pieza en el cuello para aumentar la estabilidad. Ideal para los jugadores de nivel intermedio que buscan llevar su juego al siguiente nivel, la Blade Elite v2 tiene un aspecto elegante a la vez que eleva el rendimiento.<\/p>\n<ul>\n<li><strong>Brand:<\/strong> Wilson<\/li>\n<li><strong>Made For:<\/strong> Beginner \/ Intermediate Players<\/li>\n<li><strong>Shape: <\/strong>Lagrima<\/li>\n<li><strong>Balance:<\/strong> 257 mm<\/li>\n<li><strong>Core:<\/strong> Soft EVA<\/li>\n<li><strong>Beam:<\/strong> 38 mm<\/li>\n<li><strong>Weight:<\/strong> 365 gr<\/li>\n<li><strong>Techology: <\/strong>Carbon Fiberglass Composite \u2013 Soft EVA Foam \u2013 Spin Effect Texture \u2013 Sharp Holes \u2013 Sublime Grip &#8211; Wrist Strap.<\/li>\n<\/ul>","protected":false},"excerpt":{"rendered":"<p>Mueve con autoridad la pala Blade Elite v2, una pala que aporta el fuerza en una construcci\u00f3n ligera y sensible. Compuesto por goma EVA soft para una agradable sensaci\u00f3n de amortiguaci\u00f3n al contacto, este remo de l\u00e1grima ofrece una excelente mezcla de comodidad, ritmo y vivacidad en cada golpe. Otras caracter\u00edsticas destacables son el Spin Effect Grip en la superficie de la pala para mejorar el efecto y una nueva pieza en el cuello para aumentar la estabilidad. Ideal para los jugadores de nivel intermedio que buscan llevar su juego al siguiente nivel, la Blade Elite v2 tiene un aspecto elegante a la vez que eleva el rendimiento.<\/p>\n<ul>\n<li><strong>Brand:<\/strong> Wilson<\/li>\n<li><strong>Made For:<\/strong> Beginner \/ Intermediate Players<\/li>\n<li><strong>Shape: <\/strong>Lagrima<\/li>\n<li><strong>Balance:<\/strong> 257 mm<\/li>\n<li><strong>Core:<\/strong> Soft EVA<\/li>\n<li><strong>Beam:<\/strong> 38 mm<\/li>\n<li><strong>Weight:<\/strong> 365 gr<\/li>\n<li><strong>Techology: <\/strong>Carbon Fiberglass Composite \u2013 Soft EVA Foam \u2013 Spin Effect Texture \u2013 Sharp Holes \u2013 Sublime Grip &#8211; Wrist Strap.<\/li>\n<\/ul>","protected":false},"featured_media":8418,"template":"","meta":[],"product_brand":[],"product_cat":[582,581,585,590,572,757,754,699,576],"product_tag":[],"class_list":{"0":"post-8410","1":"product","2":"type-product","3":"status-publish","4":"has-post-thumbnail","6":"product_cat-avanzado-palas","7":"product_cat-intermedio-palas","8":"product_cat-lagrima-palas","9":"product_cat-mujer-palas","10":"product_cat-palas","11":"product_cat-palas-ofertas","12":"product_cat-rebajas","13":"product_cat-wilson-padel","14":"product_cat-wilson-palas","15":"pa_brand-wilson","16":"pa_gender-hombre","17":"pa_hs_code-134","19":"first","20":"outofstock","21":"sale","22":"taxable","23":"shipping-taxable","24":"purchasable","25":"product-type-simple"},"yoast_head":"<!-- This site is optimized with the Yoast SEO plugin v27.5 - https:\/\/yoast.com\/product\/yoast-seo-wordpress\/ -->\n<title>Pala Padel Wilson Blade Elite v2 - Padel Zoco<\/title>\n<meta name=\"description\" content=\"Choice padel racket for intermediate players looking to hit with a combination of impressive power and precise control.\" \/>\n<meta name=\"robots\" content=\"index, follow, max-snippet:-1, max-image-preview:large, max-video-preview:-1\" \/>\n<link rel=\"canonical\" href=\"https:\/\/padelzoco.es\/en\/product\/pala-padel-wilson-blade-elite-v2\/\" \/>\n<meta property=\"og:locale\" content=\"en_GB\" \/>\n<meta property=\"og:type\" content=\"article\" \/>\n<meta property=\"og:title\" content=\"Pala Padel Wilson Blade Elite v2 - Padel Zoco\" \/>\n<meta property=\"og:description\" content=\"Choice padel racket for intermediate players looking to hit with a combination of impressive power and precise control.\" \/>\n<meta property=\"og:url\" content=\"https:\/\/padelzoco.es\/en\/product\/pala-padel-wilson-blade-elite-v2\/\" \/>\n<meta property=\"og:site_name\" content=\"Padel Zoco\" \/>\n<meta property=\"article:modified_time\" content=\"2026-04-30T17:47:59+00:00\" \/>\n<meta property=\"og:image\" content=\"https:\/\/padelzoco.es\/wp-content\/uploads\/2024\/01\/Wilson-Blade-Elite-V2-Padel-Racket-Image-8.webp\" \/>\n\t<meta property=\"og:image:width\" content=\"1400\" \/>\n\t<meta property=\"og:image:height\" content=\"1400\" \/>\n\t<meta property=\"og:image:type\" content=\"image\/webp\" \/>\n<meta name=\"twitter:card\" content=\"summary_large_image\" \/>\n<meta name=\"twitter:label1\" content=\"Estimated reading time\" \/>\n\t<meta name=\"twitter:data1\" content=\"1 minute\" \/>\n<script type=\"application\/ld+json\" class=\"yoast-schema-graph\">{\"@context\":\"https:\\\/\\\/schema.org\",\"@graph\":[{\"@type\":\"WebPage\",\"@id\":\"https:\\\/\\\/padelzoco.es\\\/product\\\/pala-padel-wilson-blade-elite-v2\\\/\",\"url\":\"https:\\\/\\\/padelzoco.es\\\/product\\\/pala-padel-wilson-blade-elite-v2\\\/\",\"name\":\"Pala Padel Wilson Blade Elite v2 - Padel Zoco\",\"isPartOf\":{\"@id\":\"https:\\\/\\\/padelzoco.es\\\/#website\"},\"primaryImageOfPage\":{\"@id\":\"https:\\\/\\\/padelzoco.es\\\/product\\\/pala-padel-wilson-blade-elite-v2\\\/#primaryimage\"},\"image\":{\"@id\":\"https:\\\/\\\/padelzoco.es\\\/product\\\/pala-padel-wilson-blade-elite-v2\\\/#primaryimage\"},\"thumbnailUrl\":\"https:\\\/\\\/padelzoco.es\\\/wp-content\\\/uploads\\\/2024\\\/01\\\/Wilson-Blade-Elite-V2-Padel-Racket-Image-8.webp\",\"datePublished\":\"2024-01-04T15:05:19+00:00\",\"dateModified\":\"2026-04-30T17:47:59+00:00\",\"description\":\"Choice padel racket for intermediate players looking to hit with a combination of impressive power and precise control.\",\"breadcrumb\":{\"@id\":\"https:\\\/\\\/padelzoco.es\\\/product\\\/pala-padel-wilson-blade-elite-v2\\\/#breadcrumb\"},\"inLanguage\":\"en-GB\",\"potentialAction\":[{\"@type\":\"ReadAction\",\"target\":[\"https:\\\/\\\/padelzoco.es\\\/product\\\/pala-padel-wilson-blade-elite-v2\\\/\"]}]},{\"@type\":\"ImageObject\",\"inLanguage\":\"en-GB\",\"@id\":\"https:\\\/\\\/padelzoco.es\\\/product\\\/pala-padel-wilson-blade-elite-v2\\\/#primaryimage\",\"url\":\"https:\\\/\\\/padelzoco.es\\\/wp-content\\\/uploads\\\/2024\\\/01\\\/Wilson-Blade-Elite-V2-Padel-Racket-Image-8.webp\",\"contentUrl\":\"https:\\\/\\\/padelzoco.es\\\/wp-content\\\/uploads\\\/2024\\\/01\\\/Wilson-Blade-Elite-V2-Padel-Racket-Image-8.webp\",\"width\":1400,\"height\":1400,\"caption\":\"Wilson Blade Elite V2 Padel Racket Image 8\"},{\"@type\":\"BreadcrumbList\",\"@id\":\"https:\\\/\\\/padelzoco.es\\\/product\\\/pala-padel-wilson-blade-elite-v2\\\/#breadcrumb\",\"itemListElement\":[{\"@type\":\"ListItem\",\"position\":1,\"name\":\"Home\",\"item\":\"https:\\\/\\\/padelzoco.es\\\/\"},{\"@type\":\"ListItem\",\"position\":2,\"name\":\"Padel Zoco\",\"item\":\"https:\\\/\\\/padelzoco.es\\\/padel-zoco\\\/\"},{\"@type\":\"ListItem\",\"position\":3,\"name\":\"Pala Padel Wilson Blade Elite v2\"}]},{\"@type\":\"WebSite\",\"@id\":\"https:\\\/\\\/padelzoco.es\\\/#website\",\"url\":\"https:\\\/\\\/padelzoco.es\\\/\",\"name\":\"Padel Zoco\",\"description\":\"Padel Zoco | Spain\",\"publisher\":{\"@id\":\"https:\\\/\\\/padelzoco.es\\\/#organization\"},\"potentialAction\":[{\"@type\":\"SearchAction\",\"target\":{\"@type\":\"EntryPoint\",\"urlTemplate\":\"https:\\\/\\\/padelzoco.es\\\/?s={search_term_string}\"},\"query-input\":{\"@type\":\"PropertyValueSpecification\",\"valueRequired\":true,\"valueName\":\"search_term_string\"}}],\"inLanguage\":\"en-GB\"},{\"@type\":\"Organization\",\"@id\":\"https:\\\/\\\/padelzoco.es\\\/#organization\",\"name\":\"Padel Zoco\",\"url\":\"https:\\\/\\\/padelzoco.es\\\/\",\"logo\":{\"@type\":\"ImageObject\",\"inLanguage\":\"en-GB\",\"@id\":\"https:\\\/\\\/padelzoco.es\\\/#\\\/schema\\\/logo\\\/image\\\/\",\"url\":\"https:\\\/\\\/padelzoco.es\\\/wp-content\\\/uploads\\\/2023\\\/11\\\/PadelZoco_Logo_black_white.webp\",\"contentUrl\":\"https:\\\/\\\/padelzoco.es\\\/wp-content\\\/uploads\\\/2023\\\/11\\\/PadelZoco_Logo_black_white.webp\",\"width\":1500,\"height\":631,\"caption\":\"Padel Zoco\"},\"image\":{\"@id\":\"https:\\\/\\\/padelzoco.es\\\/#\\\/schema\\\/logo\\\/image\\\/\"}}]}<\/script>\n<!-- \/ Yoast SEO plugin. -->","yoast_head_json":{"title":"Pala Padel Wilson Blade Elite v2 - Padel Zoco","description":"Choice padel racket for intermediate players looking to hit with a combination of impressive power and precise control.","robots":{"index":"index","follow":"follow","max-snippet":"max-snippet:-1","max-image-preview":"max-image-preview:large","max-video-preview":"max-video-preview:-1"},"canonical":"https:\/\/padelzoco.es\/en\/product\/pala-padel-wilson-blade-elite-v2\/","og_locale":"en_GB","og_type":"article","og_title":"Pala Padel Wilson Blade Elite v2 - Padel Zoco","og_description":"Choice padel racket for intermediate players looking to hit with a combination of impressive power and precise control.","og_url":"https:\/\/padelzoco.es\/en\/product\/pala-padel-wilson-blade-elite-v2\/","og_site_name":"Padel Zoco","article_modified_time":"2026-04-30T17:47:59+00:00","og_image":[{"width":1400,"height":1400,"url":"https:\/\/padelzoco.es\/wp-content\/uploads\/2024\/01\/Wilson-Blade-Elite-V2-Padel-Racket-Image-8.webp","type":"image\/webp"}],"twitter_card":"summary_large_image","twitter_misc":{"Estimated reading time":"1 minute"},"schema":{"@context":"https:\/\/schema.org","@graph":[{"@type":"WebPage","@id":"https:\/\/padelzoco.es\/product\/pala-padel-wilson-blade-elite-v2\/","url":"https:\/\/padelzoco.es\/product\/pala-padel-wilson-blade-elite-v2\/","name":"Pala Padel Wilson Blade Elite v2 - Padel Zoco","isPartOf":{"@id":"https:\/\/padelzoco.es\/#website"},"primaryImageOfPage":{"@id":"https:\/\/padelzoco.es\/product\/pala-padel-wilson-blade-elite-v2\/#primaryimage"},"image":{"@id":"https:\/\/padelzoco.es\/product\/pala-padel-wilson-blade-elite-v2\/#primaryimage"},"thumbnailUrl":"https:\/\/padelzoco.es\/wp-content\/uploads\/2024\/01\/Wilson-Blade-Elite-V2-Padel-Racket-Image-8.webp","datePublished":"2024-01-04T15:05:19+00:00","dateModified":"2026-04-30T17:47:59+00:00","description":"Choice padel racket for intermediate players looking to hit with a combination of impressive power and precise control.","breadcrumb":{"@id":"https:\/\/padelzoco.es\/product\/pala-padel-wilson-blade-elite-v2\/#breadcrumb"},"inLanguage":"en-GB","potentialAction":[{"@type":"ReadAction","target":["https:\/\/padelzoco.es\/product\/pala-padel-wilson-blade-elite-v2\/"]}]},{"@type":"ImageObject","inLanguage":"en-GB","@id":"https:\/\/padelzoco.es\/product\/pala-padel-wilson-blade-elite-v2\/#primaryimage","url":"https:\/\/padelzoco.es\/wp-content\/uploads\/2024\/01\/Wilson-Blade-Elite-V2-Padel-Racket-Image-8.webp","contentUrl":"https:\/\/padelzoco.es\/wp-content\/uploads\/2024\/01\/Wilson-Blade-Elite-V2-Padel-Racket-Image-8.webp","width":1400,"height":1400,"caption":"Wilson Blade Elite V2 Padel Racket Image 8"},{"@type":"BreadcrumbList","@id":"https:\/\/padelzoco.es\/product\/pala-padel-wilson-blade-elite-v2\/#breadcrumb","itemListElement":[{"@type":"ListItem","position":1,"name":"Home","item":"https:\/\/padelzoco.es\/"},{"@type":"ListItem","position":2,"name":"Padel Zoco","item":"https:\/\/padelzoco.es\/padel-zoco\/"},{"@type":"ListItem","position":3,"name":"Pala Padel Wilson Blade Elite v2"}]},{"@type":"WebSite","@id":"https:\/\/padelzoco.es\/#website","url":"https:\/\/padelzoco.es\/","name":"Padel Zoco","description":"Padel Zoco | Spain","publisher":{"@id":"https:\/\/padelzoco.es\/#organization"},"potentialAction":[{"@type":"SearchAction","target":{"@type":"EntryPoint","urlTemplate":"https:\/\/padelzoco.es\/?s={search_term_string}"},"query-input":{"@type":"PropertyValueSpecification","valueRequired":true,"valueName":"search_term_string"}}],"inLanguage":"en-GB"},{"@type":"Organization","@id":"https:\/\/padelzoco.es\/#organization","name":"Padel Zoco","url":"https:\/\/padelzoco.es\/","logo":{"@type":"ImageObject","inLanguage":"en-GB","@id":"https:\/\/padelzoco.es\/#\/schema\/logo\/image\/","url":"https:\/\/padelzoco.es\/wp-content\/uploads\/2023\/11\/PadelZoco_Logo_black_white.webp","contentUrl":"https:\/\/padelzoco.es\/wp-content\/uploads\/2023\/11\/PadelZoco_Logo_black_white.webp","width":1500,"height":631,"caption":"Padel Zoco"},"image":{"@id":"https:\/\/padelzoco.es\/#\/schema\/logo\/image\/"}}]}},"_links":{"self":[{"href":"https:\/\/padelzoco.es\/en\/wp-json\/wp\/v2\/product\/8410","targetHints":{"allow":["GET"]}}],"collection":[{"href":"https:\/\/padelzoco.es\/en\/wp-json\/wp\/v2\/product"}],"about":[{"href":"https:\/\/padelzoco.es\/en\/wp-json\/wp\/v2\/types\/product"}],"version-history":[{"count":1,"href":"https:\/\/padelzoco.es\/en\/wp-json\/wp\/v2\/product\/8410\/revisions"}],"predecessor-version":[{"id":27859,"href":"https:\/\/padelzoco.es\/en\/wp-json\/wp\/v2\/product\/8410\/revisions\/27859"}],"wp:featuredmedia":[{"embeddable":true,"href":"https:\/\/padelzoco.es\/en\/wp-json\/wp\/v2\/media\/8418"}],"wp:attachment":[{"href":"https:\/\/padelzoco.es\/en\/wp-json\/wp\/v2\/media?parent=8410"}],"wp:term":[{"taxonomy":"product_brand","embeddable":true,"href":"https:\/\/padelzoco.es\/en\/wp-json\/wp\/v2\/product_brand?post=8410"},{"taxonomy":"product_cat","embeddable":true,"href":"https:\/\/padelzoco.es\/en\/wp-json\/wp\/v2\/product_cat?post=8410"},{"taxonomy":"product_tag","embeddable":true,"href":"https:\/\/padelzoco.es\/en\/wp-json\/wp\/v2\/product_tag?post=8410"}],"curies":[{"name":"wp","href":"https:\/\/api.w.org\/{rel}","templated":true}]}}