{"id":8548,"date":"2024-01-10T17:49:50","date_gmt":"2024-01-10T16:49:50","guid":{"rendered":"https:\/\/adc06f55e9.nxcli.io\/?post_type=product&#038;p=8548"},"modified":"2026-04-30T19:33:01","modified_gmt":"2026-04-30T18:33:01","slug":"calcetines-largos-oso-padel-blanco-2-pares","status":"publish","type":"product","link":"https:\/\/padelzoco.es\/en\/product\/calcetines-largos-oso-padel-blanco-2-pares\/","title":{"rendered":"Calcetines Largos Oso Padel Blanco 2 Pares"},"content":{"rendered":"<p>Your perfect partner on the court. Crafted with precision, these socks blend comfort and performance seamlessly. Made from a high-quality mix of 60% cotton, 30% nylon, and 10% spandex, they offer the ideal combination of softness, durability, and flexibility.<br \/>\nStay cool and dry with advanced moisture-wicking technology, ensuring comfort during every match. The strategic cushioning provides support and impact absorption, while the nylon reinforcement enhances durability. With a sleek design, OSO Padel Socks don't just perform\u2014they look good doing it. Elevate your\u00a0game\u00a0with\u00a0OSO.<\/p>","protected":false},"excerpt":{"rendered":"<p>Your perfect partner on the court. Crafted with precision, these socks blend comfort and performance seamlessly. Made from a high-quality mix of 60% cotton, 30% nylon, and 10% spandex, they offer the ideal combination of softness, durability, and flexibility.<br \/>\nStay cool and dry with advanced moisture-wicking technology, ensuring comfort during every match. The strategic cushioning provides support and impact absorption, while the nylon reinforcement enhances durability. With a sleek design, OSO Padel Socks don't just perform\u2014they look good doing it. Elevate your\u00a0game\u00a0with\u00a0OSO.<\/p>","protected":false},"featured_media":8545,"template":"","meta":[],"product_brand":[],"product_cat":[614,701,610],"product_tag":[],"class_list":{"0":"post-8548","1":"product","2":"type-product","3":"status-publish","4":"has-post-thumbnail","6":"product_cat-calcetines-ropa","7":"product_cat-oso-padel","8":"product_cat-tipo-de-prenda","9":"pa_brand-oso-padel","10":"pa_color-blanco","11":"pa_country_of_origin-china","12":"pa_hs_code-740","13":"pa_size-l","14":"pa_size-m","15":"pa_size-xl","17":"first","18":"instock","19":"taxable","20":"shipping-taxable","21":"purchasable","22":"product-type-variable"},"yoast_head":"<!-- This site is optimized with the Yoast SEO plugin v27.5 - https:\/\/yoast.com\/product\/yoast-seo-wordpress\/ -->\n<title>CALCETINES LARGOS OSO PADEL BLANCO 2 PARES<\/title>\n<meta name=\"robots\" content=\"index, follow, max-snippet:-1, max-image-preview:large, max-video-preview:-1\" \/>\n<link rel=\"canonical\" href=\"https:\/\/padelzoco.es\/en\/product\/calcetines-largos-oso-padel-blanco-2-pares\/\" \/>\n<meta property=\"og:locale\" content=\"en_GB\" \/>\n<meta property=\"og:type\" content=\"article\" \/>\n<meta property=\"og:title\" content=\"CALCETINES LARGOS OSO PADEL BLANCO 2 PARES\" \/>\n<meta property=\"og:description\" content=\"Tu compa\u00f1ero perfecto en la pista. Elaborados con precisi\u00f3n, estos calcetines combinan comodidad y rendimiento a la perfecci\u00f3n. Confeccionados con una mezcla de alta calidad de 60% algod\u00f3n, 30% nailon y 10% spandex, ofrecen la combinaci\u00f3n ideal de suavidad, durabilidad y flexibilidad. Mant\u00e9ngase fresco y seco con tecnolog\u00eda avanzada que absorbe la humedad, lo que garantiza comodidad durante cada partido. La amortiguaci\u00f3n estrat\u00e9gica proporciona soporte y absorci\u00f3n de impactos, mientras que el refuerzo de nailon mejora la durabilidad. Con un dise\u00f1o elegante, los calcetines OSO Padel no s\u00f3lo funcionan, sino que lucen bien\u00a0al\u00a0hacerlo.\" \/>\n<meta property=\"og:url\" content=\"https:\/\/padelzoco.es\/en\/product\/calcetines-largos-oso-padel-blanco-2-pares\/\" \/>\n<meta property=\"og:site_name\" content=\"Padel Zoco\" \/>\n<meta property=\"article:modified_time\" content=\"2026-04-30T18:33:01+00:00\" \/>\n<meta property=\"og:image\" content=\"https:\/\/padelzoco.es\/wp-content\/uploads\/2024\/01\/OSO-padel-socks-White-Image-1.webp\" \/>\n\t<meta property=\"og:image:width\" content=\"1400\" \/>\n\t<meta property=\"og:image:height\" content=\"1400\" \/>\n\t<meta property=\"og:image:type\" content=\"image\/webp\" \/>\n<meta name=\"twitter:card\" content=\"summary_large_image\" \/>\n<meta name=\"twitter:label1\" content=\"Estimated reading time\" \/>\n\t<meta name=\"twitter:data1\" content=\"1 minute\" \/>\n<script type=\"application\/ld+json\" class=\"yoast-schema-graph\">{\"@context\":\"https:\\\/\\\/schema.org\",\"@graph\":[{\"@type\":\"WebPage\",\"@id\":\"https:\\\/\\\/padelzoco.es\\\/product\\\/calcetines-largos-oso-padel-blanco-2-pares\\\/\",\"url\":\"https:\\\/\\\/padelzoco.es\\\/product\\\/calcetines-largos-oso-padel-blanco-2-pares\\\/\",\"name\":\"CALCETINES LARGOS OSO PADEL BLANCO 2 PARES\",\"isPartOf\":{\"@id\":\"https:\\\/\\\/padelzoco.es\\\/#website\"},\"primaryImageOfPage\":{\"@id\":\"https:\\\/\\\/padelzoco.es\\\/product\\\/calcetines-largos-oso-padel-blanco-2-pares\\\/#primaryimage\"},\"image\":{\"@id\":\"https:\\\/\\\/padelzoco.es\\\/product\\\/calcetines-largos-oso-padel-blanco-2-pares\\\/#primaryimage\"},\"thumbnailUrl\":\"https:\\\/\\\/padelzoco.es\\\/wp-content\\\/uploads\\\/2024\\\/01\\\/OSO-padel-socks-White-Image-1.webp\",\"datePublished\":\"2024-01-10T16:49:50+00:00\",\"dateModified\":\"2026-04-30T18:33:01+00:00\",\"breadcrumb\":{\"@id\":\"https:\\\/\\\/padelzoco.es\\\/product\\\/calcetines-largos-oso-padel-blanco-2-pares\\\/#breadcrumb\"},\"inLanguage\":\"en-GB\",\"potentialAction\":[{\"@type\":\"ReadAction\",\"target\":[\"https:\\\/\\\/padelzoco.es\\\/product\\\/calcetines-largos-oso-padel-blanco-2-pares\\\/\"]}]},{\"@type\":\"ImageObject\",\"inLanguage\":\"en-GB\",\"@id\":\"https:\\\/\\\/padelzoco.es\\\/product\\\/calcetines-largos-oso-padel-blanco-2-pares\\\/#primaryimage\",\"url\":\"https:\\\/\\\/padelzoco.es\\\/wp-content\\\/uploads\\\/2024\\\/01\\\/OSO-padel-socks-White-Image-1.webp\",\"contentUrl\":\"https:\\\/\\\/padelzoco.es\\\/wp-content\\\/uploads\\\/2024\\\/01\\\/OSO-padel-socks-White-Image-1.webp\",\"width\":1400,\"height\":1400,\"caption\":\"OSO padel socks White Image 1\"},{\"@type\":\"BreadcrumbList\",\"@id\":\"https:\\\/\\\/padelzoco.es\\\/product\\\/calcetines-largos-oso-padel-blanco-2-pares\\\/#breadcrumb\",\"itemListElement\":[{\"@type\":\"ListItem\",\"position\":1,\"name\":\"Home\",\"item\":\"https:\\\/\\\/padelzoco.es\\\/\"},{\"@type\":\"ListItem\",\"position\":2,\"name\":\"Padel Zoco\",\"item\":\"https:\\\/\\\/padelzoco.es\\\/padel-zoco\\\/\"},{\"@type\":\"ListItem\",\"position\":3,\"name\":\"Calcetines Largos Oso Padel Blanco 2 Pares\"}]},{\"@type\":\"WebSite\",\"@id\":\"https:\\\/\\\/padelzoco.es\\\/#website\",\"url\":\"https:\\\/\\\/padelzoco.es\\\/\",\"name\":\"Padel Zoco\",\"description\":\"Padel Zoco | Spain\",\"publisher\":{\"@id\":\"https:\\\/\\\/padelzoco.es\\\/#organization\"},\"potentialAction\":[{\"@type\":\"SearchAction\",\"target\":{\"@type\":\"EntryPoint\",\"urlTemplate\":\"https:\\\/\\\/padelzoco.es\\\/?s={search_term_string}\"},\"query-input\":{\"@type\":\"PropertyValueSpecification\",\"valueRequired\":true,\"valueName\":\"search_term_string\"}}],\"inLanguage\":\"en-GB\"},{\"@type\":\"Organization\",\"@id\":\"https:\\\/\\\/padelzoco.es\\\/#organization\",\"name\":\"Padel Zoco\",\"url\":\"https:\\\/\\\/padelzoco.es\\\/\",\"logo\":{\"@type\":\"ImageObject\",\"inLanguage\":\"en-GB\",\"@id\":\"https:\\\/\\\/padelzoco.es\\\/#\\\/schema\\\/logo\\\/image\\\/\",\"url\":\"https:\\\/\\\/padelzoco.es\\\/wp-content\\\/uploads\\\/2023\\\/11\\\/PadelZoco_Logo_black_white.webp\",\"contentUrl\":\"https:\\\/\\\/padelzoco.es\\\/wp-content\\\/uploads\\\/2023\\\/11\\\/PadelZoco_Logo_black_white.webp\",\"width\":1500,\"height\":631,\"caption\":\"Padel Zoco\"},\"image\":{\"@id\":\"https:\\\/\\\/padelzoco.es\\\/#\\\/schema\\\/logo\\\/image\\\/\"}}]}<\/script>\n<!-- \/ Yoast SEO plugin. -->","yoast_head_json":{"title":"OSO Padel Socks White 2 Pairs","robots":{"index":"index","follow":"follow","max-snippet":"max-snippet:-1","max-image-preview":"max-image-preview:large","max-video-preview":"max-video-preview:-1"},"canonical":"https:\/\/padelzoco.es\/en\/product\/calcetines-largos-oso-padel-blanco-2-pares\/","og_locale":"en_GB","og_type":"article","og_title":"CALCETINES LARGOS OSO PADEL BLANCO 2 PARES","og_description":"Tu compa\u00f1ero perfecto en la pista. Elaborados con precisi\u00f3n, estos calcetines combinan comodidad y rendimiento a la perfecci\u00f3n. Confeccionados con una mezcla de alta calidad de 60% algod\u00f3n, 30% nailon y 10% spandex, ofrecen la combinaci\u00f3n ideal de suavidad, durabilidad y flexibilidad. Mant\u00e9ngase fresco y seco con tecnolog\u00eda avanzada que absorbe la humedad, lo que garantiza comodidad durante cada partido. La amortiguaci\u00f3n estrat\u00e9gica proporciona soporte y absorci\u00f3n de impactos, mientras que el refuerzo de nailon mejora la durabilidad. Con un dise\u00f1o elegante, los calcetines OSO Padel no s\u00f3lo funcionan, sino que lucen bien\u00a0al\u00a0hacerlo.","og_url":"https:\/\/padelzoco.es\/en\/product\/calcetines-largos-oso-padel-blanco-2-pares\/","og_site_name":"Padel Zoco","article_modified_time":"2026-04-30T18:33:01+00:00","og_image":[{"width":1400,"height":1400,"url":"https:\/\/padelzoco.es\/wp-content\/uploads\/2024\/01\/OSO-padel-socks-White-Image-1.webp","type":"image\/webp"}],"twitter_card":"summary_large_image","twitter_misc":{"Estimated reading time":"1 minute"},"schema":{"@context":"https:\/\/schema.org","@graph":[{"@type":"WebPage","@id":"https:\/\/padelzoco.es\/product\/calcetines-largos-oso-padel-blanco-2-pares\/","url":"https:\/\/padelzoco.es\/product\/calcetines-largos-oso-padel-blanco-2-pares\/","name":"OSO Padel Socks White 2 Pairs","isPartOf":{"@id":"https:\/\/padelzoco.es\/#website"},"primaryImageOfPage":{"@id":"https:\/\/padelzoco.es\/product\/calcetines-largos-oso-padel-blanco-2-pares\/#primaryimage"},"image":{"@id":"https:\/\/padelzoco.es\/product\/calcetines-largos-oso-padel-blanco-2-pares\/#primaryimage"},"thumbnailUrl":"https:\/\/padelzoco.es\/wp-content\/uploads\/2024\/01\/OSO-padel-socks-White-Image-1.webp","datePublished":"2024-01-10T16:49:50+00:00","dateModified":"2026-04-30T18:33:01+00:00","breadcrumb":{"@id":"https:\/\/padelzoco.es\/product\/calcetines-largos-oso-padel-blanco-2-pares\/#breadcrumb"},"inLanguage":"en-GB","potentialAction":[{"@type":"ReadAction","target":["https:\/\/padelzoco.es\/product\/calcetines-largos-oso-padel-blanco-2-pares\/"]}]},{"@type":"ImageObject","inLanguage":"en-GB","@id":"https:\/\/padelzoco.es\/product\/calcetines-largos-oso-padel-blanco-2-pares\/#primaryimage","url":"https:\/\/padelzoco.es\/wp-content\/uploads\/2024\/01\/OSO-padel-socks-White-Image-1.webp","contentUrl":"https:\/\/padelzoco.es\/wp-content\/uploads\/2024\/01\/OSO-padel-socks-White-Image-1.webp","width":1400,"height":1400,"caption":"OSO padel socks White Image 1"},{"@type":"BreadcrumbList","@id":"https:\/\/padelzoco.es\/product\/calcetines-largos-oso-padel-blanco-2-pares\/#breadcrumb","itemListElement":[{"@type":"ListItem","position":1,"name":"Home","item":"https:\/\/padelzoco.es\/"},{"@type":"ListItem","position":2,"name":"Padel Zoco","item":"https:\/\/padelzoco.es\/padel-zoco\/"},{"@type":"ListItem","position":3,"name":"Calcetines Largos Oso Padel Blanco 2 Pares"}]},{"@type":"WebSite","@id":"https:\/\/padelzoco.es\/#website","url":"https:\/\/padelzoco.es\/","name":"Padel Zoco","description":"Padel Zoco | Spain","publisher":{"@id":"https:\/\/padelzoco.es\/#organization"},"potentialAction":[{"@type":"SearchAction","target":{"@type":"EntryPoint","urlTemplate":"https:\/\/padelzoco.es\/?s={search_term_string}"},"query-input":{"@type":"PropertyValueSpecification","valueRequired":true,"valueName":"search_term_string"}}],"inLanguage":"en-GB"},{"@type":"Organization","@id":"https:\/\/padelzoco.es\/#organization","name":"Padel Zoco","url":"https:\/\/padelzoco.es\/","logo":{"@type":"ImageObject","inLanguage":"en-GB","@id":"https:\/\/padelzoco.es\/#\/schema\/logo\/image\/","url":"https:\/\/padelzoco.es\/wp-content\/uploads\/2023\/11\/PadelZoco_Logo_black_white.webp","contentUrl":"https:\/\/padelzoco.es\/wp-content\/uploads\/2023\/11\/PadelZoco_Logo_black_white.webp","width":1500,"height":631,"caption":"Padel Zoco"},"image":{"@id":"https:\/\/padelzoco.es\/#\/schema\/logo\/image\/"}}]}},"_links":{"self":[{"href":"https:\/\/padelzoco.es\/en\/wp-json\/wp\/v2\/product\/8548","targetHints":{"allow":["GET"]}}],"collection":[{"href":"https:\/\/padelzoco.es\/en\/wp-json\/wp\/v2\/product"}],"about":[{"href":"https:\/\/padelzoco.es\/en\/wp-json\/wp\/v2\/types\/product"}],"version-history":[{"count":1,"href":"https:\/\/padelzoco.es\/en\/wp-json\/wp\/v2\/product\/8548\/revisions"}],"predecessor-version":[{"id":22518,"href":"https:\/\/padelzoco.es\/en\/wp-json\/wp\/v2\/product\/8548\/revisions\/22518"}],"wp:featuredmedia":[{"embeddable":true,"href":"https:\/\/padelzoco.es\/en\/wp-json\/wp\/v2\/media\/8545"}],"wp:attachment":[{"href":"https:\/\/padelzoco.es\/en\/wp-json\/wp\/v2\/media?parent=8548"}],"wp:term":[{"taxonomy":"product_brand","embeddable":true,"href":"https:\/\/padelzoco.es\/en\/wp-json\/wp\/v2\/product_brand?post=8548"},{"taxonomy":"product_cat","embeddable":true,"href":"https:\/\/padelzoco.es\/en\/wp-json\/wp\/v2\/product_cat?post=8548"},{"taxonomy":"product_tag","embeddable":true,"href":"https:\/\/padelzoco.es\/en\/wp-json\/wp\/v2\/product_tag?post=8548"}],"curies":[{"name":"wp","href":"https:\/\/api.w.org\/{rel}","templated":true}]}}