{"id":8772,"date":"2024-01-31T15:30:56","date_gmt":"2024-01-31T14:30:56","guid":{"rendered":"https:\/\/adc06f55e9.nxcli.io\/?post_type=product&#038;p=8772"},"modified":"2026-02-02T09:26:31","modified_gmt":"2026-02-02T08:26:31","slug":"pala-padel-head-speed-elite-2023","status":"publish","type":"product","link":"https:\/\/padelzoco.es\/en\/product\/pala-padel-head-speed-elite-2023\/","title":{"rendered":"Pala Padel Head Speed Elite 2023"},"content":{"rendered":"<p><span style=\"vertical-align: inherit;\"><span style=\"vertical-align: inherit;\">Los jugadores experimentados pueden jugar una fracci\u00f3n de segundo m\u00e1s r\u00e1pido y encontrar su ventaja ganadora con la SPEED ELITE, una poderosa raqueta de una serie que promueve la versatilidad. <\/span><span style=\"vertical-align: inherit;\">Para obtener potencia extra, as\u00ed como una sensaci\u00f3n sensacional, la raqueta en forma de l\u00e1grima se ha actualizado con la innovadora tecnolog\u00eda Auxetic. <\/span><span style=\"vertical-align: inherit;\">El SPEED ELITE ofrece una combinaci\u00f3n de potencia y control, con la superficie de golpeo de fibra de vidrio que garantiza una sensaci\u00f3n y un tacto m\u00e1s suaves, mientras que el nuevo Soft Butt Cap mejora la sensaci\u00f3n y el tacto. <\/span><span style=\"vertical-align: inherit;\">Adem\u00e1s de la velocidad de ataque, el SPEED ELITE ofrece un dise\u00f1o distintivo con un toque de cobre y un acabado mate.<\/span><\/span><\/p>\n<p><span style=\"vertical-align: inherit;\"><span style=\"vertical-align: inherit;\">\u2022 Innovadora tecnolog\u00eda Auxetic para mayor potencia y sensacional sensaci\u00f3n de impacto <\/span><\/span><br \/>\n<span style=\"vertical-align: inherit;\"><span style=\"vertical-align: inherit;\">\u2022 Combinaci\u00f3n de potencia y control para jugadores avanzados con un juego r\u00e1pido y variado <\/span><\/span><br \/>\n<span style=\"vertical-align: inherit;\"><span style=\"vertical-align: inherit;\">\u2022 Superficie de golpeo de fibra de vidrio para una sensaci\u00f3n y tacto m\u00e1s suaves <\/span><\/span><br \/>\n<span style=\"vertical-align: inherit;\"><span style=\"vertical-align: inherit;\">\u2022 Nueva Soft Butt Cap mejora la sensaci\u00f3n y el tacto <\/span><\/span><br \/>\n<span style=\"vertical-align: inherit;\"><span style=\"vertical-align: inherit;\">\u2022 Dise\u00f1o distintivo con un toque de cobre acento y acabado mate<\/span><\/span><\/p>\n<p><strong><span style=\"vertical-align: inherit;\"><span style=\"vertical-align: inherit;\">Shape<\/span><\/span><\/strong><span style=\"vertical-align: inherit;\"><span style=\"vertical-align: inherit;\"> : L\u00e1grima <\/span><\/span><\/p>\n<p><strong><span style=\"vertical-align: inherit;\"><span style=\"vertical-align: inherit;\">Weight<\/span><\/span><\/strong><span style=\"vertical-align: inherit;\"><span style=\"vertical-align: inherit;\"> : 370 g\/13,1 oz <\/span><\/span><\/p>\n<p><span style=\"vertical-align: inherit;\"><strong><span style=\"vertical-align: inherit;\">Tama\u00f1o <\/span><\/strong><\/span><strong><span style=\"vertical-align: inherit;\"><span style=\"vertical-align: inherit;\">de la cabeza<\/span><\/span><\/strong>\u00a0<span style=\"vertical-align: inherit;\"><span style=\"vertical-align: inherit;\"> : 465 cm\u00b2\/72 in\u00b2 <\/span><\/span><\/p>\n<p><span style=\"vertical-align: inherit;\"><strong><span style=\"vertical-align: inherit;\">Equilibrio<\/span><\/strong><span style=\"vertical-align: inherit;\"> : 265 mm\/1,5 in HH <\/span><\/span><\/p>\n<p><span style=\"vertical-align: inherit;\"><strong><span style=\"vertical-align: inherit;\">Haz<\/span><\/strong><span style=\"vertical-align: inherit;\"> : 38 mm\/1,5 in<\/span><\/span><\/p>","protected":false},"excerpt":{"rendered":"<p><span style=\"vertical-align: inherit;\"><span style=\"vertical-align: inherit;\">Los jugadores experimentados pueden jugar una fracci\u00f3n de segundo m\u00e1s r\u00e1pido y encontrar su ventaja ganadora con la SPEED ELITE, una poderosa raqueta de una serie que promueve la versatilidad. <\/span><span style=\"vertical-align: inherit;\">Para obtener potencia extra, as\u00ed como una sensaci\u00f3n sensacional, la raqueta en forma de l\u00e1grima se ha actualizado con la innovadora tecnolog\u00eda Auxetic. <\/span><span style=\"vertical-align: inherit;\">El SPEED ELITE ofrece una combinaci\u00f3n de potencia y control, con la superficie de golpeo de fibra de vidrio que garantiza una sensaci\u00f3n y un tacto m\u00e1s suaves, mientras que el nuevo Soft Butt Cap mejora la sensaci\u00f3n y el tacto. <\/span><span style=\"vertical-align: inherit;\">Adem\u00e1s de la velocidad de ataque, el SPEED ELITE ofrece un dise\u00f1o distintivo con un toque de cobre y un acabado mate.<\/span><\/span><\/p>\n<p><span style=\"vertical-align: inherit;\"><span style=\"vertical-align: inherit;\">\u2022 Innovadora tecnolog\u00eda Auxetic para mayor potencia y sensacional sensaci\u00f3n de impacto <\/span><\/span><br \/>\n<span style=\"vertical-align: inherit;\"><span style=\"vertical-align: inherit;\">\u2022 Combinaci\u00f3n de potencia y control para jugadores avanzados con un juego r\u00e1pido y variado <\/span><\/span><br \/>\n<span style=\"vertical-align: inherit;\"><span style=\"vertical-align: inherit;\">\u2022 Superficie de golpeo de fibra de vidrio para una sensaci\u00f3n y tacto m\u00e1s suaves <\/span><\/span><br \/>\n<span style=\"vertical-align: inherit;\"><span style=\"vertical-align: inherit;\">\u2022 Nueva Soft Butt Cap mejora la sensaci\u00f3n y el tacto <\/span><\/span><br \/>\n<span style=\"vertical-align: inherit;\"><span style=\"vertical-align: inherit;\">\u2022 Dise\u00f1o distintivo con un toque de cobre acento y acabado mate<\/span><\/span><\/p>\n<p><strong><span style=\"vertical-align: inherit;\"><span style=\"vertical-align: inherit;\">Shape<\/span><\/span><\/strong><span style=\"vertical-align: inherit;\"><span style=\"vertical-align: inherit;\"> : L\u00e1grima<\/span><\/span><\/p>\n<p><strong><span style=\"vertical-align: inherit;\"><span style=\"vertical-align: inherit;\">Weight<\/span><\/span><\/strong><span style=\"vertical-align: inherit;\"><span style=\"vertical-align: inherit;\"> : 370 g\/13,1 oz <\/span><\/span><\/p>\n<p><span style=\"vertical-align: inherit;\"><strong><span style=\"vertical-align: inherit;\">Tama\u00f1o <\/span><\/strong><\/span><strong><span style=\"vertical-align: inherit;\"><span style=\"vertical-align: inherit;\">de la cabeza<\/span><\/span><\/strong>\u00a0<span style=\"vertical-align: inherit;\"><span style=\"vertical-align: inherit;\"> : 465 cm\u00b2\/72 in\u00b2<\/span><\/span><\/p>\n<p><span style=\"vertical-align: inherit;\"> <strong><span style=\"vertical-align: inherit;\">Equilibrio<\/span><\/strong><span style=\"vertical-align: inherit;\"> : 265 mm\/1,5 in HH <\/span><\/span><\/p>\n<p><span style=\"vertical-align: inherit;\"><strong><span style=\"vertical-align: inherit;\">Haz<\/span><\/strong><span style=\"vertical-align: inherit;\"> : 38 mm\/1,5 in<\/span><\/span><\/p>","protected":false},"featured_media":8774,"template":"","meta":[],"product_brand":[],"product_cat":[582,746,747,589,581,585,590,572,757,754],"product_tag":[],"class_list":{"0":"post-8772","1":"product","2":"type-product","3":"status-publish","4":"has-post-thumbnail","6":"product_cat-avanzado-palas","7":"product_cat-head","8":"product_cat-head-padel","9":"product_cat-hombre-palas","10":"product_cat-intermedio-palas","11":"product_cat-lagrima-palas","12":"product_cat-mujer-palas","13":"product_cat-palas","14":"product_cat-palas-ofertas","15":"product_cat-rebajas","16":"pa_brand-head","17":"pa_hs_code-134","19":"first","20":"outofstock","21":"sale","22":"taxable","23":"shipping-taxable","24":"purchasable","25":"product-type-simple"},"yoast_head":"<!-- This site is optimized with the Yoast SEO plugin v27.3 - https:\/\/yoast.com\/product\/yoast-seo-wordpress\/ -->\n<title>Pala Padel Head Speed Elite 2023 - Padel Zoco<\/title>\n<meta name=\"description\" content=\"La pala SPEED ELITE ofrece potencia y versatilidad. Cuenta con la nueva tecnolog\u00eda Auxetic y contribuye a que los jugadores avanzados puedan jugar con velocidad y en superficies diversas.\" \/>\n<meta name=\"robots\" content=\"index, follow, max-snippet:-1, max-image-preview:large, max-video-preview:-1\" \/>\n<link rel=\"canonical\" href=\"https:\/\/padelzoco.es\/en\/product\/pala-padel-head-speed-elite-2023\/\" \/>\n<meta property=\"og:locale\" content=\"en_GB\" \/>\n<meta property=\"og:type\" content=\"article\" \/>\n<meta property=\"og:title\" content=\"Pala Padel Head Speed Elite 2023 - Padel Zoco\" \/>\n<meta property=\"og:description\" content=\"La pala SPEED ELITE ofrece potencia y versatilidad. Cuenta con la nueva tecnolog\u00eda Auxetic y contribuye a que los jugadores avanzados puedan jugar con velocidad y en superficies diversas.\" \/>\n<meta property=\"og:url\" content=\"https:\/\/padelzoco.es\/en\/product\/pala-padel-head-speed-elite-2023\/\" \/>\n<meta property=\"og:site_name\" content=\"Padel Zoco\" \/>\n<meta property=\"article:modified_time\" content=\"2026-02-02T08:26:31+00:00\" \/>\n<meta property=\"og:image\" content=\"https:\/\/padelzoco.es\/wp-content\/uploads\/2024\/01\/HEAD-Speed-Elite-Head-Padel-Rackets-2022-Image-1.webp\" \/>\n\t<meta property=\"og:image:width\" content=\"1400\" \/>\n\t<meta property=\"og:image:height\" content=\"1400\" \/>\n\t<meta property=\"og:image:type\" content=\"image\/webp\" \/>\n<meta name=\"twitter:card\" content=\"summary_large_image\" \/>\n<meta name=\"twitter:label1\" content=\"Estimated reading time\" \/>\n\t<meta name=\"twitter:data1\" content=\"2 minutes\" \/>\n<script type=\"application\/ld+json\" class=\"yoast-schema-graph\">{\"@context\":\"https:\\\/\\\/schema.org\",\"@graph\":[{\"@type\":\"WebPage\",\"@id\":\"https:\\\/\\\/padelzoco.es\\\/product\\\/pala-padel-head-speed-elite-2023\\\/\",\"url\":\"https:\\\/\\\/padelzoco.es\\\/product\\\/pala-padel-head-speed-elite-2023\\\/\",\"name\":\"Pala Padel Head Speed Elite 2023 - Padel Zoco\",\"isPartOf\":{\"@id\":\"https:\\\/\\\/padelzoco.es\\\/#website\"},\"primaryImageOfPage\":{\"@id\":\"https:\\\/\\\/padelzoco.es\\\/product\\\/pala-padel-head-speed-elite-2023\\\/#primaryimage\"},\"image\":{\"@id\":\"https:\\\/\\\/padelzoco.es\\\/product\\\/pala-padel-head-speed-elite-2023\\\/#primaryimage\"},\"thumbnailUrl\":\"https:\\\/\\\/padelzoco.es\\\/wp-content\\\/uploads\\\/2024\\\/01\\\/HEAD-Speed-Elite-Head-Padel-Rackets-2022-Image-1.webp\",\"datePublished\":\"2024-01-31T14:30:56+00:00\",\"dateModified\":\"2026-02-02T08:26:31+00:00\",\"description\":\"La pala SPEED ELITE ofrece potencia y versatilidad. Cuenta con la nueva tecnolog\u00eda Auxetic y contribuye a que los jugadores avanzados puedan jugar con velocidad y en superficies diversas.\",\"breadcrumb\":{\"@id\":\"https:\\\/\\\/padelzoco.es\\\/product\\\/pala-padel-head-speed-elite-2023\\\/#breadcrumb\"},\"inLanguage\":\"en-GB\",\"potentialAction\":[{\"@type\":\"ReadAction\",\"target\":[\"https:\\\/\\\/padelzoco.es\\\/product\\\/pala-padel-head-speed-elite-2023\\\/\"]}]},{\"@type\":\"ImageObject\",\"inLanguage\":\"en-GB\",\"@id\":\"https:\\\/\\\/padelzoco.es\\\/product\\\/pala-padel-head-speed-elite-2023\\\/#primaryimage\",\"url\":\"https:\\\/\\\/padelzoco.es\\\/wp-content\\\/uploads\\\/2024\\\/01\\\/HEAD-Speed-Elite-Head-Padel-Rackets-2022-Image-1.webp\",\"contentUrl\":\"https:\\\/\\\/padelzoco.es\\\/wp-content\\\/uploads\\\/2024\\\/01\\\/HEAD-Speed-Elite-Head-Padel-Rackets-2022-Image-1.webp\",\"width\":1400,\"height\":1400},{\"@type\":\"BreadcrumbList\",\"@id\":\"https:\\\/\\\/padelzoco.es\\\/product\\\/pala-padel-head-speed-elite-2023\\\/#breadcrumb\",\"itemListElement\":[{\"@type\":\"ListItem\",\"position\":1,\"name\":\"Home\",\"item\":\"https:\\\/\\\/padelzoco.es\\\/\"},{\"@type\":\"ListItem\",\"position\":2,\"name\":\"Padel Zoco\",\"item\":\"https:\\\/\\\/padelzoco.es\\\/padel-zoco\\\/\"},{\"@type\":\"ListItem\",\"position\":3,\"name\":\"Pala Padel Head Speed Elite 2023\"}]},{\"@type\":\"WebSite\",\"@id\":\"https:\\\/\\\/padelzoco.es\\\/#website\",\"url\":\"https:\\\/\\\/padelzoco.es\\\/\",\"name\":\"Padel Zoco\",\"description\":\"Padel Zoco | Spain\",\"publisher\":{\"@id\":\"https:\\\/\\\/padelzoco.es\\\/#organization\"},\"potentialAction\":[{\"@type\":\"SearchAction\",\"target\":{\"@type\":\"EntryPoint\",\"urlTemplate\":\"https:\\\/\\\/padelzoco.es\\\/?s={search_term_string}\"},\"query-input\":{\"@type\":\"PropertyValueSpecification\",\"valueRequired\":true,\"valueName\":\"search_term_string\"}}],\"inLanguage\":\"en-GB\"},{\"@type\":\"Organization\",\"@id\":\"https:\\\/\\\/padelzoco.es\\\/#organization\",\"name\":\"Padel Zoco\",\"url\":\"https:\\\/\\\/padelzoco.es\\\/\",\"logo\":{\"@type\":\"ImageObject\",\"inLanguage\":\"en-GB\",\"@id\":\"https:\\\/\\\/padelzoco.es\\\/#\\\/schema\\\/logo\\\/image\\\/\",\"url\":\"https:\\\/\\\/padelzoco.es\\\/wp-content\\\/uploads\\\/2023\\\/11\\\/PadelZoco_Logo_black_white.webp\",\"contentUrl\":\"https:\\\/\\\/padelzoco.es\\\/wp-content\\\/uploads\\\/2023\\\/11\\\/PadelZoco_Logo_black_white.webp\",\"width\":1500,\"height\":631,\"caption\":\"Padel Zoco\"},\"image\":{\"@id\":\"https:\\\/\\\/padelzoco.es\\\/#\\\/schema\\\/logo\\\/image\\\/\"}}]}<\/script>\n<!-- \/ Yoast SEO plugin. -->","yoast_head_json":{"title":"Pala Padel Head Speed Elite 2023 - Padel Zoco","description":"La pala SPEED ELITE ofrece potencia y versatilidad. Cuenta con la nueva tecnolog\u00eda Auxetic y contribuye a que los jugadores avanzados puedan jugar con velocidad y en superficies diversas.","robots":{"index":"index","follow":"follow","max-snippet":"max-snippet:-1","max-image-preview":"max-image-preview:large","max-video-preview":"max-video-preview:-1"},"canonical":"https:\/\/padelzoco.es\/en\/product\/pala-padel-head-speed-elite-2023\/","og_locale":"en_GB","og_type":"article","og_title":"Pala Padel Head Speed Elite 2023 - Padel Zoco","og_description":"La pala SPEED ELITE ofrece potencia y versatilidad. Cuenta con la nueva tecnolog\u00eda Auxetic y contribuye a que los jugadores avanzados puedan jugar con velocidad y en superficies diversas.","og_url":"https:\/\/padelzoco.es\/en\/product\/pala-padel-head-speed-elite-2023\/","og_site_name":"Padel Zoco","article_modified_time":"2026-02-02T08:26:31+00:00","og_image":[{"width":1400,"height":1400,"url":"https:\/\/padelzoco.es\/wp-content\/uploads\/2024\/01\/HEAD-Speed-Elite-Head-Padel-Rackets-2022-Image-1.webp","type":"image\/webp"}],"twitter_card":"summary_large_image","twitter_misc":{"Estimated reading time":"2 minutes"},"schema":{"@context":"https:\/\/schema.org","@graph":[{"@type":"WebPage","@id":"https:\/\/padelzoco.es\/product\/pala-padel-head-speed-elite-2023\/","url":"https:\/\/padelzoco.es\/product\/pala-padel-head-speed-elite-2023\/","name":"Pala Padel Head Speed Elite 2023 - Padel Zoco","isPartOf":{"@id":"https:\/\/padelzoco.es\/#website"},"primaryImageOfPage":{"@id":"https:\/\/padelzoco.es\/product\/pala-padel-head-speed-elite-2023\/#primaryimage"},"image":{"@id":"https:\/\/padelzoco.es\/product\/pala-padel-head-speed-elite-2023\/#primaryimage"},"thumbnailUrl":"https:\/\/padelzoco.es\/wp-content\/uploads\/2024\/01\/HEAD-Speed-Elite-Head-Padel-Rackets-2022-Image-1.webp","datePublished":"2024-01-31T14:30:56+00:00","dateModified":"2026-02-02T08:26:31+00:00","description":"La pala SPEED ELITE ofrece potencia y versatilidad. Cuenta con la nueva tecnolog\u00eda Auxetic y contribuye a que los jugadores avanzados puedan jugar con velocidad y en superficies diversas.","breadcrumb":{"@id":"https:\/\/padelzoco.es\/product\/pala-padel-head-speed-elite-2023\/#breadcrumb"},"inLanguage":"en-GB","potentialAction":[{"@type":"ReadAction","target":["https:\/\/padelzoco.es\/product\/pala-padel-head-speed-elite-2023\/"]}]},{"@type":"ImageObject","inLanguage":"en-GB","@id":"https:\/\/padelzoco.es\/product\/pala-padel-head-speed-elite-2023\/#primaryimage","url":"https:\/\/padelzoco.es\/wp-content\/uploads\/2024\/01\/HEAD-Speed-Elite-Head-Padel-Rackets-2022-Image-1.webp","contentUrl":"https:\/\/padelzoco.es\/wp-content\/uploads\/2024\/01\/HEAD-Speed-Elite-Head-Padel-Rackets-2022-Image-1.webp","width":1400,"height":1400},{"@type":"BreadcrumbList","@id":"https:\/\/padelzoco.es\/product\/pala-padel-head-speed-elite-2023\/#breadcrumb","itemListElement":[{"@type":"ListItem","position":1,"name":"Home","item":"https:\/\/padelzoco.es\/"},{"@type":"ListItem","position":2,"name":"Padel Zoco","item":"https:\/\/padelzoco.es\/padel-zoco\/"},{"@type":"ListItem","position":3,"name":"Pala Padel Head Speed Elite 2023"}]},{"@type":"WebSite","@id":"https:\/\/padelzoco.es\/#website","url":"https:\/\/padelzoco.es\/","name":"Padel Zoco","description":"Padel Zoco | Spain","publisher":{"@id":"https:\/\/padelzoco.es\/#organization"},"potentialAction":[{"@type":"SearchAction","target":{"@type":"EntryPoint","urlTemplate":"https:\/\/padelzoco.es\/?s={search_term_string}"},"query-input":{"@type":"PropertyValueSpecification","valueRequired":true,"valueName":"search_term_string"}}],"inLanguage":"en-GB"},{"@type":"Organization","@id":"https:\/\/padelzoco.es\/#organization","name":"Padel Zoco","url":"https:\/\/padelzoco.es\/","logo":{"@type":"ImageObject","inLanguage":"en-GB","@id":"https:\/\/padelzoco.es\/#\/schema\/logo\/image\/","url":"https:\/\/padelzoco.es\/wp-content\/uploads\/2023\/11\/PadelZoco_Logo_black_white.webp","contentUrl":"https:\/\/padelzoco.es\/wp-content\/uploads\/2023\/11\/PadelZoco_Logo_black_white.webp","width":1500,"height":631,"caption":"Padel Zoco"},"image":{"@id":"https:\/\/padelzoco.es\/#\/schema\/logo\/image\/"}}]}},"_links":{"self":[{"href":"https:\/\/padelzoco.es\/en\/wp-json\/wp\/v2\/product\/8772","targetHints":{"allow":["GET"]}}],"collection":[{"href":"https:\/\/padelzoco.es\/en\/wp-json\/wp\/v2\/product"}],"about":[{"href":"https:\/\/padelzoco.es\/en\/wp-json\/wp\/v2\/types\/product"}],"version-history":[{"count":1,"href":"https:\/\/padelzoco.es\/en\/wp-json\/wp\/v2\/product\/8772\/revisions"}],"predecessor-version":[{"id":27843,"href":"https:\/\/padelzoco.es\/en\/wp-json\/wp\/v2\/product\/8772\/revisions\/27843"}],"wp:featuredmedia":[{"embeddable":true,"href":"https:\/\/padelzoco.es\/en\/wp-json\/wp\/v2\/media\/8774"}],"wp:attachment":[{"href":"https:\/\/padelzoco.es\/en\/wp-json\/wp\/v2\/media?parent=8772"}],"wp:term":[{"taxonomy":"product_brand","embeddable":true,"href":"https:\/\/padelzoco.es\/en\/wp-json\/wp\/v2\/product_brand?post=8772"},{"taxonomy":"product_cat","embeddable":true,"href":"https:\/\/padelzoco.es\/en\/wp-json\/wp\/v2\/product_cat?post=8772"},{"taxonomy":"product_tag","embeddable":true,"href":"https:\/\/padelzoco.es\/en\/wp-json\/wp\/v2\/product_tag?post=8772"}],"curies":[{"name":"wp","href":"https:\/\/api.w.org\/{rel}","templated":true}]}}