{"id":8814,"date":"2024-01-31T16:19:13","date_gmt":"2024-01-31T15:19:13","guid":{"rendered":"https:\/\/adc06f55e9.nxcli.io\/?post_type=product&#038;p=8814"},"modified":"2026-04-30T18:47:53","modified_gmt":"2026-04-30T17:47:53","slug":"pala-padel-head-zephyr-pi","status":"publish","type":"product","link":"https:\/\/padelzoco.es\/en\/product\/pala-padel-head-zephyr-pi\/","title":{"rendered":"Pala Padel HEAD Zephyr Pi"},"content":{"rendered":"<p><span style=\"vertical-align: inherit;\"><span style=\"vertical-align: inherit;\">Controla la cancha con ZEPHYR, uno de los modelos m\u00e1s livianos de HEAD y dise\u00f1ado para jugadores de nivel intermedio. <\/span><span style=\"vertical-align: inherit;\">Si bien la forma redonda permite un control perfecto, la tecnolog\u00eda Graphene 360+ mejora la flexi\u00f3n y la sensaci\u00f3n, y Power Foam aumenta el punto dulce para ayudarte a aprovechar al m\u00e1ximo tu juego. <\/span><span style=\"vertical-align: inherit;\">Es f\u00e1cil jugar con ZEPHYR, que tiene un tacto suave y c\u00f3modo y se ha renovado con un dise\u00f1o nuevo, moderno y unisex.<\/span><\/span><\/p>\n<p><span style=\"vertical-align: inherit;\"><span style=\"vertical-align: inherit;\">\u2022 Tecnolog\u00eda Graphene 360+ para mejorar la flexibilidad y la sensaci\u00f3n <\/span><\/span><br \/>\n<span style=\"vertical-align: inherit;\"><span style=\"vertical-align: inherit;\">\u2022 Uno de los modelos m\u00e1s ligeros de HEAD <\/span><\/span><br \/>\n<span style=\"vertical-align: inherit;\"><span style=\"vertical-align: inherit;\">\u2022 Dise\u00f1ado para jugadores de nivel intermedio <\/span><\/span><br \/>\n<span style=\"vertical-align: inherit;\"><span style=\"vertical-align: inherit;\">\u2022 Forma redonda para mayor control <\/span><\/span><br \/>\n<span style=\"vertical-align: inherit;\"><span style=\"vertical-align: inherit;\">\u2022 Suave, c\u00f3modo y f\u00e1cil de jugar<\/span><\/span><\/p>\n<div id=\"tab-facts\" class=\"product-attribute facts\" tabindex=\"0\" role=\"tabpanel\" data-role=\"content\" aria-hidden=\"false\"><strong><span style=\"vertical-align: inherit;\"><span style=\"vertical-align: inherit;\">Shape<\/span><\/span><\/strong><span style=\"vertical-align: inherit;\"><span style=\"vertical-align: inherit;\"> : Redonda<\/span><\/span><\/div>\n<div class=\"product-attribute facts\" tabindex=\"0\" role=\"tabpanel\" data-role=\"content\" aria-hidden=\"false\"><strong><span style=\"vertical-align: inherit;\"><span style=\"vertical-align: inherit;\">Weight<\/span><\/span><\/strong><span style=\"vertical-align: inherit;\"><span style=\"vertical-align: inherit;\"> : 350 g\/12,3 onzas<\/span><\/span><\/div>\n<div class=\"product-attribute facts\" tabindex=\"0\" role=\"tabpanel\" data-role=\"content\" aria-hidden=\"false\">\u00a0<strong><span style=\"vertical-align: inherit;\"><span style=\"vertical-align: inherit;\">Tama\u00f1o <\/span><\/span><\/strong><span style=\"vertical-align: inherit;\"><strong><span style=\"vertical-align: inherit;\">de la cabeza<\/span><\/strong><span style=\"vertical-align: inherit;\"> : 490 cm\u00b2 \/ 76 in\u00b2<\/span><\/span><\/div>\n<div class=\"product-attribute facts\" tabindex=\"0\" role=\"tabpanel\" data-role=\"content\" aria-hidden=\"false\"><strong><span style=\"vertical-align: inherit;\"><span style=\"vertical-align: inherit;\">Equilibrio<\/span><\/span><\/strong><span style=\"vertical-align: inherit;\"><span style=\"vertical-align: inherit;\"> : 268 mm \/ 1,6 pulgadas HH<\/span><\/span><\/div>\n<div class=\"product-attribute facts\" tabindex=\"0\" role=\"tabpanel\" data-role=\"content\" aria-hidden=\"false\"><strong><span style=\"vertical-align: inherit;\"><span style=\"vertical-align: inherit;\">Haz<\/span><\/span><\/strong><span style=\"vertical-align: inherit;\"><span style=\"vertical-align: inherit;\"> : 38 mm \/ 1,5 pulgadas<\/span><\/span><\/div>","protected":false},"excerpt":{"rendered":"<p><span style=\"vertical-align: inherit;\"><span style=\"vertical-align: inherit;\">Controla la cancha con ZEPHYR, uno de los modelos m\u00e1s livianos de HEAD y dise\u00f1ado para jugadores de nivel intermedio. <\/span><span style=\"vertical-align: inherit;\">Si bien la forma redonda permite un control perfecto, la tecnolog\u00eda Graphene 360+ mejora la flexi\u00f3n y la sensaci\u00f3n, y Power Foam aumenta el punto dulce para ayudarte a aprovechar al m\u00e1ximo tu juego. <\/span><span style=\"vertical-align: inherit;\">Es f\u00e1cil jugar con ZEPHYR, que tiene un tacto suave y c\u00f3modo y se ha renovado con un dise\u00f1o nuevo, moderno y unisex.<\/span><\/span><\/p>\n<p><span style=\"vertical-align: inherit;\"><span style=\"vertical-align: inherit;\">\u2022 Tecnolog\u00eda Graphene 360+ para mejorar la flexibilidad y la sensaci\u00f3n <\/span><\/span><br \/>\n<span style=\"vertical-align: inherit;\"><span style=\"vertical-align: inherit;\">\u2022 Uno de los modelos m\u00e1s ligeros de HEAD <\/span><\/span><br \/>\n<span style=\"vertical-align: inherit;\"><span style=\"vertical-align: inherit;\">\u2022 Dise\u00f1ado para jugadores de nivel intermedio <\/span><\/span><br \/>\n<span style=\"vertical-align: inherit;\"><span style=\"vertical-align: inherit;\">\u2022 Forma redonda para mayor control <\/span><\/span><br \/>\n<span style=\"vertical-align: inherit;\"><span style=\"vertical-align: inherit;\">\u2022 Suave, c\u00f3modo y f\u00e1cil de jugar<\/span><\/span><\/p>\n<div id=\"tab-facts\" class=\"product-attribute facts\" tabindex=\"0\" role=\"tabpanel\" data-role=\"content\" aria-hidden=\"false\"><strong><span style=\"vertical-align: inherit;\"><span style=\"vertical-align: inherit;\">Shape<\/span><\/span><\/strong><span style=\"vertical-align: inherit;\"><span style=\"vertical-align: inherit;\"> : Redonda<\/span><\/span><\/div>\n<div class=\"product-attribute facts\" tabindex=\"0\" role=\"tabpanel\" data-role=\"content\" aria-hidden=\"false\"><strong><span style=\"vertical-align: inherit;\"><span style=\"vertical-align: inherit;\">Weight<\/span><\/span><\/strong><span style=\"vertical-align: inherit;\"><span style=\"vertical-align: inherit;\"> : 350 g\/12,3 onzas<\/span><\/span><\/div>\n<div class=\"product-attribute facts\" tabindex=\"0\" role=\"tabpanel\" data-role=\"content\" aria-hidden=\"false\">\u00a0<strong><span style=\"vertical-align: inherit;\"><span style=\"vertical-align: inherit;\">Tama\u00f1o <\/span><\/span><\/strong><span style=\"vertical-align: inherit;\"><strong><span style=\"vertical-align: inherit;\">de la cabeza<\/span><\/strong><span style=\"vertical-align: inherit;\"> : 490 cm\u00b2 \/ 76 in\u00b2<\/span><\/span><\/div>\n<div class=\"product-attribute facts\" tabindex=\"0\" role=\"tabpanel\" data-role=\"content\" aria-hidden=\"false\"><strong><span style=\"vertical-align: inherit;\"><span style=\"vertical-align: inherit;\">Equilibrio<\/span><\/span><\/strong><span style=\"vertical-align: inherit;\"><span style=\"vertical-align: inherit;\"> : 268 mm \/ 1,6 pulgadas HH<\/span><\/span><\/div>\n<div class=\"product-attribute facts\" tabindex=\"0\" role=\"tabpanel\" data-role=\"content\" aria-hidden=\"false\"><strong><span style=\"vertical-align: inherit;\"><span style=\"vertical-align: inherit;\">Haz<\/span><\/span><\/strong><span style=\"vertical-align: inherit;\"><span style=\"vertical-align: inherit;\"> : 38 mm \/ 1,5 pulgadas<\/span><\/span><\/div>","protected":false},"featured_media":8815,"template":"","meta":[],"product_brand":[],"product_cat":[746,747,581,590,572,757,754,586],"product_tag":[],"class_list":{"0":"post-8814","1":"product","2":"type-product","3":"status-publish","4":"has-post-thumbnail","6":"product_cat-head","7":"product_cat-head-padel","8":"product_cat-intermedio-palas","9":"product_cat-mujer-palas","10":"product_cat-palas","11":"product_cat-palas-ofertas","12":"product_cat-rebajas","13":"product_cat-redonda-palas","14":"pa_brand-head","15":"pa_hs_code-134","17":"first","18":"outofstock","19":"sale","20":"taxable","21":"shipping-taxable","22":"purchasable","23":"product-type-simple"},"yoast_head":"<!-- This site is optimized with the Yoast SEO plugin v27.6 - https:\/\/yoast.com\/product\/yoast-seo-wordpress\/ -->\n<title>Pala Padel HEAD Zephyr Pi - Padel Zoco<\/title>\n<meta name=\"robots\" content=\"index, follow, max-snippet:-1, max-image-preview:large, max-video-preview:-1\" \/>\n<link rel=\"canonical\" href=\"https:\/\/padelzoco.es\/en\/product\/pala-padel-head-zephyr-pi\/\" \/>\n<meta property=\"og:locale\" content=\"en_GB\" \/>\n<meta property=\"og:type\" content=\"article\" \/>\n<meta property=\"og:title\" content=\"Pala Padel HEAD Zephyr Pi - Padel Zoco\" \/>\n<meta property=\"og:description\" content=\"Controla la cancha con ZEPHYR, uno de los modelos m\u00e1s livianos de HEAD y dise\u00f1ado para jugadores de nivel intermedio. Si bien la forma redonda permite un control perfecto, la tecnolog\u00eda Graphene 360+ mejora la flexi\u00f3n y la sensaci\u00f3n, y Power Foam aumenta el punto dulce para ayudarte a aprovechar al m\u00e1ximo tu juego. Es f\u00e1cil jugar con ZEPHYR, que tiene un tacto suave y c\u00f3modo y se ha renovado con un dise\u00f1o nuevo, moderno y unisex.  \u2022 Tecnolog\u00eda Graphene 360+ para mejorar la flexibilidad y la sensaci\u00f3n  \u2022 Uno de los modelos m\u00e1s ligeros de HEAD  \u2022 Dise\u00f1ado para jugadores de nivel intermedio  \u2022 Forma redonda para mayor control  \u2022 Suave, c\u00f3modo y f\u00e1cil de jugar Forma : Redonda Peso : 350 g\/12,3 onzas \u00a0Tama\u00f1o de la cabeza : 490 cm\u00b2 \/ 76 in\u00b2 Equilibrio : 268 mm \/ 1,6 pulgadas HH Haz : 38 mm \/ 1,5 pulgadas\" \/>\n<meta property=\"og:url\" content=\"https:\/\/padelzoco.es\/en\/product\/pala-padel-head-zephyr-pi\/\" \/>\n<meta property=\"og:site_name\" content=\"Padel Zoco\" \/>\n<meta property=\"article:modified_time\" content=\"2026-04-30T17:47:53+00:00\" \/>\n<meta property=\"og:image\" content=\"https:\/\/padelzoco.es\/wp-content\/uploads\/2024\/01\/HEAD-Zephyr-PI-Head-Padel-Rackets-2023-Image-1.webp\" \/>\n\t<meta property=\"og:image:width\" content=\"1400\" \/>\n\t<meta property=\"og:image:height\" content=\"1400\" \/>\n\t<meta property=\"og:image:type\" content=\"image\/webp\" \/>\n<meta name=\"twitter:card\" content=\"summary_large_image\" \/>\n<meta name=\"twitter:label1\" content=\"Estimated reading time\" \/>\n\t<meta name=\"twitter:data1\" content=\"1 minute\" \/>\n<script type=\"application\/ld+json\" class=\"yoast-schema-graph\">{\"@context\":\"https:\\\/\\\/schema.org\",\"@graph\":[{\"@type\":\"WebPage\",\"@id\":\"https:\\\/\\\/padelzoco.es\\\/product\\\/pala-padel-head-zephyr-pi\\\/\",\"url\":\"https:\\\/\\\/padelzoco.es\\\/product\\\/pala-padel-head-zephyr-pi\\\/\",\"name\":\"Pala Padel HEAD Zephyr Pi - Padel Zoco\",\"isPartOf\":{\"@id\":\"https:\\\/\\\/padelzoco.es\\\/#website\"},\"primaryImageOfPage\":{\"@id\":\"https:\\\/\\\/padelzoco.es\\\/product\\\/pala-padel-head-zephyr-pi\\\/#primaryimage\"},\"image\":{\"@id\":\"https:\\\/\\\/padelzoco.es\\\/product\\\/pala-padel-head-zephyr-pi\\\/#primaryimage\"},\"thumbnailUrl\":\"https:\\\/\\\/padelzoco.es\\\/wp-content\\\/uploads\\\/2024\\\/01\\\/HEAD-Zephyr-PI-Head-Padel-Rackets-2023-Image-1.webp\",\"datePublished\":\"2024-01-31T15:19:13+00:00\",\"dateModified\":\"2026-04-30T17:47:53+00:00\",\"breadcrumb\":{\"@id\":\"https:\\\/\\\/padelzoco.es\\\/product\\\/pala-padel-head-zephyr-pi\\\/#breadcrumb\"},\"inLanguage\":\"en-GB\",\"potentialAction\":[{\"@type\":\"ReadAction\",\"target\":[\"https:\\\/\\\/padelzoco.es\\\/product\\\/pala-padel-head-zephyr-pi\\\/\"]}]},{\"@type\":\"ImageObject\",\"inLanguage\":\"en-GB\",\"@id\":\"https:\\\/\\\/padelzoco.es\\\/product\\\/pala-padel-head-zephyr-pi\\\/#primaryimage\",\"url\":\"https:\\\/\\\/padelzoco.es\\\/wp-content\\\/uploads\\\/2024\\\/01\\\/HEAD-Zephyr-PI-Head-Padel-Rackets-2023-Image-1.webp\",\"contentUrl\":\"https:\\\/\\\/padelzoco.es\\\/wp-content\\\/uploads\\\/2024\\\/01\\\/HEAD-Zephyr-PI-Head-Padel-Rackets-2023-Image-1.webp\",\"width\":1400,\"height\":1400},{\"@type\":\"BreadcrumbList\",\"@id\":\"https:\\\/\\\/padelzoco.es\\\/product\\\/pala-padel-head-zephyr-pi\\\/#breadcrumb\",\"itemListElement\":[{\"@type\":\"ListItem\",\"position\":1,\"name\":\"Home\",\"item\":\"https:\\\/\\\/padelzoco.es\\\/\"},{\"@type\":\"ListItem\",\"position\":2,\"name\":\"Padel Zoco\",\"item\":\"https:\\\/\\\/padelzoco.es\\\/padel-zoco\\\/\"},{\"@type\":\"ListItem\",\"position\":3,\"name\":\"Pala Padel HEAD Zephyr Pi\"}]},{\"@type\":\"WebSite\",\"@id\":\"https:\\\/\\\/padelzoco.es\\\/#website\",\"url\":\"https:\\\/\\\/padelzoco.es\\\/\",\"name\":\"Padel Zoco\",\"description\":\"Padel Zoco | Spain\",\"publisher\":{\"@id\":\"https:\\\/\\\/padelzoco.es\\\/#organization\"},\"potentialAction\":[{\"@type\":\"SearchAction\",\"target\":{\"@type\":\"EntryPoint\",\"urlTemplate\":\"https:\\\/\\\/padelzoco.es\\\/?s={search_term_string}\"},\"query-input\":{\"@type\":\"PropertyValueSpecification\",\"valueRequired\":true,\"valueName\":\"search_term_string\"}}],\"inLanguage\":\"en-GB\"},{\"@type\":\"Organization\",\"@id\":\"https:\\\/\\\/padelzoco.es\\\/#organization\",\"name\":\"Padel Zoco\",\"url\":\"https:\\\/\\\/padelzoco.es\\\/\",\"logo\":{\"@type\":\"ImageObject\",\"inLanguage\":\"en-GB\",\"@id\":\"https:\\\/\\\/padelzoco.es\\\/#\\\/schema\\\/logo\\\/image\\\/\",\"url\":\"https:\\\/\\\/padelzoco.es\\\/wp-content\\\/uploads\\\/2023\\\/11\\\/PadelZoco_Logo_black_white.webp\",\"contentUrl\":\"https:\\\/\\\/padelzoco.es\\\/wp-content\\\/uploads\\\/2023\\\/11\\\/PadelZoco_Logo_black_white.webp\",\"width\":1500,\"height\":631,\"caption\":\"Padel Zoco\"},\"image\":{\"@id\":\"https:\\\/\\\/padelzoco.es\\\/#\\\/schema\\\/logo\\\/image\\\/\"}}]}<\/script>\n<!-- \/ Yoast SEO plugin. -->","yoast_head_json":{"title":"Pala Padel HEAD Zephyr Pi - Padel Zoco","robots":{"index":"index","follow":"follow","max-snippet":"max-snippet:-1","max-image-preview":"max-image-preview:large","max-video-preview":"max-video-preview:-1"},"canonical":"https:\/\/padelzoco.es\/en\/product\/pala-padel-head-zephyr-pi\/","og_locale":"en_GB","og_type":"article","og_title":"Pala Padel HEAD Zephyr Pi - Padel Zoco","og_description":"Controla la cancha con ZEPHYR, uno de los modelos m\u00e1s livianos de HEAD y dise\u00f1ado para jugadores de nivel intermedio. Si bien la forma redonda permite un control perfecto, la tecnolog\u00eda Graphene 360+ mejora la flexi\u00f3n y la sensaci\u00f3n, y Power Foam aumenta el punto dulce para ayudarte a aprovechar al m\u00e1ximo tu juego. Es f\u00e1cil jugar con ZEPHYR, que tiene un tacto suave y c\u00f3modo y se ha renovado con un dise\u00f1o nuevo, moderno y unisex.  \u2022 Tecnolog\u00eda Graphene 360+ para mejorar la flexibilidad y la sensaci\u00f3n  \u2022 Uno de los modelos m\u00e1s ligeros de HEAD  \u2022 Dise\u00f1ado para jugadores de nivel intermedio  \u2022 Forma redonda para mayor control  \u2022 Suave, c\u00f3modo y f\u00e1cil de jugar Forma : Redonda Peso : 350 g\/12,3 onzas \u00a0Tama\u00f1o de la cabeza : 490 cm\u00b2 \/ 76 in\u00b2 Equilibrio : 268 mm \/ 1,6 pulgadas HH Haz : 38 mm \/ 1,5 pulgadas","og_url":"https:\/\/padelzoco.es\/en\/product\/pala-padel-head-zephyr-pi\/","og_site_name":"Padel Zoco","article_modified_time":"2026-04-30T17:47:53+00:00","og_image":[{"width":1400,"height":1400,"url":"https:\/\/padelzoco.es\/wp-content\/uploads\/2024\/01\/HEAD-Zephyr-PI-Head-Padel-Rackets-2023-Image-1.webp","type":"image\/webp"}],"twitter_card":"summary_large_image","twitter_misc":{"Estimated reading time":"1 minute"},"schema":{"@context":"https:\/\/schema.org","@graph":[{"@type":"WebPage","@id":"https:\/\/padelzoco.es\/product\/pala-padel-head-zephyr-pi\/","url":"https:\/\/padelzoco.es\/product\/pala-padel-head-zephyr-pi\/","name":"Pala Padel HEAD Zephyr Pi - Padel Zoco","isPartOf":{"@id":"https:\/\/padelzoco.es\/#website"},"primaryImageOfPage":{"@id":"https:\/\/padelzoco.es\/product\/pala-padel-head-zephyr-pi\/#primaryimage"},"image":{"@id":"https:\/\/padelzoco.es\/product\/pala-padel-head-zephyr-pi\/#primaryimage"},"thumbnailUrl":"https:\/\/padelzoco.es\/wp-content\/uploads\/2024\/01\/HEAD-Zephyr-PI-Head-Padel-Rackets-2023-Image-1.webp","datePublished":"2024-01-31T15:19:13+00:00","dateModified":"2026-04-30T17:47:53+00:00","breadcrumb":{"@id":"https:\/\/padelzoco.es\/product\/pala-padel-head-zephyr-pi\/#breadcrumb"},"inLanguage":"en-GB","potentialAction":[{"@type":"ReadAction","target":["https:\/\/padelzoco.es\/product\/pala-padel-head-zephyr-pi\/"]}]},{"@type":"ImageObject","inLanguage":"en-GB","@id":"https:\/\/padelzoco.es\/product\/pala-padel-head-zephyr-pi\/#primaryimage","url":"https:\/\/padelzoco.es\/wp-content\/uploads\/2024\/01\/HEAD-Zephyr-PI-Head-Padel-Rackets-2023-Image-1.webp","contentUrl":"https:\/\/padelzoco.es\/wp-content\/uploads\/2024\/01\/HEAD-Zephyr-PI-Head-Padel-Rackets-2023-Image-1.webp","width":1400,"height":1400},{"@type":"BreadcrumbList","@id":"https:\/\/padelzoco.es\/product\/pala-padel-head-zephyr-pi\/#breadcrumb","itemListElement":[{"@type":"ListItem","position":1,"name":"Home","item":"https:\/\/padelzoco.es\/"},{"@type":"ListItem","position":2,"name":"Padel Zoco","item":"https:\/\/padelzoco.es\/padel-zoco\/"},{"@type":"ListItem","position":3,"name":"Pala Padel HEAD Zephyr Pi"}]},{"@type":"WebSite","@id":"https:\/\/padelzoco.es\/#website","url":"https:\/\/padelzoco.es\/","name":"Padel Zoco","description":"Padel Zoco | Spain","publisher":{"@id":"https:\/\/padelzoco.es\/#organization"},"potentialAction":[{"@type":"SearchAction","target":{"@type":"EntryPoint","urlTemplate":"https:\/\/padelzoco.es\/?s={search_term_string}"},"query-input":{"@type":"PropertyValueSpecification","valueRequired":true,"valueName":"search_term_string"}}],"inLanguage":"en-GB"},{"@type":"Organization","@id":"https:\/\/padelzoco.es\/#organization","name":"Padel Zoco","url":"https:\/\/padelzoco.es\/","logo":{"@type":"ImageObject","inLanguage":"en-GB","@id":"https:\/\/padelzoco.es\/#\/schema\/logo\/image\/","url":"https:\/\/padelzoco.es\/wp-content\/uploads\/2023\/11\/PadelZoco_Logo_black_white.webp","contentUrl":"https:\/\/padelzoco.es\/wp-content\/uploads\/2023\/11\/PadelZoco_Logo_black_white.webp","width":1500,"height":631,"caption":"Padel Zoco"},"image":{"@id":"https:\/\/padelzoco.es\/#\/schema\/logo\/image\/"}}]}},"_links":{"self":[{"href":"https:\/\/padelzoco.es\/en\/wp-json\/wp\/v2\/product\/8814","targetHints":{"allow":["GET"]}}],"collection":[{"href":"https:\/\/padelzoco.es\/en\/wp-json\/wp\/v2\/product"}],"about":[{"href":"https:\/\/padelzoco.es\/en\/wp-json\/wp\/v2\/types\/product"}],"version-history":[{"count":1,"href":"https:\/\/padelzoco.es\/en\/wp-json\/wp\/v2\/product\/8814\/revisions"}],"predecessor-version":[{"id":20827,"href":"https:\/\/padelzoco.es\/en\/wp-json\/wp\/v2\/product\/8814\/revisions\/20827"}],"wp:featuredmedia":[{"embeddable":true,"href":"https:\/\/padelzoco.es\/en\/wp-json\/wp\/v2\/media\/8815"}],"wp:attachment":[{"href":"https:\/\/padelzoco.es\/en\/wp-json\/wp\/v2\/media?parent=8814"}],"wp:term":[{"taxonomy":"product_brand","embeddable":true,"href":"https:\/\/padelzoco.es\/en\/wp-json\/wp\/v2\/product_brand?post=8814"},{"taxonomy":"product_cat","embeddable":true,"href":"https:\/\/padelzoco.es\/en\/wp-json\/wp\/v2\/product_cat?post=8814"},{"taxonomy":"product_tag","embeddable":true,"href":"https:\/\/padelzoco.es\/en\/wp-json\/wp\/v2\/product_tag?post=8814"}],"curies":[{"name":"wp","href":"https:\/\/api.w.org\/{rel}","templated":true}]}}