{"id":8826,"date":"2024-01-31T16:38:17","date_gmt":"2024-01-31T15:38:17","guid":{"rendered":"https:\/\/adc06f55e9.nxcli.io\/?post_type=product&#038;p=8826"},"modified":"2026-02-02T09:26:30","modified_gmt":"2026-02-02T08:26:30","slug":"pala-padel-head-flash","status":"publish","type":"product","link":"https:\/\/padelzoco.es\/en\/product\/pala-padel-head-flash\/","title":{"rendered":"Pala Padel Head Flash"},"content":{"rendered":"<p><span style=\"vertical-align: inherit;\"><span style=\"vertical-align: inherit;\">Potencia tu juego con FLASH, un todoterreno de gran tama\u00f1o con forma de l\u00e1grima. Con su potencia f\u00e1cil y su sensaci\u00f3n de juego suave, es ideal para jugadores ocasionales que est\u00e1n comenzando a competir en un club. Mientras que la superficie de golpeo de fibra de vidrio proporciona una sensaci\u00f3n y un tacto m\u00e1s suaves, el punto dulce m\u00e1s grande ofrece m\u00e1s tolerancia y perd\u00f3n. Y lucir\u00e1s el papel en la cancha ya que FLASH se ha renovado con un nuevo dise\u00f1o que incluye toques de color.<\/span><\/span><\/p>\n<p><span style=\"vertical-align: inherit;\"><span style=\"vertical-align: inherit;\">\u2022 Potencia sencilla para jugadores ocasionales que empiezan a competir en un club <\/span><\/span><br \/>\n<span style=\"vertical-align: inherit;\"><span style=\"vertical-align: inherit;\">\u2022 Un todoterreno de gran tama\u00f1o con forma de l\u00e1grima para potenciar tu juego <\/span><\/span><br \/>\n<span style=\"vertical-align: inherit;\"><span style=\"vertical-align: inherit;\">\u2022 Superficie de golpeo de fibra de vidrio para una sensaci\u00f3n y un tacto m\u00e1s suaves <\/span><\/span><br \/>\n<span style=\"vertical-align: inherit;\"><span style=\"vertical-align: inherit;\">\u2022 Un punto dulce m\u00e1s grande ofrece m\u00e1s tolerancia y perd\u00f3n <\/span><\/span><br \/>\n<span style=\"vertical-align: inherit;\"><span style=\"vertical-align: inherit;\">\u2022 Nuevo dise\u00f1o con toques de color<\/span><\/span><\/p>\n<ul>\n<li><span style=\"vertical-align: inherit;\"><span style=\"vertical-align: inherit;\">FORMA: SO en forma de l\u00e1grima<\/span><\/span><\/li>\n<li><span style=\"vertical-align: inherit;\"><span style=\"vertical-align: inherit;\">PESO: 360 g \/ 12,7 onzas<\/span><\/span><\/li>\n<li><span style=\"vertical-align: inherit;\"><span style=\"vertical-align: inherit;\">TAMA\u00d1O DE LA CABEZA: 525 cm\u00b2 \/ 81 pulg\u00b2<\/span><\/span><\/li>\n<li><span style=\"vertical-align: inherit;\"><span style=\"vertical-align: inherit;\">EQUILIBRIO: 265 mm \/ 1,5 pulgadas HH<\/span><\/span><\/li>\n<li><span style=\"vertical-align: inherit;\"><span style=\"vertical-align: inherit;\">HAZ: 38 mm \/ 1,5 pulgadas<\/span><\/span><\/li>\n<\/ul>","protected":false},"excerpt":{"rendered":"<p><span style=\"vertical-align: inherit;\"><span style=\"vertical-align: inherit;\">Potencia tu juego con FLASH, un todoterreno de gran tama\u00f1o con forma de l\u00e1grima. Con su potencia f\u00e1cil y su sensaci\u00f3n de juego suave, es ideal para jugadores ocasionales que est\u00e1n comenzando a competir en un club. Mientras que la superficie de golpeo de fibra de vidrio proporciona una sensaci\u00f3n y un tacto m\u00e1s suaves, el punto dulce m\u00e1s grande ofrece m\u00e1s tolerancia y perd\u00f3n. Y lucir\u00e1s el papel en la cancha ya que FLASH se ha renovado con un nuevo dise\u00f1o que incluye toques de color.<\/span><\/span><\/p>\n<p><span style=\"vertical-align: inherit;\"><span style=\"vertical-align: inherit;\">\u2022 Potencia sencilla para jugadores ocasionales que empiezan a competir en un club <\/span><\/span><br \/>\n<span style=\"vertical-align: inherit;\"><span style=\"vertical-align: inherit;\">\u2022 Un todoterreno de gran tama\u00f1o con forma de l\u00e1grima para potenciar tu juego <\/span><\/span><br \/>\n<span style=\"vertical-align: inherit;\"><span style=\"vertical-align: inherit;\">\u2022 Superficie de golpeo de fibra de vidrio para una sensaci\u00f3n y un tacto m\u00e1s suaves <\/span><\/span><br \/>\n<span style=\"vertical-align: inherit;\"><span style=\"vertical-align: inherit;\">\u2022 Un punto dulce m\u00e1s grande ofrece m\u00e1s tolerancia y perd\u00f3n <\/span><\/span><br \/>\n<span style=\"vertical-align: inherit;\"><span style=\"vertical-align: inherit;\">\u2022 Nuevo dise\u00f1o con toques de color<\/span><\/span><\/p>\n<ul>\n<li><span style=\"vertical-align: inherit;\"><span style=\"vertical-align: inherit;\">FORMA: SO en forma de l\u00e1grima<\/span><\/span><\/li>\n<li><span style=\"vertical-align: inherit;\"><span style=\"vertical-align: inherit;\">PESO: 360 g \/ 12,7 onzas<\/span><\/span><\/li>\n<li><span style=\"vertical-align: inherit;\"><span style=\"vertical-align: inherit;\">TAMA\u00d1O DE LA CABEZA: 525 cm\u00b2 \/ 81 pulg\u00b2<\/span><\/span><\/li>\n<li><span style=\"vertical-align: inherit;\"><span style=\"vertical-align: inherit;\">EQUILIBRIO: 265 mm \/ 1,5 pulgadas HH<\/span><\/span><\/li>\n<li><span style=\"vertical-align: inherit;\"><span style=\"vertical-align: inherit;\">HAZ: 38 mm \/ 1,5 pulgadas<\/span><\/span><\/li>\n<\/ul>","protected":false},"featured_media":8827,"template":"","meta":[],"product_brand":[],"product_cat":[746,747,585,572,757,580,754],"product_tag":[],"class_list":{"0":"post-8826","1":"product","2":"type-product","3":"status-publish","4":"has-post-thumbnail","6":"product_cat-head","7":"product_cat-head-padel","8":"product_cat-lagrima-palas","9":"product_cat-palas","10":"product_cat-palas-ofertas","11":"product_cat-principiante-palas","12":"product_cat-rebajas","13":"pa_brand-head","14":"pa_hs_code-134","16":"first","17":"outofstock","18":"sale","19":"taxable","20":"shipping-taxable","21":"purchasable","22":"product-type-simple"},"yoast_head":"<!-- This site is optimized with the Yoast SEO plugin v27.3 - https:\/\/yoast.com\/product\/yoast-seo-wordpress\/ -->\n<title>Pala Padel Head Flash - Padel Zoco<\/title>\n<meta name=\"description\" content=\"Easy to play with, and refreshed with a new design with color pops, the FLASH padel racquet is made for casual players who are starting to compete at a club.\" \/>\n<meta name=\"robots\" content=\"index, follow, max-snippet:-1, max-image-preview:large, max-video-preview:-1\" \/>\n<link rel=\"canonical\" href=\"https:\/\/padelzoco.es\/en\/product\/pala-padel-head-flash\/\" \/>\n<meta property=\"og:locale\" content=\"en_GB\" \/>\n<meta property=\"og:type\" content=\"article\" \/>\n<meta property=\"og:title\" content=\"Pala Padel Head Flash - Padel Zoco\" \/>\n<meta property=\"og:description\" content=\"Easy to play with, and refreshed with a new design with color pops, the FLASH padel racquet is made for casual players who are starting to compete at a club.\" \/>\n<meta property=\"og:url\" content=\"https:\/\/padelzoco.es\/en\/product\/pala-padel-head-flash\/\" \/>\n<meta property=\"og:site_name\" content=\"Padel Zoco\" \/>\n<meta property=\"article:modified_time\" content=\"2026-02-02T08:26:30+00:00\" \/>\n<meta property=\"og:image\" content=\"https:\/\/padelzoco.es\/wp-content\/uploads\/2024\/01\/HEAD-FLASH-PADEL-RACQUET-2023-IMage-1.webp\" \/>\n\t<meta property=\"og:image:width\" content=\"1400\" \/>\n\t<meta property=\"og:image:height\" content=\"1400\" \/>\n\t<meta property=\"og:image:type\" content=\"image\/webp\" \/>\n<meta name=\"twitter:card\" content=\"summary_large_image\" \/>\n<meta name=\"twitter:label1\" content=\"Estimated reading time\" \/>\n\t<meta name=\"twitter:data1\" content=\"1 minute\" \/>\n<script type=\"application\/ld+json\" class=\"yoast-schema-graph\">{\"@context\":\"https:\\\/\\\/schema.org\",\"@graph\":[{\"@type\":\"WebPage\",\"@id\":\"https:\\\/\\\/padelzoco.es\\\/product\\\/pala-padel-head-flash\\\/\",\"url\":\"https:\\\/\\\/padelzoco.es\\\/product\\\/pala-padel-head-flash\\\/\",\"name\":\"Pala Padel Head Flash - Padel Zoco\",\"isPartOf\":{\"@id\":\"https:\\\/\\\/padelzoco.es\\\/#website\"},\"primaryImageOfPage\":{\"@id\":\"https:\\\/\\\/padelzoco.es\\\/product\\\/pala-padel-head-flash\\\/#primaryimage\"},\"image\":{\"@id\":\"https:\\\/\\\/padelzoco.es\\\/product\\\/pala-padel-head-flash\\\/#primaryimage\"},\"thumbnailUrl\":\"https:\\\/\\\/padelzoco.es\\\/wp-content\\\/uploads\\\/2024\\\/01\\\/HEAD-FLASH-PADEL-RACQUET-2023-IMage-1.webp\",\"datePublished\":\"2024-01-31T15:38:17+00:00\",\"dateModified\":\"2026-02-02T08:26:30+00:00\",\"description\":\"Easy to play with, and refreshed with a new design with color pops, the FLASH padel racquet is made for casual players who are starting to compete at a club.\",\"breadcrumb\":{\"@id\":\"https:\\\/\\\/padelzoco.es\\\/product\\\/pala-padel-head-flash\\\/#breadcrumb\"},\"inLanguage\":\"en-GB\",\"potentialAction\":[{\"@type\":\"ReadAction\",\"target\":[\"https:\\\/\\\/padelzoco.es\\\/product\\\/pala-padel-head-flash\\\/\"]}]},{\"@type\":\"ImageObject\",\"inLanguage\":\"en-GB\",\"@id\":\"https:\\\/\\\/padelzoco.es\\\/product\\\/pala-padel-head-flash\\\/#primaryimage\",\"url\":\"https:\\\/\\\/padelzoco.es\\\/wp-content\\\/uploads\\\/2024\\\/01\\\/HEAD-FLASH-PADEL-RACQUET-2023-IMage-1.webp\",\"contentUrl\":\"https:\\\/\\\/padelzoco.es\\\/wp-content\\\/uploads\\\/2024\\\/01\\\/HEAD-FLASH-PADEL-RACQUET-2023-IMage-1.webp\",\"width\":1400,\"height\":1400},{\"@type\":\"BreadcrumbList\",\"@id\":\"https:\\\/\\\/padelzoco.es\\\/product\\\/pala-padel-head-flash\\\/#breadcrumb\",\"itemListElement\":[{\"@type\":\"ListItem\",\"position\":1,\"name\":\"Home\",\"item\":\"https:\\\/\\\/padelzoco.es\\\/\"},{\"@type\":\"ListItem\",\"position\":2,\"name\":\"Padel Zoco\",\"item\":\"https:\\\/\\\/padelzoco.es\\\/padel-zoco\\\/\"},{\"@type\":\"ListItem\",\"position\":3,\"name\":\"Pala Padel Head Flash\"}]},{\"@type\":\"WebSite\",\"@id\":\"https:\\\/\\\/padelzoco.es\\\/#website\",\"url\":\"https:\\\/\\\/padelzoco.es\\\/\",\"name\":\"Padel Zoco\",\"description\":\"Padel Zoco | Spain\",\"publisher\":{\"@id\":\"https:\\\/\\\/padelzoco.es\\\/#organization\"},\"potentialAction\":[{\"@type\":\"SearchAction\",\"target\":{\"@type\":\"EntryPoint\",\"urlTemplate\":\"https:\\\/\\\/padelzoco.es\\\/?s={search_term_string}\"},\"query-input\":{\"@type\":\"PropertyValueSpecification\",\"valueRequired\":true,\"valueName\":\"search_term_string\"}}],\"inLanguage\":\"en-GB\"},{\"@type\":\"Organization\",\"@id\":\"https:\\\/\\\/padelzoco.es\\\/#organization\",\"name\":\"Padel Zoco\",\"url\":\"https:\\\/\\\/padelzoco.es\\\/\",\"logo\":{\"@type\":\"ImageObject\",\"inLanguage\":\"en-GB\",\"@id\":\"https:\\\/\\\/padelzoco.es\\\/#\\\/schema\\\/logo\\\/image\\\/\",\"url\":\"https:\\\/\\\/padelzoco.es\\\/wp-content\\\/uploads\\\/2023\\\/11\\\/PadelZoco_Logo_black_white.webp\",\"contentUrl\":\"https:\\\/\\\/padelzoco.es\\\/wp-content\\\/uploads\\\/2023\\\/11\\\/PadelZoco_Logo_black_white.webp\",\"width\":1500,\"height\":631,\"caption\":\"Padel Zoco\"},\"image\":{\"@id\":\"https:\\\/\\\/padelzoco.es\\\/#\\\/schema\\\/logo\\\/image\\\/\"}}]}<\/script>\n<!-- \/ Yoast SEO plugin. -->","yoast_head_json":{"title":"Pala Padel Head Flash - Padel Zoco","description":"Easy to play with, and refreshed with a new design with color pops, the FLASH padel racquet is made for casual players who are starting to compete at a club.","robots":{"index":"index","follow":"follow","max-snippet":"max-snippet:-1","max-image-preview":"max-image-preview:large","max-video-preview":"max-video-preview:-1"},"canonical":"https:\/\/padelzoco.es\/en\/product\/pala-padel-head-flash\/","og_locale":"en_GB","og_type":"article","og_title":"Pala Padel Head Flash - Padel Zoco","og_description":"Easy to play with, and refreshed with a new design with color pops, the FLASH padel racquet is made for casual players who are starting to compete at a club.","og_url":"https:\/\/padelzoco.es\/en\/product\/pala-padel-head-flash\/","og_site_name":"Padel Zoco","article_modified_time":"2026-02-02T08:26:30+00:00","og_image":[{"width":1400,"height":1400,"url":"https:\/\/padelzoco.es\/wp-content\/uploads\/2024\/01\/HEAD-FLASH-PADEL-RACQUET-2023-IMage-1.webp","type":"image\/webp"}],"twitter_card":"summary_large_image","twitter_misc":{"Estimated reading time":"1 minute"},"schema":{"@context":"https:\/\/schema.org","@graph":[{"@type":"WebPage","@id":"https:\/\/padelzoco.es\/product\/pala-padel-head-flash\/","url":"https:\/\/padelzoco.es\/product\/pala-padel-head-flash\/","name":"Pala Padel Head Flash - Padel Zoco","isPartOf":{"@id":"https:\/\/padelzoco.es\/#website"},"primaryImageOfPage":{"@id":"https:\/\/padelzoco.es\/product\/pala-padel-head-flash\/#primaryimage"},"image":{"@id":"https:\/\/padelzoco.es\/product\/pala-padel-head-flash\/#primaryimage"},"thumbnailUrl":"https:\/\/padelzoco.es\/wp-content\/uploads\/2024\/01\/HEAD-FLASH-PADEL-RACQUET-2023-IMage-1.webp","datePublished":"2024-01-31T15:38:17+00:00","dateModified":"2026-02-02T08:26:30+00:00","description":"Easy to play with, and refreshed with a new design with color pops, the FLASH padel racquet is made for casual players who are starting to compete at a club.","breadcrumb":{"@id":"https:\/\/padelzoco.es\/product\/pala-padel-head-flash\/#breadcrumb"},"inLanguage":"en-GB","potentialAction":[{"@type":"ReadAction","target":["https:\/\/padelzoco.es\/product\/pala-padel-head-flash\/"]}]},{"@type":"ImageObject","inLanguage":"en-GB","@id":"https:\/\/padelzoco.es\/product\/pala-padel-head-flash\/#primaryimage","url":"https:\/\/padelzoco.es\/wp-content\/uploads\/2024\/01\/HEAD-FLASH-PADEL-RACQUET-2023-IMage-1.webp","contentUrl":"https:\/\/padelzoco.es\/wp-content\/uploads\/2024\/01\/HEAD-FLASH-PADEL-RACQUET-2023-IMage-1.webp","width":1400,"height":1400},{"@type":"BreadcrumbList","@id":"https:\/\/padelzoco.es\/product\/pala-padel-head-flash\/#breadcrumb","itemListElement":[{"@type":"ListItem","position":1,"name":"Home","item":"https:\/\/padelzoco.es\/"},{"@type":"ListItem","position":2,"name":"Padel Zoco","item":"https:\/\/padelzoco.es\/padel-zoco\/"},{"@type":"ListItem","position":3,"name":"Pala Padel Head Flash"}]},{"@type":"WebSite","@id":"https:\/\/padelzoco.es\/#website","url":"https:\/\/padelzoco.es\/","name":"Padel Zoco","description":"Padel Zoco | Spain","publisher":{"@id":"https:\/\/padelzoco.es\/#organization"},"potentialAction":[{"@type":"SearchAction","target":{"@type":"EntryPoint","urlTemplate":"https:\/\/padelzoco.es\/?s={search_term_string}"},"query-input":{"@type":"PropertyValueSpecification","valueRequired":true,"valueName":"search_term_string"}}],"inLanguage":"en-GB"},{"@type":"Organization","@id":"https:\/\/padelzoco.es\/#organization","name":"Padel Zoco","url":"https:\/\/padelzoco.es\/","logo":{"@type":"ImageObject","inLanguage":"en-GB","@id":"https:\/\/padelzoco.es\/#\/schema\/logo\/image\/","url":"https:\/\/padelzoco.es\/wp-content\/uploads\/2023\/11\/PadelZoco_Logo_black_white.webp","contentUrl":"https:\/\/padelzoco.es\/wp-content\/uploads\/2023\/11\/PadelZoco_Logo_black_white.webp","width":1500,"height":631,"caption":"Padel Zoco"},"image":{"@id":"https:\/\/padelzoco.es\/#\/schema\/logo\/image\/"}}]}},"_links":{"self":[{"href":"https:\/\/padelzoco.es\/en\/wp-json\/wp\/v2\/product\/8826","targetHints":{"allow":["GET"]}}],"collection":[{"href":"https:\/\/padelzoco.es\/en\/wp-json\/wp\/v2\/product"}],"about":[{"href":"https:\/\/padelzoco.es\/en\/wp-json\/wp\/v2\/types\/product"}],"version-history":[{"count":1,"href":"https:\/\/padelzoco.es\/en\/wp-json\/wp\/v2\/product\/8826\/revisions"}],"predecessor-version":[{"id":27836,"href":"https:\/\/padelzoco.es\/en\/wp-json\/wp\/v2\/product\/8826\/revisions\/27836"}],"wp:featuredmedia":[{"embeddable":true,"href":"https:\/\/padelzoco.es\/en\/wp-json\/wp\/v2\/media\/8827"}],"wp:attachment":[{"href":"https:\/\/padelzoco.es\/en\/wp-json\/wp\/v2\/media?parent=8826"}],"wp:term":[{"taxonomy":"product_brand","embeddable":true,"href":"https:\/\/padelzoco.es\/en\/wp-json\/wp\/v2\/product_brand?post=8826"},{"taxonomy":"product_cat","embeddable":true,"href":"https:\/\/padelzoco.es\/en\/wp-json\/wp\/v2\/product_cat?post=8826"},{"taxonomy":"product_tag","embeddable":true,"href":"https:\/\/padelzoco.es\/en\/wp-json\/wp\/v2\/product_tag?post=8826"}],"curies":[{"name":"wp","href":"https:\/\/api.w.org\/{rel}","templated":true}]}}