{"id":8839,"date":"2024-01-31T16:47:31","date_gmt":"2024-01-31T15:47:31","guid":{"rendered":"https:\/\/adc06f55e9.nxcli.io\/?post_type=product&#038;p=8839"},"modified":"2026-02-02T09:26:30","modified_gmt":"2026-02-02T08:26:30","slug":"pala-padel-head-gravity-pro","status":"publish","type":"product","link":"https:\/\/padelzoco.es\/en\/product\/pala-padel-head-gravity-pro\/","title":{"rendered":"Pala Padel Head Gravity Pro"},"content":{"rendered":"<p><span style=\"vertical-align: inherit;\"><span style=\"vertical-align: inherit;\">Con su moderno y vibrante dise\u00f1o flip, que es diferente en cada lado, la RAQUETA GRAVITY PRO PADEL tiene un aspecto fresco y distintivo al tiempo que permite a los jugadores experimentados jugar su propio juego. <\/span><span style=\"vertical-align: inherit;\">Destacar\u00e1s entre los dem\u00e1s con una raqueta muy c\u00f3moda que ofrece un control excelente. <\/span><span style=\"vertical-align: inherit;\">Si bien la nueva construcci\u00f3n Auxetic brinda una sensaci\u00f3n de impacto sensacional y una nueva forma redonda agrega control y un punto dulce m\u00e1s grande, el carbono en la superficie de golpe mejora la precisi\u00f3n, el control y el toque.<\/span><\/span><\/p>\n<p><span style=\"vertical-align: inherit;\"><span style=\"vertical-align: inherit;\">\u2022 Control y comodidad para jugadores avanzados <\/span><\/span><br \/>\n<span style=\"vertical-align: inherit;\"><span style=\"vertical-align: inherit;\">\u2022 Nueva construcci\u00f3n Auxetic para una sensaci\u00f3n sensacional <\/span><\/span><br \/>\n<span style=\"vertical-align: inherit;\"><span style=\"vertical-align: inherit;\">\u2022 Dise\u00f1o flip moderno y vibrante <\/span><\/span><br \/>\n<span style=\"vertical-align: inherit;\"><span style=\"vertical-align: inherit;\">\u2022 Nueva forma redonda para control y un punto dulce m\u00e1s grande <\/span><\/span><br \/>\n<span style=\"vertical-align: inherit;\"><span style=\"vertical-align: inherit;\">\u2022 Carbono en la superficie de golpe para precisi\u00f3n, control y toque<\/span><\/span><\/p>\n<p><strong><span style=\"vertical-align: inherit;\"><span style=\"vertical-align: inherit;\">Shape<\/span><\/span><\/strong><span style=\"vertical-align: inherit;\"><span style=\"vertical-align: inherit;\"> : Redonda<\/span><\/span><\/p>\n<p><strong><span style=\"vertical-align: inherit;\"><span style=\"vertical-align: inherit;\">Weight<\/span><\/span><\/strong><span style=\"vertical-align: inherit;\"><span style=\"vertical-align: inherit;\"> : 370 g\/13,1 oz <\/span><\/span><\/p>\n<p><span style=\"vertical-align: inherit;\"><strong><span style=\"vertical-align: inherit;\">Tama\u00f1o <\/span><\/strong><\/span><strong><span style=\"vertical-align: inherit;\"><span style=\"vertical-align: inherit;\">de la cabeza<\/span><\/span><\/strong>\u00a0<span style=\"vertical-align: inherit;\"><span style=\"vertical-align: inherit;\"> : 498 cm\u00b2\/77 in\u00b2 <\/span><\/span><\/p>\n<p><span style=\"vertical-align: inherit;\"><strong><span style=\"vertical-align: inherit;\">Equilibrio<\/span><\/strong><span style=\"vertical-align: inherit;\"> : 270 mm\/1,7 in HH <\/span><\/span><\/p>\n<p><span style=\"vertical-align: inherit;\"><strong><span style=\"vertical-align: inherit;\">Haz<\/span><\/strong><span style=\"vertical-align: inherit;\"> : 38 mm\/1,5 in<\/span><\/span><\/p>","protected":false},"excerpt":{"rendered":"<p><span style=\"vertical-align: inherit;\"><span style=\"vertical-align: inherit;\">Con su moderno y vibrante dise\u00f1o flip, que es diferente en cada lado, la RAQUETA GRAVITY PRO PADEL tiene un aspecto fresco y distintivo al tiempo que permite a los jugadores experimentados jugar su propio juego. <\/span><span style=\"vertical-align: inherit;\">Destacar\u00e1s entre los dem\u00e1s con una raqueta muy c\u00f3moda que ofrece un control excelente. <\/span><span style=\"vertical-align: inherit;\">Si bien la nueva construcci\u00f3n Auxetic brinda una sensaci\u00f3n de impacto sensacional y una nueva forma redonda agrega control y un punto dulce m\u00e1s grande, el carbono en la superficie de golpe mejora la precisi\u00f3n, el control y el toque.<\/span><\/span><\/p>\n<p><span style=\"vertical-align: inherit;\"><span style=\"vertical-align: inherit;\">\u2022 Control y comodidad para jugadores avanzados <\/span><\/span><br \/>\n<span style=\"vertical-align: inherit;\"><span style=\"vertical-align: inherit;\">\u2022 Nueva construcci\u00f3n Auxetic para una sensaci\u00f3n sensacional <\/span><\/span><br \/>\n<span style=\"vertical-align: inherit;\"><span style=\"vertical-align: inherit;\">\u2022 Dise\u00f1o flip moderno y vibrante <\/span><\/span><br \/>\n<span style=\"vertical-align: inherit;\"><span style=\"vertical-align: inherit;\">\u2022 Nueva forma redonda para control y un punto dulce m\u00e1s grande <\/span><\/span><br \/>\n<span style=\"vertical-align: inherit;\"><span style=\"vertical-align: inherit;\">\u2022 Carbono en la superficie de golpe para precisi\u00f3n, control y toque<\/span><\/span><\/p>\n<p><strong><span style=\"vertical-align: inherit;\"><span style=\"vertical-align: inherit;\">Shape<\/span><\/span><\/strong><span style=\"vertical-align: inherit;\"><span style=\"vertical-align: inherit;\"> : Redonda<\/span><\/span><\/p>\n<p><strong><span style=\"vertical-align: inherit;\"><span style=\"vertical-align: inherit;\">Weight<\/span><\/span><\/strong><span style=\"vertical-align: inherit;\"><span style=\"vertical-align: inherit;\"> : 370 g\/13,1 oz <\/span><\/span><\/p>\n<p><span style=\"vertical-align: inherit;\"><strong><span style=\"vertical-align: inherit;\">Tama\u00f1o <\/span><\/strong><\/span><strong><span style=\"vertical-align: inherit;\"><span style=\"vertical-align: inherit;\">de la cabeza<\/span><\/span><\/strong>\u00a0<span style=\"vertical-align: inherit;\"><span style=\"vertical-align: inherit;\"> : 498 cm\u00b2\/77 in\u00b2 <\/span><\/span><\/p>\n<p><span style=\"vertical-align: inherit;\"><strong><span style=\"vertical-align: inherit;\">Equilibrio<\/span><\/strong><span style=\"vertical-align: inherit;\"> : 270 mm\/1,7 in HH <\/span><\/span><\/p>\n<p><span style=\"vertical-align: inherit;\"><strong><span style=\"vertical-align: inherit;\">Haz<\/span><\/strong><span style=\"vertical-align: inherit;\"> : 38 mm\/1,5 in<\/span><\/span><\/p>","protected":false},"featured_media":8845,"template":"","meta":[],"product_brand":[],"product_cat":[582,746,747,589,590,572,757,754,586],"product_tag":[],"class_list":{"0":"post-8839","1":"product","2":"type-product","3":"status-publish","4":"has-post-thumbnail","6":"product_cat-avanzado-palas","7":"product_cat-head","8":"product_cat-head-padel","9":"product_cat-hombre-palas","10":"product_cat-mujer-palas","11":"product_cat-palas","12":"product_cat-palas-ofertas","13":"product_cat-rebajas","14":"product_cat-redonda-palas","15":"pa_brand-head","16":"pa_hs_code-134","18":"first","19":"outofstock","20":"sale","21":"taxable","22":"shipping-taxable","23":"purchasable","24":"product-type-simple"},"yoast_head":"<!-- This site is optimized with the Yoast SEO plugin v27.4 - https:\/\/yoast.com\/product\/yoast-seo-wordpress\/ -->\n<title>Pala Padel Head Gravity Pro - Padel Zoco<\/title>\n<meta name=\"description\" content=\"Easy to play with, and refreshed with a new design with color pops, the FLASH padel racquet is made for casual players who are starting to compete at a club.\" \/>\n<meta name=\"robots\" content=\"index, follow, max-snippet:-1, max-image-preview:large, max-video-preview:-1\" \/>\n<link rel=\"canonical\" href=\"https:\/\/padelzoco.es\/en\/product\/pala-padel-head-gravity-pro\/\" \/>\n<meta property=\"og:locale\" content=\"en_GB\" \/>\n<meta property=\"og:type\" content=\"article\" \/>\n<meta property=\"og:title\" content=\"Pala Padel Head Gravity Pro - Padel Zoco\" \/>\n<meta property=\"og:description\" content=\"Easy to play with, and refreshed with a new design with color pops, the FLASH padel racquet is made for casual players who are starting to compete at a club.\" \/>\n<meta property=\"og:url\" content=\"https:\/\/padelzoco.es\/en\/product\/pala-padel-head-gravity-pro\/\" \/>\n<meta property=\"og:site_name\" content=\"Padel Zoco\" \/>\n<meta property=\"article:modified_time\" content=\"2026-02-02T08:26:30+00:00\" \/>\n<meta property=\"og:image\" content=\"https:\/\/padelzoco.es\/wp-content\/uploads\/2024\/01\/HEAD-Gravity-Pro-Padel-Racket-Head-Padel-rackets-image-1.webp\" \/>\n\t<meta property=\"og:image:width\" content=\"1400\" \/>\n\t<meta property=\"og:image:height\" content=\"1400\" \/>\n\t<meta property=\"og:image:type\" content=\"image\/webp\" \/>\n<meta name=\"twitter:card\" content=\"summary_large_image\" \/>\n<meta name=\"twitter:label1\" content=\"Estimated reading time\" \/>\n\t<meta name=\"twitter:data1\" content=\"1 minute\" \/>\n<script type=\"application\/ld+json\" class=\"yoast-schema-graph\">{\"@context\":\"https:\\\/\\\/schema.org\",\"@graph\":[{\"@type\":\"WebPage\",\"@id\":\"https:\\\/\\\/padelzoco.es\\\/product\\\/pala-padel-head-gravity-pro\\\/\",\"url\":\"https:\\\/\\\/padelzoco.es\\\/product\\\/pala-padel-head-gravity-pro\\\/\",\"name\":\"Pala Padel Head Gravity Pro - Padel Zoco\",\"isPartOf\":{\"@id\":\"https:\\\/\\\/padelzoco.es\\\/#website\"},\"primaryImageOfPage\":{\"@id\":\"https:\\\/\\\/padelzoco.es\\\/product\\\/pala-padel-head-gravity-pro\\\/#primaryimage\"},\"image\":{\"@id\":\"https:\\\/\\\/padelzoco.es\\\/product\\\/pala-padel-head-gravity-pro\\\/#primaryimage\"},\"thumbnailUrl\":\"https:\\\/\\\/padelzoco.es\\\/wp-content\\\/uploads\\\/2024\\\/01\\\/HEAD-Gravity-Pro-Padel-Racket-Head-Padel-rackets-image-1.webp\",\"datePublished\":\"2024-01-31T15:47:31+00:00\",\"dateModified\":\"2026-02-02T08:26:30+00:00\",\"description\":\"Easy to play with, and refreshed with a new design with color pops, the FLASH padel racquet is made for casual players who are starting to compete at a club.\",\"breadcrumb\":{\"@id\":\"https:\\\/\\\/padelzoco.es\\\/product\\\/pala-padel-head-gravity-pro\\\/#breadcrumb\"},\"inLanguage\":\"en-GB\",\"potentialAction\":[{\"@type\":\"ReadAction\",\"target\":[\"https:\\\/\\\/padelzoco.es\\\/product\\\/pala-padel-head-gravity-pro\\\/\"]}]},{\"@type\":\"ImageObject\",\"inLanguage\":\"en-GB\",\"@id\":\"https:\\\/\\\/padelzoco.es\\\/product\\\/pala-padel-head-gravity-pro\\\/#primaryimage\",\"url\":\"https:\\\/\\\/padelzoco.es\\\/wp-content\\\/uploads\\\/2024\\\/01\\\/HEAD-Gravity-Pro-Padel-Racket-Head-Padel-rackets-image-1.webp\",\"contentUrl\":\"https:\\\/\\\/padelzoco.es\\\/wp-content\\\/uploads\\\/2024\\\/01\\\/HEAD-Gravity-Pro-Padel-Racket-Head-Padel-rackets-image-1.webp\",\"width\":1400,\"height\":1400},{\"@type\":\"BreadcrumbList\",\"@id\":\"https:\\\/\\\/padelzoco.es\\\/product\\\/pala-padel-head-gravity-pro\\\/#breadcrumb\",\"itemListElement\":[{\"@type\":\"ListItem\",\"position\":1,\"name\":\"Home\",\"item\":\"https:\\\/\\\/padelzoco.es\\\/\"},{\"@type\":\"ListItem\",\"position\":2,\"name\":\"Padel Zoco\",\"item\":\"https:\\\/\\\/padelzoco.es\\\/padel-zoco\\\/\"},{\"@type\":\"ListItem\",\"position\":3,\"name\":\"Pala Padel Head Gravity Pro\"}]},{\"@type\":\"WebSite\",\"@id\":\"https:\\\/\\\/padelzoco.es\\\/#website\",\"url\":\"https:\\\/\\\/padelzoco.es\\\/\",\"name\":\"Padel Zoco\",\"description\":\"Padel Zoco | Spain\",\"publisher\":{\"@id\":\"https:\\\/\\\/padelzoco.es\\\/#organization\"},\"potentialAction\":[{\"@type\":\"SearchAction\",\"target\":{\"@type\":\"EntryPoint\",\"urlTemplate\":\"https:\\\/\\\/padelzoco.es\\\/?s={search_term_string}\"},\"query-input\":{\"@type\":\"PropertyValueSpecification\",\"valueRequired\":true,\"valueName\":\"search_term_string\"}}],\"inLanguage\":\"en-GB\"},{\"@type\":\"Organization\",\"@id\":\"https:\\\/\\\/padelzoco.es\\\/#organization\",\"name\":\"Padel Zoco\",\"url\":\"https:\\\/\\\/padelzoco.es\\\/\",\"logo\":{\"@type\":\"ImageObject\",\"inLanguage\":\"en-GB\",\"@id\":\"https:\\\/\\\/padelzoco.es\\\/#\\\/schema\\\/logo\\\/image\\\/\",\"url\":\"https:\\\/\\\/padelzoco.es\\\/wp-content\\\/uploads\\\/2023\\\/11\\\/PadelZoco_Logo_black_white.webp\",\"contentUrl\":\"https:\\\/\\\/padelzoco.es\\\/wp-content\\\/uploads\\\/2023\\\/11\\\/PadelZoco_Logo_black_white.webp\",\"width\":1500,\"height\":631,\"caption\":\"Padel Zoco\"},\"image\":{\"@id\":\"https:\\\/\\\/padelzoco.es\\\/#\\\/schema\\\/logo\\\/image\\\/\"}}]}<\/script>\n<!-- \/ Yoast SEO plugin. -->","yoast_head_json":{"title":"Pala Padel Head Gravity Pro - Padel Zoco","description":"Easy to play with, and refreshed with a new design with color pops, the FLASH padel racquet is made for casual players who are starting to compete at a club.","robots":{"index":"index","follow":"follow","max-snippet":"max-snippet:-1","max-image-preview":"max-image-preview:large","max-video-preview":"max-video-preview:-1"},"canonical":"https:\/\/padelzoco.es\/en\/product\/pala-padel-head-gravity-pro\/","og_locale":"en_GB","og_type":"article","og_title":"Pala Padel Head Gravity Pro - Padel Zoco","og_description":"Easy to play with, and refreshed with a new design with color pops, the FLASH padel racquet is made for casual players who are starting to compete at a club.","og_url":"https:\/\/padelzoco.es\/en\/product\/pala-padel-head-gravity-pro\/","og_site_name":"Padel Zoco","article_modified_time":"2026-02-02T08:26:30+00:00","og_image":[{"width":1400,"height":1400,"url":"https:\/\/padelzoco.es\/wp-content\/uploads\/2024\/01\/HEAD-Gravity-Pro-Padel-Racket-Head-Padel-rackets-image-1.webp","type":"image\/webp"}],"twitter_card":"summary_large_image","twitter_misc":{"Estimated reading time":"1 minute"},"schema":{"@context":"https:\/\/schema.org","@graph":[{"@type":"WebPage","@id":"https:\/\/padelzoco.es\/product\/pala-padel-head-gravity-pro\/","url":"https:\/\/padelzoco.es\/product\/pala-padel-head-gravity-pro\/","name":"Pala Padel Head Gravity Pro - Padel Zoco","isPartOf":{"@id":"https:\/\/padelzoco.es\/#website"},"primaryImageOfPage":{"@id":"https:\/\/padelzoco.es\/product\/pala-padel-head-gravity-pro\/#primaryimage"},"image":{"@id":"https:\/\/padelzoco.es\/product\/pala-padel-head-gravity-pro\/#primaryimage"},"thumbnailUrl":"https:\/\/padelzoco.es\/wp-content\/uploads\/2024\/01\/HEAD-Gravity-Pro-Padel-Racket-Head-Padel-rackets-image-1.webp","datePublished":"2024-01-31T15:47:31+00:00","dateModified":"2026-02-02T08:26:30+00:00","description":"Easy to play with, and refreshed with a new design with color pops, the FLASH padel racquet is made for casual players who are starting to compete at a club.","breadcrumb":{"@id":"https:\/\/padelzoco.es\/product\/pala-padel-head-gravity-pro\/#breadcrumb"},"inLanguage":"en-GB","potentialAction":[{"@type":"ReadAction","target":["https:\/\/padelzoco.es\/product\/pala-padel-head-gravity-pro\/"]}]},{"@type":"ImageObject","inLanguage":"en-GB","@id":"https:\/\/padelzoco.es\/product\/pala-padel-head-gravity-pro\/#primaryimage","url":"https:\/\/padelzoco.es\/wp-content\/uploads\/2024\/01\/HEAD-Gravity-Pro-Padel-Racket-Head-Padel-rackets-image-1.webp","contentUrl":"https:\/\/padelzoco.es\/wp-content\/uploads\/2024\/01\/HEAD-Gravity-Pro-Padel-Racket-Head-Padel-rackets-image-1.webp","width":1400,"height":1400},{"@type":"BreadcrumbList","@id":"https:\/\/padelzoco.es\/product\/pala-padel-head-gravity-pro\/#breadcrumb","itemListElement":[{"@type":"ListItem","position":1,"name":"Home","item":"https:\/\/padelzoco.es\/"},{"@type":"ListItem","position":2,"name":"Padel Zoco","item":"https:\/\/padelzoco.es\/padel-zoco\/"},{"@type":"ListItem","position":3,"name":"Pala Padel Head Gravity Pro"}]},{"@type":"WebSite","@id":"https:\/\/padelzoco.es\/#website","url":"https:\/\/padelzoco.es\/","name":"Padel Zoco","description":"Padel Zoco | Spain","publisher":{"@id":"https:\/\/padelzoco.es\/#organization"},"potentialAction":[{"@type":"SearchAction","target":{"@type":"EntryPoint","urlTemplate":"https:\/\/padelzoco.es\/?s={search_term_string}"},"query-input":{"@type":"PropertyValueSpecification","valueRequired":true,"valueName":"search_term_string"}}],"inLanguage":"en-GB"},{"@type":"Organization","@id":"https:\/\/padelzoco.es\/#organization","name":"Padel Zoco","url":"https:\/\/padelzoco.es\/","logo":{"@type":"ImageObject","inLanguage":"en-GB","@id":"https:\/\/padelzoco.es\/#\/schema\/logo\/image\/","url":"https:\/\/padelzoco.es\/wp-content\/uploads\/2023\/11\/PadelZoco_Logo_black_white.webp","contentUrl":"https:\/\/padelzoco.es\/wp-content\/uploads\/2023\/11\/PadelZoco_Logo_black_white.webp","width":1500,"height":631,"caption":"Padel Zoco"},"image":{"@id":"https:\/\/padelzoco.es\/#\/schema\/logo\/image\/"}}]}},"_links":{"self":[{"href":"https:\/\/padelzoco.es\/en\/wp-json\/wp\/v2\/product\/8839","targetHints":{"allow":["GET"]}}],"collection":[{"href":"https:\/\/padelzoco.es\/en\/wp-json\/wp\/v2\/product"}],"about":[{"href":"https:\/\/padelzoco.es\/en\/wp-json\/wp\/v2\/types\/product"}],"version-history":[{"count":1,"href":"https:\/\/padelzoco.es\/en\/wp-json\/wp\/v2\/product\/8839\/revisions"}],"predecessor-version":[{"id":27834,"href":"https:\/\/padelzoco.es\/en\/wp-json\/wp\/v2\/product\/8839\/revisions\/27834"}],"wp:featuredmedia":[{"embeddable":true,"href":"https:\/\/padelzoco.es\/en\/wp-json\/wp\/v2\/media\/8845"}],"wp:attachment":[{"href":"https:\/\/padelzoco.es\/en\/wp-json\/wp\/v2\/media?parent=8839"}],"wp:term":[{"taxonomy":"product_brand","embeddable":true,"href":"https:\/\/padelzoco.es\/en\/wp-json\/wp\/v2\/product_brand?post=8839"},{"taxonomy":"product_cat","embeddable":true,"href":"https:\/\/padelzoco.es\/en\/wp-json\/wp\/v2\/product_cat?post=8839"},{"taxonomy":"product_tag","embeddable":true,"href":"https:\/\/padelzoco.es\/en\/wp-json\/wp\/v2\/product_tag?post=8839"}],"curies":[{"name":"wp","href":"https:\/\/api.w.org\/{rel}","templated":true}]}}