{"id":8846,"date":"2024-01-31T16:51:50","date_gmt":"2024-01-31T15:51:50","guid":{"rendered":"https:\/\/adc06f55e9.nxcli.io\/?post_type=product&#038;p=8846"},"modified":"2026-04-30T18:47:52","modified_gmt":"2026-04-30T17:47:52","slug":"pala-padel-head-gravity-motion","status":"publish","type":"product","link":"https:\/\/padelzoco.es\/en\/product\/pala-padel-head-gravity-motion\/","title":{"rendered":"Pala Padel Head Gravity Motion"},"content":{"rendered":"<p><span style=\"vertical-align: inherit\"><span style=\"vertical-align: inherit\">Dale la vuelta a la PALA DE PADEL GRAVITY MOTION y encontrar\u00e1s un dise\u00f1o diferente y vibrante en el otro lado. <\/span><span style=\"vertical-align: inherit\">Todo en esta raqueta es control y comodidad, y un peso m\u00e1s ligero para una mayor maniobrabilidad, permiti\u00e9ndote utilizar toda su variedad. <\/span><span style=\"vertical-align: inherit\">Juega tu propio juego y destaca del resto con una raqueta c\u00f3moda que tiene una superficie de golpeo de fibra de vidrio para una sensaci\u00f3n m\u00e1s suave y un toque adicional. <\/span><span style=\"vertical-align: inherit\">Mientras que la nueva construcci\u00f3n Auxetic proporciona una sensaci\u00f3n de impacto sensacional, la nueva forma redonda a\u00f1ade control y un punto dulce m\u00e1s grande.<\/span><\/span><\/p>\n<p><span style=\"vertical-align: inherit\"><span style=\"vertical-align: inherit\">\u2022 Ligero, c\u00f3modo y f\u00e1cil de maniobrar <\/span><\/span><br \/>\n<span style=\"vertical-align: inherit\"><span style=\"vertical-align: inherit\">\u2022 Nueva construcci\u00f3n Auxetic para una sensaci\u00f3n sensacional <\/span><\/span><br \/>\n<span style=\"vertical-align: inherit\"><span style=\"vertical-align: inherit\">\u2022 Nueva forma redonda para control y un punto dulce m\u00e1s grande <\/span><\/span><br \/>\n<span style=\"vertical-align: inherit\"><span style=\"vertical-align: inherit\">\u2022 Superficie de golpeo de fibra de vidrio para una sensaci\u00f3n m\u00e1s suave y un toque adicional <\/span><\/span><br \/>\n<span style=\"vertical-align: inherit\"><span style=\"vertical-align: inherit\">\u2022 Dise\u00f1o plegable moderno y vibrante<\/span><\/span><\/p>\n<p><strong><span style=\"vertical-align: inherit\"><span style=\"vertical-align: inherit\">Shape<\/span><\/span><\/strong><span style=\"vertical-align: inherit\"><span style=\"vertical-align: inherit\"> : Redonda<\/span><\/span><\/p>\n<p><strong><span style=\"vertical-align: inherit\"><span style=\"vertical-align: inherit\">Weight<\/span><\/span><\/strong><span style=\"vertical-align: inherit\"><span style=\"vertical-align: inherit\"> : 355 g\/12,5 oz <\/span><\/span><\/p>\n<p><span style=\"vertical-align: inherit\"><strong><span style=\"vertical-align: inherit\">Tama\u00f1o <\/span><\/strong><\/span><strong><span style=\"vertical-align: inherit\"><span style=\"vertical-align: inherit\">de la cabeza<\/span><\/span><\/strong>\u00a0<span style=\"vertical-align: inherit\"><span style=\"vertical-align: inherit\"> : 498 cm\u00b2\/77 in\u00b2 <\/span><\/span><\/p>\n<p><span style=\"vertical-align: inherit\"><strong><span style=\"vertical-align: inherit\">Equilibrio<\/span><\/strong><span style=\"vertical-align: inherit\"> : 270 mm\/1,7 in HH <\/span><\/span><\/p>\n<p><span style=\"vertical-align: inherit\"><strong><span style=\"vertical-align: inherit\">Haz<\/span><\/strong><span style=\"vertical-align: inherit\"> : 38 mm\/1,5 in<\/span><\/span><\/p>","protected":false},"excerpt":{"rendered":"<p><span style=\"vertical-align: inherit\"><span style=\"vertical-align: inherit\">Dale la vuelta a la PALA DE PADEL GRAVITY MOTION y encontrar\u00e1s un dise\u00f1o diferente y vibrante en el otro lado. <\/span><span style=\"vertical-align: inherit\">Todo en esta raqueta es control y comodidad, y un peso m\u00e1s ligero para una mayor maniobrabilidad, permiti\u00e9ndote utilizar toda su variedad. <\/span><span style=\"vertical-align: inherit\">Juega tu propio juego y destaca del resto con una raqueta c\u00f3moda que tiene una superficie de golpeo de fibra de vidrio para una sensaci\u00f3n m\u00e1s suave y un toque adicional. <\/span><span style=\"vertical-align: inherit\">Mientras que la nueva construcci\u00f3n Auxetic proporciona una sensaci\u00f3n de impacto sensacional, la nueva forma redonda a\u00f1ade control y un punto dulce m\u00e1s grande.<\/span><\/span><\/p>\n<p><span style=\"vertical-align: inherit\"><span style=\"vertical-align: inherit\">\u2022 Ligero, c\u00f3modo y f\u00e1cil de maniobrar <\/span><\/span><br \/>\n<span style=\"vertical-align: inherit\"><span style=\"vertical-align: inherit\">\u2022 Nueva construcci\u00f3n Auxetic para una sensaci\u00f3n sensacional <\/span><\/span><br \/>\n<span style=\"vertical-align: inherit\"><span style=\"vertical-align: inherit\">\u2022 Nueva forma redonda para control y un punto dulce m\u00e1s grande <\/span><\/span><br \/>\n<span style=\"vertical-align: inherit\"><span style=\"vertical-align: inherit\">\u2022 Superficie de golpeo de fibra de vidrio para una sensaci\u00f3n m\u00e1s suave y un toque adicional <\/span><\/span><br \/>\n<span style=\"vertical-align: inherit\"><span style=\"vertical-align: inherit\">\u2022 Dise\u00f1o plegable moderno y vibrante<\/span><\/span><\/p>\n<p><strong><span style=\"vertical-align: inherit\"><span style=\"vertical-align: inherit\">Shape<\/span><\/span><\/strong><span style=\"vertical-align: inherit\"><span style=\"vertical-align: inherit\"> : Redonda <\/span><\/span><\/p>\n<p><strong><span style=\"vertical-align: inherit\"><span style=\"vertical-align: inherit\">Weight<\/span><\/span><\/strong><span style=\"vertical-align: inherit\"><span style=\"vertical-align: inherit\"> : 355 g\/12,5 oz <\/span><\/span><\/p>\n<p><span style=\"vertical-align: inherit\"><strong><span style=\"vertical-align: inherit\">Tama\u00f1o <\/span><\/strong><\/span><strong><span style=\"vertical-align: inherit\"><span style=\"vertical-align: inherit\">de la cabeza<\/span><\/span><\/strong>\u00a0<span style=\"vertical-align: inherit\"><span style=\"vertical-align: inherit\"> : 498 cm\u00b2\/77 in\u00b2 <\/span><\/span><\/p>\n<p><span style=\"vertical-align: inherit\"><strong><span style=\"vertical-align: inherit\">Equilibrio<\/span><\/strong><span style=\"vertical-align: inherit\"> : 270 mm\/1,7 in HH <\/span><\/span><\/p>\n<p><span style=\"vertical-align: inherit\"><strong><span style=\"vertical-align: inherit\">Haz<\/span><\/strong><span style=\"vertical-align: inherit\"> : 38 mm\/1,5 in<\/span><\/span><\/p>","protected":false},"featured_media":8847,"template":"","meta":[],"product_brand":[],"product_cat":[582,746,747,589,581,590,572,757,754,586],"product_tag":[],"class_list":{"0":"post-8846","1":"product","2":"type-product","3":"status-publish","4":"has-post-thumbnail","6":"product_cat-avanzado-palas","7":"product_cat-head","8":"product_cat-head-padel","9":"product_cat-hombre-palas","10":"product_cat-intermedio-palas","11":"product_cat-mujer-palas","12":"product_cat-palas","13":"product_cat-palas-ofertas","14":"product_cat-rebajas","15":"product_cat-redonda-palas","16":"pa_brand-head","17":"pa_hs_code-134","19":"first","20":"outofstock","21":"sale","22":"taxable","23":"shipping-taxable","24":"purchasable","25":"product-type-simple"},"yoast_head":"<!-- This site is optimized with the Yoast SEO plugin v27.6 - https:\/\/yoast.com\/product\/yoast-seo-wordpress\/ -->\n<title>Pala Padel Head Gravity Motion - Padel Zoco<\/title>\n<meta name=\"description\" content=\"La pala de p\u00e1del GRAVITY MOTION es la pala m\u00e1s ligera de la serie GRAVITY. Esta diferencia de peso, hace que sea m\u00e1s c\u00f3moda y tenga mayor maniobrabilidad.\" \/>\n<meta name=\"robots\" content=\"index, follow, max-snippet:-1, max-image-preview:large, max-video-preview:-1\" \/>\n<link rel=\"canonical\" href=\"https:\/\/padelzoco.es\/en\/product\/pala-padel-head-gravity-motion\/\" \/>\n<meta property=\"og:locale\" content=\"en_GB\" \/>\n<meta property=\"og:type\" content=\"article\" \/>\n<meta property=\"og:title\" content=\"Pala Padel Head Gravity Motion - Padel Zoco\" \/>\n<meta property=\"og:description\" content=\"La pala de p\u00e1del GRAVITY MOTION es la pala m\u00e1s ligera de la serie GRAVITY. Esta diferencia de peso, hace que sea m\u00e1s c\u00f3moda y tenga mayor maniobrabilidad.\" \/>\n<meta property=\"og:url\" content=\"https:\/\/padelzoco.es\/en\/product\/pala-padel-head-gravity-motion\/\" \/>\n<meta property=\"og:site_name\" content=\"Padel Zoco\" \/>\n<meta property=\"article:modified_time\" content=\"2026-04-30T17:47:52+00:00\" \/>\n<meta property=\"og:image\" content=\"https:\/\/padelzoco.es\/wp-content\/uploads\/2024\/01\/HEAD-Gravity-Motion-Padel-Racket-2022-Image-1.webp\" \/>\n\t<meta property=\"og:image:width\" content=\"1400\" \/>\n\t<meta property=\"og:image:height\" content=\"1400\" \/>\n\t<meta property=\"og:image:type\" content=\"image\/webp\" \/>\n<meta name=\"twitter:card\" content=\"summary_large_image\" \/>\n<meta name=\"twitter:label1\" content=\"Estimated reading time\" \/>\n\t<meta name=\"twitter:data1\" content=\"1 minute\" \/>\n<script type=\"application\/ld+json\" class=\"yoast-schema-graph\">{\"@context\":\"https:\\\/\\\/schema.org\",\"@graph\":[{\"@type\":\"WebPage\",\"@id\":\"https:\\\/\\\/padelzoco.es\\\/product\\\/pala-padel-head-gravity-motion\\\/\",\"url\":\"https:\\\/\\\/padelzoco.es\\\/product\\\/pala-padel-head-gravity-motion\\\/\",\"name\":\"Pala Padel Head Gravity Motion - Padel Zoco\",\"isPartOf\":{\"@id\":\"https:\\\/\\\/padelzoco.es\\\/#website\"},\"primaryImageOfPage\":{\"@id\":\"https:\\\/\\\/padelzoco.es\\\/product\\\/pala-padel-head-gravity-motion\\\/#primaryimage\"},\"image\":{\"@id\":\"https:\\\/\\\/padelzoco.es\\\/product\\\/pala-padel-head-gravity-motion\\\/#primaryimage\"},\"thumbnailUrl\":\"https:\\\/\\\/padelzoco.es\\\/wp-content\\\/uploads\\\/2024\\\/01\\\/HEAD-Gravity-Motion-Padel-Racket-2022-Image-1.webp\",\"datePublished\":\"2024-01-31T15:51:50+00:00\",\"dateModified\":\"2026-04-30T17:47:52+00:00\",\"description\":\"La pala de p\u00e1del GRAVITY MOTION es la pala m\u00e1s ligera de la serie GRAVITY. Esta diferencia de peso, hace que sea m\u00e1s c\u00f3moda y tenga mayor maniobrabilidad.\",\"breadcrumb\":{\"@id\":\"https:\\\/\\\/padelzoco.es\\\/product\\\/pala-padel-head-gravity-motion\\\/#breadcrumb\"},\"inLanguage\":\"en-GB\",\"potentialAction\":[{\"@type\":\"ReadAction\",\"target\":[\"https:\\\/\\\/padelzoco.es\\\/product\\\/pala-padel-head-gravity-motion\\\/\"]}]},{\"@type\":\"ImageObject\",\"inLanguage\":\"en-GB\",\"@id\":\"https:\\\/\\\/padelzoco.es\\\/product\\\/pala-padel-head-gravity-motion\\\/#primaryimage\",\"url\":\"https:\\\/\\\/padelzoco.es\\\/wp-content\\\/uploads\\\/2024\\\/01\\\/HEAD-Gravity-Motion-Padel-Racket-2022-Image-1.webp\",\"contentUrl\":\"https:\\\/\\\/padelzoco.es\\\/wp-content\\\/uploads\\\/2024\\\/01\\\/HEAD-Gravity-Motion-Padel-Racket-2022-Image-1.webp\",\"width\":1400,\"height\":1400},{\"@type\":\"BreadcrumbList\",\"@id\":\"https:\\\/\\\/padelzoco.es\\\/product\\\/pala-padel-head-gravity-motion\\\/#breadcrumb\",\"itemListElement\":[{\"@type\":\"ListItem\",\"position\":1,\"name\":\"Home\",\"item\":\"https:\\\/\\\/padelzoco.es\\\/\"},{\"@type\":\"ListItem\",\"position\":2,\"name\":\"Padel Zoco\",\"item\":\"https:\\\/\\\/padelzoco.es\\\/padel-zoco\\\/\"},{\"@type\":\"ListItem\",\"position\":3,\"name\":\"Pala Padel Head Gravity Motion\"}]},{\"@type\":\"WebSite\",\"@id\":\"https:\\\/\\\/padelzoco.es\\\/#website\",\"url\":\"https:\\\/\\\/padelzoco.es\\\/\",\"name\":\"Padel Zoco\",\"description\":\"Padel Zoco | Spain\",\"publisher\":{\"@id\":\"https:\\\/\\\/padelzoco.es\\\/#organization\"},\"potentialAction\":[{\"@type\":\"SearchAction\",\"target\":{\"@type\":\"EntryPoint\",\"urlTemplate\":\"https:\\\/\\\/padelzoco.es\\\/?s={search_term_string}\"},\"query-input\":{\"@type\":\"PropertyValueSpecification\",\"valueRequired\":true,\"valueName\":\"search_term_string\"}}],\"inLanguage\":\"en-GB\"},{\"@type\":\"Organization\",\"@id\":\"https:\\\/\\\/padelzoco.es\\\/#organization\",\"name\":\"Padel Zoco\",\"url\":\"https:\\\/\\\/padelzoco.es\\\/\",\"logo\":{\"@type\":\"ImageObject\",\"inLanguage\":\"en-GB\",\"@id\":\"https:\\\/\\\/padelzoco.es\\\/#\\\/schema\\\/logo\\\/image\\\/\",\"url\":\"https:\\\/\\\/padelzoco.es\\\/wp-content\\\/uploads\\\/2023\\\/11\\\/PadelZoco_Logo_black_white.webp\",\"contentUrl\":\"https:\\\/\\\/padelzoco.es\\\/wp-content\\\/uploads\\\/2023\\\/11\\\/PadelZoco_Logo_black_white.webp\",\"width\":1500,\"height\":631,\"caption\":\"Padel Zoco\"},\"image\":{\"@id\":\"https:\\\/\\\/padelzoco.es\\\/#\\\/schema\\\/logo\\\/image\\\/\"}}]}<\/script>\n<!-- \/ Yoast SEO plugin. -->","yoast_head_json":{"title":"Pala Padel Head Gravity Motion - Padel Zoco","description":"La pala de p\u00e1del GRAVITY MOTION es la pala m\u00e1s ligera de la serie GRAVITY. Esta diferencia de peso, hace que sea m\u00e1s c\u00f3moda y tenga mayor maniobrabilidad.","robots":{"index":"index","follow":"follow","max-snippet":"max-snippet:-1","max-image-preview":"max-image-preview:large","max-video-preview":"max-video-preview:-1"},"canonical":"https:\/\/padelzoco.es\/en\/product\/pala-padel-head-gravity-motion\/","og_locale":"en_GB","og_type":"article","og_title":"Pala Padel Head Gravity Motion - Padel Zoco","og_description":"La pala de p\u00e1del GRAVITY MOTION es la pala m\u00e1s ligera de la serie GRAVITY. Esta diferencia de peso, hace que sea m\u00e1s c\u00f3moda y tenga mayor maniobrabilidad.","og_url":"https:\/\/padelzoco.es\/en\/product\/pala-padel-head-gravity-motion\/","og_site_name":"Padel Zoco","article_modified_time":"2026-04-30T17:47:52+00:00","og_image":[{"width":1400,"height":1400,"url":"https:\/\/padelzoco.es\/wp-content\/uploads\/2024\/01\/HEAD-Gravity-Motion-Padel-Racket-2022-Image-1.webp","type":"image\/webp"}],"twitter_card":"summary_large_image","twitter_misc":{"Estimated reading time":"1 minute"},"schema":{"@context":"https:\/\/schema.org","@graph":[{"@type":"WebPage","@id":"https:\/\/padelzoco.es\/product\/pala-padel-head-gravity-motion\/","url":"https:\/\/padelzoco.es\/product\/pala-padel-head-gravity-motion\/","name":"Pala Padel Head Gravity Motion - Padel Zoco","isPartOf":{"@id":"https:\/\/padelzoco.es\/#website"},"primaryImageOfPage":{"@id":"https:\/\/padelzoco.es\/product\/pala-padel-head-gravity-motion\/#primaryimage"},"image":{"@id":"https:\/\/padelzoco.es\/product\/pala-padel-head-gravity-motion\/#primaryimage"},"thumbnailUrl":"https:\/\/padelzoco.es\/wp-content\/uploads\/2024\/01\/HEAD-Gravity-Motion-Padel-Racket-2022-Image-1.webp","datePublished":"2024-01-31T15:51:50+00:00","dateModified":"2026-04-30T17:47:52+00:00","description":"La pala de p\u00e1del GRAVITY MOTION es la pala m\u00e1s ligera de la serie GRAVITY. Esta diferencia de peso, hace que sea m\u00e1s c\u00f3moda y tenga mayor maniobrabilidad.","breadcrumb":{"@id":"https:\/\/padelzoco.es\/product\/pala-padel-head-gravity-motion\/#breadcrumb"},"inLanguage":"en-GB","potentialAction":[{"@type":"ReadAction","target":["https:\/\/padelzoco.es\/product\/pala-padel-head-gravity-motion\/"]}]},{"@type":"ImageObject","inLanguage":"en-GB","@id":"https:\/\/padelzoco.es\/product\/pala-padel-head-gravity-motion\/#primaryimage","url":"https:\/\/padelzoco.es\/wp-content\/uploads\/2024\/01\/HEAD-Gravity-Motion-Padel-Racket-2022-Image-1.webp","contentUrl":"https:\/\/padelzoco.es\/wp-content\/uploads\/2024\/01\/HEAD-Gravity-Motion-Padel-Racket-2022-Image-1.webp","width":1400,"height":1400},{"@type":"BreadcrumbList","@id":"https:\/\/padelzoco.es\/product\/pala-padel-head-gravity-motion\/#breadcrumb","itemListElement":[{"@type":"ListItem","position":1,"name":"Home","item":"https:\/\/padelzoco.es\/"},{"@type":"ListItem","position":2,"name":"Padel Zoco","item":"https:\/\/padelzoco.es\/padel-zoco\/"},{"@type":"ListItem","position":3,"name":"Pala Padel Head Gravity Motion"}]},{"@type":"WebSite","@id":"https:\/\/padelzoco.es\/#website","url":"https:\/\/padelzoco.es\/","name":"Padel Zoco","description":"Padel Zoco | Spain","publisher":{"@id":"https:\/\/padelzoco.es\/#organization"},"potentialAction":[{"@type":"SearchAction","target":{"@type":"EntryPoint","urlTemplate":"https:\/\/padelzoco.es\/?s={search_term_string}"},"query-input":{"@type":"PropertyValueSpecification","valueRequired":true,"valueName":"search_term_string"}}],"inLanguage":"en-GB"},{"@type":"Organization","@id":"https:\/\/padelzoco.es\/#organization","name":"Padel Zoco","url":"https:\/\/padelzoco.es\/","logo":{"@type":"ImageObject","inLanguage":"en-GB","@id":"https:\/\/padelzoco.es\/#\/schema\/logo\/image\/","url":"https:\/\/padelzoco.es\/wp-content\/uploads\/2023\/11\/PadelZoco_Logo_black_white.webp","contentUrl":"https:\/\/padelzoco.es\/wp-content\/uploads\/2023\/11\/PadelZoco_Logo_black_white.webp","width":1500,"height":631,"caption":"Padel Zoco"},"image":{"@id":"https:\/\/padelzoco.es\/#\/schema\/logo\/image\/"}}]}},"_links":{"self":[{"href":"https:\/\/padelzoco.es\/en\/wp-json\/wp\/v2\/product\/8846","targetHints":{"allow":["GET"]}}],"collection":[{"href":"https:\/\/padelzoco.es\/en\/wp-json\/wp\/v2\/product"}],"about":[{"href":"https:\/\/padelzoco.es\/en\/wp-json\/wp\/v2\/types\/product"}],"version-history":[{"count":1,"href":"https:\/\/padelzoco.es\/en\/wp-json\/wp\/v2\/product\/8846\/revisions"}],"predecessor-version":[{"id":27833,"href":"https:\/\/padelzoco.es\/en\/wp-json\/wp\/v2\/product\/8846\/revisions\/27833"}],"wp:featuredmedia":[{"embeddable":true,"href":"https:\/\/padelzoco.es\/en\/wp-json\/wp\/v2\/media\/8847"}],"wp:attachment":[{"href":"https:\/\/padelzoco.es\/en\/wp-json\/wp\/v2\/media?parent=8846"}],"wp:term":[{"taxonomy":"product_brand","embeddable":true,"href":"https:\/\/padelzoco.es\/en\/wp-json\/wp\/v2\/product_brand?post=8846"},{"taxonomy":"product_cat","embeddable":true,"href":"https:\/\/padelzoco.es\/en\/wp-json\/wp\/v2\/product_cat?post=8846"},{"taxonomy":"product_tag","embeddable":true,"href":"https:\/\/padelzoco.es\/en\/wp-json\/wp\/v2\/product_tag?post=8846"}],"curies":[{"name":"wp","href":"https:\/\/api.w.org\/{rel}","templated":true}]}}