{"id":8975,"date":"2024-02-08T12:04:16","date_gmt":"2024-02-08T11:04:16","guid":{"rendered":"https:\/\/adc06f55e9.nxcli.io\/?post_type=product&#038;p=8975"},"modified":"2026-04-30T19:32:58","modified_gmt":"2026-04-30T18:32:58","slug":"zapatillas-head-sprint-pro-3-5-clay-men-white-black","status":"publish","type":"product","link":"https:\/\/padelzoco.es\/en\/product\/zapatillas-head-sprint-pro-3-5-clay-men-white-black\/","title":{"rendered":"ZAPATILLAS HEAD SPRINT PRO 3.5 CLAY MEN white black"},"content":{"rendered":"<p><span style=\"vertical-align: inherit;\"><span style=\"vertical-align: inherit;\">A medida que te mueves r\u00e1pido con el SPRINT PRO 3.5, disfrutar\u00e1s de la comodidad liviana de un zapato hecho con una malla transpirable y el nuevo material de la leng\u00fceta, as\u00ed como un sistema de enfriamiento integrado en la parte inferior del zapato. La actualizaci\u00f3n tambi\u00e9n incluye un nuevo tal\u00f3n de TPU y una actualizaci\u00f3n del dise\u00f1o. <\/span><\/span><br \/>\n<span style=\"vertical-align: inherit;\"><span style=\"vertical-align: inherit;\">\u2022 Malla transpirable y nuevo material en la leng\u00fceta para una comodidad ligera <\/span><\/span><br \/>\n<span style=\"vertical-align: inherit;\"><span style=\"vertical-align: inherit;\">\u2022 El sistema de refrigeraci\u00f3n mejora la transpirabilidad <\/span><\/span><br \/>\n<span style=\"vertical-align: inherit;\"><span style=\"vertical-align: inherit;\">\u2022 La actualizaci\u00f3n del dise\u00f1o le da al zapato una apariencia y sensaci\u00f3n contempor\u00e1neas<\/span><\/span><\/p>\n<p><strong><span style=\"vertical-align: inherit;\"><span style=\"vertical-align: inherit;\">SUPERIOR<\/span><\/span><\/strong><\/p>\n<div>\n<ul>\n<li><span style=\"vertical-align: inherit;\"><span style=\"vertical-align: inherit;\">Parte superior de malla ligera y totalmente tejida<\/span><\/span><\/li>\n<li><span style=\"vertical-align: inherit;\"><span style=\"vertical-align: inherit;\">Construcci\u00f3n de medio calcet\u00edn<\/span><\/span><\/li>\n<li><span style=\"vertical-align: inherit;\"><span style=\"vertical-align: inherit;\">Correa de cord\u00f3n triangular.<\/span><\/span><\/li>\n<li><span style=\"vertical-align: inherit;\"><span style=\"vertical-align: inherit;\">Talonera de TPU<\/span><\/span><\/li>\n<li><span style=\"vertical-align: inherit;\"><span style=\"vertical-align: inherit;\">Puntera de goma<\/span><\/span><\/li>\n<\/ul>\n<\/div>\n<p><strong><span style=\"vertical-align: inherit;\"><span style=\"vertical-align: inherit;\">ENTRESUELA<\/span><\/span><\/strong><\/p>\n<div>\n<ul>\n<li><span style=\"vertical-align: inherit;\"><span style=\"vertical-align: inherit;\">Bajo al suelo<\/span><\/span><\/li>\n<li><span style=\"vertical-align: inherit;\"><span style=\"vertical-align: inherit;\">Desplazamiento m\u00ednimo del tal\u00f3n a la punta<\/span><\/span><\/li>\n<li><span style=\"vertical-align: inherit;\"><span style=\"vertical-align: inherit;\">Tres densidades de EVA<\/span><\/span><\/li>\n<li><span style=\"vertical-align: inherit;\"><span style=\"vertical-align: inherit;\">V\u00e1stago antitorsi\u00f3n 3D ventilado.<\/span><\/span><\/li>\n<\/ul>\n<\/div>\n<p><strong><span style=\"vertical-align: inherit;\"><span style=\"vertical-align: inherit;\">SUELA<\/span><\/span><\/strong><\/p>\n<div>\n<ul>\n<li><span style=\"vertical-align: inherit;\"><span style=\"vertical-align: inherit;\">Banda de rodadura h\u00edbrida para todas las superficies de tenis diferentes<\/span><\/span><\/li>\n<li><span style=\"vertical-align: inherit;\"><span style=\"vertical-align: inherit;\">Zonas de durabilidad para pista dura<\/span><\/span><\/li>\n<li><span style=\"vertical-align: inherit;\"><span style=\"vertical-align: inherit;\">Zonas abiertas de la banda de rodadura para un mejor agarre.<\/span><\/span><\/li>\n<\/ul>\n<\/div>\n<div>\n<p><strong><span style=\"vertical-align: inherit;\"><span style=\"vertical-align: inherit;\">Technologies:<\/span><\/span><\/strong><\/p>\n<ul>\n<li><span style=\"vertical-align: inherit;\"><span style=\"vertical-align: inherit;\">TRI-NRG \u2013 DEFENSA CONTRA LA DERIVA \u2013 SISTEMA DE ENFRIAMIENTO \u2013 CONTROL LATERAL \u2013 HYBRASION+\u2122 \u2013 ESTABILIZADOR DEL TAL\u00d3N \u2013 SISTEMA DE SOPORTE DEL CALCETIN \u2013 DELTASTRAP<\/span><\/span><\/li>\n<\/ul>\n<\/div>","protected":false},"excerpt":{"rendered":"<p><span style=\"vertical-align: inherit;\"><span style=\"vertical-align: inherit;\">A medida que te mueves r\u00e1pido con el SPRINT PRO 3.5, disfrutar\u00e1s de la comodidad liviana de un zapato hecho con una malla transpirable y el nuevo material de la leng\u00fceta, as\u00ed como un sistema de enfriamiento integrado en la parte inferior del zapato. La actualizaci\u00f3n tambi\u00e9n incluye un nuevo tal\u00f3n de TPU y una actualizaci\u00f3n del dise\u00f1o. <\/span><\/span><br \/>\n<span style=\"vertical-align: inherit;\"><span style=\"vertical-align: inherit;\">\u2022 Malla transpirable y nuevo material en la leng\u00fceta para una comodidad ligera <\/span><\/span><br \/>\n<span style=\"vertical-align: inherit;\"><span style=\"vertical-align: inherit;\">\u2022 El sistema de refrigeraci\u00f3n mejora la transpirabilidad <\/span><\/span><br \/>\n<span style=\"vertical-align: inherit;\"><span style=\"vertical-align: inherit;\">\u2022 La actualizaci\u00f3n del dise\u00f1o le da al zapato una apariencia y sensaci\u00f3n contempor\u00e1neas<\/span><\/span><\/p>\n<p><strong><span style=\"vertical-align: inherit;\"><span style=\"vertical-align: inherit;\">SUPERIOR<\/span><\/span><\/strong><\/p>\n<div>\n<ul>\n<li><span style=\"vertical-align: inherit;\"><span style=\"vertical-align: inherit;\">Parte superior de malla ligera y totalmente tejida<\/span><\/span><\/li>\n<li><span style=\"vertical-align: inherit;\"><span style=\"vertical-align: inherit;\">Construcci\u00f3n de medio calcet\u00edn<\/span><\/span><\/li>\n<li><span style=\"vertical-align: inherit;\"><span style=\"vertical-align: inherit;\">Correa de cord\u00f3n triangular.<\/span><\/span><\/li>\n<li><span style=\"vertical-align: inherit;\"><span style=\"vertical-align: inherit;\">Talonera de TPU<\/span><\/span><\/li>\n<li><span style=\"vertical-align: inherit;\"><span style=\"vertical-align: inherit;\">Puntera de goma<\/span><\/span><\/li>\n<\/ul>\n<\/div>\n<p><strong><span style=\"vertical-align: inherit;\"><span style=\"vertical-align: inherit;\">ENTRESUELA<\/span><\/span><\/strong><\/p>\n<div>\n<ul>\n<li><span style=\"vertical-align: inherit;\"><span style=\"vertical-align: inherit;\">Bajo al suelo<\/span><\/span><\/li>\n<li><span style=\"vertical-align: inherit;\"><span style=\"vertical-align: inherit;\">Desplazamiento m\u00ednimo del tal\u00f3n a la punta<\/span><\/span><\/li>\n<li><span style=\"vertical-align: inherit;\"><span style=\"vertical-align: inherit;\">Tres densidades de EVA<\/span><\/span><\/li>\n<li><span style=\"vertical-align: inherit;\"><span style=\"vertical-align: inherit;\">V\u00e1stago antitorsi\u00f3n 3D ventilado.<\/span><\/span><\/li>\n<\/ul>\n<\/div>\n<p><strong><span style=\"vertical-align: inherit;\"><span style=\"vertical-align: inherit;\">SUELA<\/span><\/span><\/strong><\/p>\n<div>\n<ul>\n<li><span style=\"vertical-align: inherit;\"><span style=\"vertical-align: inherit;\">Banda de rodadura h\u00edbrida para todas las superficies de tenis diferentes<\/span><\/span><\/li>\n<li><span style=\"vertical-align: inherit;\"><span style=\"vertical-align: inherit;\">Zonas de durabilidad para pista dura<\/span><\/span><\/li>\n<li><span style=\"vertical-align: inherit;\"><span style=\"vertical-align: inherit;\">Zonas abiertas de la banda de rodadura para un mejor agarre.<\/span><\/span><\/li>\n<\/ul>\n<\/div>\n<div>\n<p><strong><span style=\"vertical-align: inherit;\"><span style=\"vertical-align: inherit;\">Technologies:<\/span><\/span><\/strong><\/p>\n<ul>\n<li><span style=\"vertical-align: inherit;\"><span style=\"vertical-align: inherit;\">TRI-NRG \u2013 DEFENSA CONTRA LA DERIVA \u2013 SISTEMA DE ENFRIAMIENTO \u2013 CONTROL LATERAL \u2013 HYBRASION+\u2122 \u2013 ESTABILIZADOR DEL TAL\u00d3N \u2013 SISTEMA DE SOPORTE DEL CALCETIN \u2013 DELTASTRAP<\/span><\/span><\/li>\n<\/ul>\n<\/div>","protected":false},"featured_media":8976,"template":"","meta":[],"product_brand":[],"product_cat":[747,749,599,754,592,758],"product_tag":[],"class_list":{"0":"post-8975","1":"product","2":"type-product","3":"status-publish","4":"has-post-thumbnail","6":"product_cat-head-padel","7":"product_cat-head-zapatillas","8":"product_cat-hombre-zapatillas","9":"product_cat-rebajas","10":"product_cat-zapatillas","11":"product_cat-zapatillas-ofertas","12":"pa_brand-wilson","13":"pa_color-blanco","14":"pa_gender-hombre","15":"pa_hs_code-87","16":"pa_shoes-size-89","17":"pa_shoes-size-81","18":"pa_shoes-size-82","19":"pa_shoes-size-84","20":"pa_shoes-size-85","22":"first","23":"outofstock","24":"taxable","25":"shipping-taxable","26":"product-type-variable"},"yoast_head":"<!-- This site is optimized with the Yoast SEO plugin v27.6 - https:\/\/yoast.com\/product\/yoast-seo-wordpress\/ -->\n<title>ZAPATILLAS HEAD SPRINT PRO 3.5 CLAY MEN white black - Padel Zoco<\/title>\n<meta name=\"robots\" content=\"index, follow, max-snippet:-1, max-image-preview:large, max-video-preview:-1\" \/>\n<link rel=\"canonical\" href=\"https:\/\/padelzoco.es\/en\/product\/zapatillas-head-sprint-pro-3-5-clay-men-white-black\/\" \/>\n<meta property=\"og:locale\" content=\"en_GB\" \/>\n<meta property=\"og:type\" content=\"article\" \/>\n<meta property=\"og:title\" content=\"ZAPATILLAS HEAD SPRINT PRO 3.5 CLAY MEN white black - Padel Zoco\" \/>\n<meta property=\"og:description\" content=\"A medida que te mueves r\u00e1pido con el SPRINT PRO 3.5, disfrutar\u00e1s de la comodidad liviana de un zapato hecho con una malla transpirable y el nuevo material de la leng\u00fceta, as\u00ed como un sistema de enfriamiento integrado en la parte inferior del zapato. La actualizaci\u00f3n tambi\u00e9n incluye un nuevo tal\u00f3n de TPU y una actualizaci\u00f3n del dise\u00f1o.  \u2022 Malla transpirable y nuevo material en la leng\u00fceta para una comodidad ligera  \u2022 El sistema de refrigeraci\u00f3n mejora la transpirabilidad  \u2022 La actualizaci\u00f3n del dise\u00f1o le da al zapato una apariencia y sensaci\u00f3n contempor\u00e1neas  SUPERIOR    Parte superior de malla ligera y totalmente tejida  Construcci\u00f3n de medio calcet\u00edn  Correa de cord\u00f3n triangular.  Talonera de TPU  Puntera de goma   ENTRESUELA    Bajo al suelo  Desplazamiento m\u00ednimo del tal\u00f3n a la punta  Tres densidades de EVA  V\u00e1stago antitorsi\u00f3n 3D ventilado.   SUELA    Banda de rodadura h\u00edbrida para todas las superficies de tenis diferentes  Zonas de durabilidad para pista dura  Zonas abiertas de la banda de rodadura para un mejor agarre.     Tecnolog\u00edas:   TRI-NRG \u2013 DEFENSA CONTRA LA DERIVA \u2013 SISTEMA DE ENFRIAMIENTO \u2013 CONTROL LATERAL \u2013 HYBRASION+\u2122 \u2013 ESTABILIZADOR DEL TAL\u00d3N \u2013 SISTEMA DE SOPORTE DEL CALCETIN \u2013 DELTASTRAP\" \/>\n<meta property=\"og:url\" content=\"https:\/\/padelzoco.es\/en\/product\/zapatillas-head-sprint-pro-3-5-clay-men-white-black\/\" \/>\n<meta property=\"og:site_name\" content=\"Padel Zoco\" \/>\n<meta property=\"article:modified_time\" content=\"2026-04-30T18:32:58+00:00\" \/>\n<meta property=\"og:image\" content=\"https:\/\/padelzoco.es\/wp-content\/uploads\/2024\/02\/HEAD-SPRINT-PRO-3.5-CLAY-Mens-Padel-Shoes-White-\u2013-Black-Image-5.webp\" \/>\n\t<meta property=\"og:image:width\" content=\"1400\" \/>\n\t<meta property=\"og:image:height\" content=\"1400\" \/>\n\t<meta property=\"og:image:type\" content=\"image\/webp\" \/>\n<meta name=\"twitter:card\" content=\"summary_large_image\" \/>\n<meta name=\"twitter:label1\" content=\"Estimated reading time\" \/>\n\t<meta name=\"twitter:data1\" content=\"2 minutes\" \/>\n<script type=\"application\/ld+json\" class=\"yoast-schema-graph\">{\"@context\":\"https:\\\/\\\/schema.org\",\"@graph\":[{\"@type\":\"WebPage\",\"@id\":\"https:\\\/\\\/padelzoco.es\\\/product\\\/zapatillas-head-sprint-pro-3-5-clay-men-white-black\\\/\",\"url\":\"https:\\\/\\\/padelzoco.es\\\/product\\\/zapatillas-head-sprint-pro-3-5-clay-men-white-black\\\/\",\"name\":\"ZAPATILLAS HEAD SPRINT PRO 3.5 CLAY MEN white black - Padel Zoco\",\"isPartOf\":{\"@id\":\"https:\\\/\\\/padelzoco.es\\\/#website\"},\"primaryImageOfPage\":{\"@id\":\"https:\\\/\\\/padelzoco.es\\\/product\\\/zapatillas-head-sprint-pro-3-5-clay-men-white-black\\\/#primaryimage\"},\"image\":{\"@id\":\"https:\\\/\\\/padelzoco.es\\\/product\\\/zapatillas-head-sprint-pro-3-5-clay-men-white-black\\\/#primaryimage\"},\"thumbnailUrl\":\"https:\\\/\\\/padelzoco.es\\\/wp-content\\\/uploads\\\/2024\\\/02\\\/HEAD-SPRINT-PRO-3.5-CLAY-Mens-Padel-Shoes-White-\u2013-Black-Image-5.webp\",\"datePublished\":\"2024-02-08T11:04:16+00:00\",\"dateModified\":\"2026-04-30T18:32:58+00:00\",\"breadcrumb\":{\"@id\":\"https:\\\/\\\/padelzoco.es\\\/product\\\/zapatillas-head-sprint-pro-3-5-clay-men-white-black\\\/#breadcrumb\"},\"inLanguage\":\"en-GB\",\"potentialAction\":[{\"@type\":\"ReadAction\",\"target\":[\"https:\\\/\\\/padelzoco.es\\\/product\\\/zapatillas-head-sprint-pro-3-5-clay-men-white-black\\\/\"]}]},{\"@type\":\"ImageObject\",\"inLanguage\":\"en-GB\",\"@id\":\"https:\\\/\\\/padelzoco.es\\\/product\\\/zapatillas-head-sprint-pro-3-5-clay-men-white-black\\\/#primaryimage\",\"url\":\"https:\\\/\\\/padelzoco.es\\\/wp-content\\\/uploads\\\/2024\\\/02\\\/HEAD-SPRINT-PRO-3.5-CLAY-Mens-Padel-Shoes-White-\u2013-Black-Image-5.webp\",\"contentUrl\":\"https:\\\/\\\/padelzoco.es\\\/wp-content\\\/uploads\\\/2024\\\/02\\\/HEAD-SPRINT-PRO-3.5-CLAY-Mens-Padel-Shoes-White-\u2013-Black-Image-5.webp\",\"width\":1400,\"height\":1400,\"caption\":\"HEAD SPRINT PRO 3.5 CLAY Men\u2019s Padel Shoes White \u2013 Black Image 5\"},{\"@type\":\"BreadcrumbList\",\"@id\":\"https:\\\/\\\/padelzoco.es\\\/product\\\/zapatillas-head-sprint-pro-3-5-clay-men-white-black\\\/#breadcrumb\",\"itemListElement\":[{\"@type\":\"ListItem\",\"position\":1,\"name\":\"Home\",\"item\":\"https:\\\/\\\/padelzoco.es\\\/\"},{\"@type\":\"ListItem\",\"position\":2,\"name\":\"Padel Zoco\",\"item\":\"https:\\\/\\\/padelzoco.es\\\/padel-zoco\\\/\"},{\"@type\":\"ListItem\",\"position\":3,\"name\":\"ZAPATILLAS HEAD SPRINT PRO 3.5 CLAY MEN white black\"}]},{\"@type\":\"WebSite\",\"@id\":\"https:\\\/\\\/padelzoco.es\\\/#website\",\"url\":\"https:\\\/\\\/padelzoco.es\\\/\",\"name\":\"Padel Zoco\",\"description\":\"Padel Zoco | Spain\",\"publisher\":{\"@id\":\"https:\\\/\\\/padelzoco.es\\\/#organization\"},\"potentialAction\":[{\"@type\":\"SearchAction\",\"target\":{\"@type\":\"EntryPoint\",\"urlTemplate\":\"https:\\\/\\\/padelzoco.es\\\/?s={search_term_string}\"},\"query-input\":{\"@type\":\"PropertyValueSpecification\",\"valueRequired\":true,\"valueName\":\"search_term_string\"}}],\"inLanguage\":\"en-GB\"},{\"@type\":\"Organization\",\"@id\":\"https:\\\/\\\/padelzoco.es\\\/#organization\",\"name\":\"Padel Zoco\",\"url\":\"https:\\\/\\\/padelzoco.es\\\/\",\"logo\":{\"@type\":\"ImageObject\",\"inLanguage\":\"en-GB\",\"@id\":\"https:\\\/\\\/padelzoco.es\\\/#\\\/schema\\\/logo\\\/image\\\/\",\"url\":\"https:\\\/\\\/padelzoco.es\\\/wp-content\\\/uploads\\\/2023\\\/11\\\/PadelZoco_Logo_black_white.webp\",\"contentUrl\":\"https:\\\/\\\/padelzoco.es\\\/wp-content\\\/uploads\\\/2023\\\/11\\\/PadelZoco_Logo_black_white.webp\",\"width\":1500,\"height\":631,\"caption\":\"Padel Zoco\"},\"image\":{\"@id\":\"https:\\\/\\\/padelzoco.es\\\/#\\\/schema\\\/logo\\\/image\\\/\"}}]}<\/script>\n<!-- \/ Yoast SEO plugin. -->","yoast_head_json":{"title":"ZAPATILLAS HEAD SPRINT PRO 3.5 CLAY MEN white black - Padel Zoco","robots":{"index":"index","follow":"follow","max-snippet":"max-snippet:-1","max-image-preview":"max-image-preview:large","max-video-preview":"max-video-preview:-1"},"canonical":"https:\/\/padelzoco.es\/en\/product\/zapatillas-head-sprint-pro-3-5-clay-men-white-black\/","og_locale":"en_GB","og_type":"article","og_title":"ZAPATILLAS HEAD SPRINT PRO 3.5 CLAY MEN white black - Padel Zoco","og_description":"A medida que te mueves r\u00e1pido con el SPRINT PRO 3.5, disfrutar\u00e1s de la comodidad liviana de un zapato hecho con una malla transpirable y el nuevo material de la leng\u00fceta, as\u00ed como un sistema de enfriamiento integrado en la parte inferior del zapato. La actualizaci\u00f3n tambi\u00e9n incluye un nuevo tal\u00f3n de TPU y una actualizaci\u00f3n del dise\u00f1o.  \u2022 Malla transpirable y nuevo material en la leng\u00fceta para una comodidad ligera  \u2022 El sistema de refrigeraci\u00f3n mejora la transpirabilidad  \u2022 La actualizaci\u00f3n del dise\u00f1o le da al zapato una apariencia y sensaci\u00f3n contempor\u00e1neas  SUPERIOR    Parte superior de malla ligera y totalmente tejida  Construcci\u00f3n de medio calcet\u00edn  Correa de cord\u00f3n triangular.  Talonera de TPU  Puntera de goma   ENTRESUELA    Bajo al suelo  Desplazamiento m\u00ednimo del tal\u00f3n a la punta  Tres densidades de EVA  V\u00e1stago antitorsi\u00f3n 3D ventilado.   SUELA    Banda de rodadura h\u00edbrida para todas las superficies de tenis diferentes  Zonas de durabilidad para pista dura  Zonas abiertas de la banda de rodadura para un mejor agarre.     Tecnolog\u00edas:   TRI-NRG \u2013 DEFENSA CONTRA LA DERIVA \u2013 SISTEMA DE ENFRIAMIENTO \u2013 CONTROL LATERAL \u2013 HYBRASION+\u2122 \u2013 ESTABILIZADOR DEL TAL\u00d3N \u2013 SISTEMA DE SOPORTE DEL CALCETIN \u2013 DELTASTRAP","og_url":"https:\/\/padelzoco.es\/en\/product\/zapatillas-head-sprint-pro-3-5-clay-men-white-black\/","og_site_name":"Padel Zoco","article_modified_time":"2026-04-30T18:32:58+00:00","og_image":[{"width":1400,"height":1400,"url":"https:\/\/padelzoco.es\/wp-content\/uploads\/2024\/02\/HEAD-SPRINT-PRO-3.5-CLAY-Mens-Padel-Shoes-White-\u2013-Black-Image-5.webp","type":"image\/webp"}],"twitter_card":"summary_large_image","twitter_misc":{"Estimated reading time":"2 minutes"},"schema":{"@context":"https:\/\/schema.org","@graph":[{"@type":"WebPage","@id":"https:\/\/padelzoco.es\/product\/zapatillas-head-sprint-pro-3-5-clay-men-white-black\/","url":"https:\/\/padelzoco.es\/product\/zapatillas-head-sprint-pro-3-5-clay-men-white-black\/","name":"ZAPATILLAS HEAD SPRINT PRO 3.5 CLAY MEN white black - Padel Zoco","isPartOf":{"@id":"https:\/\/padelzoco.es\/#website"},"primaryImageOfPage":{"@id":"https:\/\/padelzoco.es\/product\/zapatillas-head-sprint-pro-3-5-clay-men-white-black\/#primaryimage"},"image":{"@id":"https:\/\/padelzoco.es\/product\/zapatillas-head-sprint-pro-3-5-clay-men-white-black\/#primaryimage"},"thumbnailUrl":"https:\/\/padelzoco.es\/wp-content\/uploads\/2024\/02\/HEAD-SPRINT-PRO-3.5-CLAY-Mens-Padel-Shoes-White-\u2013-Black-Image-5.webp","datePublished":"2024-02-08T11:04:16+00:00","dateModified":"2026-04-30T18:32:58+00:00","breadcrumb":{"@id":"https:\/\/padelzoco.es\/product\/zapatillas-head-sprint-pro-3-5-clay-men-white-black\/#breadcrumb"},"inLanguage":"en-GB","potentialAction":[{"@type":"ReadAction","target":["https:\/\/padelzoco.es\/product\/zapatillas-head-sprint-pro-3-5-clay-men-white-black\/"]}]},{"@type":"ImageObject","inLanguage":"en-GB","@id":"https:\/\/padelzoco.es\/product\/zapatillas-head-sprint-pro-3-5-clay-men-white-black\/#primaryimage","url":"https:\/\/padelzoco.es\/wp-content\/uploads\/2024\/02\/HEAD-SPRINT-PRO-3.5-CLAY-Mens-Padel-Shoes-White-\u2013-Black-Image-5.webp","contentUrl":"https:\/\/padelzoco.es\/wp-content\/uploads\/2024\/02\/HEAD-SPRINT-PRO-3.5-CLAY-Mens-Padel-Shoes-White-\u2013-Black-Image-5.webp","width":1400,"height":1400,"caption":"HEAD SPRINT PRO 3.5 CLAY Men\u2019s Padel Shoes White \u2013 Black Image 5"},{"@type":"BreadcrumbList","@id":"https:\/\/padelzoco.es\/product\/zapatillas-head-sprint-pro-3-5-clay-men-white-black\/#breadcrumb","itemListElement":[{"@type":"ListItem","position":1,"name":"Home","item":"https:\/\/padelzoco.es\/"},{"@type":"ListItem","position":2,"name":"Padel Zoco","item":"https:\/\/padelzoco.es\/padel-zoco\/"},{"@type":"ListItem","position":3,"name":"ZAPATILLAS HEAD SPRINT PRO 3.5 CLAY MEN white black"}]},{"@type":"WebSite","@id":"https:\/\/padelzoco.es\/#website","url":"https:\/\/padelzoco.es\/","name":"Padel Zoco","description":"Padel Zoco | Spain","publisher":{"@id":"https:\/\/padelzoco.es\/#organization"},"potentialAction":[{"@type":"SearchAction","target":{"@type":"EntryPoint","urlTemplate":"https:\/\/padelzoco.es\/?s={search_term_string}"},"query-input":{"@type":"PropertyValueSpecification","valueRequired":true,"valueName":"search_term_string"}}],"inLanguage":"en-GB"},{"@type":"Organization","@id":"https:\/\/padelzoco.es\/#organization","name":"Padel Zoco","url":"https:\/\/padelzoco.es\/","logo":{"@type":"ImageObject","inLanguage":"en-GB","@id":"https:\/\/padelzoco.es\/#\/schema\/logo\/image\/","url":"https:\/\/padelzoco.es\/wp-content\/uploads\/2023\/11\/PadelZoco_Logo_black_white.webp","contentUrl":"https:\/\/padelzoco.es\/wp-content\/uploads\/2023\/11\/PadelZoco_Logo_black_white.webp","width":1500,"height":631,"caption":"Padel Zoco"},"image":{"@id":"https:\/\/padelzoco.es\/#\/schema\/logo\/image\/"}}]}},"_links":{"self":[{"href":"https:\/\/padelzoco.es\/en\/wp-json\/wp\/v2\/product\/8975","targetHints":{"allow":["GET"]}}],"collection":[{"href":"https:\/\/padelzoco.es\/en\/wp-json\/wp\/v2\/product"}],"about":[{"href":"https:\/\/padelzoco.es\/en\/wp-json\/wp\/v2\/types\/product"}],"version-history":[{"count":1,"href":"https:\/\/padelzoco.es\/en\/wp-json\/wp\/v2\/product\/8975\/revisions"}],"predecessor-version":[{"id":27823,"href":"https:\/\/padelzoco.es\/en\/wp-json\/wp\/v2\/product\/8975\/revisions\/27823"}],"wp:featuredmedia":[{"embeddable":true,"href":"https:\/\/padelzoco.es\/en\/wp-json\/wp\/v2\/media\/8976"}],"wp:attachment":[{"href":"https:\/\/padelzoco.es\/en\/wp-json\/wp\/v2\/media?parent=8975"}],"wp:term":[{"taxonomy":"product_brand","embeddable":true,"href":"https:\/\/padelzoco.es\/en\/wp-json\/wp\/v2\/product_brand?post=8975"},{"taxonomy":"product_cat","embeddable":true,"href":"https:\/\/padelzoco.es\/en\/wp-json\/wp\/v2\/product_cat?post=8975"},{"taxonomy":"product_tag","embeddable":true,"href":"https:\/\/padelzoco.es\/en\/wp-json\/wp\/v2\/product_tag?post=8975"}],"curies":[{"name":"wp","href":"https:\/\/api.w.org\/{rel}","templated":true}]}}