{"id":8993,"date":"2024-02-08T12:31:52","date_gmt":"2024-02-08T11:31:52","guid":{"rendered":"https:\/\/adc06f55e9.nxcli.io\/?post_type=product&#038;p=8993"},"modified":"2026-04-30T19:32:58","modified_gmt":"2026-04-30T18:32:58","slug":"zapatillas-head-revolt-4-0-pro-clay-green-lnwh","status":"publish","type":"product","link":"https:\/\/padelzoco.es\/en\/product\/zapatillas-head-revolt-4-0-pro-clay-green-lnwh\/","title":{"rendered":"ZAPATILLAS HEAD REVOLT 4.0 PRO CLAY  green lnwh"},"content":{"rendered":"<p><span style=\"vertical-align: inherit;\"><span style=\"vertical-align: inherit;\">Como jugador de fondo agresivo, querr\u00e1s poder jugar tu juego de ataque sabiendo que siempre puedes confiar en tu calzado. Puedes hacer exactamente eso con la REVOLT PRO 4.0, una nueva zapatilla de tenis de alto rendimiento y muy duradera. La innovaci\u00f3n viene acompa\u00f1ada de una apariencia llamativa y moderna. El dise\u00f1o destaca donde encontrar\u00e1 las tecnolog\u00edas de rendimiento HEAD T-KORE 360\u00b0 en la suela y la parte superior, que brindan fuerza central, estabilidad mejorada, resistencia a la abrasi\u00f3n y soporte torsional.<\/span><\/span><\/p>\n<p><span style=\"vertical-align: inherit;\"><span style=\"vertical-align: inherit;\">\u2022 Equipado con tecnolog\u00edas de rendimiento HEAD T-KORE 360\u00b0 que mejoran la durabilidad, la resistencia y la estabilidad <\/span><\/span><br \/>\n<span style=\"vertical-align: inherit;\"><span style=\"vertical-align: inherit;\">\u2022 Dise\u00f1o fresco y moderno <\/span><\/span><br \/>\n<span style=\"vertical-align: inherit;\"><span style=\"vertical-align: inherit;\">\u2022 Una banda de rodadura en forma de espiga garantiza un agarre \u00f3ptimo en arcilla<\/span><\/span><\/p>","protected":false},"excerpt":{"rendered":"<p><span style=\"vertical-align: inherit;\"><span style=\"vertical-align: inherit;\">Como jugador de fondo agresivo, querr\u00e1s poder jugar tu juego de ataque sabiendo que siempre puedes confiar en tu calzado. Puedes hacer exactamente eso con la REVOLT PRO 4.0, una nueva zapatilla de tenis de alto rendimiento y muy duradera. La innovaci\u00f3n viene acompa\u00f1ada de una apariencia llamativa y moderna. El dise\u00f1o destaca donde encontrar\u00e1 las tecnolog\u00edas de rendimiento HEAD T-KORE 360\u00b0 en la suela y la parte superior, que brindan fuerza central, estabilidad mejorada, resistencia a la abrasi\u00f3n y soporte torsional.<\/span><\/span><\/p>\n<p><span style=\"vertical-align: inherit;\"><span style=\"vertical-align: inherit;\">\u2022 Equipado con tecnolog\u00edas de rendimiento HEAD T-KORE 360\u00b0 que mejoran la durabilidad, la resistencia y la estabilidad <\/span><\/span><br \/>\n<span style=\"vertical-align: inherit;\"><span style=\"vertical-align: inherit;\">\u2022 Dise\u00f1o fresco y moderno <\/span><\/span><br \/>\n<span style=\"vertical-align: inherit;\"><span style=\"vertical-align: inherit;\">\u2022 Una banda de rodadura en forma de espiga garantiza un agarre \u00f3ptimo en arcilla<\/span><\/span><\/p>","protected":false},"featured_media":8994,"template":"","meta":[],"product_brand":[],"product_cat":[747,749,599,754,592,758],"product_tag":[],"class_list":{"0":"post-8993","1":"product","2":"type-product","3":"status-publish","4":"has-post-thumbnail","6":"product_cat-head-padel","7":"product_cat-head-zapatillas","8":"product_cat-hombre-zapatillas","9":"product_cat-rebajas","10":"product_cat-zapatillas","11":"product_cat-zapatillas-ofertas","12":"pa_brand-wilson","13":"pa_color-blanco","14":"pa_gender-mujer","15":"pa_hs_code-87","16":"pa_shoes-size-89","17":"pa_shoes-size-81","18":"pa_shoes-size-82","19":"pa_shoes-size-84","20":"pa_shoes-size-85","22":"first","23":"outofstock","24":"taxable","25":"shipping-taxable","26":"product-type-variable"},"yoast_head":"<!-- This site is optimized with the Yoast SEO plugin v27.6 - https:\/\/yoast.com\/product\/yoast-seo-wordpress\/ -->\n<title>ZAPATILLAS HEAD REVOLT 4.0 PRO CLAY green lnwh - Padel Zoco<\/title>\n<meta name=\"robots\" content=\"index, follow, max-snippet:-1, max-image-preview:large, max-video-preview:-1\" \/>\n<link rel=\"canonical\" href=\"https:\/\/padelzoco.es\/en\/product\/zapatillas-head-revolt-4-0-pro-clay-green-lnwh\/\" \/>\n<meta property=\"og:locale\" content=\"en_GB\" \/>\n<meta property=\"og:type\" content=\"article\" \/>\n<meta property=\"og:title\" content=\"ZAPATILLAS HEAD REVOLT 4.0 PRO CLAY green lnwh - Padel Zoco\" \/>\n<meta property=\"og:description\" content=\"Como jugador de fondo agresivo, querr\u00e1s poder jugar tu juego de ataque sabiendo que siempre puedes confiar en tu calzado. Puedes hacer exactamente eso con la REVOLT PRO 4.0, una nueva zapatilla de tenis de alto rendimiento y muy duradera. La innovaci\u00f3n viene acompa\u00f1ada de una apariencia llamativa y moderna. El dise\u00f1o destaca donde encontrar\u00e1 las tecnolog\u00edas de rendimiento HEAD T-KORE 360\u00b0 en la suela y la parte superior, que brindan fuerza central, estabilidad mejorada, resistencia a la abrasi\u00f3n y soporte torsional.  \u2022 Equipado con tecnolog\u00edas de rendimiento HEAD T-KORE 360\u00b0 que mejoran la durabilidad, la resistencia y la estabilidad  \u2022 Dise\u00f1o fresco y moderno  \u2022 Una banda de rodadura en forma de espiga garantiza un agarre \u00f3ptimo en arcilla\" \/>\n<meta property=\"og:url\" content=\"https:\/\/padelzoco.es\/en\/product\/zapatillas-head-revolt-4-0-pro-clay-green-lnwh\/\" \/>\n<meta property=\"og:site_name\" content=\"Padel Zoco\" \/>\n<meta property=\"article:modified_time\" content=\"2026-04-30T18:32:58+00:00\" \/>\n<meta property=\"og:image\" content=\"https:\/\/padelzoco.es\/wp-content\/uploads\/2024\/02\/HEAD-Revolt-Pro-4.0-Clay-Men-Padel-Shoes-for-men-Image-1.webp\" \/>\n\t<meta property=\"og:image:width\" content=\"1400\" \/>\n\t<meta property=\"og:image:height\" content=\"1400\" \/>\n\t<meta property=\"og:image:type\" content=\"image\/webp\" \/>\n<meta name=\"twitter:card\" content=\"summary_large_image\" \/>\n<meta name=\"twitter:label1\" content=\"Estimated reading time\" \/>\n\t<meta name=\"twitter:data1\" content=\"1 minute\" \/>\n<script type=\"application\/ld+json\" class=\"yoast-schema-graph\">{\"@context\":\"https:\\\/\\\/schema.org\",\"@graph\":[{\"@type\":\"WebPage\",\"@id\":\"https:\\\/\\\/padelzoco.es\\\/product\\\/zapatillas-head-revolt-4-0-pro-clay-green-lnwh\\\/\",\"url\":\"https:\\\/\\\/padelzoco.es\\\/product\\\/zapatillas-head-revolt-4-0-pro-clay-green-lnwh\\\/\",\"name\":\"ZAPATILLAS HEAD REVOLT 4.0 PRO CLAY green lnwh - Padel Zoco\",\"isPartOf\":{\"@id\":\"https:\\\/\\\/padelzoco.es\\\/#website\"},\"primaryImageOfPage\":{\"@id\":\"https:\\\/\\\/padelzoco.es\\\/product\\\/zapatillas-head-revolt-4-0-pro-clay-green-lnwh\\\/#primaryimage\"},\"image\":{\"@id\":\"https:\\\/\\\/padelzoco.es\\\/product\\\/zapatillas-head-revolt-4-0-pro-clay-green-lnwh\\\/#primaryimage\"},\"thumbnailUrl\":\"https:\\\/\\\/padelzoco.es\\\/wp-content\\\/uploads\\\/2024\\\/02\\\/HEAD-Revolt-Pro-4.0-Clay-Men-Padel-Shoes-for-men-Image-1.webp\",\"datePublished\":\"2024-02-08T11:31:52+00:00\",\"dateModified\":\"2026-04-30T18:32:58+00:00\",\"breadcrumb\":{\"@id\":\"https:\\\/\\\/padelzoco.es\\\/product\\\/zapatillas-head-revolt-4-0-pro-clay-green-lnwh\\\/#breadcrumb\"},\"inLanguage\":\"en-GB\",\"potentialAction\":[{\"@type\":\"ReadAction\",\"target\":[\"https:\\\/\\\/padelzoco.es\\\/product\\\/zapatillas-head-revolt-4-0-pro-clay-green-lnwh\\\/\"]}]},{\"@type\":\"ImageObject\",\"inLanguage\":\"en-GB\",\"@id\":\"https:\\\/\\\/padelzoco.es\\\/product\\\/zapatillas-head-revolt-4-0-pro-clay-green-lnwh\\\/#primaryimage\",\"url\":\"https:\\\/\\\/padelzoco.es\\\/wp-content\\\/uploads\\\/2024\\\/02\\\/HEAD-Revolt-Pro-4.0-Clay-Men-Padel-Shoes-for-men-Image-1.webp\",\"contentUrl\":\"https:\\\/\\\/padelzoco.es\\\/wp-content\\\/uploads\\\/2024\\\/02\\\/HEAD-Revolt-Pro-4.0-Clay-Men-Padel-Shoes-for-men-Image-1.webp\",\"width\":1400,\"height\":1400,\"caption\":\"HEAD Revolt Pro 4.0 Clay Men Padel Shoes for men Image 1\"},{\"@type\":\"BreadcrumbList\",\"@id\":\"https:\\\/\\\/padelzoco.es\\\/product\\\/zapatillas-head-revolt-4-0-pro-clay-green-lnwh\\\/#breadcrumb\",\"itemListElement\":[{\"@type\":\"ListItem\",\"position\":1,\"name\":\"Home\",\"item\":\"https:\\\/\\\/padelzoco.es\\\/\"},{\"@type\":\"ListItem\",\"position\":2,\"name\":\"Padel Zoco\",\"item\":\"https:\\\/\\\/padelzoco.es\\\/padel-zoco\\\/\"},{\"@type\":\"ListItem\",\"position\":3,\"name\":\"ZAPATILLAS HEAD REVOLT 4.0 PRO CLAY green lnwh\"}]},{\"@type\":\"WebSite\",\"@id\":\"https:\\\/\\\/padelzoco.es\\\/#website\",\"url\":\"https:\\\/\\\/padelzoco.es\\\/\",\"name\":\"Padel Zoco\",\"description\":\"Padel Zoco | Spain\",\"publisher\":{\"@id\":\"https:\\\/\\\/padelzoco.es\\\/#organization\"},\"potentialAction\":[{\"@type\":\"SearchAction\",\"target\":{\"@type\":\"EntryPoint\",\"urlTemplate\":\"https:\\\/\\\/padelzoco.es\\\/?s={search_term_string}\"},\"query-input\":{\"@type\":\"PropertyValueSpecification\",\"valueRequired\":true,\"valueName\":\"search_term_string\"}}],\"inLanguage\":\"en-GB\"},{\"@type\":\"Organization\",\"@id\":\"https:\\\/\\\/padelzoco.es\\\/#organization\",\"name\":\"Padel Zoco\",\"url\":\"https:\\\/\\\/padelzoco.es\\\/\",\"logo\":{\"@type\":\"ImageObject\",\"inLanguage\":\"en-GB\",\"@id\":\"https:\\\/\\\/padelzoco.es\\\/#\\\/schema\\\/logo\\\/image\\\/\",\"url\":\"https:\\\/\\\/padelzoco.es\\\/wp-content\\\/uploads\\\/2023\\\/11\\\/PadelZoco_Logo_black_white.webp\",\"contentUrl\":\"https:\\\/\\\/padelzoco.es\\\/wp-content\\\/uploads\\\/2023\\\/11\\\/PadelZoco_Logo_black_white.webp\",\"width\":1500,\"height\":631,\"caption\":\"Padel Zoco\"},\"image\":{\"@id\":\"https:\\\/\\\/padelzoco.es\\\/#\\\/schema\\\/logo\\\/image\\\/\"}}]}<\/script>\n<!-- \/ Yoast SEO plugin. -->","yoast_head_json":{"title":"ZAPATILLAS HEAD REVOLT 4.0 PRO CLAY green lnwh - Padel Zoco","robots":{"index":"index","follow":"follow","max-snippet":"max-snippet:-1","max-image-preview":"max-image-preview:large","max-video-preview":"max-video-preview:-1"},"canonical":"https:\/\/padelzoco.es\/en\/product\/zapatillas-head-revolt-4-0-pro-clay-green-lnwh\/","og_locale":"en_GB","og_type":"article","og_title":"ZAPATILLAS HEAD REVOLT 4.0 PRO CLAY green lnwh - Padel Zoco","og_description":"Como jugador de fondo agresivo, querr\u00e1s poder jugar tu juego de ataque sabiendo que siempre puedes confiar en tu calzado. Puedes hacer exactamente eso con la REVOLT PRO 4.0, una nueva zapatilla de tenis de alto rendimiento y muy duradera. La innovaci\u00f3n viene acompa\u00f1ada de una apariencia llamativa y moderna. El dise\u00f1o destaca donde encontrar\u00e1 las tecnolog\u00edas de rendimiento HEAD T-KORE 360\u00b0 en la suela y la parte superior, que brindan fuerza central, estabilidad mejorada, resistencia a la abrasi\u00f3n y soporte torsional.  \u2022 Equipado con tecnolog\u00edas de rendimiento HEAD T-KORE 360\u00b0 que mejoran la durabilidad, la resistencia y la estabilidad  \u2022 Dise\u00f1o fresco y moderno  \u2022 Una banda de rodadura en forma de espiga garantiza un agarre \u00f3ptimo en arcilla","og_url":"https:\/\/padelzoco.es\/en\/product\/zapatillas-head-revolt-4-0-pro-clay-green-lnwh\/","og_site_name":"Padel Zoco","article_modified_time":"2026-04-30T18:32:58+00:00","og_image":[{"width":1400,"height":1400,"url":"https:\/\/padelzoco.es\/wp-content\/uploads\/2024\/02\/HEAD-Revolt-Pro-4.0-Clay-Men-Padel-Shoes-for-men-Image-1.webp","type":"image\/webp"}],"twitter_card":"summary_large_image","twitter_misc":{"Estimated reading time":"1 minute"},"schema":{"@context":"https:\/\/schema.org","@graph":[{"@type":"WebPage","@id":"https:\/\/padelzoco.es\/product\/zapatillas-head-revolt-4-0-pro-clay-green-lnwh\/","url":"https:\/\/padelzoco.es\/product\/zapatillas-head-revolt-4-0-pro-clay-green-lnwh\/","name":"ZAPATILLAS HEAD REVOLT 4.0 PRO CLAY green lnwh - Padel Zoco","isPartOf":{"@id":"https:\/\/padelzoco.es\/#website"},"primaryImageOfPage":{"@id":"https:\/\/padelzoco.es\/product\/zapatillas-head-revolt-4-0-pro-clay-green-lnwh\/#primaryimage"},"image":{"@id":"https:\/\/padelzoco.es\/product\/zapatillas-head-revolt-4-0-pro-clay-green-lnwh\/#primaryimage"},"thumbnailUrl":"https:\/\/padelzoco.es\/wp-content\/uploads\/2024\/02\/HEAD-Revolt-Pro-4.0-Clay-Men-Padel-Shoes-for-men-Image-1.webp","datePublished":"2024-02-08T11:31:52+00:00","dateModified":"2026-04-30T18:32:58+00:00","breadcrumb":{"@id":"https:\/\/padelzoco.es\/product\/zapatillas-head-revolt-4-0-pro-clay-green-lnwh\/#breadcrumb"},"inLanguage":"en-GB","potentialAction":[{"@type":"ReadAction","target":["https:\/\/padelzoco.es\/product\/zapatillas-head-revolt-4-0-pro-clay-green-lnwh\/"]}]},{"@type":"ImageObject","inLanguage":"en-GB","@id":"https:\/\/padelzoco.es\/product\/zapatillas-head-revolt-4-0-pro-clay-green-lnwh\/#primaryimage","url":"https:\/\/padelzoco.es\/wp-content\/uploads\/2024\/02\/HEAD-Revolt-Pro-4.0-Clay-Men-Padel-Shoes-for-men-Image-1.webp","contentUrl":"https:\/\/padelzoco.es\/wp-content\/uploads\/2024\/02\/HEAD-Revolt-Pro-4.0-Clay-Men-Padel-Shoes-for-men-Image-1.webp","width":1400,"height":1400,"caption":"HEAD Revolt Pro 4.0 Clay Men Padel Shoes for men Image 1"},{"@type":"BreadcrumbList","@id":"https:\/\/padelzoco.es\/product\/zapatillas-head-revolt-4-0-pro-clay-green-lnwh\/#breadcrumb","itemListElement":[{"@type":"ListItem","position":1,"name":"Home","item":"https:\/\/padelzoco.es\/"},{"@type":"ListItem","position":2,"name":"Padel Zoco","item":"https:\/\/padelzoco.es\/padel-zoco\/"},{"@type":"ListItem","position":3,"name":"ZAPATILLAS HEAD REVOLT 4.0 PRO CLAY green lnwh"}]},{"@type":"WebSite","@id":"https:\/\/padelzoco.es\/#website","url":"https:\/\/padelzoco.es\/","name":"Padel Zoco","description":"Padel Zoco | Spain","publisher":{"@id":"https:\/\/padelzoco.es\/#organization"},"potentialAction":[{"@type":"SearchAction","target":{"@type":"EntryPoint","urlTemplate":"https:\/\/padelzoco.es\/?s={search_term_string}"},"query-input":{"@type":"PropertyValueSpecification","valueRequired":true,"valueName":"search_term_string"}}],"inLanguage":"en-GB"},{"@type":"Organization","@id":"https:\/\/padelzoco.es\/#organization","name":"Padel Zoco","url":"https:\/\/padelzoco.es\/","logo":{"@type":"ImageObject","inLanguage":"en-GB","@id":"https:\/\/padelzoco.es\/#\/schema\/logo\/image\/","url":"https:\/\/padelzoco.es\/wp-content\/uploads\/2023\/11\/PadelZoco_Logo_black_white.webp","contentUrl":"https:\/\/padelzoco.es\/wp-content\/uploads\/2023\/11\/PadelZoco_Logo_black_white.webp","width":1500,"height":631,"caption":"Padel Zoco"},"image":{"@id":"https:\/\/padelzoco.es\/#\/schema\/logo\/image\/"}}]}},"_links":{"self":[{"href":"https:\/\/padelzoco.es\/en\/wp-json\/wp\/v2\/product\/8993","targetHints":{"allow":["GET"]}}],"collection":[{"href":"https:\/\/padelzoco.es\/en\/wp-json\/wp\/v2\/product"}],"about":[{"href":"https:\/\/padelzoco.es\/en\/wp-json\/wp\/v2\/types\/product"}],"version-history":[{"count":1,"href":"https:\/\/padelzoco.es\/en\/wp-json\/wp\/v2\/product\/8993\/revisions"}],"predecessor-version":[{"id":27821,"href":"https:\/\/padelzoco.es\/en\/wp-json\/wp\/v2\/product\/8993\/revisions\/27821"}],"wp:featuredmedia":[{"embeddable":true,"href":"https:\/\/padelzoco.es\/en\/wp-json\/wp\/v2\/media\/8994"}],"wp:attachment":[{"href":"https:\/\/padelzoco.es\/en\/wp-json\/wp\/v2\/media?parent=8993"}],"wp:term":[{"taxonomy":"product_brand","embeddable":true,"href":"https:\/\/padelzoco.es\/en\/wp-json\/wp\/v2\/product_brand?post=8993"},{"taxonomy":"product_cat","embeddable":true,"href":"https:\/\/padelzoco.es\/en\/wp-json\/wp\/v2\/product_cat?post=8993"},{"taxonomy":"product_tag","embeddable":true,"href":"https:\/\/padelzoco.es\/en\/wp-json\/wp\/v2\/product_tag?post=8993"}],"curies":[{"name":"wp","href":"https:\/\/api.w.org\/{rel}","templated":true}]}}