{"id":8999,"date":"2024-02-08T12:42:14","date_gmt":"2024-02-08T11:42:14","guid":{"rendered":"https:\/\/adc06f55e9.nxcli.io\/?post_type=product&#038;p=8999"},"modified":"2026-04-30T19:32:57","modified_gmt":"2026-04-30T18:32:57","slug":"zapatillas-head-revolt-4-0-pro-clay-blanco-negro","status":"publish","type":"product","link":"https:\/\/padelzoco.es\/en\/product\/zapatillas-head-revolt-4-0-pro-clay-blanco-negro\/","title":{"rendered":"ZAPATILLAS HEAD REVOLT 4.0 PRO CLAY blanco negro"},"content":{"rendered":"<p><span style=\"vertical-align: inherit;\"><span style=\"vertical-align: inherit;\">Como base agresivo, querr\u00e1s poder jugar tu juego de ataque sabiendo que siempre puedes confiar en tus tacos. Eso es exactamente lo que puedes hacer con las Revolt Pro 4.0, una nueva zapatilla de tenis de alto rendimiento y gran durabilidad. La innovaci\u00f3n viene acompa\u00f1ada de un aspecto llamativo y moderno. El dise\u00f1o destaca donde encontrar\u00e1 las tecnolog\u00edas de rendimiento Head T-Kore 360\u00b0 en la suela y la parte superior, que brindan resistencia central, estabilidad mejorada, resistencia a la abrasi\u00f3n y soporte torsional.<\/span><\/span><\/p>\n<p><strong><span style=\"vertical-align: inherit;\"><span style=\"vertical-align: inherit;\">Features:<\/span><\/span><\/strong><\/p>\n<p><span style=\"vertical-align: inherit;\"><span style=\"vertical-align: inherit;\">Equipado con tecnolog\u00edas de rendimiento Head T-Kore 360\u00b0 que mejoran la durabilidad, resistencia y estabilidad.<\/span><\/span><\/p>\n<p><span style=\"vertical-align: inherit;\"><span style=\"vertical-align: inherit;\">&#8211; Dise\u00f1o fresco y moderno.<\/span><\/span><\/p>\n<p><span style=\"vertical-align: inherit;\"><span style=\"vertical-align: inherit;\">&#8211; La banda de rodadura en espiga garantiza un agarre \u00f3ptimo en arcilla<\/span><\/span><\/p>\n<p><strong><span style=\"vertical-align: inherit;\"><span style=\"vertical-align: inherit;\">Specifications:<\/span><\/span><\/strong><\/p>\n<p><span style=\"vertical-align: inherit;\"><span style=\"vertical-align: inherit;\">Superior:<\/span><\/span><\/p>\n<ul>\n<li><span style=\"vertical-align: inherit;\"><span style=\"vertical-align: inherit;\">Malla resistente y duradera<\/span><\/span><\/li>\n<li><span style=\"vertical-align: inherit;\"><span style=\"vertical-align: inherit;\">Chasis moldeado de poliuretano dise\u00f1ado<\/span><\/span><\/li>\n<li><span style=\"vertical-align: inherit;\"><span style=\"vertical-align: inherit;\">Talonera interna de TPU<\/span><\/span><\/li>\n<li><span style=\"vertical-align: inherit;\"><span style=\"vertical-align: inherit;\">Correas de cordones integradas<\/span><\/span><\/li>\n<\/ul>\n<p><span style=\"vertical-align: inherit;\"><span style=\"vertical-align: inherit;\">Entresuela:<\/span><\/span><\/p>\n<ul>\n<li><span style=\"vertical-align: inherit;\"><span style=\"vertical-align: inherit;\">Mayor ca\u00edda del tal\u00f3n a la punta<\/span><\/span><\/li>\n<li><span style=\"vertical-align: inherit;\"><span style=\"vertical-align: inherit;\">Entresuela de triple densidad<\/span><\/span><\/li>\n<li><span style=\"vertical-align: inherit;\"><span style=\"vertical-align: inherit;\">V\u00e1stago 3D antitorsi\u00f3n en el mediopi\u00e9<\/span><\/span><\/li>\n<\/ul>\n<p><span style=\"vertical-align: inherit;\"><span style=\"vertical-align: inherit;\">\u00danico:<\/span><\/span><\/p>\n<ul>\n<li><span style=\"vertical-align: inherit;\"><span style=\"vertical-align: inherit;\">Patr\u00f3n de espiga profundo en toda la superficie.<\/span><\/span><\/li>\n<li><span style=\"vertical-align: inherit;\"><span style=\"vertical-align: inherit;\">Goma s\u00faper duradera que no deja marcas<\/span><\/span><\/li>\n<\/ul>\n<p><span style=\"vertical-align: inherit;\"><span style=\"vertical-align: inherit;\">Tecnolog\u00eda:<\/span><\/span><\/p>\n<ul>\n<li><span style=\"vertical-align: inherit;\"><span style=\"vertical-align: inherit;\">T-Kore 360\u00ba: Destacado por el dise\u00f1o de la zapatilla, Head T-Kore 360\u00b0 re\u00fane las tecnolog\u00edas de rendimiento que los jugadores ambiciosos necesitan. Las innovaciones le dan fuerza al n\u00facleo del zapato, con mayor estabilidad, resistencia a la abrasi\u00f3n y soporte torsional.<\/span><\/span><\/li>\n<li><span style=\"vertical-align: inherit;\"><span style=\"vertical-align: inherit;\">Tri-Nrg: tecnolog\u00eda exclusiva Head para un mejor rendimiento en la pista<\/span><\/span><\/li>\n<li><span style=\"vertical-align: inherit;\"><span style=\"vertical-align: inherit;\">Drift Defense: m\u00e1xima protecci\u00f3n alrededor de la puntera y el lado medial<\/span><\/span><\/li>\n<li><span style=\"vertical-align: inherit;\"><span style=\"vertical-align: inherit;\">Control lateral: gatillo de estabilidad en la suela lateral que evita el vuelco<\/span><\/span><\/li>\n<li><span style=\"vertical-align: inherit;\"><span style=\"vertical-align: inherit;\">Hybrasion+\u2122: compuesto de caucho especial para una mejor tracci\u00f3n y durabilidad.<\/span><\/span><\/li>\n<li><span style=\"vertical-align: inherit;\"><span style=\"vertical-align: inherit;\">Correa de bloqueo: las correas en la parte media del pie integradas en el sistema de cordones mantienen el pie en su lugar.<\/span><\/span><\/li>\n<\/ul>","protected":false},"excerpt":{"rendered":"<p><span style=\"vertical-align: inherit;\"><span style=\"vertical-align: inherit;\">Como base agresivo, querr\u00e1s poder jugar tu juego de ataque sabiendo que siempre puedes confiar en tus tacos. Eso es exactamente lo que puedes hacer con las Revolt Pro 4.0, una nueva zapatilla de tenis de alto rendimiento y gran durabilidad. La innovaci\u00f3n viene acompa\u00f1ada de un aspecto llamativo y moderno. El dise\u00f1o destaca donde encontrar\u00e1 las tecnolog\u00edas de rendimiento Head T-Kore 360\u00b0 en la suela y la parte superior, que brindan resistencia central, estabilidad mejorada, resistencia a la abrasi\u00f3n y soporte torsional.<\/span><\/span><\/p>\n<p><strong><span style=\"vertical-align: inherit;\"><span style=\"vertical-align: inherit;\">Features:<\/span><\/span><\/strong><\/p>\n<p><span style=\"vertical-align: inherit;\"><span style=\"vertical-align: inherit;\">Equipado con tecnolog\u00edas de rendimiento Head T-Kore 360\u00b0 que mejoran la durabilidad, resistencia y estabilidad.<\/span><\/span><\/p>\n<p><span style=\"vertical-align: inherit;\"><span style=\"vertical-align: inherit;\">&#8211; Dise\u00f1o fresco y moderno.<\/span><\/span><\/p>\n<p><span style=\"vertical-align: inherit;\"><span style=\"vertical-align: inherit;\">&#8211; La banda de rodadura en espiga garantiza un agarre \u00f3ptimo en arcilla<\/span><\/span><\/p>\n<p><strong><span style=\"vertical-align: inherit;\"><span style=\"vertical-align: inherit;\">Specifications:<\/span><\/span><\/strong><\/p>\n<p><span style=\"vertical-align: inherit;\"><span style=\"vertical-align: inherit;\">Superior:<\/span><\/span><\/p>\n<ul>\n<li><span style=\"vertical-align: inherit;\"><span style=\"vertical-align: inherit;\">Malla resistente y duradera<\/span><\/span><\/li>\n<li><span style=\"vertical-align: inherit;\"><span style=\"vertical-align: inherit;\">Chasis moldeado de poliuretano dise\u00f1ado<\/span><\/span><\/li>\n<li><span style=\"vertical-align: inherit;\"><span style=\"vertical-align: inherit;\">Talonera interna de TPU<\/span><\/span><\/li>\n<li><span style=\"vertical-align: inherit;\"><span style=\"vertical-align: inherit;\">Correas de cordones integradas<\/span><\/span><\/li>\n<\/ul>\n<p><span style=\"vertical-align: inherit;\"><span style=\"vertical-align: inherit;\">Entresuela:<\/span><\/span><\/p>\n<ul>\n<li><span style=\"vertical-align: inherit;\"><span style=\"vertical-align: inherit;\">Mayor ca\u00edda del tal\u00f3n a la punta<\/span><\/span><\/li>\n<li><span style=\"vertical-align: inherit;\"><span style=\"vertical-align: inherit;\">Entresuela de triple densidad<\/span><\/span><\/li>\n<li><span style=\"vertical-align: inherit;\"><span style=\"vertical-align: inherit;\">V\u00e1stago 3D antitorsi\u00f3n en el mediopi\u00e9<\/span><\/span><\/li>\n<\/ul>\n<p><span style=\"vertical-align: inherit;\"><span style=\"vertical-align: inherit;\">\u00danico:<\/span><\/span><\/p>\n<ul>\n<li><span style=\"vertical-align: inherit;\"><span style=\"vertical-align: inherit;\">Patr\u00f3n de espiga profundo en toda la superficie.<\/span><\/span><\/li>\n<li><span style=\"vertical-align: inherit;\"><span style=\"vertical-align: inherit;\">Goma s\u00faper duradera que no deja marcas<\/span><\/span><\/li>\n<\/ul>\n<p><span style=\"vertical-align: inherit;\"><span style=\"vertical-align: inherit;\">Tecnolog\u00eda:<\/span><\/span><\/p>\n<ul>\n<li><span style=\"vertical-align: inherit;\"><span style=\"vertical-align: inherit;\">T-Kore 360\u00ba: Destacado por el dise\u00f1o de la zapatilla, Head T-Kore 360\u00b0 re\u00fane las tecnolog\u00edas de rendimiento que los jugadores ambiciosos necesitan. Las innovaciones le dan fuerza al n\u00facleo del zapato, con mayor estabilidad, resistencia a la abrasi\u00f3n y soporte torsional.<\/span><\/span><\/li>\n<li><span style=\"vertical-align: inherit;\"><span style=\"vertical-align: inherit;\">Tri-Nrg: tecnolog\u00eda exclusiva Head para un mejor rendimiento en la pista<\/span><\/span><\/li>\n<li><span style=\"vertical-align: inherit;\"><span style=\"vertical-align: inherit;\">Drift Defense: m\u00e1xima protecci\u00f3n alrededor de la puntera y el lado medial<\/span><\/span><\/li>\n<li><span style=\"vertical-align: inherit;\"><span style=\"vertical-align: inherit;\">Control lateral: gatillo de estabilidad en la suela lateral que evita el vuelco<\/span><\/span><\/li>\n<li><span style=\"vertical-align: inherit;\"><span style=\"vertical-align: inherit;\">Hybrasion+\u2122: compuesto de caucho especial para una mejor tracci\u00f3n y durabilidad.<\/span><\/span><\/li>\n<li><span style=\"vertical-align: inherit;\"><span style=\"vertical-align: inherit;\">Correa de bloqueo: las correas en la parte media del pie integradas en el sistema de cordones mantienen el pie en su lugar.<\/span><\/span><\/li>\n<\/ul>","protected":false},"featured_media":9000,"template":"","meta":[],"product_brand":[],"product_cat":[747,749,599,754,592,758],"product_tag":[],"class_list":{"0":"post-8999","1":"product","2":"type-product","3":"status-publish","4":"has-post-thumbnail","6":"product_cat-head-padel","7":"product_cat-head-zapatillas","8":"product_cat-hombre-zapatillas","9":"product_cat-rebajas","10":"product_cat-zapatillas","11":"product_cat-zapatillas-ofertas","12":"pa_brand-head","13":"pa_color-blanco","14":"pa_gender-hombre","15":"pa_hs_code-87","16":"pa_shoes-size-80","17":"pa_shoes-size-89","18":"pa_shoes-size-81","19":"pa_shoes-size-82","20":"pa_shoes-size-84","21":"pa_shoes-size-85","22":"pa_shoes-size-46-5","23":"pa_shoes-size-750","25":"first","26":"outofstock","27":"taxable","28":"shipping-taxable","29":"product-type-variable"},"yoast_head":"<!-- This site is optimized with the Yoast SEO plugin v27.6 - https:\/\/yoast.com\/product\/yoast-seo-wordpress\/ -->\n<title>ZAPATILLAS HEAD REVOLT 4.0 PRO CLAY blanco negro - Padel Zoco<\/title>\n<meta name=\"robots\" content=\"index, follow, max-snippet:-1, max-image-preview:large, max-video-preview:-1\" \/>\n<link rel=\"canonical\" href=\"https:\/\/padelzoco.es\/en\/product\/zapatillas-head-revolt-4-0-pro-clay-blanco-negro\/\" \/>\n<meta property=\"og:locale\" content=\"en_GB\" \/>\n<meta property=\"og:type\" content=\"article\" \/>\n<meta property=\"og:title\" content=\"ZAPATILLAS HEAD REVOLT 4.0 PRO CLAY blanco negro - Padel Zoco\" \/>\n<meta property=\"og:description\" content=\"Como base agresivo, querr\u00e1s poder jugar tu juego de ataque sabiendo que siempre puedes confiar en tus tacos. Eso es exactamente lo que puedes hacer con las Revolt Pro 4.0, una nueva zapatilla de tenis de alto rendimiento y gran durabilidad. La innovaci\u00f3n viene acompa\u00f1ada de un aspecto llamativo y moderno. El dise\u00f1o destaca donde encontrar\u00e1 las tecnolog\u00edas de rendimiento Head T-Kore 360\u00b0 en la suela y la parte superior, que brindan resistencia central, estabilidad mejorada, resistencia a la abrasi\u00f3n y soporte torsional.  Caracter\u00edsticas:  Equipado con tecnolog\u00edas de rendimiento Head T-Kore 360\u00b0 que mejoran la durabilidad, resistencia y estabilidad.  - Dise\u00f1o fresco y moderno.  - La banda de rodadura en espiga garantiza un agarre \u00f3ptimo en arcilla  Especificaciones:  Superior:   Malla resistente y duradera  Chasis moldeado de poliuretano dise\u00f1ado  Talonera interna de TPU  Correas de cordones integradas  Entresuela:   Mayor ca\u00edda del tal\u00f3n a la punta  Entresuela de triple densidad  V\u00e1stago 3D antitorsi\u00f3n en el mediopi\u00e9  \u00danico:   Patr\u00f3n de espiga profundo en toda la superficie.  Goma s\u00faper duradera que no deja marcas  Tecnolog\u00eda:   T-Kore 360\u00ba: Destacado por el dise\u00f1o de la zapatilla, Head T-Kore 360\u00b0 re\u00fane las tecnolog\u00edas de rendimiento que los jugadores ambiciosos necesitan. Las innovaciones le dan fuerza al n\u00facleo del zapato, con mayor estabilidad, resistencia a la abrasi\u00f3n y soporte torsional.  Tri-Nrg: tecnolog\u00eda exclusiva Head para un mejor rendimiento en la pista  Drift Defense: m\u00e1xima protecci\u00f3n alrededor de la puntera y el lado medial  Control lateral: gatillo de estabilidad en la suela lateral que evita el vuelco  Hybrasion+\u2122: compuesto de caucho especial para una mejor tracci\u00f3n y durabilidad.  Correa de bloqueo: las correas en la parte media del pie integradas en el sistema de cordones mantienen el pie en su lugar.\" \/>\n<meta property=\"og:url\" content=\"https:\/\/padelzoco.es\/en\/product\/zapatillas-head-revolt-4-0-pro-clay-blanco-negro\/\" \/>\n<meta property=\"og:site_name\" content=\"Padel Zoco\" \/>\n<meta property=\"article:modified_time\" content=\"2026-04-30T18:32:57+00:00\" \/>\n<meta property=\"og:image\" content=\"https:\/\/padelzoco.es\/wp-content\/uploads\/2024\/02\/HEAD-REVOLT-PRO-4.0-CLAY-Mens-padel-Shoes-IMage-1.webp\" \/>\n\t<meta property=\"og:image:width\" content=\"1400\" \/>\n\t<meta property=\"og:image:height\" content=\"1400\" \/>\n\t<meta property=\"og:image:type\" content=\"image\/webp\" \/>\n<meta name=\"twitter:card\" content=\"summary_large_image\" \/>\n<meta name=\"twitter:label1\" content=\"Estimated reading time\" \/>\n\t<meta name=\"twitter:data1\" content=\"2 minutes\" \/>\n<script type=\"application\/ld+json\" class=\"yoast-schema-graph\">{\"@context\":\"https:\\\/\\\/schema.org\",\"@graph\":[{\"@type\":\"WebPage\",\"@id\":\"https:\\\/\\\/padelzoco.es\\\/product\\\/zapatillas-head-revolt-4-0-pro-clay-blanco-negro\\\/\",\"url\":\"https:\\\/\\\/padelzoco.es\\\/product\\\/zapatillas-head-revolt-4-0-pro-clay-blanco-negro\\\/\",\"name\":\"ZAPATILLAS HEAD REVOLT 4.0 PRO CLAY blanco negro - Padel Zoco\",\"isPartOf\":{\"@id\":\"https:\\\/\\\/padelzoco.es\\\/#website\"},\"primaryImageOfPage\":{\"@id\":\"https:\\\/\\\/padelzoco.es\\\/product\\\/zapatillas-head-revolt-4-0-pro-clay-blanco-negro\\\/#primaryimage\"},\"image\":{\"@id\":\"https:\\\/\\\/padelzoco.es\\\/product\\\/zapatillas-head-revolt-4-0-pro-clay-blanco-negro\\\/#primaryimage\"},\"thumbnailUrl\":\"https:\\\/\\\/padelzoco.es\\\/wp-content\\\/uploads\\\/2024\\\/02\\\/HEAD-REVOLT-PRO-4.0-CLAY-Mens-padel-Shoes-IMage-1.webp\",\"datePublished\":\"2024-02-08T11:42:14+00:00\",\"dateModified\":\"2026-04-30T18:32:57+00:00\",\"breadcrumb\":{\"@id\":\"https:\\\/\\\/padelzoco.es\\\/product\\\/zapatillas-head-revolt-4-0-pro-clay-blanco-negro\\\/#breadcrumb\"},\"inLanguage\":\"en-GB\",\"potentialAction\":[{\"@type\":\"ReadAction\",\"target\":[\"https:\\\/\\\/padelzoco.es\\\/product\\\/zapatillas-head-revolt-4-0-pro-clay-blanco-negro\\\/\"]}]},{\"@type\":\"ImageObject\",\"inLanguage\":\"en-GB\",\"@id\":\"https:\\\/\\\/padelzoco.es\\\/product\\\/zapatillas-head-revolt-4-0-pro-clay-blanco-negro\\\/#primaryimage\",\"url\":\"https:\\\/\\\/padelzoco.es\\\/wp-content\\\/uploads\\\/2024\\\/02\\\/HEAD-REVOLT-PRO-4.0-CLAY-Mens-padel-Shoes-IMage-1.webp\",\"contentUrl\":\"https:\\\/\\\/padelzoco.es\\\/wp-content\\\/uploads\\\/2024\\\/02\\\/HEAD-REVOLT-PRO-4.0-CLAY-Mens-padel-Shoes-IMage-1.webp\",\"width\":1400,\"height\":1400,\"caption\":\"HEAD REVOLT PRO 4.0 CLAY Men's padel Shoes IMage 1\"},{\"@type\":\"BreadcrumbList\",\"@id\":\"https:\\\/\\\/padelzoco.es\\\/product\\\/zapatillas-head-revolt-4-0-pro-clay-blanco-negro\\\/#breadcrumb\",\"itemListElement\":[{\"@type\":\"ListItem\",\"position\":1,\"name\":\"Home\",\"item\":\"https:\\\/\\\/padelzoco.es\\\/\"},{\"@type\":\"ListItem\",\"position\":2,\"name\":\"Padel Zoco\",\"item\":\"https:\\\/\\\/padelzoco.es\\\/padel-zoco\\\/\"},{\"@type\":\"ListItem\",\"position\":3,\"name\":\"ZAPATILLAS HEAD REVOLT 4.0 PRO CLAY blanco negro\"}]},{\"@type\":\"WebSite\",\"@id\":\"https:\\\/\\\/padelzoco.es\\\/#website\",\"url\":\"https:\\\/\\\/padelzoco.es\\\/\",\"name\":\"Padel Zoco\",\"description\":\"Padel Zoco | Spain\",\"publisher\":{\"@id\":\"https:\\\/\\\/padelzoco.es\\\/#organization\"},\"potentialAction\":[{\"@type\":\"SearchAction\",\"target\":{\"@type\":\"EntryPoint\",\"urlTemplate\":\"https:\\\/\\\/padelzoco.es\\\/?s={search_term_string}\"},\"query-input\":{\"@type\":\"PropertyValueSpecification\",\"valueRequired\":true,\"valueName\":\"search_term_string\"}}],\"inLanguage\":\"en-GB\"},{\"@type\":\"Organization\",\"@id\":\"https:\\\/\\\/padelzoco.es\\\/#organization\",\"name\":\"Padel Zoco\",\"url\":\"https:\\\/\\\/padelzoco.es\\\/\",\"logo\":{\"@type\":\"ImageObject\",\"inLanguage\":\"en-GB\",\"@id\":\"https:\\\/\\\/padelzoco.es\\\/#\\\/schema\\\/logo\\\/image\\\/\",\"url\":\"https:\\\/\\\/padelzoco.es\\\/wp-content\\\/uploads\\\/2023\\\/11\\\/PadelZoco_Logo_black_white.webp\",\"contentUrl\":\"https:\\\/\\\/padelzoco.es\\\/wp-content\\\/uploads\\\/2023\\\/11\\\/PadelZoco_Logo_black_white.webp\",\"width\":1500,\"height\":631,\"caption\":\"Padel Zoco\"},\"image\":{\"@id\":\"https:\\\/\\\/padelzoco.es\\\/#\\\/schema\\\/logo\\\/image\\\/\"}}]}<\/script>\n<!-- \/ Yoast SEO plugin. -->","yoast_head_json":{"title":"ZAPATILLAS HEAD REVOLT 4.0 PRO CLAY blanco negro - Padel Zoco","robots":{"index":"index","follow":"follow","max-snippet":"max-snippet:-1","max-image-preview":"max-image-preview:large","max-video-preview":"max-video-preview:-1"},"canonical":"https:\/\/padelzoco.es\/en\/product\/zapatillas-head-revolt-4-0-pro-clay-blanco-negro\/","og_locale":"en_GB","og_type":"article","og_title":"ZAPATILLAS HEAD REVOLT 4.0 PRO CLAY blanco negro - Padel Zoco","og_description":"Como base agresivo, querr\u00e1s poder jugar tu juego de ataque sabiendo que siempre puedes confiar en tus tacos. Eso es exactamente lo que puedes hacer con las Revolt Pro 4.0, una nueva zapatilla de tenis de alto rendimiento y gran durabilidad. La innovaci\u00f3n viene acompa\u00f1ada de un aspecto llamativo y moderno. El dise\u00f1o destaca donde encontrar\u00e1 las tecnolog\u00edas de rendimiento Head T-Kore 360\u00b0 en la suela y la parte superior, que brindan resistencia central, estabilidad mejorada, resistencia a la abrasi\u00f3n y soporte torsional.  Caracter\u00edsticas:  Equipado con tecnolog\u00edas de rendimiento Head T-Kore 360\u00b0 que mejoran la durabilidad, resistencia y estabilidad.  - Dise\u00f1o fresco y moderno.  - La banda de rodadura en espiga garantiza un agarre \u00f3ptimo en arcilla  Especificaciones:  Superior:   Malla resistente y duradera  Chasis moldeado de poliuretano dise\u00f1ado  Talonera interna de TPU  Correas de cordones integradas  Entresuela:   Mayor ca\u00edda del tal\u00f3n a la punta  Entresuela de triple densidad  V\u00e1stago 3D antitorsi\u00f3n en el mediopi\u00e9  \u00danico:   Patr\u00f3n de espiga profundo en toda la superficie.  Goma s\u00faper duradera que no deja marcas  Tecnolog\u00eda:   T-Kore 360\u00ba: Destacado por el dise\u00f1o de la zapatilla, Head T-Kore 360\u00b0 re\u00fane las tecnolog\u00edas de rendimiento que los jugadores ambiciosos necesitan. Las innovaciones le dan fuerza al n\u00facleo del zapato, con mayor estabilidad, resistencia a la abrasi\u00f3n y soporte torsional.  Tri-Nrg: tecnolog\u00eda exclusiva Head para un mejor rendimiento en la pista  Drift Defense: m\u00e1xima protecci\u00f3n alrededor de la puntera y el lado medial  Control lateral: gatillo de estabilidad en la suela lateral que evita el vuelco  Hybrasion+\u2122: compuesto de caucho especial para una mejor tracci\u00f3n y durabilidad.  Correa de bloqueo: las correas en la parte media del pie integradas en el sistema de cordones mantienen el pie en su lugar.","og_url":"https:\/\/padelzoco.es\/en\/product\/zapatillas-head-revolt-4-0-pro-clay-blanco-negro\/","og_site_name":"Padel Zoco","article_modified_time":"2026-04-30T18:32:57+00:00","og_image":[{"width":1400,"height":1400,"url":"https:\/\/padelzoco.es\/wp-content\/uploads\/2024\/02\/HEAD-REVOLT-PRO-4.0-CLAY-Mens-padel-Shoes-IMage-1.webp","type":"image\/webp"}],"twitter_card":"summary_large_image","twitter_misc":{"Estimated reading time":"2 minutes"},"schema":{"@context":"https:\/\/schema.org","@graph":[{"@type":"WebPage","@id":"https:\/\/padelzoco.es\/product\/zapatillas-head-revolt-4-0-pro-clay-blanco-negro\/","url":"https:\/\/padelzoco.es\/product\/zapatillas-head-revolt-4-0-pro-clay-blanco-negro\/","name":"ZAPATILLAS HEAD REVOLT 4.0 PRO CLAY blanco negro - Padel Zoco","isPartOf":{"@id":"https:\/\/padelzoco.es\/#website"},"primaryImageOfPage":{"@id":"https:\/\/padelzoco.es\/product\/zapatillas-head-revolt-4-0-pro-clay-blanco-negro\/#primaryimage"},"image":{"@id":"https:\/\/padelzoco.es\/product\/zapatillas-head-revolt-4-0-pro-clay-blanco-negro\/#primaryimage"},"thumbnailUrl":"https:\/\/padelzoco.es\/wp-content\/uploads\/2024\/02\/HEAD-REVOLT-PRO-4.0-CLAY-Mens-padel-Shoes-IMage-1.webp","datePublished":"2024-02-08T11:42:14+00:00","dateModified":"2026-04-30T18:32:57+00:00","breadcrumb":{"@id":"https:\/\/padelzoco.es\/product\/zapatillas-head-revolt-4-0-pro-clay-blanco-negro\/#breadcrumb"},"inLanguage":"en-GB","potentialAction":[{"@type":"ReadAction","target":["https:\/\/padelzoco.es\/product\/zapatillas-head-revolt-4-0-pro-clay-blanco-negro\/"]}]},{"@type":"ImageObject","inLanguage":"en-GB","@id":"https:\/\/padelzoco.es\/product\/zapatillas-head-revolt-4-0-pro-clay-blanco-negro\/#primaryimage","url":"https:\/\/padelzoco.es\/wp-content\/uploads\/2024\/02\/HEAD-REVOLT-PRO-4.0-CLAY-Mens-padel-Shoes-IMage-1.webp","contentUrl":"https:\/\/padelzoco.es\/wp-content\/uploads\/2024\/02\/HEAD-REVOLT-PRO-4.0-CLAY-Mens-padel-Shoes-IMage-1.webp","width":1400,"height":1400,"caption":"HEAD REVOLT PRO 4.0 CLAY Men's padel Shoes IMage 1"},{"@type":"BreadcrumbList","@id":"https:\/\/padelzoco.es\/product\/zapatillas-head-revolt-4-0-pro-clay-blanco-negro\/#breadcrumb","itemListElement":[{"@type":"ListItem","position":1,"name":"Home","item":"https:\/\/padelzoco.es\/"},{"@type":"ListItem","position":2,"name":"Padel Zoco","item":"https:\/\/padelzoco.es\/padel-zoco\/"},{"@type":"ListItem","position":3,"name":"ZAPATILLAS HEAD REVOLT 4.0 PRO CLAY blanco negro"}]},{"@type":"WebSite","@id":"https:\/\/padelzoco.es\/#website","url":"https:\/\/padelzoco.es\/","name":"Padel Zoco","description":"Padel Zoco | Spain","publisher":{"@id":"https:\/\/padelzoco.es\/#organization"},"potentialAction":[{"@type":"SearchAction","target":{"@type":"EntryPoint","urlTemplate":"https:\/\/padelzoco.es\/?s={search_term_string}"},"query-input":{"@type":"PropertyValueSpecification","valueRequired":true,"valueName":"search_term_string"}}],"inLanguage":"en-GB"},{"@type":"Organization","@id":"https:\/\/padelzoco.es\/#organization","name":"Padel Zoco","url":"https:\/\/padelzoco.es\/","logo":{"@type":"ImageObject","inLanguage":"en-GB","@id":"https:\/\/padelzoco.es\/#\/schema\/logo\/image\/","url":"https:\/\/padelzoco.es\/wp-content\/uploads\/2023\/11\/PadelZoco_Logo_black_white.webp","contentUrl":"https:\/\/padelzoco.es\/wp-content\/uploads\/2023\/11\/PadelZoco_Logo_black_white.webp","width":1500,"height":631,"caption":"Padel Zoco"},"image":{"@id":"https:\/\/padelzoco.es\/#\/schema\/logo\/image\/"}}]}},"_links":{"self":[{"href":"https:\/\/padelzoco.es\/en\/wp-json\/wp\/v2\/product\/8999","targetHints":{"allow":["GET"]}}],"collection":[{"href":"https:\/\/padelzoco.es\/en\/wp-json\/wp\/v2\/product"}],"about":[{"href":"https:\/\/padelzoco.es\/en\/wp-json\/wp\/v2\/types\/product"}],"version-history":[{"count":1,"href":"https:\/\/padelzoco.es\/en\/wp-json\/wp\/v2\/product\/8999\/revisions"}],"predecessor-version":[{"id":27820,"href":"https:\/\/padelzoco.es\/en\/wp-json\/wp\/v2\/product\/8999\/revisions\/27820"}],"wp:featuredmedia":[{"embeddable":true,"href":"https:\/\/padelzoco.es\/en\/wp-json\/wp\/v2\/media\/9000"}],"wp:attachment":[{"href":"https:\/\/padelzoco.es\/en\/wp-json\/wp\/v2\/media?parent=8999"}],"wp:term":[{"taxonomy":"product_brand","embeddable":true,"href":"https:\/\/padelzoco.es\/en\/wp-json\/wp\/v2\/product_brand?post=8999"},{"taxonomy":"product_cat","embeddable":true,"href":"https:\/\/padelzoco.es\/en\/wp-json\/wp\/v2\/product_cat?post=8999"},{"taxonomy":"product_tag","embeddable":true,"href":"https:\/\/padelzoco.es\/en\/wp-json\/wp\/v2\/product_tag?post=8999"}],"curies":[{"name":"wp","href":"https:\/\/api.w.org\/{rel}","templated":true}]}}