{"id":9005,"date":"2024-02-08T12:49:36","date_gmt":"2024-02-08T11:49:36","guid":{"rendered":"https:\/\/adc06f55e9.nxcli.io\/?post_type=product&#038;p=9005"},"modified":"2026-04-30T19:32:57","modified_gmt":"2026-04-30T18:32:57","slug":"zapatilla-head-sprint-team-3-5-clay-bsln","status":"publish","type":"product","link":"https:\/\/padelzoco.es\/en\/product\/zapatilla-head-sprint-team-3-5-clay-bsln\/","title":{"rendered":"ZAPATILLA HEAD SPRINT TEAM 3.5 CLAY  bsln"},"content":{"rendered":"<p><span style=\"vertical-align: inherit;\"><span style=\"vertical-align: inherit;\">Actualizado con una nueva parte superior que tiene una malla m\u00e1s abierta, el SPRINT TEAM 3.5 es a\u00fan m\u00e1s transpirable que antes y tambi\u00e9n se ofrece con un dise\u00f1o fresco. Ideal para jugadores de todos los niveles, este zapato es tan liviano y c\u00f3modo que querr\u00e1s usarlo tambi\u00e9n fuera de la cancha. <\/span><\/span><br \/>\n<span style=\"vertical-align: inherit;\"><span style=\"vertical-align: inherit;\">\u2022 Parte superior altamente transpirable con malla m\u00e1s abierta <\/span><\/span><br \/>\n<span style=\"vertical-align: inherit;\"><span style=\"vertical-align: inherit;\">\u2022 Comodidad liviana que puedes disfrutar dentro y fuera de la cancha <\/span><\/span><br \/>\n<span style=\"vertical-align: inherit;\"><span style=\"vertical-align: inherit;\">\u2022 Dise\u00f1o fresco<\/span><\/span><\/p>\n<p><strong><span style=\"vertical-align: inherit;\"><span style=\"vertical-align: inherit;\">SUPERIOR<\/span><\/span><\/strong><\/p>\n<div>\n<ul>\n<li><span style=\"vertical-align: inherit;\"><span style=\"vertical-align: inherit;\">Malla transpirable y ligera.<\/span><\/span><\/li>\n<li><span style=\"vertical-align: inherit;\"><span style=\"vertical-align: inherit;\">Materiales de revestimiento c\u00f3modos<\/span><\/span><\/li>\n<li><span style=\"vertical-align: inherit;\"><span style=\"vertical-align: inherit;\">Protecci\u00f3n medial y de dedos<\/span><\/span><\/li>\n<\/ul>\n<\/div>\n<p><strong><span style=\"vertical-align: inherit;\"><span style=\"vertical-align: inherit;\">ENTRESUELA<\/span><\/span><\/strong><\/p>\n<div>\n<ul>\n<li><span style=\"vertical-align: inherit;\"><span style=\"vertical-align: inherit;\">Bajo al suelo<\/span><\/span><\/li>\n<li><span style=\"vertical-align: inherit;\"><span style=\"vertical-align: inherit;\">Desplazamiento m\u00ednimo del tal\u00f3n a la punta<\/span><\/span><\/li>\n<li><span style=\"vertical-align: inherit;\"><span style=\"vertical-align: inherit;\">Mango de torsi\u00f3n<\/span><\/span><\/li>\n<\/ul>\n<\/div>\n<p><strong><span style=\"vertical-align: inherit;\"><span style=\"vertical-align: inherit;\">SUELA<\/span><\/span><\/strong><\/p>\n<div>\n<ul>\n<li><span style=\"vertical-align: inherit;\"><span style=\"vertical-align: inherit;\">Banda de rodadura h\u00edbrida para todas las superficies de tenis diferentes<\/span><\/span><\/li>\n<li><span style=\"vertical-align: inherit;\"><span style=\"vertical-align: inherit;\">Zonas de durabilidad para pista dura<\/span><\/span><\/li>\n<li><span style=\"vertical-align: inherit;\"><span style=\"vertical-align: inherit;\">Zonas abiertas de la banda de rodadura para un mejor agarre.<\/span><\/span><\/li>\n<\/ul>\n<\/div>\n<div>\n<p><strong><span style=\"vertical-align: inherit;\"><span style=\"vertical-align: inherit;\">Technologies:<\/span><\/span><\/strong><\/p>\n<ul>\n<li><span style=\"vertical-align: inherit;\"><span style=\"vertical-align: inherit;\">DEFENSA CONTRA LA DERIVA \u2013 CONTROL LATERAL \u2013 HYBRASION+\u2122- CORREA DE BLOQUEO<\/span><\/span><\/li>\n<\/ul>\n<\/div>","protected":false},"excerpt":{"rendered":"<p><span style=\"vertical-align: inherit;\"><span style=\"vertical-align: inherit;\">Actualizado con una nueva parte superior que tiene una malla m\u00e1s abierta, el SPRINT TEAM 3.5 es a\u00fan m\u00e1s transpirable que antes y tambi\u00e9n se ofrece con un dise\u00f1o fresco. Ideal para jugadores de todos los niveles, este zapato es tan liviano y c\u00f3modo que querr\u00e1s usarlo tambi\u00e9n fuera de la cancha. <\/span><\/span><br \/>\n<span style=\"vertical-align: inherit;\"><span style=\"vertical-align: inherit;\">\u2022 Parte superior altamente transpirable con malla m\u00e1s abierta <\/span><\/span><br \/>\n<span style=\"vertical-align: inherit;\"><span style=\"vertical-align: inherit;\">\u2022 Comodidad liviana que puedes disfrutar dentro y fuera de la cancha <\/span><\/span><br \/>\n<span style=\"vertical-align: inherit;\"><span style=\"vertical-align: inherit;\">\u2022 Dise\u00f1o fresco<\/span><\/span><\/p>\n<p><strong><span style=\"vertical-align: inherit;\"><span style=\"vertical-align: inherit;\">SUPERIOR<\/span><\/span><\/strong><\/p>\n<div>\n<ul>\n<li><span style=\"vertical-align: inherit;\"><span style=\"vertical-align: inherit;\">Malla transpirable y ligera.<\/span><\/span><\/li>\n<li><span style=\"vertical-align: inherit;\"><span style=\"vertical-align: inherit;\">Materiales de revestimiento c\u00f3modos<\/span><\/span><\/li>\n<li><span style=\"vertical-align: inherit;\"><span style=\"vertical-align: inherit;\">Protecci\u00f3n medial y de dedos<\/span><\/span><\/li>\n<\/ul>\n<\/div>\n<p><strong><span style=\"vertical-align: inherit;\"><span style=\"vertical-align: inherit;\">ENTRESUELA<\/span><\/span><\/strong><\/p>\n<div>\n<ul>\n<li><span style=\"vertical-align: inherit;\"><span style=\"vertical-align: inherit;\">Bajo al suelo<\/span><\/span><\/li>\n<li><span style=\"vertical-align: inherit;\"><span style=\"vertical-align: inherit;\">Desplazamiento m\u00ednimo del tal\u00f3n a la punta<\/span><\/span><\/li>\n<li><span style=\"vertical-align: inherit;\"><span style=\"vertical-align: inherit;\">Mango de torsi\u00f3n<\/span><\/span><\/li>\n<\/ul>\n<\/div>\n<p><strong><span style=\"vertical-align: inherit;\"><span style=\"vertical-align: inherit;\">SUELA<\/span><\/span><\/strong><\/p>\n<div>\n<ul>\n<li><span style=\"vertical-align: inherit;\"><span style=\"vertical-align: inherit;\">Banda de rodadura h\u00edbrida para todas las superficies de tenis diferentes<\/span><\/span><\/li>\n<li><span style=\"vertical-align: inherit;\"><span style=\"vertical-align: inherit;\">Zonas de durabilidad para pista dura<\/span><\/span><\/li>\n<li><span style=\"vertical-align: inherit;\"><span style=\"vertical-align: inherit;\">Zonas abiertas de la banda de rodadura para un mejor agarre.<\/span><\/span><\/li>\n<\/ul>\n<\/div>\n<div>\n<p><strong><span style=\"vertical-align: inherit;\"><span style=\"vertical-align: inherit;\">Technologies:<\/span><\/span><\/strong><\/p>\n<ul>\n<li><span style=\"vertical-align: inherit;\"><span style=\"vertical-align: inherit;\">DEFENSA CONTRA LA DERIVA \u2013 CONTROL LATERAL \u2013 HYBRASION+\u2122- CORREA DE BLOQUEO<\/span><\/span><\/li>\n<\/ul>\n<\/div>","protected":false},"featured_media":9009,"template":"","meta":[],"product_brand":[],"product_cat":[747,749,599,754,592,758],"product_tag":[],"class_list":{"0":"post-9005","1":"product","2":"type-product","3":"status-publish","4":"has-post-thumbnail","6":"product_cat-head-padel","7":"product_cat-head-zapatillas","8":"product_cat-hombre-zapatillas","9":"product_cat-rebajas","10":"product_cat-zapatillas","11":"product_cat-zapatillas-ofertas","12":"pa_brand-head","13":"pa_color-blanco","14":"pa_gender-hombre","15":"pa_hs_code-87","16":"pa_shoes-size-80","17":"pa_shoes-size-89","18":"pa_shoes-size-42-5","19":"pa_shoes-size-81","20":"pa_shoes-size-82","21":"pa_shoes-size-44-5","22":"pa_shoes-size-84","24":"first","25":"outofstock","26":"taxable","27":"shipping-taxable","28":"product-type-variable"},"yoast_head":"<!-- This site is optimized with the Yoast SEO plugin v27.5 - https:\/\/yoast.com\/product\/yoast-seo-wordpress\/ -->\n<title>ZAPATILLA HEAD SPRINT TEAM 3.5 CLAY bsln - Padel Zoco<\/title>\n<meta name=\"robots\" content=\"index, follow, max-snippet:-1, max-image-preview:large, max-video-preview:-1\" \/>\n<link rel=\"canonical\" href=\"https:\/\/padelzoco.es\/en\/product\/zapatilla-head-sprint-team-3-5-clay-bsln\/\" \/>\n<meta property=\"og:locale\" content=\"en_GB\" \/>\n<meta property=\"og:type\" content=\"article\" \/>\n<meta property=\"og:title\" content=\"ZAPATILLA HEAD SPRINT TEAM 3.5 CLAY bsln - Padel Zoco\" \/>\n<meta property=\"og:description\" content=\"Actualizado con una nueva parte superior que tiene una malla m\u00e1s abierta, el SPRINT TEAM 3.5 es a\u00fan m\u00e1s transpirable que antes y tambi\u00e9n se ofrece con un dise\u00f1o fresco. Ideal para jugadores de todos los niveles, este zapato es tan liviano y c\u00f3modo que querr\u00e1s usarlo tambi\u00e9n fuera de la cancha.  \u2022 Parte superior altamente transpirable con malla m\u00e1s abierta  \u2022 Comodidad liviana que puedes disfrutar dentro y fuera de la cancha  \u2022 Dise\u00f1o fresco  SUPERIOR    Malla transpirable y ligera.  Materiales de revestimiento c\u00f3modos  Protecci\u00f3n medial y de dedos   ENTRESUELA    Bajo al suelo  Desplazamiento m\u00ednimo del tal\u00f3n a la punta  Mango de torsi\u00f3n   SUELA    Banda de rodadura h\u00edbrida para todas las superficies de tenis diferentes  Zonas de durabilidad para pista dura  Zonas abiertas de la banda de rodadura para un mejor agarre.     Tecnolog\u00edas:   DEFENSA CONTRA LA DERIVA \u2013 CONTROL LATERAL \u2013 HYBRASION+\u2122- CORREA DE BLOQUEO\" \/>\n<meta property=\"og:url\" content=\"https:\/\/padelzoco.es\/en\/product\/zapatilla-head-sprint-team-3-5-clay-bsln\/\" \/>\n<meta property=\"og:site_name\" content=\"Padel Zoco\" \/>\n<meta property=\"article:modified_time\" content=\"2026-04-30T18:32:57+00:00\" \/>\n<meta property=\"og:image\" content=\"https:\/\/padelzoco.es\/wp-content\/uploads\/2024\/02\/HEAD-SPRINT-TEAM-3.5-CLAY-MENS-PADEL-SHOES-Image-4.webp\" \/>\n\t<meta property=\"og:image:width\" content=\"1400\" \/>\n\t<meta property=\"og:image:height\" content=\"1400\" \/>\n\t<meta property=\"og:image:type\" content=\"image\/webp\" \/>\n<meta name=\"twitter:card\" content=\"summary_large_image\" \/>\n<meta name=\"twitter:label1\" content=\"Estimated reading time\" \/>\n\t<meta name=\"twitter:data1\" content=\"1 minute\" \/>\n<script type=\"application\/ld+json\" class=\"yoast-schema-graph\">{\"@context\":\"https:\\\/\\\/schema.org\",\"@graph\":[{\"@type\":\"WebPage\",\"@id\":\"https:\\\/\\\/padelzoco.es\\\/product\\\/zapatilla-head-sprint-team-3-5-clay-bsln\\\/\",\"url\":\"https:\\\/\\\/padelzoco.es\\\/product\\\/zapatilla-head-sprint-team-3-5-clay-bsln\\\/\",\"name\":\"ZAPATILLA HEAD SPRINT TEAM 3.5 CLAY bsln - Padel Zoco\",\"isPartOf\":{\"@id\":\"https:\\\/\\\/padelzoco.es\\\/#website\"},\"primaryImageOfPage\":{\"@id\":\"https:\\\/\\\/padelzoco.es\\\/product\\\/zapatilla-head-sprint-team-3-5-clay-bsln\\\/#primaryimage\"},\"image\":{\"@id\":\"https:\\\/\\\/padelzoco.es\\\/product\\\/zapatilla-head-sprint-team-3-5-clay-bsln\\\/#primaryimage\"},\"thumbnailUrl\":\"https:\\\/\\\/padelzoco.es\\\/wp-content\\\/uploads\\\/2024\\\/02\\\/HEAD-SPRINT-TEAM-3.5-CLAY-MENS-PADEL-SHOES-Image-4.webp\",\"datePublished\":\"2024-02-08T11:49:36+00:00\",\"dateModified\":\"2026-04-30T18:32:57+00:00\",\"breadcrumb\":{\"@id\":\"https:\\\/\\\/padelzoco.es\\\/product\\\/zapatilla-head-sprint-team-3-5-clay-bsln\\\/#breadcrumb\"},\"inLanguage\":\"en-GB\",\"potentialAction\":[{\"@type\":\"ReadAction\",\"target\":[\"https:\\\/\\\/padelzoco.es\\\/product\\\/zapatilla-head-sprint-team-3-5-clay-bsln\\\/\"]}]},{\"@type\":\"ImageObject\",\"inLanguage\":\"en-GB\",\"@id\":\"https:\\\/\\\/padelzoco.es\\\/product\\\/zapatilla-head-sprint-team-3-5-clay-bsln\\\/#primaryimage\",\"url\":\"https:\\\/\\\/padelzoco.es\\\/wp-content\\\/uploads\\\/2024\\\/02\\\/HEAD-SPRINT-TEAM-3.5-CLAY-MENS-PADEL-SHOES-Image-4.webp\",\"contentUrl\":\"https:\\\/\\\/padelzoco.es\\\/wp-content\\\/uploads\\\/2024\\\/02\\\/HEAD-SPRINT-TEAM-3.5-CLAY-MENS-PADEL-SHOES-Image-4.webp\",\"width\":1400,\"height\":1400,\"caption\":\"HEAD SPRINT TEAM 3.5 CLAY MEN\u2019S PADEL SHOES Image 4\"},{\"@type\":\"BreadcrumbList\",\"@id\":\"https:\\\/\\\/padelzoco.es\\\/product\\\/zapatilla-head-sprint-team-3-5-clay-bsln\\\/#breadcrumb\",\"itemListElement\":[{\"@type\":\"ListItem\",\"position\":1,\"name\":\"Home\",\"item\":\"https:\\\/\\\/padelzoco.es\\\/\"},{\"@type\":\"ListItem\",\"position\":2,\"name\":\"Padel Zoco\",\"item\":\"https:\\\/\\\/padelzoco.es\\\/padel-zoco\\\/\"},{\"@type\":\"ListItem\",\"position\":3,\"name\":\"ZAPATILLA HEAD SPRINT TEAM 3.5 CLAY bsln\"}]},{\"@type\":\"WebSite\",\"@id\":\"https:\\\/\\\/padelzoco.es\\\/#website\",\"url\":\"https:\\\/\\\/padelzoco.es\\\/\",\"name\":\"Padel Zoco\",\"description\":\"Padel Zoco | Spain\",\"publisher\":{\"@id\":\"https:\\\/\\\/padelzoco.es\\\/#organization\"},\"potentialAction\":[{\"@type\":\"SearchAction\",\"target\":{\"@type\":\"EntryPoint\",\"urlTemplate\":\"https:\\\/\\\/padelzoco.es\\\/?s={search_term_string}\"},\"query-input\":{\"@type\":\"PropertyValueSpecification\",\"valueRequired\":true,\"valueName\":\"search_term_string\"}}],\"inLanguage\":\"en-GB\"},{\"@type\":\"Organization\",\"@id\":\"https:\\\/\\\/padelzoco.es\\\/#organization\",\"name\":\"Padel Zoco\",\"url\":\"https:\\\/\\\/padelzoco.es\\\/\",\"logo\":{\"@type\":\"ImageObject\",\"inLanguage\":\"en-GB\",\"@id\":\"https:\\\/\\\/padelzoco.es\\\/#\\\/schema\\\/logo\\\/image\\\/\",\"url\":\"https:\\\/\\\/padelzoco.es\\\/wp-content\\\/uploads\\\/2023\\\/11\\\/PadelZoco_Logo_black_white.webp\",\"contentUrl\":\"https:\\\/\\\/padelzoco.es\\\/wp-content\\\/uploads\\\/2023\\\/11\\\/PadelZoco_Logo_black_white.webp\",\"width\":1500,\"height\":631,\"caption\":\"Padel Zoco\"},\"image\":{\"@id\":\"https:\\\/\\\/padelzoco.es\\\/#\\\/schema\\\/logo\\\/image\\\/\"}}]}<\/script>\n<!-- \/ Yoast SEO plugin. -->","yoast_head_json":{"title":"ZAPATILLA HEAD SPRINT TEAM 3.5 CLAY bsln - Padel Zoco","robots":{"index":"index","follow":"follow","max-snippet":"max-snippet:-1","max-image-preview":"max-image-preview:large","max-video-preview":"max-video-preview:-1"},"canonical":"https:\/\/padelzoco.es\/en\/product\/zapatilla-head-sprint-team-3-5-clay-bsln\/","og_locale":"en_GB","og_type":"article","og_title":"ZAPATILLA HEAD SPRINT TEAM 3.5 CLAY bsln - Padel Zoco","og_description":"Actualizado con una nueva parte superior que tiene una malla m\u00e1s abierta, el SPRINT TEAM 3.5 es a\u00fan m\u00e1s transpirable que antes y tambi\u00e9n se ofrece con un dise\u00f1o fresco. Ideal para jugadores de todos los niveles, este zapato es tan liviano y c\u00f3modo que querr\u00e1s usarlo tambi\u00e9n fuera de la cancha.  \u2022 Parte superior altamente transpirable con malla m\u00e1s abierta  \u2022 Comodidad liviana que puedes disfrutar dentro y fuera de la cancha  \u2022 Dise\u00f1o fresco  SUPERIOR    Malla transpirable y ligera.  Materiales de revestimiento c\u00f3modos  Protecci\u00f3n medial y de dedos   ENTRESUELA    Bajo al suelo  Desplazamiento m\u00ednimo del tal\u00f3n a la punta  Mango de torsi\u00f3n   SUELA    Banda de rodadura h\u00edbrida para todas las superficies de tenis diferentes  Zonas de durabilidad para pista dura  Zonas abiertas de la banda de rodadura para un mejor agarre.     Tecnolog\u00edas:   DEFENSA CONTRA LA DERIVA \u2013 CONTROL LATERAL \u2013 HYBRASION+\u2122- CORREA DE BLOQUEO","og_url":"https:\/\/padelzoco.es\/en\/product\/zapatilla-head-sprint-team-3-5-clay-bsln\/","og_site_name":"Padel Zoco","article_modified_time":"2026-04-30T18:32:57+00:00","og_image":[{"width":1400,"height":1400,"url":"https:\/\/padelzoco.es\/wp-content\/uploads\/2024\/02\/HEAD-SPRINT-TEAM-3.5-CLAY-MENS-PADEL-SHOES-Image-4.webp","type":"image\/webp"}],"twitter_card":"summary_large_image","twitter_misc":{"Estimated reading time":"1 minute"},"schema":{"@context":"https:\/\/schema.org","@graph":[{"@type":"WebPage","@id":"https:\/\/padelzoco.es\/product\/zapatilla-head-sprint-team-3-5-clay-bsln\/","url":"https:\/\/padelzoco.es\/product\/zapatilla-head-sprint-team-3-5-clay-bsln\/","name":"ZAPATILLA HEAD SPRINT TEAM 3.5 CLAY bsln - Padel Zoco","isPartOf":{"@id":"https:\/\/padelzoco.es\/#website"},"primaryImageOfPage":{"@id":"https:\/\/padelzoco.es\/product\/zapatilla-head-sprint-team-3-5-clay-bsln\/#primaryimage"},"image":{"@id":"https:\/\/padelzoco.es\/product\/zapatilla-head-sprint-team-3-5-clay-bsln\/#primaryimage"},"thumbnailUrl":"https:\/\/padelzoco.es\/wp-content\/uploads\/2024\/02\/HEAD-SPRINT-TEAM-3.5-CLAY-MENS-PADEL-SHOES-Image-4.webp","datePublished":"2024-02-08T11:49:36+00:00","dateModified":"2026-04-30T18:32:57+00:00","breadcrumb":{"@id":"https:\/\/padelzoco.es\/product\/zapatilla-head-sprint-team-3-5-clay-bsln\/#breadcrumb"},"inLanguage":"en-GB","potentialAction":[{"@type":"ReadAction","target":["https:\/\/padelzoco.es\/product\/zapatilla-head-sprint-team-3-5-clay-bsln\/"]}]},{"@type":"ImageObject","inLanguage":"en-GB","@id":"https:\/\/padelzoco.es\/product\/zapatilla-head-sprint-team-3-5-clay-bsln\/#primaryimage","url":"https:\/\/padelzoco.es\/wp-content\/uploads\/2024\/02\/HEAD-SPRINT-TEAM-3.5-CLAY-MENS-PADEL-SHOES-Image-4.webp","contentUrl":"https:\/\/padelzoco.es\/wp-content\/uploads\/2024\/02\/HEAD-SPRINT-TEAM-3.5-CLAY-MENS-PADEL-SHOES-Image-4.webp","width":1400,"height":1400,"caption":"HEAD SPRINT TEAM 3.5 CLAY MEN\u2019S PADEL SHOES Image 4"},{"@type":"BreadcrumbList","@id":"https:\/\/padelzoco.es\/product\/zapatilla-head-sprint-team-3-5-clay-bsln\/#breadcrumb","itemListElement":[{"@type":"ListItem","position":1,"name":"Home","item":"https:\/\/padelzoco.es\/"},{"@type":"ListItem","position":2,"name":"Padel Zoco","item":"https:\/\/padelzoco.es\/padel-zoco\/"},{"@type":"ListItem","position":3,"name":"ZAPATILLA HEAD SPRINT TEAM 3.5 CLAY bsln"}]},{"@type":"WebSite","@id":"https:\/\/padelzoco.es\/#website","url":"https:\/\/padelzoco.es\/","name":"Padel Zoco","description":"Padel Zoco | Spain","publisher":{"@id":"https:\/\/padelzoco.es\/#organization"},"potentialAction":[{"@type":"SearchAction","target":{"@type":"EntryPoint","urlTemplate":"https:\/\/padelzoco.es\/?s={search_term_string}"},"query-input":{"@type":"PropertyValueSpecification","valueRequired":true,"valueName":"search_term_string"}}],"inLanguage":"en-GB"},{"@type":"Organization","@id":"https:\/\/padelzoco.es\/#organization","name":"Padel Zoco","url":"https:\/\/padelzoco.es\/","logo":{"@type":"ImageObject","inLanguage":"en-GB","@id":"https:\/\/padelzoco.es\/#\/schema\/logo\/image\/","url":"https:\/\/padelzoco.es\/wp-content\/uploads\/2023\/11\/PadelZoco_Logo_black_white.webp","contentUrl":"https:\/\/padelzoco.es\/wp-content\/uploads\/2023\/11\/PadelZoco_Logo_black_white.webp","width":1500,"height":631,"caption":"Padel Zoco"},"image":{"@id":"https:\/\/padelzoco.es\/#\/schema\/logo\/image\/"}}]}},"_links":{"self":[{"href":"https:\/\/padelzoco.es\/en\/wp-json\/wp\/v2\/product\/9005","targetHints":{"allow":["GET"]}}],"collection":[{"href":"https:\/\/padelzoco.es\/en\/wp-json\/wp\/v2\/product"}],"about":[{"href":"https:\/\/padelzoco.es\/en\/wp-json\/wp\/v2\/types\/product"}],"version-history":[{"count":1,"href":"https:\/\/padelzoco.es\/en\/wp-json\/wp\/v2\/product\/9005\/revisions"}],"predecessor-version":[{"id":27819,"href":"https:\/\/padelzoco.es\/en\/wp-json\/wp\/v2\/product\/9005\/revisions\/27819"}],"wp:featuredmedia":[{"embeddable":true,"href":"https:\/\/padelzoco.es\/en\/wp-json\/wp\/v2\/media\/9009"}],"wp:attachment":[{"href":"https:\/\/padelzoco.es\/en\/wp-json\/wp\/v2\/media?parent=9005"}],"wp:term":[{"taxonomy":"product_brand","embeddable":true,"href":"https:\/\/padelzoco.es\/en\/wp-json\/wp\/v2\/product_brand?post=9005"},{"taxonomy":"product_cat","embeddable":true,"href":"https:\/\/padelzoco.es\/en\/wp-json\/wp\/v2\/product_cat?post=9005"},{"taxonomy":"product_tag","embeddable":true,"href":"https:\/\/padelzoco.es\/en\/wp-json\/wp\/v2\/product_tag?post=9005"}],"curies":[{"name":"wp","href":"https:\/\/api.w.org\/{rel}","templated":true}]}}