{"id":9346,"date":"2024-02-27T10:17:00","date_gmt":"2024-02-27T09:17:00","guid":{"rendered":"https:\/\/adc06f55e9.nxcli.io\/?post_type=product&#038;p=9346"},"modified":"2026-04-30T19:17:33","modified_gmt":"2026-04-30T18:17:33","slug":"bullpadel-hesacore-grip-carbon","status":"publish","type":"product","link":"https:\/\/padelzoco.es\/en\/product\/bullpadel-hesacore-grip-carbon\/","title":{"rendered":"Bullpadel Hesacore Grip Carbon"},"content":{"rendered":"<p>Hesacore Tour Grip Carbon est\u00e1 dise\u00f1ado con filamentos de carbono que hacen que el agarre sea firme para cualquier mano, disminuyendo el \u00abestr\u00e9s del agarre\u00bb.<\/p>\n<p>Tambi\u00e9n es anti vibraci\u00f3n, anti sudor y anti humedad. La mejor forma de aumentar tu rendimiento con el mayor confort posible. Para jugadores que quieren m\u00e1s agarre y una sensaci\u00f3n de control total. Ideal para jugadores experimentados.<\/p>","protected":false},"excerpt":{"rendered":"<p data-start=\"71\" data-end=\"312\">El <strong data-start=\"74\" data-end=\"93\">agarre Hesacore<\/strong> presenta un <strong data-start=\"106\" data-end=\"130\">dise\u00f1o multifac\u00e9tico<\/strong> que expande la superficie de contacto entre la mano y el mango. Se afirma que este dise\u00f1o <strong data-start=\"221\" data-end=\"273\">aumenta la fuerza de agarre entre un 8% y un 14%<\/strong>, dependiendo del overgrip utilizado.<\/p>\n<ul data-start=\"314\" data-end=\"1034\" data-is-last-node=\"\" data-is-only-node=\"\">\n<li data-section-id=\"12z9yam\" data-start=\"314\" data-end=\"525\">\n<p data-start=\"316\" data-end=\"525\">Los defensores del agarre Hesacore sugieren que el aumento del agarre permite a los jugadores <strong data-start=\"410\" data-end=\"476\">sujetar el mango con menos esfuerzo y contracci\u00f3n de los dedos<\/strong>, manteniendo al mismo tiempo un agarre seguro.<\/p>\n<\/li>\n<li data-section-id=\"1welqj8\" data-start=\"526\" data-end=\"730\">\n<p data-start=\"528\" data-end=\"730\">Esto potencialmente conduce a un <strong data-start=\"561\" data-end=\"592\">swing m\u00e1s relajado y fluido<\/strong>, ya que la tensi\u00f3n muscular excesiva en la mano, mu\u00f1eca y antebrazo puede dificultar la transferencia eficiente de energ\u00eda a la pelota.<\/p>\n<\/li>\n<li data-section-id=\"1sjf74e\" data-start=\"731\" data-end=\"831\">\n<p data-start=\"733\" data-end=\"831\">Los usuarios del agarre Hesacore reportan <strong data-start=\"775\" data-end=\"814\">mejor control, sensaci\u00f3n y potencia<\/strong> en sus golpes.<\/p>\n<\/li>\n<li data-section-id=\"j8jybo\" data-start=\"832\" data-end=\"1034\" data-is-last-node=\"\">\n<p data-start=\"834\" data-end=\"1034\" data-is-last-node=\"\">Sin embargo, es importante notar que <strong data-start=\"871\" data-end=\"918\">las experiencias individuales pueden variar<\/strong>, y factores como el estilo de juego, la t\u00e9cnica y la preferencia personal tambi\u00e9n pueden influir en el rendimiento.<\/p>\n<\/li>\n<\/ul>","protected":false},"featured_media":9350,"template":"","meta":[],"product_brand":[],"product_cat":[637,698,638],"product_tag":[],"class_list":{"0":"post-9346","1":"product","2":"type-product","3":"status-publish","4":"has-post-thumbnail","6":"product_cat-accesorios","7":"product_cat-bullpadel-padel","8":"product_cat-grips-and-overgrips","9":"pa_brand-bullpadel","10":"pa_color-blanco","11":"pa_hs_code-87","13":"first","14":"instock","15":"sale","16":"taxable","17":"shipping-taxable","18":"purchasable","19":"product-type-simple"},"yoast_head":"<!-- This site is optimized with the Yoast SEO plugin v27.5 - https:\/\/yoast.com\/product\/yoast-seo-wordpress\/ -->\n<title>Bullpadel Hesacore Grip Carbon - Padel Zoco<\/title>\n<meta name=\"description\" content=\"Innovador agarre en forma de paneles que se adapta al mango de la raqueta.\" \/>\n<meta name=\"robots\" content=\"index, follow, max-snippet:-1, max-image-preview:large, max-video-preview:-1\" \/>\n<link rel=\"canonical\" href=\"https:\/\/padelzoco.es\/en\/product\/bullpadel-hesacore-grip-carbon\/\" \/>\n<meta property=\"og:locale\" content=\"en_GB\" \/>\n<meta property=\"og:type\" content=\"article\" \/>\n<meta property=\"og:title\" content=\"Bullpadel Hesacore Grip Carbon - Padel Zoco\" \/>\n<meta property=\"og:description\" content=\"Innovador agarre en forma de paneles que se adapta al mango de la raqueta.\" \/>\n<meta property=\"og:url\" content=\"https:\/\/padelzoco.es\/en\/product\/bullpadel-hesacore-grip-carbon\/\" \/>\n<meta property=\"og:site_name\" content=\"Padel Zoco\" \/>\n<meta property=\"article:modified_time\" content=\"2026-04-30T18:17:33+00:00\" \/>\n<meta property=\"og:image\" content=\"https:\/\/padelzoco.es\/wp-content\/uploads\/2024\/02\/Bullpadel-Hesacore-CARBON-Image-3.webp\" \/>\n\t<meta property=\"og:image:width\" content=\"1400\" \/>\n\t<meta property=\"og:image:height\" content=\"1400\" \/>\n\t<meta property=\"og:image:type\" content=\"image\/webp\" \/>\n<meta name=\"twitter:card\" content=\"summary_large_image\" \/>\n<meta name=\"twitter:label1\" content=\"Estimated reading time\" \/>\n\t<meta name=\"twitter:data1\" content=\"1 minute\" \/>\n<script type=\"application\/ld+json\" class=\"yoast-schema-graph\">{\"@context\":\"https:\\\/\\\/schema.org\",\"@graph\":[{\"@type\":\"WebPage\",\"@id\":\"https:\\\/\\\/padelzoco.es\\\/product\\\/bullpadel-hesacore-grip-carbon\\\/\",\"url\":\"https:\\\/\\\/padelzoco.es\\\/product\\\/bullpadel-hesacore-grip-carbon\\\/\",\"name\":\"Bullpadel Hesacore Grip Carbon - Padel Zoco\",\"isPartOf\":{\"@id\":\"https:\\\/\\\/padelzoco.es\\\/#website\"},\"primaryImageOfPage\":{\"@id\":\"https:\\\/\\\/padelzoco.es\\\/product\\\/bullpadel-hesacore-grip-carbon\\\/#primaryimage\"},\"image\":{\"@id\":\"https:\\\/\\\/padelzoco.es\\\/product\\\/bullpadel-hesacore-grip-carbon\\\/#primaryimage\"},\"thumbnailUrl\":\"https:\\\/\\\/padelzoco.es\\\/wp-content\\\/uploads\\\/2024\\\/02\\\/Bullpadel-Hesacore-CARBON-Image-3.webp\",\"datePublished\":\"2024-02-27T09:17:00+00:00\",\"dateModified\":\"2026-04-30T18:17:33+00:00\",\"description\":\"Innovador agarre en forma de paneles que se adapta al mango de la raqueta.\",\"breadcrumb\":{\"@id\":\"https:\\\/\\\/padelzoco.es\\\/product\\\/bullpadel-hesacore-grip-carbon\\\/#breadcrumb\"},\"inLanguage\":\"en-GB\",\"potentialAction\":[{\"@type\":\"ReadAction\",\"target\":[\"https:\\\/\\\/padelzoco.es\\\/product\\\/bullpadel-hesacore-grip-carbon\\\/\"]}]},{\"@type\":\"ImageObject\",\"inLanguage\":\"en-GB\",\"@id\":\"https:\\\/\\\/padelzoco.es\\\/product\\\/bullpadel-hesacore-grip-carbon\\\/#primaryimage\",\"url\":\"https:\\\/\\\/padelzoco.es\\\/wp-content\\\/uploads\\\/2024\\\/02\\\/Bullpadel-Hesacore-CARBON-Image-3.webp\",\"contentUrl\":\"https:\\\/\\\/padelzoco.es\\\/wp-content\\\/uploads\\\/2024\\\/02\\\/Bullpadel-Hesacore-CARBON-Image-3.webp\",\"width\":1400,\"height\":1400,\"caption\":\"Bullpadel Hesacore CARBON Image 3\"},{\"@type\":\"BreadcrumbList\",\"@id\":\"https:\\\/\\\/padelzoco.es\\\/product\\\/bullpadel-hesacore-grip-carbon\\\/#breadcrumb\",\"itemListElement\":[{\"@type\":\"ListItem\",\"position\":1,\"name\":\"Home\",\"item\":\"https:\\\/\\\/padelzoco.es\\\/\"},{\"@type\":\"ListItem\",\"position\":2,\"name\":\"Padel Zoco\",\"item\":\"https:\\\/\\\/padelzoco.es\\\/padel-zoco\\\/\"},{\"@type\":\"ListItem\",\"position\":3,\"name\":\"Bullpadel Hesacore Grip Carbon\"}]},{\"@type\":\"WebSite\",\"@id\":\"https:\\\/\\\/padelzoco.es\\\/#website\",\"url\":\"https:\\\/\\\/padelzoco.es\\\/\",\"name\":\"Padel Zoco\",\"description\":\"Padel Zoco | Spain\",\"publisher\":{\"@id\":\"https:\\\/\\\/padelzoco.es\\\/#organization\"},\"potentialAction\":[{\"@type\":\"SearchAction\",\"target\":{\"@type\":\"EntryPoint\",\"urlTemplate\":\"https:\\\/\\\/padelzoco.es\\\/?s={search_term_string}\"},\"query-input\":{\"@type\":\"PropertyValueSpecification\",\"valueRequired\":true,\"valueName\":\"search_term_string\"}}],\"inLanguage\":\"en-GB\"},{\"@type\":\"Organization\",\"@id\":\"https:\\\/\\\/padelzoco.es\\\/#organization\",\"name\":\"Padel Zoco\",\"url\":\"https:\\\/\\\/padelzoco.es\\\/\",\"logo\":{\"@type\":\"ImageObject\",\"inLanguage\":\"en-GB\",\"@id\":\"https:\\\/\\\/padelzoco.es\\\/#\\\/schema\\\/logo\\\/image\\\/\",\"url\":\"https:\\\/\\\/padelzoco.es\\\/wp-content\\\/uploads\\\/2023\\\/11\\\/PadelZoco_Logo_black_white.webp\",\"contentUrl\":\"https:\\\/\\\/padelzoco.es\\\/wp-content\\\/uploads\\\/2023\\\/11\\\/PadelZoco_Logo_black_white.webp\",\"width\":1500,\"height\":631,\"caption\":\"Padel Zoco\"},\"image\":{\"@id\":\"https:\\\/\\\/padelzoco.es\\\/#\\\/schema\\\/logo\\\/image\\\/\"}}]}<\/script>\n<!-- \/ Yoast SEO plugin. -->","yoast_head_json":{"title":"Bullpadel Hesacore Grip Carbon - Padel Zoco","description":"Innovador agarre en forma de paneles que se adapta al mango de la raqueta.","robots":{"index":"index","follow":"follow","max-snippet":"max-snippet:-1","max-image-preview":"max-image-preview:large","max-video-preview":"max-video-preview:-1"},"canonical":"https:\/\/padelzoco.es\/en\/product\/bullpadel-hesacore-grip-carbon\/","og_locale":"en_GB","og_type":"article","og_title":"Bullpadel Hesacore Grip Carbon - Padel Zoco","og_description":"Innovador agarre en forma de paneles que se adapta al mango de la raqueta.","og_url":"https:\/\/padelzoco.es\/en\/product\/bullpadel-hesacore-grip-carbon\/","og_site_name":"Padel Zoco","article_modified_time":"2026-04-30T18:17:33+00:00","og_image":[{"width":1400,"height":1400,"url":"https:\/\/padelzoco.es\/wp-content\/uploads\/2024\/02\/Bullpadel-Hesacore-CARBON-Image-3.webp","type":"image\/webp"}],"twitter_card":"summary_large_image","twitter_misc":{"Estimated reading time":"1 minute"},"schema":{"@context":"https:\/\/schema.org","@graph":[{"@type":"WebPage","@id":"https:\/\/padelzoco.es\/product\/bullpadel-hesacore-grip-carbon\/","url":"https:\/\/padelzoco.es\/product\/bullpadel-hesacore-grip-carbon\/","name":"Bullpadel Hesacore Grip Carbon - Padel Zoco","isPartOf":{"@id":"https:\/\/padelzoco.es\/#website"},"primaryImageOfPage":{"@id":"https:\/\/padelzoco.es\/product\/bullpadel-hesacore-grip-carbon\/#primaryimage"},"image":{"@id":"https:\/\/padelzoco.es\/product\/bullpadel-hesacore-grip-carbon\/#primaryimage"},"thumbnailUrl":"https:\/\/padelzoco.es\/wp-content\/uploads\/2024\/02\/Bullpadel-Hesacore-CARBON-Image-3.webp","datePublished":"2024-02-27T09:17:00+00:00","dateModified":"2026-04-30T18:17:33+00:00","description":"Innovador agarre en forma de paneles que se adapta al mango de la raqueta.","breadcrumb":{"@id":"https:\/\/padelzoco.es\/product\/bullpadel-hesacore-grip-carbon\/#breadcrumb"},"inLanguage":"en-GB","potentialAction":[{"@type":"ReadAction","target":["https:\/\/padelzoco.es\/product\/bullpadel-hesacore-grip-carbon\/"]}]},{"@type":"ImageObject","inLanguage":"en-GB","@id":"https:\/\/padelzoco.es\/product\/bullpadel-hesacore-grip-carbon\/#primaryimage","url":"https:\/\/padelzoco.es\/wp-content\/uploads\/2024\/02\/Bullpadel-Hesacore-CARBON-Image-3.webp","contentUrl":"https:\/\/padelzoco.es\/wp-content\/uploads\/2024\/02\/Bullpadel-Hesacore-CARBON-Image-3.webp","width":1400,"height":1400,"caption":"Bullpadel Hesacore CARBON Image 3"},{"@type":"BreadcrumbList","@id":"https:\/\/padelzoco.es\/product\/bullpadel-hesacore-grip-carbon\/#breadcrumb","itemListElement":[{"@type":"ListItem","position":1,"name":"Home","item":"https:\/\/padelzoco.es\/"},{"@type":"ListItem","position":2,"name":"Padel Zoco","item":"https:\/\/padelzoco.es\/padel-zoco\/"},{"@type":"ListItem","position":3,"name":"Bullpadel Hesacore Grip Carbon"}]},{"@type":"WebSite","@id":"https:\/\/padelzoco.es\/#website","url":"https:\/\/padelzoco.es\/","name":"Padel Zoco","description":"Padel Zoco | Spain","publisher":{"@id":"https:\/\/padelzoco.es\/#organization"},"potentialAction":[{"@type":"SearchAction","target":{"@type":"EntryPoint","urlTemplate":"https:\/\/padelzoco.es\/?s={search_term_string}"},"query-input":{"@type":"PropertyValueSpecification","valueRequired":true,"valueName":"search_term_string"}}],"inLanguage":"en-GB"},{"@type":"Organization","@id":"https:\/\/padelzoco.es\/#organization","name":"Padel Zoco","url":"https:\/\/padelzoco.es\/","logo":{"@type":"ImageObject","inLanguage":"en-GB","@id":"https:\/\/padelzoco.es\/#\/schema\/logo\/image\/","url":"https:\/\/padelzoco.es\/wp-content\/uploads\/2023\/11\/PadelZoco_Logo_black_white.webp","contentUrl":"https:\/\/padelzoco.es\/wp-content\/uploads\/2023\/11\/PadelZoco_Logo_black_white.webp","width":1500,"height":631,"caption":"Padel Zoco"},"image":{"@id":"https:\/\/padelzoco.es\/#\/schema\/logo\/image\/"}}]}},"_links":{"self":[{"href":"https:\/\/padelzoco.es\/en\/wp-json\/wp\/v2\/product\/9346","targetHints":{"allow":["GET"]}}],"collection":[{"href":"https:\/\/padelzoco.es\/en\/wp-json\/wp\/v2\/product"}],"about":[{"href":"https:\/\/padelzoco.es\/en\/wp-json\/wp\/v2\/types\/product"}],"version-history":[{"count":2,"href":"https:\/\/padelzoco.es\/en\/wp-json\/wp\/v2\/product\/9346\/revisions"}],"predecessor-version":[{"id":37312,"href":"https:\/\/padelzoco.es\/en\/wp-json\/wp\/v2\/product\/9346\/revisions\/37312"}],"wp:featuredmedia":[{"embeddable":true,"href":"https:\/\/padelzoco.es\/en\/wp-json\/wp\/v2\/media\/9350"}],"wp:attachment":[{"href":"https:\/\/padelzoco.es\/en\/wp-json\/wp\/v2\/media?parent=9346"}],"wp:term":[{"taxonomy":"product_brand","embeddable":true,"href":"https:\/\/padelzoco.es\/en\/wp-json\/wp\/v2\/product_brand?post=9346"},{"taxonomy":"product_cat","embeddable":true,"href":"https:\/\/padelzoco.es\/en\/wp-json\/wp\/v2\/product_cat?post=9346"},{"taxonomy":"product_tag","embeddable":true,"href":"https:\/\/padelzoco.es\/en\/wp-json\/wp\/v2\/product_tag?post=9346"}],"curies":[{"name":"wp","href":"https:\/\/api.w.org\/{rel}","templated":true}]}}