{"id":9579,"date":"2024-03-23T11:56:36","date_gmt":"2024-03-23T10:56:36","guid":{"rendered":"https:\/\/adc06f55e9.nxcli.io\/?post_type=product&#038;p=9579"},"modified":"2026-04-30T19:14:37","modified_gmt":"2026-04-30T18:14:37","slug":"blister-wilson-padel-pro-blanco-3-overgrips","status":"publish","type":"product","link":"https:\/\/padelzoco.es\/en\/product\/blister-wilson-padel-pro-blanco-3-overgrips\/","title":{"rendered":"Blister Wilson Padel Pro Blanco 3 Overgrips"},"content":{"rendered":"<div class=\"product-detail product-detail_overview\">\n<p class=\"product-description_content\">Pro Overgrip, la empu\u00f1adura elegida por muchos profesionales del Tour, ofrece una variedad de beneficios que la diferencian de la competencia. Su fieltro superdelgado y muy el\u00e1stico proporciona una excelente sensaci\u00f3n durante un largo periodo de tiempo. La sobreempu\u00f1adura est\u00e1ndar en el juego actual, la Pro Overgrip es la preferida por jugadores de todas las edades y habilidades por su valor, comodidad y durabilidad.<\/p>\n<\/div>\n<ul class=\"product-highlights_list\">\n<li>Muchos profesionales del circuito profesional utilizan la Pro Overgrip<\/li>\n<li>El fieltro delgado y el\u00e1stico proporciona una sensaci\u00f3n extraordinaria<\/li>\n<li>Material resistente para un rendimiento duradero<\/li>\n<li>Incluye cinta adhesiva para una f\u00e1cil aplicaci\u00f3n<\/li>\n<li>Disponible en distintos colores<\/li>\n<li>Incluye 3 empu\u00f1aduras por paquete<\/li>\n<\/ul>","protected":false},"excerpt":{"rendered":"<div id=\"-body-1\" class=\"accordion_body\" role=\"region\" aria-labelledby=\"-title-1\">\n<div class=\"accordion_content\">\n<div class=\"product-detail product-detail_overview\">\n<div class=\"product-detail product-detail_overview\">\n<p class=\"product-description_content\">Pro Overgrip, la empu\u00f1adura elegida por muchos profesionales del Tour, ofrece una variedad de beneficios que la diferencian de la competencia. Su fieltro superdelgado y muy el\u00e1stico proporciona una excelente sensaci\u00f3n durante un largo periodo de tiempo. La sobreempu\u00f1adura est\u00e1ndar en el juego actual, la Pro Overgrip es la preferida por jugadores de todas las edades y habilidades por su valor, comodidad y durabilidad.<\/p>\n<\/div>\n<ul class=\"product-highlights_list\">\n<li>Muchos profesionales del circuito profesional utilizan la Pro Overgrip<\/li>\n<li>El fieltro delgado y el\u00e1stico proporciona una sensaci\u00f3n extraordinaria<\/li>\n<li>Material resistente para un rendimiento duradero<\/li>\n<li>Incluye cinta adhesiva para una f\u00e1cil aplicaci\u00f3n<\/li>\n<li>Disponible en distintos colores<\/li>\n<li>Incluye 3 empu\u00f1aduras por paquete<\/li>\n<\/ul>\n<\/div>\n<\/div>\n<\/div>","protected":false},"featured_media":9581,"template":"","meta":[],"product_brand":[],"product_cat":[637,638,699],"product_tag":[],"class_list":{"0":"post-9579","1":"product","2":"type-product","3":"status-publish","4":"has-post-thumbnail","6":"product_cat-accesorios","7":"product_cat-grips-and-overgrips","8":"product_cat-wilson-padel","9":"pa_brand-wilson","10":"pa_color-blanco","11":"pa_hs_code-134","13":"first","14":"instock","15":"taxable","16":"shipping-taxable","17":"purchasable","18":"product-type-simple"},"yoast_head":"<!-- This site is optimized with the Yoast SEO plugin v27.5 - https:\/\/yoast.com\/product\/yoast-seo-wordpress\/ -->\n<title>Blister Wilson Padel Pro Blanco 3 Overgrips - Padel Zoco<\/title>\n<meta name=\"description\" content=\"Overgrip de p\u00e1del Wilson m\u00e1s popular, que es el mejor overgrip de p\u00e1del, c\u00f3modo y duradero. El grip elegido por muchos profesionales del Tour, C\u00f3mpralo ahora en Padel Zoco Madrid.\" \/>\n<meta name=\"robots\" content=\"index, follow, max-snippet:-1, max-image-preview:large, max-video-preview:-1\" \/>\n<link rel=\"canonical\" href=\"https:\/\/padelzoco.es\/en\/product\/blister-wilson-padel-pro-blanco-3-overgrips\/\" \/>\n<meta property=\"og:locale\" content=\"en_GB\" \/>\n<meta property=\"og:type\" content=\"article\" \/>\n<meta property=\"og:title\" content=\"Blister Wilson Padel Pro Blanco 3 Overgrips - Padel Zoco\" \/>\n<meta property=\"og:description\" content=\"Overgrip de p\u00e1del Wilson m\u00e1s popular, que es el mejor overgrip de p\u00e1del, c\u00f3modo y duradero. El grip elegido por muchos profesionales del Tour, C\u00f3mpralo ahora en Padel Zoco Madrid.\" \/>\n<meta property=\"og:url\" content=\"https:\/\/padelzoco.es\/en\/product\/blister-wilson-padel-pro-blanco-3-overgrips\/\" \/>\n<meta property=\"og:site_name\" content=\"Padel Zoco\" \/>\n<meta property=\"article:modified_time\" content=\"2026-04-30T18:14:37+00:00\" \/>\n<meta property=\"og:image\" content=\"https:\/\/padelzoco.es\/wp-content\/uploads\/2024\/03\/Wilson-PRO-OVERGRIP-PAQUETE-DE-3.webp\" \/>\n\t<meta property=\"og:image:width\" content=\"1400\" \/>\n\t<meta property=\"og:image:height\" content=\"1400\" \/>\n\t<meta property=\"og:image:type\" content=\"image\/webp\" \/>\n<meta name=\"twitter:card\" content=\"summary_large_image\" \/>\n<meta name=\"twitter:label1\" content=\"Estimated reading time\" \/>\n\t<meta name=\"twitter:data1\" content=\"1 minute\" \/>\n<script type=\"application\/ld+json\" class=\"yoast-schema-graph\">{\"@context\":\"https:\\\/\\\/schema.org\",\"@graph\":[{\"@type\":\"WebPage\",\"@id\":\"https:\\\/\\\/padelzoco.es\\\/product\\\/blister-wilson-padel-pro-blanco-3-overgrips\\\/\",\"url\":\"https:\\\/\\\/padelzoco.es\\\/product\\\/blister-wilson-padel-pro-blanco-3-overgrips\\\/\",\"name\":\"Blister Wilson Padel Pro Blanco 3 Overgrips - Padel Zoco\",\"isPartOf\":{\"@id\":\"https:\\\/\\\/padelzoco.es\\\/#website\"},\"primaryImageOfPage\":{\"@id\":\"https:\\\/\\\/padelzoco.es\\\/product\\\/blister-wilson-padel-pro-blanco-3-overgrips\\\/#primaryimage\"},\"image\":{\"@id\":\"https:\\\/\\\/padelzoco.es\\\/product\\\/blister-wilson-padel-pro-blanco-3-overgrips\\\/#primaryimage\"},\"thumbnailUrl\":\"https:\\\/\\\/padelzoco.es\\\/wp-content\\\/uploads\\\/2024\\\/03\\\/Wilson-PRO-OVERGRIP-PAQUETE-DE-3.webp\",\"datePublished\":\"2024-03-23T10:56:36+00:00\",\"dateModified\":\"2026-04-30T18:14:37+00:00\",\"description\":\"Overgrip de p\u00e1del Wilson m\u00e1s popular, que es el mejor overgrip de p\u00e1del, c\u00f3modo y duradero. El grip elegido por muchos profesionales del Tour, C\u00f3mpralo ahora en Padel Zoco Madrid.\",\"breadcrumb\":{\"@id\":\"https:\\\/\\\/padelzoco.es\\\/product\\\/blister-wilson-padel-pro-blanco-3-overgrips\\\/#breadcrumb\"},\"inLanguage\":\"en-GB\",\"potentialAction\":[{\"@type\":\"ReadAction\",\"target\":[\"https:\\\/\\\/padelzoco.es\\\/product\\\/blister-wilson-padel-pro-blanco-3-overgrips\\\/\"]}]},{\"@type\":\"ImageObject\",\"inLanguage\":\"en-GB\",\"@id\":\"https:\\\/\\\/padelzoco.es\\\/product\\\/blister-wilson-padel-pro-blanco-3-overgrips\\\/#primaryimage\",\"url\":\"https:\\\/\\\/padelzoco.es\\\/wp-content\\\/uploads\\\/2024\\\/03\\\/Wilson-PRO-OVERGRIP-PAQUETE-DE-3.webp\",\"contentUrl\":\"https:\\\/\\\/padelzoco.es\\\/wp-content\\\/uploads\\\/2024\\\/03\\\/Wilson-PRO-OVERGRIP-PAQUETE-DE-3.webp\",\"width\":1400,\"height\":1400,\"caption\":\"Wilson PRO OVERGRIP, PAQUETE DE 3\"},{\"@type\":\"BreadcrumbList\",\"@id\":\"https:\\\/\\\/padelzoco.es\\\/product\\\/blister-wilson-padel-pro-blanco-3-overgrips\\\/#breadcrumb\",\"itemListElement\":[{\"@type\":\"ListItem\",\"position\":1,\"name\":\"Home\",\"item\":\"https:\\\/\\\/padelzoco.es\\\/\"},{\"@type\":\"ListItem\",\"position\":2,\"name\":\"Padel Zoco\",\"item\":\"https:\\\/\\\/padelzoco.es\\\/padel-zoco\\\/\"},{\"@type\":\"ListItem\",\"position\":3,\"name\":\"Blister Wilson Padel Pro Blanco 3 Overgrips\"}]},{\"@type\":\"WebSite\",\"@id\":\"https:\\\/\\\/padelzoco.es\\\/#website\",\"url\":\"https:\\\/\\\/padelzoco.es\\\/\",\"name\":\"Padel Zoco\",\"description\":\"Padel Zoco | Spain\",\"publisher\":{\"@id\":\"https:\\\/\\\/padelzoco.es\\\/#organization\"},\"potentialAction\":[{\"@type\":\"SearchAction\",\"target\":{\"@type\":\"EntryPoint\",\"urlTemplate\":\"https:\\\/\\\/padelzoco.es\\\/?s={search_term_string}\"},\"query-input\":{\"@type\":\"PropertyValueSpecification\",\"valueRequired\":true,\"valueName\":\"search_term_string\"}}],\"inLanguage\":\"en-GB\"},{\"@type\":\"Organization\",\"@id\":\"https:\\\/\\\/padelzoco.es\\\/#organization\",\"name\":\"Padel Zoco\",\"url\":\"https:\\\/\\\/padelzoco.es\\\/\",\"logo\":{\"@type\":\"ImageObject\",\"inLanguage\":\"en-GB\",\"@id\":\"https:\\\/\\\/padelzoco.es\\\/#\\\/schema\\\/logo\\\/image\\\/\",\"url\":\"https:\\\/\\\/padelzoco.es\\\/wp-content\\\/uploads\\\/2023\\\/11\\\/PadelZoco_Logo_black_white.webp\",\"contentUrl\":\"https:\\\/\\\/padelzoco.es\\\/wp-content\\\/uploads\\\/2023\\\/11\\\/PadelZoco_Logo_black_white.webp\",\"width\":1500,\"height\":631,\"caption\":\"Padel Zoco\"},\"image\":{\"@id\":\"https:\\\/\\\/padelzoco.es\\\/#\\\/schema\\\/logo\\\/image\\\/\"}}]}<\/script>\n<!-- \/ Yoast SEO plugin. -->","yoast_head_json":{"title":"Blister Wilson Padel Pro Blanco 3 Overgrips - Padel Zoco","description":"Overgrip de p\u00e1del Wilson m\u00e1s popular, que es el mejor overgrip de p\u00e1del, c\u00f3modo y duradero. El grip elegido por muchos profesionales del Tour, C\u00f3mpralo ahora en Padel Zoco Madrid.","robots":{"index":"index","follow":"follow","max-snippet":"max-snippet:-1","max-image-preview":"max-image-preview:large","max-video-preview":"max-video-preview:-1"},"canonical":"https:\/\/padelzoco.es\/en\/product\/blister-wilson-padel-pro-blanco-3-overgrips\/","og_locale":"en_GB","og_type":"article","og_title":"Blister Wilson Padel Pro Blanco 3 Overgrips - Padel Zoco","og_description":"Overgrip de p\u00e1del Wilson m\u00e1s popular, que es el mejor overgrip de p\u00e1del, c\u00f3modo y duradero. El grip elegido por muchos profesionales del Tour, C\u00f3mpralo ahora en Padel Zoco Madrid.","og_url":"https:\/\/padelzoco.es\/en\/product\/blister-wilson-padel-pro-blanco-3-overgrips\/","og_site_name":"Padel Zoco","article_modified_time":"2026-04-30T18:14:37+00:00","og_image":[{"width":1400,"height":1400,"url":"https:\/\/padelzoco.es\/wp-content\/uploads\/2024\/03\/Wilson-PRO-OVERGRIP-PAQUETE-DE-3.webp","type":"image\/webp"}],"twitter_card":"summary_large_image","twitter_misc":{"Estimated reading time":"1 minute"},"schema":{"@context":"https:\/\/schema.org","@graph":[{"@type":"WebPage","@id":"https:\/\/padelzoco.es\/product\/blister-wilson-padel-pro-blanco-3-overgrips\/","url":"https:\/\/padelzoco.es\/product\/blister-wilson-padel-pro-blanco-3-overgrips\/","name":"Blister Wilson Padel Pro Blanco 3 Overgrips - Padel Zoco","isPartOf":{"@id":"https:\/\/padelzoco.es\/#website"},"primaryImageOfPage":{"@id":"https:\/\/padelzoco.es\/product\/blister-wilson-padel-pro-blanco-3-overgrips\/#primaryimage"},"image":{"@id":"https:\/\/padelzoco.es\/product\/blister-wilson-padel-pro-blanco-3-overgrips\/#primaryimage"},"thumbnailUrl":"https:\/\/padelzoco.es\/wp-content\/uploads\/2024\/03\/Wilson-PRO-OVERGRIP-PAQUETE-DE-3.webp","datePublished":"2024-03-23T10:56:36+00:00","dateModified":"2026-04-30T18:14:37+00:00","description":"Overgrip de p\u00e1del Wilson m\u00e1s popular, que es el mejor overgrip de p\u00e1del, c\u00f3modo y duradero. El grip elegido por muchos profesionales del Tour, C\u00f3mpralo ahora en Padel Zoco Madrid.","breadcrumb":{"@id":"https:\/\/padelzoco.es\/product\/blister-wilson-padel-pro-blanco-3-overgrips\/#breadcrumb"},"inLanguage":"en-GB","potentialAction":[{"@type":"ReadAction","target":["https:\/\/padelzoco.es\/product\/blister-wilson-padel-pro-blanco-3-overgrips\/"]}]},{"@type":"ImageObject","inLanguage":"en-GB","@id":"https:\/\/padelzoco.es\/product\/blister-wilson-padel-pro-blanco-3-overgrips\/#primaryimage","url":"https:\/\/padelzoco.es\/wp-content\/uploads\/2024\/03\/Wilson-PRO-OVERGRIP-PAQUETE-DE-3.webp","contentUrl":"https:\/\/padelzoco.es\/wp-content\/uploads\/2024\/03\/Wilson-PRO-OVERGRIP-PAQUETE-DE-3.webp","width":1400,"height":1400,"caption":"Wilson PRO OVERGRIP, PAQUETE DE 3"},{"@type":"BreadcrumbList","@id":"https:\/\/padelzoco.es\/product\/blister-wilson-padel-pro-blanco-3-overgrips\/#breadcrumb","itemListElement":[{"@type":"ListItem","position":1,"name":"Home","item":"https:\/\/padelzoco.es\/"},{"@type":"ListItem","position":2,"name":"Padel Zoco","item":"https:\/\/padelzoco.es\/padel-zoco\/"},{"@type":"ListItem","position":3,"name":"Blister Wilson Padel Pro Blanco 3 Overgrips"}]},{"@type":"WebSite","@id":"https:\/\/padelzoco.es\/#website","url":"https:\/\/padelzoco.es\/","name":"Padel Zoco","description":"Padel Zoco | Spain","publisher":{"@id":"https:\/\/padelzoco.es\/#organization"},"potentialAction":[{"@type":"SearchAction","target":{"@type":"EntryPoint","urlTemplate":"https:\/\/padelzoco.es\/?s={search_term_string}"},"query-input":{"@type":"PropertyValueSpecification","valueRequired":true,"valueName":"search_term_string"}}],"inLanguage":"en-GB"},{"@type":"Organization","@id":"https:\/\/padelzoco.es\/#organization","name":"Padel Zoco","url":"https:\/\/padelzoco.es\/","logo":{"@type":"ImageObject","inLanguage":"en-GB","@id":"https:\/\/padelzoco.es\/#\/schema\/logo\/image\/","url":"https:\/\/padelzoco.es\/wp-content\/uploads\/2023\/11\/PadelZoco_Logo_black_white.webp","contentUrl":"https:\/\/padelzoco.es\/wp-content\/uploads\/2023\/11\/PadelZoco_Logo_black_white.webp","width":1500,"height":631,"caption":"Padel Zoco"},"image":{"@id":"https:\/\/padelzoco.es\/#\/schema\/logo\/image\/"}}]}},"_links":{"self":[{"href":"https:\/\/padelzoco.es\/en\/wp-json\/wp\/v2\/product\/9579","targetHints":{"allow":["GET"]}}],"collection":[{"href":"https:\/\/padelzoco.es\/en\/wp-json\/wp\/v2\/product"}],"about":[{"href":"https:\/\/padelzoco.es\/en\/wp-json\/wp\/v2\/types\/product"}],"version-history":[{"count":1,"href":"https:\/\/padelzoco.es\/en\/wp-json\/wp\/v2\/product\/9579\/revisions"}],"predecessor-version":[{"id":19947,"href":"https:\/\/padelzoco.es\/en\/wp-json\/wp\/v2\/product\/9579\/revisions\/19947"}],"wp:featuredmedia":[{"embeddable":true,"href":"https:\/\/padelzoco.es\/en\/wp-json\/wp\/v2\/media\/9581"}],"wp:attachment":[{"href":"https:\/\/padelzoco.es\/en\/wp-json\/wp\/v2\/media?parent=9579"}],"wp:term":[{"taxonomy":"product_brand","embeddable":true,"href":"https:\/\/padelzoco.es\/en\/wp-json\/wp\/v2\/product_brand?post=9579"},{"taxonomy":"product_cat","embeddable":true,"href":"https:\/\/padelzoco.es\/en\/wp-json\/wp\/v2\/product_cat?post=9579"},{"taxonomy":"product_tag","embeddable":true,"href":"https:\/\/padelzoco.es\/en\/wp-json\/wp\/v2\/product_tag?post=9579"}],"curies":[{"name":"wp","href":"https:\/\/api.w.org\/{rel}","templated":true}]}}