{"id":9861,"date":"2024-04-09T13:31:51","date_gmt":"2024-04-09T12:31:51","guid":{"rendered":"https:\/\/adc06f55e9.nxcli.io\/?post_type=product&#038;p=9861"},"modified":"2026-02-13T21:28:43","modified_gmt":"2026-02-13T20:28:43","slug":"zapatillas-wilson-hurakn-2-0-fog-blue-blanco-mujer","status":"publish","type":"product","link":"https:\/\/padelzoco.es\/en\/product\/zapatillas-wilson-hurakn-2-0-fog-blue-blanco-mujer\/","title":{"rendered":"Zapatillas Wilson Hurakn 2.0 Fog Blue\/Blanco Mujer"},"content":{"rendered":"<p>Las\u00a0<strong>Wilson Hurakn 2.0<\/strong>\u00a0est\u00e1n dise\u00f1adas para los jugadores m\u00e1s ambiciosos que busquen agilidad en la pista de p\u00e1del. Para que puedas moverte en todas direcciones con flexibilidad, Wilson ha redise\u00f1ado el patr\u00f3n exterior de la suela, que est\u00e1 inspirado en las almohadillas de las patas de los gatos. Las 4 zonas circulares permiten movimientos de rotaci\u00f3n de manera sencilla en pistas de p\u00e1del. El upper de malla les proporciona ligera y transpiraci\u00f3n a estas zapatillas, y la espuma Fused 8 de la mediasuela de EVA ofrece una gran amortiguaci\u00f3n. Incorporan adem\u00e1s la tecnolog\u00eda Pro Torque Chassis Light que te ofrece estabilidad en un conjunto ligero y flexible.<\/p>\n<p><strong>Techology:<\/strong> Optimal Grip &#8211; Pro Torque Chassis Light &#8211; Women&#8217;s Specific Support &#8211; OrthoLite EVA Bidensity &#8211; DF2 &#8211; Dural Branch &#8211; Fused 8 Foam<\/p>","protected":false},"excerpt":{"rendered":"<p>Las\u00a0<strong>Wilson Hurakn 2.0<\/strong>\u00a0est\u00e1n dise\u00f1adas para los jugadores m\u00e1s ambiciosos que busquen agilidad en la pista de p\u00e1del. Para que puedas moverte en todas direcciones con flexibilidad, Wilson ha redise\u00f1ado el patr\u00f3n exterior de la suela, que est\u00e1 inspirado en las almohadillas de las patas de los gatos. Las 4 zonas circulares permiten movimientos de rotaci\u00f3n de manera sencilla en pistas de p\u00e1del. El upper de malla les proporciona ligera y transpiraci\u00f3n a estas zapatillas, y la espuma Fused 8 de la mediasuela de EVA ofrece una gran amortiguaci\u00f3n. Incorporan adem\u00e1s la tecnolog\u00eda Pro Torque Chassis Light que te ofrece estabilidad en un conjunto ligero y flexible.<\/p>\n<p><strong>Techology:<\/strong> Optimal Grip &#8211; Pro Torque Chassis Light &#8211; Women&#8217;s Specific Support &#8211; OrthoLite EVA Bidensity &#8211; DF2 &#8211; Dural Branch &#8211; Fused 8 Foam<\/p>","protected":false},"featured_media":9897,"template":"","meta":[],"product_brand":[],"product_cat":[600,754,699,596,592,758],"product_tag":[],"class_list":{"0":"post-9861","1":"product","2":"type-product","3":"status-publish","4":"has-post-thumbnail","6":"product_cat-mujer-zapatillas","7":"product_cat-rebajas","8":"product_cat-wilson-padel","9":"product_cat-wilson-zapatillas","10":"product_cat-zapatillas","11":"product_cat-zapatillas-ofertas","12":"pa_brand-wilson","13":"pa_color-blanco","14":"pa_gender-mujer","15":"pa_hs_code-87","16":"pa_shoes-size-39-1-3","18":"first","19":"outofstock","20":"taxable","21":"shipping-taxable","22":"product-type-variable"},"yoast_head":"<!-- This site is optimized with the Yoast SEO plugin v27.5 - https:\/\/yoast.com\/product\/yoast-seo-wordpress\/ -->\n<title>Zapatillas Wilson Hurakn 2.0 Fog Blue\/Blanco Mujer - Padel Zoco<\/title>\n<meta name=\"description\" content=\"The Hurakn 2.0&#039;s lightweight construction and padel-specific technologies give you the agility for quick, jerky movements on the court.\" \/>\n<meta name=\"robots\" content=\"index, follow, max-snippet:-1, max-image-preview:large, max-video-preview:-1\" \/>\n<link rel=\"canonical\" href=\"https:\/\/padelzoco.es\/en\/product\/zapatillas-wilson-hurakn-2-0-fog-blue-blanco-mujer\/\" \/>\n<meta property=\"og:locale\" content=\"en_GB\" \/>\n<meta property=\"og:type\" content=\"article\" \/>\n<meta property=\"og:title\" content=\"Zapatillas Wilson Hurakn 2.0 Fog Blue\/Blanco Mujer - Padel Zoco\" \/>\n<meta property=\"og:description\" content=\"The Hurakn 2.0&#039;s lightweight construction and padel-specific technologies give you the agility for quick, jerky movements on the court.\" \/>\n<meta property=\"og:url\" content=\"https:\/\/padelzoco.es\/en\/product\/zapatillas-wilson-hurakn-2-0-fog-blue-blanco-mujer\/\" \/>\n<meta property=\"og:site_name\" content=\"Padel Zoco\" \/>\n<meta property=\"article:modified_time\" content=\"2026-02-13T20:28:43+00:00\" \/>\n<meta property=\"og:image\" content=\"https:\/\/padelzoco.es\/wp-content\/uploads\/2024\/04\/Wilson-Hurakn-2.0-Womens-Padel-Shoes-Blue-Fog-Ballad-Blue-image-5.webp\" \/>\n\t<meta property=\"og:image:width\" content=\"1400\" \/>\n\t<meta property=\"og:image:height\" content=\"1400\" \/>\n\t<meta property=\"og:image:type\" content=\"image\/webp\" \/>\n<meta name=\"twitter:card\" content=\"summary_large_image\" \/>\n<meta name=\"twitter:label1\" content=\"Estimated reading time\" \/>\n\t<meta name=\"twitter:data1\" content=\"1 minute\" \/>\n<script type=\"application\/ld+json\" class=\"yoast-schema-graph\">{\"@context\":\"https:\\\/\\\/schema.org\",\"@graph\":[{\"@type\":\"WebPage\",\"@id\":\"https:\\\/\\\/padelzoco.es\\\/product\\\/zapatillas-wilson-hurakn-2-0-fog-blue-blanco-mujer\\\/\",\"url\":\"https:\\\/\\\/padelzoco.es\\\/product\\\/zapatillas-wilson-hurakn-2-0-fog-blue-blanco-mujer\\\/\",\"name\":\"Zapatillas Wilson Hurakn 2.0 Fog Blue\\\/Blanco Mujer - Padel Zoco\",\"isPartOf\":{\"@id\":\"https:\\\/\\\/padelzoco.es\\\/#website\"},\"primaryImageOfPage\":{\"@id\":\"https:\\\/\\\/padelzoco.es\\\/product\\\/zapatillas-wilson-hurakn-2-0-fog-blue-blanco-mujer\\\/#primaryimage\"},\"image\":{\"@id\":\"https:\\\/\\\/padelzoco.es\\\/product\\\/zapatillas-wilson-hurakn-2-0-fog-blue-blanco-mujer\\\/#primaryimage\"},\"thumbnailUrl\":\"https:\\\/\\\/padelzoco.es\\\/wp-content\\\/uploads\\\/2024\\\/04\\\/Wilson-Hurakn-2.0-Womens-Padel-Shoes-Blue-Fog-Ballad-Blue-image-5.webp\",\"datePublished\":\"2024-04-09T12:31:51+00:00\",\"dateModified\":\"2026-02-13T20:28:43+00:00\",\"description\":\"The Hurakn 2.0's lightweight construction and padel-specific technologies give you the agility for quick, jerky movements on the court.\",\"breadcrumb\":{\"@id\":\"https:\\\/\\\/padelzoco.es\\\/product\\\/zapatillas-wilson-hurakn-2-0-fog-blue-blanco-mujer\\\/#breadcrumb\"},\"inLanguage\":\"en-GB\",\"potentialAction\":[{\"@type\":\"ReadAction\",\"target\":[\"https:\\\/\\\/padelzoco.es\\\/product\\\/zapatillas-wilson-hurakn-2-0-fog-blue-blanco-mujer\\\/\"]}]},{\"@type\":\"ImageObject\",\"inLanguage\":\"en-GB\",\"@id\":\"https:\\\/\\\/padelzoco.es\\\/product\\\/zapatillas-wilson-hurakn-2-0-fog-blue-blanco-mujer\\\/#primaryimage\",\"url\":\"https:\\\/\\\/padelzoco.es\\\/wp-content\\\/uploads\\\/2024\\\/04\\\/Wilson-Hurakn-2.0-Womens-Padel-Shoes-Blue-Fog-Ballad-Blue-image-5.webp\",\"contentUrl\":\"https:\\\/\\\/padelzoco.es\\\/wp-content\\\/uploads\\\/2024\\\/04\\\/Wilson-Hurakn-2.0-Womens-Padel-Shoes-Blue-Fog-Ballad-Blue-image-5.webp\",\"width\":1400,\"height\":1400,\"caption\":\"Wilson Hurakn 2.0 Women's Padel Shoes Blue Fog Ballad Blue image 5\"},{\"@type\":\"BreadcrumbList\",\"@id\":\"https:\\\/\\\/padelzoco.es\\\/product\\\/zapatillas-wilson-hurakn-2-0-fog-blue-blanco-mujer\\\/#breadcrumb\",\"itemListElement\":[{\"@type\":\"ListItem\",\"position\":1,\"name\":\"Home\",\"item\":\"https:\\\/\\\/padelzoco.es\\\/\"},{\"@type\":\"ListItem\",\"position\":2,\"name\":\"Padel Zoco\",\"item\":\"https:\\\/\\\/padelzoco.es\\\/padel-zoco\\\/\"},{\"@type\":\"ListItem\",\"position\":3,\"name\":\"Zapatillas Wilson Hurakn 2.0 Fog Blue\\\/Blanco Mujer\"}]},{\"@type\":\"WebSite\",\"@id\":\"https:\\\/\\\/padelzoco.es\\\/#website\",\"url\":\"https:\\\/\\\/padelzoco.es\\\/\",\"name\":\"Padel Zoco\",\"description\":\"Padel Zoco | Spain\",\"publisher\":{\"@id\":\"https:\\\/\\\/padelzoco.es\\\/#organization\"},\"potentialAction\":[{\"@type\":\"SearchAction\",\"target\":{\"@type\":\"EntryPoint\",\"urlTemplate\":\"https:\\\/\\\/padelzoco.es\\\/?s={search_term_string}\"},\"query-input\":{\"@type\":\"PropertyValueSpecification\",\"valueRequired\":true,\"valueName\":\"search_term_string\"}}],\"inLanguage\":\"en-GB\"},{\"@type\":\"Organization\",\"@id\":\"https:\\\/\\\/padelzoco.es\\\/#organization\",\"name\":\"Padel Zoco\",\"url\":\"https:\\\/\\\/padelzoco.es\\\/\",\"logo\":{\"@type\":\"ImageObject\",\"inLanguage\":\"en-GB\",\"@id\":\"https:\\\/\\\/padelzoco.es\\\/#\\\/schema\\\/logo\\\/image\\\/\",\"url\":\"https:\\\/\\\/padelzoco.es\\\/wp-content\\\/uploads\\\/2023\\\/11\\\/PadelZoco_Logo_black_white.webp\",\"contentUrl\":\"https:\\\/\\\/padelzoco.es\\\/wp-content\\\/uploads\\\/2023\\\/11\\\/PadelZoco_Logo_black_white.webp\",\"width\":1500,\"height\":631,\"caption\":\"Padel Zoco\"},\"image\":{\"@id\":\"https:\\\/\\\/padelzoco.es\\\/#\\\/schema\\\/logo\\\/image\\\/\"}}]}<\/script>\n<!-- \/ Yoast SEO plugin. -->","yoast_head_json":{"title":"Zapatillas Wilson Hurakn 2.0 Fog Blue\/Blanco Mujer - Padel Zoco","description":"The Hurakn 2.0's lightweight construction and padel-specific technologies give you the agility for quick, jerky movements on the court.","robots":{"index":"index","follow":"follow","max-snippet":"max-snippet:-1","max-image-preview":"max-image-preview:large","max-video-preview":"max-video-preview:-1"},"canonical":"https:\/\/padelzoco.es\/en\/product\/zapatillas-wilson-hurakn-2-0-fog-blue-blanco-mujer\/","og_locale":"en_GB","og_type":"article","og_title":"Zapatillas Wilson Hurakn 2.0 Fog Blue\/Blanco Mujer - Padel Zoco","og_description":"The Hurakn 2.0's lightweight construction and padel-specific technologies give you the agility for quick, jerky movements on the court.","og_url":"https:\/\/padelzoco.es\/en\/product\/zapatillas-wilson-hurakn-2-0-fog-blue-blanco-mujer\/","og_site_name":"Padel Zoco","article_modified_time":"2026-02-13T20:28:43+00:00","og_image":[{"width":1400,"height":1400,"url":"https:\/\/padelzoco.es\/wp-content\/uploads\/2024\/04\/Wilson-Hurakn-2.0-Womens-Padel-Shoes-Blue-Fog-Ballad-Blue-image-5.webp","type":"image\/webp"}],"twitter_card":"summary_large_image","twitter_misc":{"Estimated reading time":"1 minute"},"schema":{"@context":"https:\/\/schema.org","@graph":[{"@type":"WebPage","@id":"https:\/\/padelzoco.es\/product\/zapatillas-wilson-hurakn-2-0-fog-blue-blanco-mujer\/","url":"https:\/\/padelzoco.es\/product\/zapatillas-wilson-hurakn-2-0-fog-blue-blanco-mujer\/","name":"Zapatillas Wilson Hurakn 2.0 Fog Blue\/Blanco Mujer - Padel Zoco","isPartOf":{"@id":"https:\/\/padelzoco.es\/#website"},"primaryImageOfPage":{"@id":"https:\/\/padelzoco.es\/product\/zapatillas-wilson-hurakn-2-0-fog-blue-blanco-mujer\/#primaryimage"},"image":{"@id":"https:\/\/padelzoco.es\/product\/zapatillas-wilson-hurakn-2-0-fog-blue-blanco-mujer\/#primaryimage"},"thumbnailUrl":"https:\/\/padelzoco.es\/wp-content\/uploads\/2024\/04\/Wilson-Hurakn-2.0-Womens-Padel-Shoes-Blue-Fog-Ballad-Blue-image-5.webp","datePublished":"2024-04-09T12:31:51+00:00","dateModified":"2026-02-13T20:28:43+00:00","description":"The Hurakn 2.0's lightweight construction and padel-specific technologies give you the agility for quick, jerky movements on the court.","breadcrumb":{"@id":"https:\/\/padelzoco.es\/product\/zapatillas-wilson-hurakn-2-0-fog-blue-blanco-mujer\/#breadcrumb"},"inLanguage":"en-GB","potentialAction":[{"@type":"ReadAction","target":["https:\/\/padelzoco.es\/product\/zapatillas-wilson-hurakn-2-0-fog-blue-blanco-mujer\/"]}]},{"@type":"ImageObject","inLanguage":"en-GB","@id":"https:\/\/padelzoco.es\/product\/zapatillas-wilson-hurakn-2-0-fog-blue-blanco-mujer\/#primaryimage","url":"https:\/\/padelzoco.es\/wp-content\/uploads\/2024\/04\/Wilson-Hurakn-2.0-Womens-Padel-Shoes-Blue-Fog-Ballad-Blue-image-5.webp","contentUrl":"https:\/\/padelzoco.es\/wp-content\/uploads\/2024\/04\/Wilson-Hurakn-2.0-Womens-Padel-Shoes-Blue-Fog-Ballad-Blue-image-5.webp","width":1400,"height":1400,"caption":"Wilson Hurakn 2.0 Women's Padel Shoes Blue Fog Ballad Blue image 5"},{"@type":"BreadcrumbList","@id":"https:\/\/padelzoco.es\/product\/zapatillas-wilson-hurakn-2-0-fog-blue-blanco-mujer\/#breadcrumb","itemListElement":[{"@type":"ListItem","position":1,"name":"Home","item":"https:\/\/padelzoco.es\/"},{"@type":"ListItem","position":2,"name":"Padel Zoco","item":"https:\/\/padelzoco.es\/padel-zoco\/"},{"@type":"ListItem","position":3,"name":"Zapatillas Wilson Hurakn 2.0 Fog Blue\/Blanco Mujer"}]},{"@type":"WebSite","@id":"https:\/\/padelzoco.es\/#website","url":"https:\/\/padelzoco.es\/","name":"Padel Zoco","description":"Padel Zoco | Spain","publisher":{"@id":"https:\/\/padelzoco.es\/#organization"},"potentialAction":[{"@type":"SearchAction","target":{"@type":"EntryPoint","urlTemplate":"https:\/\/padelzoco.es\/?s={search_term_string}"},"query-input":{"@type":"PropertyValueSpecification","valueRequired":true,"valueName":"search_term_string"}}],"inLanguage":"en-GB"},{"@type":"Organization","@id":"https:\/\/padelzoco.es\/#organization","name":"Padel Zoco","url":"https:\/\/padelzoco.es\/","logo":{"@type":"ImageObject","inLanguage":"en-GB","@id":"https:\/\/padelzoco.es\/#\/schema\/logo\/image\/","url":"https:\/\/padelzoco.es\/wp-content\/uploads\/2023\/11\/PadelZoco_Logo_black_white.webp","contentUrl":"https:\/\/padelzoco.es\/wp-content\/uploads\/2023\/11\/PadelZoco_Logo_black_white.webp","width":1500,"height":631,"caption":"Padel Zoco"},"image":{"@id":"https:\/\/padelzoco.es\/#\/schema\/logo\/image\/"}}]}},"_links":{"self":[{"href":"https:\/\/padelzoco.es\/en\/wp-json\/wp\/v2\/product\/9861","targetHints":{"allow":["GET"]}}],"collection":[{"href":"https:\/\/padelzoco.es\/en\/wp-json\/wp\/v2\/product"}],"about":[{"href":"https:\/\/padelzoco.es\/en\/wp-json\/wp\/v2\/types\/product"}],"version-history":[{"count":1,"href":"https:\/\/padelzoco.es\/en\/wp-json\/wp\/v2\/product\/9861\/revisions"}],"predecessor-version":[{"id":27798,"href":"https:\/\/padelzoco.es\/en\/wp-json\/wp\/v2\/product\/9861\/revisions\/27798"}],"wp:featuredmedia":[{"embeddable":true,"href":"https:\/\/padelzoco.es\/en\/wp-json\/wp\/v2\/media\/9897"}],"wp:attachment":[{"href":"https:\/\/padelzoco.es\/en\/wp-json\/wp\/v2\/media?parent=9861"}],"wp:term":[{"taxonomy":"product_brand","embeddable":true,"href":"https:\/\/padelzoco.es\/en\/wp-json\/wp\/v2\/product_brand?post=9861"},{"taxonomy":"product_cat","embeddable":true,"href":"https:\/\/padelzoco.es\/en\/wp-json\/wp\/v2\/product_cat?post=9861"},{"taxonomy":"product_tag","embeddable":true,"href":"https:\/\/padelzoco.es\/en\/wp-json\/wp\/v2\/product_tag?post=9861"}],"curies":[{"name":"wp","href":"https:\/\/api.w.org\/{rel}","templated":true}]}}